{"id":1123,"date":"2024-09-24T14:33:34","date_gmt":"2024-09-24T18:33:34","guid":{"rendered":"https:\/\/aspenwildlifecontrol.com\/prestations-de-service\/marmottes\/principaux-signes-de-la-necessite-dune-capture-professionnelle-des-marmottes-a-gatineau\/"},"modified":"2026-01-14T16:15:43","modified_gmt":"2026-01-14T21:15:43","slug":"principaux-signes-de-la-necessite-dune-capture-professionnelle-des-marmottes-a-gatineau","status":"publish","type":"page","link":"https:\/\/aspenwildlifecontrol.com\/fr\/prestations-de-service\/marmottes\/principaux-signes-de-la-necessite-dune-capture-professionnelle-des-marmottes-a-gatineau\/","title":{"rendered":"Principaux signes de la n\u00e9cessit\u00e9 d&rsquo;une contr\u00f4le professionnelle des marmottes \u00e0 Gatineau"},"content":{"rendered":"<p><span style=\"font-weight: 400;\">Les marmottes peuvent causer des d\u00e9g\u00e2ts consid\u00e9rables lorsqu&rsquo;elles s&rsquo;installent sur votre propri\u00e9t\u00e9 \u00e0 Gatineau. Bien qu&rsquo;elles puissent sembler inoffensives, leur pr\u00e9sence peut entra\u00eener des probl\u00e8mes graves, n\u00e9cessitant une intervention rapide. Voici les principaux signes indiquant qu&rsquo;il est temps de faire appel \u00e0 des professionnels pour le<\/span><span style=\"font-weight: 400;\">\u00a0contr\u00f4le de marmotte \u00e0 Gatineau.<\/span><\/p>\n<ol>\n<li><strong> Pr\u00e9sence de terriers<\/strong><span style=\"font-weight: 400;\"><strong> :<\/strong> Les marmottes creusent de grands terriers pour se prot\u00e9ger et \u00e9lever leurs petits. Ces terriers, souvent situ\u00e9s pr\u00e8s des fondations, sous les terrasses ou dans les jardins, peuvent compromettre la stabilit\u00e9 de votre terrain et causer des affaissements.<\/span><\/li>\n<\/ol>\n<ol start=\"3\">\n<li><strong> Dommages aux plantes et aux cultures <\/strong><span style=\"font-weight: 400;\"><strong>:<\/strong> Les marmottes sont des herbivores qui se nourrissent principalement de plantes. Si vous remarquez que vos fleurs, l\u00e9gumes ou autres v\u00e9g\u00e9tations sont mang\u00e9s ou endommag\u00e9s, il est probable qu&rsquo;une marmotte soit en cause. Elles peuvent rapidement d\u00e9truire un jardin bien entretenu.<\/span><\/li>\n<li><strong> Activit\u00e9 accrue<\/strong><span style=\"font-weight: 400;\"><strong> :<\/strong> Si vous observez r\u00e9guli\u00e8rement des marmottes pendant la journ\u00e9e, c&rsquo;est un signe clair que leur population augmente sur votre propri\u00e9t\u00e9. Une intervention rapide est essentielle pour \u00e9viter une invasion compl\u00e8te.<\/span><\/li>\n<\/ol>\n","protected":false},"excerpt":{"rendered":"<p>Les marmottes peuvent causer des d\u00e9g\u00e2ts consid\u00e9rables lorsqu&rsquo;elles s&rsquo;installent sur votre propri\u00e9t\u00e9 \u00e0 Gatineau. Bien qu&rsquo;elles puissent sembler inoffensives, leur pr\u00e9sence peut entra\u00eener des probl\u00e8mes graves, n\u00e9cessitant une intervention rapide. Voici les principaux signes indiquant qu&rsquo;il est temps de faire appel \u00e0 des professionnels pour le\u00a0contr\u00f4le de marmotte \u00e0 Gatineau. Pr\u00e9sence de terriers : Les&hellip; <a class=\"more-link\" href=\"https:\/\/aspenwildlifecontrol.com\/fr\/prestations-de-service\/marmottes\/principaux-signes-de-la-necessite-dune-capture-professionnelle-des-marmottes-a-gatineau\/\">Poursuivre la lecture <span class=\"screen-reader-text\">Principaux signes de la n\u00e9cessit\u00e9 d&rsquo;une contr\u00f4le professionnelle des marmottes \u00e0 Gatineau<\/span><\/a><\/p>\n","protected":false},"author":1,"featured_media":0,"parent":979,"menu_order":0,"comment_status":"closed","ping_status":"closed","template":"","meta":{"_acf_changed":false,"footnotes":""},"class_list":["post-1123","page","type-page","status-publish","hentry","entry"],"acf":[],"yoast_head":"<!-- This site is optimized with the Yoast SEO Premium plugin v26.8 (Yoast SEO v27.4) - https:\/\/yoast.com\/product\/yoast-seo-premium-wordpress\/ -->\n<title>Signes de la N\u00e9cessit\u00e9 d&#039;un contr\u00f4le de Marmottes \u00e0 Gatineau<\/title>\n<meta name=\"description\" content=\"D\u00e9couvrez les principaux signes indiquant qu&#039;un contr\u00f4le professionnelle des marmottes est n\u00e9cessaire \u00e0 Gatineau.\" \/>\n<meta name=\"robots\" content=\"index, follow, max-snippet:-1, max-image-preview:large, max-video-preview:-1\" \/>\n<link rel=\"canonical\" href=\"https:\/\/aspenwildlifecontrol.com\/fr\/prestations-de-service\/marmottes\/principaux-signes-de-la-necessite-dune-capture-professionnelle-des-marmottes-a-gatineau\/\" \/>\n<meta property=\"og:locale\" content=\"fr_FR\" \/>\n<meta property=\"og:type\" content=\"article\" \/>\n<meta property=\"og:title\" content=\"Principaux signes de la n\u00e9cessit\u00e9 d&#039;une contr\u00f4le professionnelle des marmottes \u00e0 Gatineau\" \/>\n<meta property=\"og:description\" content=\"D\u00e9couvrez les principaux signes indiquant qu&#039;un contr\u00f4le professionnelle des marmottes est n\u00e9cessaire \u00e0 Gatineau.\" \/>\n<meta property=\"og:url\" content=\"https:\/\/aspenwildlifecontrol.com\/fr\/prestations-de-service\/marmottes\/principaux-signes-de-la-necessite-dune-capture-professionnelle-des-marmottes-a-gatineau\/\" \/>\n<meta property=\"og:site_name\" content=\"Aspen Wildlife Control\" \/>\n<meta property=\"article:modified_time\" content=\"2026-01-14T21:15:43+00:00\" \/>\n<meta name=\"twitter:card\" content=\"summary_large_image\" \/>\n<meta name=\"twitter:label1\" content=\"Dur\u00e9e de lecture estim\u00e9e\" \/>\n\t<meta name=\"twitter:data1\" content=\"1 minute\" \/>\n<script type=\"application\/ld+json\" class=\"yoast-schema-graph\">{\"@context\":\"https:\\\/\\\/schema.org\",\"@graph\":[{\"@type\":\"WebPage\",\"@id\":\"https:\\\/\\\/aspenwildlifecontrol.com\\\/fr\\\/prestations-de-service\\\/marmottes\\\/principaux-signes-de-la-necessite-dune-capture-professionnelle-des-marmottes-a-gatineau\\\/\",\"url\":\"https:\\\/\\\/aspenwildlifecontrol.com\\\/fr\\\/prestations-de-service\\\/marmottes\\\/principaux-signes-de-la-necessite-dune-capture-professionnelle-des-marmottes-a-gatineau\\\/\",\"name\":\"Signes de la N\u00e9cessit\u00e9 d'un contr\u00f4le de Marmottes \u00e0 Gatineau\",\"isPartOf\":{\"@id\":\"https:\\\/\\\/aspenwildlifecontrol.com\\\/fr\\\/#website\"},\"datePublished\":\"2024-09-24T18:33:34+00:00\",\"dateModified\":\"2026-01-14T21:15:43+00:00\",\"description\":\"D\u00e9couvrez les principaux signes indiquant qu'un contr\u00f4le professionnelle des marmottes est n\u00e9cessaire \u00e0 Gatineau.\",\"breadcrumb\":{\"@id\":\"https:\\\/\\\/aspenwildlifecontrol.com\\\/fr\\\/prestations-de-service\\\/marmottes\\\/principaux-signes-de-la-necessite-dune-capture-professionnelle-des-marmottes-a-gatineau\\\/#breadcrumb\"},\"inLanguage\":\"fr-FR\",\"potentialAction\":[{\"@type\":\"ReadAction\",\"target\":[\"https:\\\/\\\/aspenwildlifecontrol.com\\\/fr\\\/prestations-de-service\\\/marmottes\\\/principaux-signes-de-la-necessite-dune-capture-professionnelle-des-marmottes-a-gatineau\\\/\"]}]},{\"@type\":\"BreadcrumbList\",\"@id\":\"https:\\\/\\\/aspenwildlifecontrol.com\\\/fr\\\/prestations-de-service\\\/marmottes\\\/principaux-signes-de-la-necessite-dune-capture-professionnelle-des-marmottes-a-gatineau\\\/#breadcrumb\",\"itemListElement\":[{\"@type\":\"ListItem\",\"position\":1,\"name\":\"Home\",\"item\":\"https:\\\/\\\/aspenwildlifecontrol.com\\\/fr\\\/\"},{\"@type\":\"ListItem\",\"position\":2,\"name\":\"Service control animal\",\"item\":\"https:\\\/\\\/aspenwildlifecontrol.com\\\/fr\\\/prestations-de-service\\\/\"},{\"@type\":\"ListItem\",\"position\":3,\"name\":\"Marmottes\",\"item\":\"https:\\\/\\\/aspenwildlifecontrol.com\\\/fr\\\/prestations-de-service\\\/marmottes\\\/\"},{\"@type\":\"ListItem\",\"position\":4,\"name\":\"Principaux signes de la n\u00e9cessit\u00e9 d&#8217;une contr\u00f4le professionnelle des marmottes \u00e0 Gatineau\"}]},{\"@type\":\"WebSite\",\"@id\":\"https:\\\/\\\/aspenwildlifecontrol.com\\\/fr\\\/#website\",\"url\":\"https:\\\/\\\/aspenwildlifecontrol.com\\\/fr\\\/\",\"name\":\"Aspen Wildlife Control\",\"description\":\"Fast, humane wildlife removal in Ottawa-Gatineau \u2014 guaranteed results, 24\\\/7 service\",\"potentialAction\":[{\"@type\":\"SearchAction\",\"target\":{\"@type\":\"EntryPoint\",\"urlTemplate\":\"https:\\\/\\\/aspenwildlifecontrol.com\\\/fr\\\/?s={search_term_string}\"},\"query-input\":{\"@type\":\"PropertyValueSpecification\",\"valueRequired\":true,\"valueName\":\"search_term_string\"}}],\"inLanguage\":\"fr-FR\"}]}<\/script>\n<!-- \/ Yoast SEO Premium plugin. -->","yoast_head_json":{"title":"Signes de la N\u00e9cessit\u00e9 d'un contr\u00f4le de Marmottes \u00e0 Gatineau","description":"D\u00e9couvrez les principaux signes indiquant qu'un contr\u00f4le professionnelle des marmottes est n\u00e9cessaire \u00e0 Gatineau.","robots":{"index":"index","follow":"follow","max-snippet":"max-snippet:-1","max-image-preview":"max-image-preview:large","max-video-preview":"max-video-preview:-1"},"canonical":"https:\/\/aspenwildlifecontrol.com\/fr\/prestations-de-service\/marmottes\/principaux-signes-de-la-necessite-dune-capture-professionnelle-des-marmottes-a-gatineau\/","og_locale":"fr_FR","og_type":"article","og_title":"Principaux signes de la n\u00e9cessit\u00e9 d'une contr\u00f4le professionnelle des marmottes \u00e0 Gatineau","og_description":"D\u00e9couvrez les principaux signes indiquant qu'un contr\u00f4le professionnelle des marmottes est n\u00e9cessaire \u00e0 Gatineau.","og_url":"https:\/\/aspenwildlifecontrol.com\/fr\/prestations-de-service\/marmottes\/principaux-signes-de-la-necessite-dune-capture-professionnelle-des-marmottes-a-gatineau\/","og_site_name":"Aspen Wildlife Control","article_modified_time":"2026-01-14T21:15:43+00:00","twitter_card":"summary_large_image","twitter_misc":{"Dur\u00e9e de lecture estim\u00e9e":"1 minute"},"schema":{"@context":"https:\/\/schema.org","@graph":[{"@type":"WebPage","@id":"https:\/\/aspenwildlifecontrol.com\/fr\/prestations-de-service\/marmottes\/principaux-signes-de-la-necessite-dune-capture-professionnelle-des-marmottes-a-gatineau\/","url":"https:\/\/aspenwildlifecontrol.com\/fr\/prestations-de-service\/marmottes\/principaux-signes-de-la-necessite-dune-capture-professionnelle-des-marmottes-a-gatineau\/","name":"Signes de la N\u00e9cessit\u00e9 d'un contr\u00f4le de Marmottes \u00e0 Gatineau","isPartOf":{"@id":"https:\/\/aspenwildlifecontrol.com\/fr\/#website"},"datePublished":"2024-09-24T18:33:34+00:00","dateModified":"2026-01-14T21:15:43+00:00","description":"D\u00e9couvrez les principaux signes indiquant qu'un contr\u00f4le professionnelle des marmottes est n\u00e9cessaire \u00e0 Gatineau.","breadcrumb":{"@id":"https:\/\/aspenwildlifecontrol.com\/fr\/prestations-de-service\/marmottes\/principaux-signes-de-la-necessite-dune-capture-professionnelle-des-marmottes-a-gatineau\/#breadcrumb"},"inLanguage":"fr-FR","potentialAction":[{"@type":"ReadAction","target":["https:\/\/aspenwildlifecontrol.com\/fr\/prestations-de-service\/marmottes\/principaux-signes-de-la-necessite-dune-capture-professionnelle-des-marmottes-a-gatineau\/"]}]},{"@type":"BreadcrumbList","@id":"https:\/\/aspenwildlifecontrol.com\/fr\/prestations-de-service\/marmottes\/principaux-signes-de-la-necessite-dune-capture-professionnelle-des-marmottes-a-gatineau\/#breadcrumb","itemListElement":[{"@type":"ListItem","position":1,"name":"Home","item":"https:\/\/aspenwildlifecontrol.com\/fr\/"},{"@type":"ListItem","position":2,"name":"Service control animal","item":"https:\/\/aspenwildlifecontrol.com\/fr\/prestations-de-service\/"},{"@type":"ListItem","position":3,"name":"Marmottes","item":"https:\/\/aspenwildlifecontrol.com\/fr\/prestations-de-service\/marmottes\/"},{"@type":"ListItem","position":4,"name":"Principaux signes de la n\u00e9cessit\u00e9 d&#8217;une contr\u00f4le professionnelle des marmottes \u00e0 Gatineau"}]},{"@type":"WebSite","@id":"https:\/\/aspenwildlifecontrol.com\/fr\/#website","url":"https:\/\/aspenwildlifecontrol.com\/fr\/","name":"Aspen Wildlife Control","description":"Fast, humane wildlife removal in Ottawa-Gatineau \u2014 guaranteed results, 24\/7 service","potentialAction":[{"@type":"SearchAction","target":{"@type":"EntryPoint","urlTemplate":"https:\/\/aspenwildlifecontrol.com\/fr\/?s={search_term_string}"},"query-input":{"@type":"PropertyValueSpecification","valueRequired":true,"valueName":"search_term_string"}}],"inLanguage":"fr-FR"}]}},"_links":{"self":[{"href":"https:\/\/aspenwildlifecontrol.com\/fr\/wp-json\/wp\/v2\/pages\/1123","targetHints":{"allow":["GET"]}}],"collection":[{"href":"https:\/\/aspenwildlifecontrol.com\/fr\/wp-json\/wp\/v2\/pages"}],"about":[{"href":"https:\/\/aspenwildlifecontrol.com\/fr\/wp-json\/wp\/v2\/types\/page"}],"author":[{"embeddable":true,"href":"https:\/\/aspenwildlifecontrol.com\/fr\/wp-json\/wp\/v2\/users\/1"}],"replies":[{"embeddable":true,"href":"https:\/\/aspenwildlifecontrol.com\/fr\/wp-json\/wp\/v2\/comments?post=1123"}],"version-history":[{"count":3,"href":"https:\/\/aspenwildlifecontrol.com\/fr\/wp-json\/wp\/v2\/pages\/1123\/revisions"}],"predecessor-version":[{"id":4096,"href":"https:\/\/aspenwildlifecontrol.com\/fr\/wp-json\/wp\/v2\/pages\/1123\/revisions\/4096"}],"up":[{"embeddable":true,"href":"https:\/\/aspenwildlifecontrol.com\/fr\/wp-json\/wp\/v2\/pages\/979"}],"wp:attachment":[{"href":"https:\/\/aspenwildlifecontrol.com\/fr\/wp-json\/wp\/v2\/media?parent=1123"}],"curies":[{"name":"wp","href":"https:\/\/api.w.org\/{rel}","templated":true}]}}