{"id":1122,"date":"2024-09-24T14:20:51","date_gmt":"2024-09-24T18:20:51","guid":{"rendered":"https:\/\/aspenwildlifecontrol.com\/prestations-de-service\/marmottes\/pourquoi-les-marmottes-envahissent-les-proprietes-de-gatineau\/"},"modified":"2025-02-11T09:06:02","modified_gmt":"2025-02-11T14:06:02","slug":"pourquoi-les-marmottes-envahissent-les-proprietes-de-gatineau","status":"publish","type":"page","link":"https:\/\/aspenwildlifecontrol.com\/fr\/prestations-de-service\/marmottes\/pourquoi-les-marmottes-envahissent-les-proprietes-de-gatineau\/","title":{"rendered":"Comprendre le comportement des marmottes : Pourquoi les marmottes envahissent les propri\u00e9t\u00e9s de Gatineau"},"content":{"rendered":"<p><span style=\"font-weight: 400;\">Les marmottes, aussi connues sous le nom de siffleux, sont des animaux communs \u00e0 Gatineau qui peuvent causer des probl\u00e8mes lorsqu&rsquo;elles envahissent les propri\u00e9t\u00e9s r\u00e9sidentielles. Comprendre leur comportement est essentiel pour pr\u00e9venir leur intrusion et prot\u00e9ger votre maison et votre jardin. Les marmottes sont des animaux fouisseurs qui creusent des terriers complexes, ce qui peut endommager les fondations des b\u00e2timents et les pelouses.<\/span><\/p>\n<p><span style=\"font-weight: 400;\">Les marmottes sont particuli\u00e8rement attir\u00e9es par les zones o\u00f9 la v\u00e9g\u00e9tation est abondante, car elles se nourrissent principalement de plantes, y compris les l\u00e9gumes de jardin, les fleurs et les herbes. Pendant les mois plus chauds, ces rongeurs sont tr\u00e8s actifs \u00e0 Gatineau, cherchant les meilleurs endroits pour \u00e9tablir leurs terriers. Malheureusement, la pr\u00e9sence d&rsquo;une marmotte sur votre propri\u00e9t\u00e9 peut entra\u00eener des d\u00e9g\u00e2ts importants, non seulement \u00e0 votre jardin, mais aussi \u00e0 la stabilit\u00e9 de votre terrain.<\/span><\/p>\n<p><span style=\"font-weight: 400;\">Si vous remarquez des signes d&rsquo;activit\u00e9 de marmottes, comme des trous larges dans votre pelouse ou des plantes endommag\u00e9es, il est crucial d&rsquo;agir rapidement. La capture de marmotte par des professionnels est essentielle pour s&rsquo;assurer que ces animaux sont retir\u00e9s de mani\u00e8re humaine et que votre propri\u00e9t\u00e9 est prot\u00e9g\u00e9e contre de futures invasions. Aspen Wildlife Control offre des services experts de capture de marmottes \u00e0 Gatineau, assurant une solution s\u00fbre et efficace pour garder votre maison et votre jardin \u00e0 l&rsquo;abri de ces nuisibles.<\/span><\/p>\n<p>&nbsp;<\/p>\n","protected":false},"excerpt":{"rendered":"<p>Les marmottes, aussi connues sous le nom de siffleux, sont des animaux communs \u00e0 Gatineau qui peuvent causer des probl\u00e8mes lorsqu&rsquo;elles envahissent les propri\u00e9t\u00e9s r\u00e9sidentielles. Comprendre leur comportement est essentiel pour pr\u00e9venir leur intrusion et prot\u00e9ger votre maison et votre jardin. Les marmottes sont des animaux fouisseurs qui creusent des terriers complexes, ce qui peut&hellip; <a class=\"more-link\" href=\"https:\/\/aspenwildlifecontrol.com\/fr\/prestations-de-service\/marmottes\/pourquoi-les-marmottes-envahissent-les-proprietes-de-gatineau\/\">Poursuivre la lecture <span class=\"screen-reader-text\">Comprendre le comportement des marmottes : Pourquoi les marmottes envahissent les propri\u00e9t\u00e9s de Gatineau<\/span><\/a><\/p>\n","protected":false},"author":1,"featured_media":0,"parent":979,"menu_order":0,"comment_status":"closed","ping_status":"closed","template":"","meta":{"_acf_changed":false,"footnotes":""},"class_list":["post-1122","page","type-page","status-publish","hentry","entry"],"acf":[],"yoast_head":"<!-- This site is optimized with the Yoast SEO Premium plugin v26.8 (Yoast SEO v27.4) - https:\/\/yoast.com\/product\/yoast-seo-premium-wordpress\/ -->\n<title>Comportement des Marmottes : Invasion des Propri\u00e9t\u00e9s \u00e0 Gatineau<\/title>\n<meta name=\"description\" content=\"D\u00e9couvrez pourquoi les marmottes envahissent votre propri\u00e9t\u00e9 \u00e0 Gatineau et comment Aspen Wildlife Control vous aide \u00e0 pr\u00e9venir les d\u00e9g\u00e2ts efficacement.\" \/>\n<meta name=\"robots\" content=\"index, follow, max-snippet:-1, max-image-preview:large, max-video-preview:-1\" \/>\n<link rel=\"canonical\" href=\"https:\/\/aspenwildlifecontrol.com\/fr\/prestations-de-service\/marmottes\/pourquoi-les-marmottes-envahissent-les-proprietes-de-gatineau\/\" \/>\n<meta property=\"og:locale\" content=\"fr_FR\" \/>\n<meta property=\"og:type\" content=\"article\" \/>\n<meta property=\"og:title\" content=\"Comprendre le comportement des marmottes : Pourquoi les marmottes envahissent les propri\u00e9t\u00e9s de Gatineau\" \/>\n<meta property=\"og:description\" content=\"D\u00e9couvrez pourquoi les marmottes envahissent votre propri\u00e9t\u00e9 \u00e0 Gatineau et comment Aspen Wildlife Control vous aide \u00e0 pr\u00e9venir les d\u00e9g\u00e2ts efficacement.\" \/>\n<meta property=\"og:url\" content=\"https:\/\/aspenwildlifecontrol.com\/fr\/prestations-de-service\/marmottes\/pourquoi-les-marmottes-envahissent-les-proprietes-de-gatineau\/\" \/>\n<meta property=\"og:site_name\" content=\"Aspen Wildlife Control\" \/>\n<meta property=\"article:modified_time\" content=\"2025-02-11T14:06:02+00:00\" \/>\n<meta name=\"twitter:card\" content=\"summary_large_image\" \/>\n<meta name=\"twitter:label1\" content=\"Dur\u00e9e de lecture estim\u00e9e\" \/>\n\t<meta name=\"twitter:data1\" content=\"1 minute\" \/>\n<script type=\"application\/ld+json\" class=\"yoast-schema-graph\">{\"@context\":\"https:\\\/\\\/schema.org\",\"@graph\":[{\"@type\":\"WebPage\",\"@id\":\"https:\\\/\\\/aspenwildlifecontrol.com\\\/fr\\\/prestations-de-service\\\/marmottes\\\/pourquoi-les-marmottes-envahissent-les-proprietes-de-gatineau\\\/\",\"url\":\"https:\\\/\\\/aspenwildlifecontrol.com\\\/fr\\\/prestations-de-service\\\/marmottes\\\/pourquoi-les-marmottes-envahissent-les-proprietes-de-gatineau\\\/\",\"name\":\"Comportement des Marmottes : Invasion des Propri\u00e9t\u00e9s \u00e0 Gatineau\",\"isPartOf\":{\"@id\":\"https:\\\/\\\/aspenwildlifecontrol.com\\\/fr\\\/#website\"},\"datePublished\":\"2024-09-24T18:20:51+00:00\",\"dateModified\":\"2025-02-11T14:06:02+00:00\",\"description\":\"D\u00e9couvrez pourquoi les marmottes envahissent votre propri\u00e9t\u00e9 \u00e0 Gatineau et comment Aspen Wildlife Control vous aide \u00e0 pr\u00e9venir les d\u00e9g\u00e2ts efficacement.\",\"breadcrumb\":{\"@id\":\"https:\\\/\\\/aspenwildlifecontrol.com\\\/fr\\\/prestations-de-service\\\/marmottes\\\/pourquoi-les-marmottes-envahissent-les-proprietes-de-gatineau\\\/#breadcrumb\"},\"inLanguage\":\"fr-FR\",\"potentialAction\":[{\"@type\":\"ReadAction\",\"target\":[\"https:\\\/\\\/aspenwildlifecontrol.com\\\/fr\\\/prestations-de-service\\\/marmottes\\\/pourquoi-les-marmottes-envahissent-les-proprietes-de-gatineau\\\/\"]}]},{\"@type\":\"BreadcrumbList\",\"@id\":\"https:\\\/\\\/aspenwildlifecontrol.com\\\/fr\\\/prestations-de-service\\\/marmottes\\\/pourquoi-les-marmottes-envahissent-les-proprietes-de-gatineau\\\/#breadcrumb\",\"itemListElement\":[{\"@type\":\"ListItem\",\"position\":1,\"name\":\"Home\",\"item\":\"https:\\\/\\\/aspenwildlifecontrol.com\\\/fr\\\/\"},{\"@type\":\"ListItem\",\"position\":2,\"name\":\"Service control animal\",\"item\":\"https:\\\/\\\/aspenwildlifecontrol.com\\\/fr\\\/prestations-de-service\\\/\"},{\"@type\":\"ListItem\",\"position\":3,\"name\":\"Marmottes\",\"item\":\"https:\\\/\\\/aspenwildlifecontrol.com\\\/fr\\\/prestations-de-service\\\/marmottes\\\/\"},{\"@type\":\"ListItem\",\"position\":4,\"name\":\"Comprendre le comportement des marmottes : Pourquoi les marmottes envahissent les propri\u00e9t\u00e9s de Gatineau\"}]},{\"@type\":\"WebSite\",\"@id\":\"https:\\\/\\\/aspenwildlifecontrol.com\\\/fr\\\/#website\",\"url\":\"https:\\\/\\\/aspenwildlifecontrol.com\\\/fr\\\/\",\"name\":\"Aspen Wildlife Control\",\"description\":\"Fast, humane wildlife removal in Ottawa-Gatineau \u2014 guaranteed results, 24\\\/7 service\",\"potentialAction\":[{\"@type\":\"SearchAction\",\"target\":{\"@type\":\"EntryPoint\",\"urlTemplate\":\"https:\\\/\\\/aspenwildlifecontrol.com\\\/fr\\\/?s={search_term_string}\"},\"query-input\":{\"@type\":\"PropertyValueSpecification\",\"valueRequired\":true,\"valueName\":\"search_term_string\"}}],\"inLanguage\":\"fr-FR\"}]}<\/script>\n<!-- \/ Yoast SEO Premium plugin. -->","yoast_head_json":{"title":"Comportement des Marmottes : Invasion des Propri\u00e9t\u00e9s \u00e0 Gatineau","description":"D\u00e9couvrez pourquoi les marmottes envahissent votre propri\u00e9t\u00e9 \u00e0 Gatineau et comment Aspen Wildlife Control vous aide \u00e0 pr\u00e9venir les d\u00e9g\u00e2ts efficacement.","robots":{"index":"index","follow":"follow","max-snippet":"max-snippet:-1","max-image-preview":"max-image-preview:large","max-video-preview":"max-video-preview:-1"},"canonical":"https:\/\/aspenwildlifecontrol.com\/fr\/prestations-de-service\/marmottes\/pourquoi-les-marmottes-envahissent-les-proprietes-de-gatineau\/","og_locale":"fr_FR","og_type":"article","og_title":"Comprendre le comportement des marmottes : Pourquoi les marmottes envahissent les propri\u00e9t\u00e9s de Gatineau","og_description":"D\u00e9couvrez pourquoi les marmottes envahissent votre propri\u00e9t\u00e9 \u00e0 Gatineau et comment Aspen Wildlife Control vous aide \u00e0 pr\u00e9venir les d\u00e9g\u00e2ts efficacement.","og_url":"https:\/\/aspenwildlifecontrol.com\/fr\/prestations-de-service\/marmottes\/pourquoi-les-marmottes-envahissent-les-proprietes-de-gatineau\/","og_site_name":"Aspen Wildlife Control","article_modified_time":"2025-02-11T14:06:02+00:00","twitter_card":"summary_large_image","twitter_misc":{"Dur\u00e9e de lecture estim\u00e9e":"1 minute"},"schema":{"@context":"https:\/\/schema.org","@graph":[{"@type":"WebPage","@id":"https:\/\/aspenwildlifecontrol.com\/fr\/prestations-de-service\/marmottes\/pourquoi-les-marmottes-envahissent-les-proprietes-de-gatineau\/","url":"https:\/\/aspenwildlifecontrol.com\/fr\/prestations-de-service\/marmottes\/pourquoi-les-marmottes-envahissent-les-proprietes-de-gatineau\/","name":"Comportement des Marmottes : Invasion des Propri\u00e9t\u00e9s \u00e0 Gatineau","isPartOf":{"@id":"https:\/\/aspenwildlifecontrol.com\/fr\/#website"},"datePublished":"2024-09-24T18:20:51+00:00","dateModified":"2025-02-11T14:06:02+00:00","description":"D\u00e9couvrez pourquoi les marmottes envahissent votre propri\u00e9t\u00e9 \u00e0 Gatineau et comment Aspen Wildlife Control vous aide \u00e0 pr\u00e9venir les d\u00e9g\u00e2ts efficacement.","breadcrumb":{"@id":"https:\/\/aspenwildlifecontrol.com\/fr\/prestations-de-service\/marmottes\/pourquoi-les-marmottes-envahissent-les-proprietes-de-gatineau\/#breadcrumb"},"inLanguage":"fr-FR","potentialAction":[{"@type":"ReadAction","target":["https:\/\/aspenwildlifecontrol.com\/fr\/prestations-de-service\/marmottes\/pourquoi-les-marmottes-envahissent-les-proprietes-de-gatineau\/"]}]},{"@type":"BreadcrumbList","@id":"https:\/\/aspenwildlifecontrol.com\/fr\/prestations-de-service\/marmottes\/pourquoi-les-marmottes-envahissent-les-proprietes-de-gatineau\/#breadcrumb","itemListElement":[{"@type":"ListItem","position":1,"name":"Home","item":"https:\/\/aspenwildlifecontrol.com\/fr\/"},{"@type":"ListItem","position":2,"name":"Service control animal","item":"https:\/\/aspenwildlifecontrol.com\/fr\/prestations-de-service\/"},{"@type":"ListItem","position":3,"name":"Marmottes","item":"https:\/\/aspenwildlifecontrol.com\/fr\/prestations-de-service\/marmottes\/"},{"@type":"ListItem","position":4,"name":"Comprendre le comportement des marmottes : Pourquoi les marmottes envahissent les propri\u00e9t\u00e9s de Gatineau"}]},{"@type":"WebSite","@id":"https:\/\/aspenwildlifecontrol.com\/fr\/#website","url":"https:\/\/aspenwildlifecontrol.com\/fr\/","name":"Aspen Wildlife Control","description":"Fast, humane wildlife removal in Ottawa-Gatineau \u2014 guaranteed results, 24\/7 service","potentialAction":[{"@type":"SearchAction","target":{"@type":"EntryPoint","urlTemplate":"https:\/\/aspenwildlifecontrol.com\/fr\/?s={search_term_string}"},"query-input":{"@type":"PropertyValueSpecification","valueRequired":true,"valueName":"search_term_string"}}],"inLanguage":"fr-FR"}]}},"_links":{"self":[{"href":"https:\/\/aspenwildlifecontrol.com\/fr\/wp-json\/wp\/v2\/pages\/1122","targetHints":{"allow":["GET"]}}],"collection":[{"href":"https:\/\/aspenwildlifecontrol.com\/fr\/wp-json\/wp\/v2\/pages"}],"about":[{"href":"https:\/\/aspenwildlifecontrol.com\/fr\/wp-json\/wp\/v2\/types\/page"}],"author":[{"embeddable":true,"href":"https:\/\/aspenwildlifecontrol.com\/fr\/wp-json\/wp\/v2\/users\/1"}],"replies":[{"embeddable":true,"href":"https:\/\/aspenwildlifecontrol.com\/fr\/wp-json\/wp\/v2\/comments?post=1122"}],"version-history":[{"count":3,"href":"https:\/\/aspenwildlifecontrol.com\/fr\/wp-json\/wp\/v2\/pages\/1122\/revisions"}],"predecessor-version":[{"id":3021,"href":"https:\/\/aspenwildlifecontrol.com\/fr\/wp-json\/wp\/v2\/pages\/1122\/revisions\/3021"}],"up":[{"embeddable":true,"href":"https:\/\/aspenwildlifecontrol.com\/fr\/wp-json\/wp\/v2\/pages\/979"}],"wp:attachment":[{"href":"https:\/\/aspenwildlifecontrol.com\/fr\/wp-json\/wp\/v2\/media?parent=1122"}],"curies":[{"name":"wp","href":"https:\/\/api.w.org\/{rel}","templated":true}]}}