{"id":1112,"date":"2024-09-18T19:21:55","date_gmt":"2024-09-18T23:21:55","guid":{"rendered":"https:\/\/aspenwildlifecontrol.com\/prestations-de-service\/moufettes\/comprendre-le-comportement-des-moufettes-comment-prevenir-les-visites-indesirables-a-gatineau\/"},"modified":"2025-02-11T09:09:31","modified_gmt":"2025-02-11T14:09:31","slug":"comprendre-le-comportement-des-moufettes-comment-prevenir-les-visites-indesirables-a-gatineau","status":"publish","type":"page","link":"https:\/\/aspenwildlifecontrol.com\/fr\/prestations-de-service\/moufettes\/comprendre-le-comportement-des-moufettes-comment-prevenir-les-visites-indesirables-a-gatineau\/","title":{"rendered":"Comprendre le comportement des moufettes : Comment pr\u00e9venir les visites ind\u00e9sirables \u00e0 Gatineau"},"content":{"rendered":"<div class=\"et_pb_module et_pb_text et_pb_text_0 et_pb_text_align_left et_pb_bg_layout_light et_had_animation\">\n<div class=\"et_pb_text_inner\">\n<p><span style=\"font-size: 16px;\"><span style=\"font-weight: 400;\">Les moufettes sont une vue courante \u00e0 Gatineau, et bien qu&rsquo;elles jouent un r\u00f4le crucial dans l&rsquo;\u00e9cosyst\u00e8me en contr\u00f4lant les populations d&rsquo;insectes et de rongeurs, leur pr\u00e9sence peut \u00eatre ind\u00e9sirable en raison de leur spray d\u00e9fensif tristement c\u00e9l\u00e8bre. Comprendre le comportement des moufettes est essentiel pour pr\u00e9venir ces visites ind\u00e9sirables. Voici un guide sur la fa\u00e7on de garder les moufettes \u00e9loign\u00e9es de votre propri\u00e9t\u00e9 et quand appeler les experts comme ceux d&rsquo;Aspen Wildlife Control pour une capture de moufette professionnelle \u00e0 Gatineau.<\/span>\u00a0<\/span><\/p>\n<\/div>\n<\/div>\n<h5><strong>Reconna\u00eetre les habitudes des moufettes<\/strong><\/h5>\n<p><span style=\"font-weight: 400;\">Les moufettes sont principalement des animaux nocturnes, qui cherchent leur nourriture la nuit, notamment des insectes, de la mati\u00e8re v\u00e9g\u00e9tale et de petits rongeurs. Elles sont connues pour leur nature non agressive, \u00e0 moins qu&rsquo;elles ne soient accul\u00e9es ou qu&rsquo;elles d\u00e9fendent leurs jeunes. Les moufettes font g\u00e9n\u00e9ralement leurs tani\u00e8res dans des endroits calmes et non d\u00e9rang\u00e9s tels que sous les terrasses, les remises et les porches. Reconna\u00eetre ces habitudes et ces pr\u00e9f\u00e9rences d&rsquo;habitat est crucial pour emp\u00eacher les moufettes de s&rsquo;installer chez vous ou \u00e0 proximit\u00e9.<\/span><\/p>\n<h5><strong>S\u00e9curiser votre propri\u00e9t\u00e9<\/strong><\/h5>\n<p><span style=\"font-weight: 400;\">Pour d\u00e9courager les visites de moufettes, assurez-vous que les sources de nourriture sont s\u00e9curis\u00e9es. Cela inclut :<\/span><\/p>\n<ul>\n<li style=\"font-weight: 400;\" aria-level=\"1\"><span style=\"font-weight: 400;\">S\u00e9curisation des poubelles : Assurez-vous que les couvercles sont bien ajust\u00e9s et que les poubelles sont entreposer loin de votre maison.<\/span><\/li>\n<li style=\"font-weight: 400;\" aria-level=\"1\"><span style=\"font-weight: 400;\">Retirer la nourriture pour animaux : Ne laissez jamais de nourriture pour animaux \u00e0 l&rsquo;ext\u00e9rieur pendant la nuit, car cela attire les moufettes et d&rsquo;autres animaux sauvages.<\/span><\/li>\n<li style=\"font-weight: 400;\" aria-level=\"1\"><span style=\"font-weight: 400;\">Gestion des jardins : S\u00e9curisez les tas de compost et couvrez les jardins de fruits et l\u00e9gumes avec des filets de protection pour dissuader les moufettes de fouiller.<\/span><\/li>\n<\/ul>\n<p><span style=\"font-weight: 400;\">De plus, sceller les points d&rsquo;entr\u00e9e potentiels pour les moufettes afin de faire des tani\u00e8res peut grandement r\u00e9duire la probabilit\u00e9 qu&rsquo;elles s&rsquo;installent sur votre propri\u00e9t\u00e9. Utilisez des mat\u00e9riaux solides pour bloquer l&rsquo;acc\u00e8s aux espaces sous les terrasses, les porches et les remises.<\/span><\/p>\n<h5><strong>Utilisation de r\u00e9pulsifs<\/strong><\/h5>\n<p><span style=\"font-weight: 400;\">Il existe plusieurs r\u00e9pulsifs qui peuvent aider \u00e0 \u00e9loigner les moufettes :<\/span><\/p>\n<ul>\n<li style=\"font-weight: 400;\" aria-level=\"1\"><span style=\"font-weight: 400;\">Lumi\u00e8res ou arroseurs activ\u00e9s par mouvement : Ces dispositifs peuvent surprendre une moufette sans lui causer de dommages, rendant votre jardin moins accueillant.<\/span><\/li>\n<li style=\"font-weight: 400;\" aria-level=\"1\"><span style=\"font-weight: 400;\">R\u00e9pulsifs naturels : Des ingr\u00e9dients comme les pelures d&rsquo;agrumes, l&rsquo;ammoniaque ou des r\u00e9pulsifs non toxiques disponibles dans le commerce peuvent \u00eatre plac\u00e9s autour des points d&rsquo;entr\u00e9e habituels pour d\u00e9courager les visites.<\/span><\/li>\n<\/ul>\n<h5><b>Quand appeler les services professionnels de capture de moufette<\/b><\/h5>\n<p><span style=\"font-weight: 400;\">Malgr\u00e9 les mesures pr\u00e9ventives, les moufettes peuvent parfois devenir un probl\u00e8me persistant, surtout si elles parviennent \u00e0 \u00e9tablir une tani\u00e8re sur votre propri\u00e9t\u00e9. Dans de tels cas, une capture de moufette professionnelle \u00e0 Gatineau est n\u00e9cessaire. Aspen Wildlife Control offre des services de capture de moufettes de mani\u00e8re humaine, garantissant que les animaux sont relocalis\u00e9s de mani\u00e8re s\u00fbre et efficace sans leur causer de blessures. Nos experts sont form\u00e9s pour manipuler les moufettes et connaissent bien les lois locales sur la faune, offrant ainsi une tranquillit\u00e9 d&rsquo;esprit et une conformit\u00e9 avec les r\u00e9glementations.<\/span><\/p>\n<p><span style=\"font-weight: 400;\">Comprendre et att\u00e9nuer le comportement des moufettes est essentiel pour pr\u00e9venir les rencontres ind\u00e9sirables \u00e0 Gatineau. En s\u00e9curisant les sources de nourriture, en scellant les abris potentiels et en utilisant des r\u00e9pulsifs naturels, vous pouvez garder les moufettes \u00e9loign\u00e9es de votre propri\u00e9t\u00e9. Cependant, lorsque ces mesures ne suffisent pas, faire appel \u00e0 des services professionnels de capture de moufette \u00e0 Gatineau comme Aspen Wildlife Control, garantissent que tout probl\u00e8me de moufette est g\u00e9r\u00e9 de mani\u00e8re experte et humaine.<\/span><\/p>\n","protected":false},"excerpt":{"rendered":"<p>Les moufettes sont une vue courante \u00e0 Gatineau, et bien qu&rsquo;elles jouent un r\u00f4le crucial dans l&rsquo;\u00e9cosyst\u00e8me en contr\u00f4lant les populations d&rsquo;insectes et de rongeurs, leur pr\u00e9sence peut \u00eatre ind\u00e9sirable en raison de leur spray d\u00e9fensif tristement c\u00e9l\u00e8bre. Comprendre le comportement des moufettes est essentiel pour pr\u00e9venir ces visites ind\u00e9sirables. Voici un guide sur la&hellip; <a class=\"more-link\" href=\"https:\/\/aspenwildlifecontrol.com\/fr\/prestations-de-service\/moufettes\/comprendre-le-comportement-des-moufettes-comment-prevenir-les-visites-indesirables-a-gatineau\/\">Poursuivre la lecture <span class=\"screen-reader-text\">Comprendre le comportement des moufettes : Comment pr\u00e9venir les visites ind\u00e9sirables \u00e0 Gatineau<\/span><\/a><\/p>\n","protected":false},"author":1,"featured_media":0,"parent":978,"menu_order":0,"comment_status":"closed","ping_status":"closed","template":"","meta":{"_acf_changed":false,"footnotes":""},"class_list":["post-1112","page","type-page","status-publish","hentry","entry"],"acf":[],"yoast_head":"<!-- This site is optimized with the Yoast SEO Premium plugin v26.8 (Yoast SEO v27.5) - https:\/\/yoast.com\/product\/yoast-seo-premium-wordpress\/ -->\n<title>Comportement des moufettes : Pr\u00e9vention \u00e0 Gatineau<\/title>\n<meta name=\"description\" content=\"Aspen Wildlife Control vous aide \u00e0 comprendre le comportement des moufettes et \u00e0 pr\u00e9venir leurs visites ind\u00e9sirables \u00e0 Gatineau.\" \/>\n<meta name=\"robots\" content=\"index, follow, max-snippet:-1, max-image-preview:large, max-video-preview:-1\" \/>\n<link rel=\"canonical\" href=\"https:\/\/aspenwildlifecontrol.com\/fr\/prestations-de-service\/moufettes\/comprendre-le-comportement-des-moufettes-comment-prevenir-les-visites-indesirables-a-gatineau\/\" \/>\n<meta property=\"og:locale\" content=\"fr_FR\" \/>\n<meta property=\"og:type\" content=\"article\" \/>\n<meta property=\"og:title\" content=\"Comprendre le comportement des moufettes : Comment pr\u00e9venir les visites ind\u00e9sirables \u00e0 Gatineau\" \/>\n<meta property=\"og:description\" content=\"Aspen Wildlife Control vous aide \u00e0 comprendre le comportement des moufettes et \u00e0 pr\u00e9venir leurs visites ind\u00e9sirables \u00e0 Gatineau.\" \/>\n<meta property=\"og:url\" content=\"https:\/\/aspenwildlifecontrol.com\/fr\/prestations-de-service\/moufettes\/comprendre-le-comportement-des-moufettes-comment-prevenir-les-visites-indesirables-a-gatineau\/\" \/>\n<meta property=\"og:site_name\" content=\"Aspen Wildlife Control\" \/>\n<meta property=\"article:modified_time\" content=\"2025-02-11T14:09:31+00:00\" \/>\n<meta name=\"twitter:card\" content=\"summary_large_image\" \/>\n<meta name=\"twitter:label1\" content=\"Dur\u00e9e de lecture estim\u00e9e\" \/>\n\t<meta name=\"twitter:data1\" content=\"3 minutes\" \/>\n<script type=\"application\/ld+json\" class=\"yoast-schema-graph\">{\"@context\":\"https:\\\/\\\/schema.org\",\"@graph\":[{\"@type\":\"WebPage\",\"@id\":\"https:\\\/\\\/aspenwildlifecontrol.com\\\/fr\\\/prestations-de-service\\\/moufettes\\\/comprendre-le-comportement-des-moufettes-comment-prevenir-les-visites-indesirables-a-gatineau\\\/\",\"url\":\"https:\\\/\\\/aspenwildlifecontrol.com\\\/fr\\\/prestations-de-service\\\/moufettes\\\/comprendre-le-comportement-des-moufettes-comment-prevenir-les-visites-indesirables-a-gatineau\\\/\",\"name\":\"Comportement des moufettes : Pr\u00e9vention \u00e0 Gatineau\",\"isPartOf\":{\"@id\":\"https:\\\/\\\/aspenwildlifecontrol.com\\\/fr\\\/#website\"},\"datePublished\":\"2024-09-18T23:21:55+00:00\",\"dateModified\":\"2025-02-11T14:09:31+00:00\",\"description\":\"Aspen Wildlife Control vous aide \u00e0 comprendre le comportement des moufettes et \u00e0 pr\u00e9venir leurs visites ind\u00e9sirables \u00e0 Gatineau.\",\"breadcrumb\":{\"@id\":\"https:\\\/\\\/aspenwildlifecontrol.com\\\/fr\\\/prestations-de-service\\\/moufettes\\\/comprendre-le-comportement-des-moufettes-comment-prevenir-les-visites-indesirables-a-gatineau\\\/#breadcrumb\"},\"inLanguage\":\"fr-FR\",\"potentialAction\":[{\"@type\":\"ReadAction\",\"target\":[\"https:\\\/\\\/aspenwildlifecontrol.com\\\/fr\\\/prestations-de-service\\\/moufettes\\\/comprendre-le-comportement-des-moufettes-comment-prevenir-les-visites-indesirables-a-gatineau\\\/\"]}]},{\"@type\":\"BreadcrumbList\",\"@id\":\"https:\\\/\\\/aspenwildlifecontrol.com\\\/fr\\\/prestations-de-service\\\/moufettes\\\/comprendre-le-comportement-des-moufettes-comment-prevenir-les-visites-indesirables-a-gatineau\\\/#breadcrumb\",\"itemListElement\":[{\"@type\":\"ListItem\",\"position\":1,\"name\":\"Home\",\"item\":\"https:\\\/\\\/aspenwildlifecontrol.com\\\/fr\\\/\"},{\"@type\":\"ListItem\",\"position\":2,\"name\":\"Service control animal\",\"item\":\"https:\\\/\\\/aspenwildlifecontrol.com\\\/fr\\\/prestations-de-service\\\/\"},{\"@type\":\"ListItem\",\"position\":3,\"name\":\"Moufettes\",\"item\":\"https:\\\/\\\/aspenwildlifecontrol.com\\\/fr\\\/prestations-de-service\\\/moufettes\\\/\"},{\"@type\":\"ListItem\",\"position\":4,\"name\":\"Comprendre le comportement des moufettes : Comment pr\u00e9venir les visites ind\u00e9sirables \u00e0 Gatineau\"}]},{\"@type\":\"WebSite\",\"@id\":\"https:\\\/\\\/aspenwildlifecontrol.com\\\/fr\\\/#website\",\"url\":\"https:\\\/\\\/aspenwildlifecontrol.com\\\/fr\\\/\",\"name\":\"Aspen Wildlife Control\",\"description\":\"Fast, humane wildlife removal in Ottawa-Gatineau \u2014 guaranteed results, 24\\\/7 service\",\"potentialAction\":[{\"@type\":\"SearchAction\",\"target\":{\"@type\":\"EntryPoint\",\"urlTemplate\":\"https:\\\/\\\/aspenwildlifecontrol.com\\\/fr\\\/?s={search_term_string}\"},\"query-input\":{\"@type\":\"PropertyValueSpecification\",\"valueRequired\":true,\"valueName\":\"search_term_string\"}}],\"inLanguage\":\"fr-FR\"}]}<\/script>\n<!-- \/ Yoast SEO Premium plugin. -->","yoast_head_json":{"title":"Comportement des moufettes : Pr\u00e9vention \u00e0 Gatineau","description":"Aspen Wildlife Control vous aide \u00e0 comprendre le comportement des moufettes et \u00e0 pr\u00e9venir leurs visites ind\u00e9sirables \u00e0 Gatineau.","robots":{"index":"index","follow":"follow","max-snippet":"max-snippet:-1","max-image-preview":"max-image-preview:large","max-video-preview":"max-video-preview:-1"},"canonical":"https:\/\/aspenwildlifecontrol.com\/fr\/prestations-de-service\/moufettes\/comprendre-le-comportement-des-moufettes-comment-prevenir-les-visites-indesirables-a-gatineau\/","og_locale":"fr_FR","og_type":"article","og_title":"Comprendre le comportement des moufettes : Comment pr\u00e9venir les visites ind\u00e9sirables \u00e0 Gatineau","og_description":"Aspen Wildlife Control vous aide \u00e0 comprendre le comportement des moufettes et \u00e0 pr\u00e9venir leurs visites ind\u00e9sirables \u00e0 Gatineau.","og_url":"https:\/\/aspenwildlifecontrol.com\/fr\/prestations-de-service\/moufettes\/comprendre-le-comportement-des-moufettes-comment-prevenir-les-visites-indesirables-a-gatineau\/","og_site_name":"Aspen Wildlife Control","article_modified_time":"2025-02-11T14:09:31+00:00","twitter_card":"summary_large_image","twitter_misc":{"Dur\u00e9e de lecture estim\u00e9e":"3 minutes"},"schema":{"@context":"https:\/\/schema.org","@graph":[{"@type":"WebPage","@id":"https:\/\/aspenwildlifecontrol.com\/fr\/prestations-de-service\/moufettes\/comprendre-le-comportement-des-moufettes-comment-prevenir-les-visites-indesirables-a-gatineau\/","url":"https:\/\/aspenwildlifecontrol.com\/fr\/prestations-de-service\/moufettes\/comprendre-le-comportement-des-moufettes-comment-prevenir-les-visites-indesirables-a-gatineau\/","name":"Comportement des moufettes : Pr\u00e9vention \u00e0 Gatineau","isPartOf":{"@id":"https:\/\/aspenwildlifecontrol.com\/fr\/#website"},"datePublished":"2024-09-18T23:21:55+00:00","dateModified":"2025-02-11T14:09:31+00:00","description":"Aspen Wildlife Control vous aide \u00e0 comprendre le comportement des moufettes et \u00e0 pr\u00e9venir leurs visites ind\u00e9sirables \u00e0 Gatineau.","breadcrumb":{"@id":"https:\/\/aspenwildlifecontrol.com\/fr\/prestations-de-service\/moufettes\/comprendre-le-comportement-des-moufettes-comment-prevenir-les-visites-indesirables-a-gatineau\/#breadcrumb"},"inLanguage":"fr-FR","potentialAction":[{"@type":"ReadAction","target":["https:\/\/aspenwildlifecontrol.com\/fr\/prestations-de-service\/moufettes\/comprendre-le-comportement-des-moufettes-comment-prevenir-les-visites-indesirables-a-gatineau\/"]}]},{"@type":"BreadcrumbList","@id":"https:\/\/aspenwildlifecontrol.com\/fr\/prestations-de-service\/moufettes\/comprendre-le-comportement-des-moufettes-comment-prevenir-les-visites-indesirables-a-gatineau\/#breadcrumb","itemListElement":[{"@type":"ListItem","position":1,"name":"Home","item":"https:\/\/aspenwildlifecontrol.com\/fr\/"},{"@type":"ListItem","position":2,"name":"Service control animal","item":"https:\/\/aspenwildlifecontrol.com\/fr\/prestations-de-service\/"},{"@type":"ListItem","position":3,"name":"Moufettes","item":"https:\/\/aspenwildlifecontrol.com\/fr\/prestations-de-service\/moufettes\/"},{"@type":"ListItem","position":4,"name":"Comprendre le comportement des moufettes : Comment pr\u00e9venir les visites ind\u00e9sirables \u00e0 Gatineau"}]},{"@type":"WebSite","@id":"https:\/\/aspenwildlifecontrol.com\/fr\/#website","url":"https:\/\/aspenwildlifecontrol.com\/fr\/","name":"Aspen Wildlife Control","description":"Fast, humane wildlife removal in Ottawa-Gatineau \u2014 guaranteed results, 24\/7 service","potentialAction":[{"@type":"SearchAction","target":{"@type":"EntryPoint","urlTemplate":"https:\/\/aspenwildlifecontrol.com\/fr\/?s={search_term_string}"},"query-input":{"@type":"PropertyValueSpecification","valueRequired":true,"valueName":"search_term_string"}}],"inLanguage":"fr-FR"}]}},"_links":{"self":[{"href":"https:\/\/aspenwildlifecontrol.com\/fr\/wp-json\/wp\/v2\/pages\/1112","targetHints":{"allow":["GET"]}}],"collection":[{"href":"https:\/\/aspenwildlifecontrol.com\/fr\/wp-json\/wp\/v2\/pages"}],"about":[{"href":"https:\/\/aspenwildlifecontrol.com\/fr\/wp-json\/wp\/v2\/types\/page"}],"author":[{"embeddable":true,"href":"https:\/\/aspenwildlifecontrol.com\/fr\/wp-json\/wp\/v2\/users\/1"}],"replies":[{"embeddable":true,"href":"https:\/\/aspenwildlifecontrol.com\/fr\/wp-json\/wp\/v2\/comments?post=1112"}],"version-history":[{"count":3,"href":"https:\/\/aspenwildlifecontrol.com\/fr\/wp-json\/wp\/v2\/pages\/1112\/revisions"}],"predecessor-version":[{"id":3290,"href":"https:\/\/aspenwildlifecontrol.com\/fr\/wp-json\/wp\/v2\/pages\/1112\/revisions\/3290"}],"up":[{"embeddable":true,"href":"https:\/\/aspenwildlifecontrol.com\/fr\/wp-json\/wp\/v2\/pages\/978"}],"wp:attachment":[{"href":"https:\/\/aspenwildlifecontrol.com\/fr\/wp-json\/wp\/v2\/media?parent=1112"}],"curies":[{"name":"wp","href":"https:\/\/api.w.org\/{rel}","templated":true}]}}