{"id":1090,"date":"2024-07-30T17:05:41","date_gmt":"2024-07-30T21:05:41","guid":{"rendered":"https:\/\/aspenwildlifecontrol.com\/prestations-de-service\/ratons-laveurs\/la-prevention-est-la-cle-strategies-efficaces-pour-la-gestion-des-ratons-laveurs-a-ottawa-gatineau\/"},"modified":"2025-02-11T09:46:12","modified_gmt":"2025-02-11T14:46:12","slug":"la-prevention-est-la-cle-strategies-efficaces-pour-la-gestion-des-ratons-laveurs-a-ottawa-gatineau","status":"publish","type":"page","link":"https:\/\/aspenwildlifecontrol.com\/fr\/prestations-de-service\/ratons-laveurs\/la-prevention-est-la-cle-strategies-efficaces-pour-la-gestion-des-ratons-laveurs-a-ottawa-gatineau\/","title":{"rendered":"La pr\u00e9vention est la cl\u00e9 : Strat\u00e9gies efficaces pour la gestion des ratons laveurs \u00e0 Ottawa-Gatineau"},"content":{"rendered":"<div class=\"et_pb_module et_pb_text et_pb_text_4 et_pb_text_align_left et_pb_bg_layout_light et_had_animation\">\n<div class=\"et_pb_text_inner\">\n<p><span style=\"font-weight: 400;\">Dans les villes anim\u00e9es d&rsquo;Ottawa et de Gatineau, les populations de ratons laveurs prosp\u00e8rent, ce qui entra\u00eene une augmentation des interactions entre ces cr\u00e9atures nocturnes et les r\u00e9sidents urbains. Bien que les ratons laveurs fassent partie int\u00e9grante de l&rsquo;\u00e9cosyst\u00e8me, leur pr\u00e9sence peut parfois conduire \u00e0 des conflits, notamment lorsqu&rsquo;ils s&rsquo;aventurent trop pr\u00e8s des habitats humains. La cl\u00e9 pour g\u00e9rer efficacement et humainement les ratons laveurs est la pr\u00e9vention. Cet article pr\u00e9sente plusieurs strat\u00e9gies proactives que les r\u00e9sidents peuvent employer pour minimiser les probl\u00e8mes li\u00e9s aux ratons laveurs dans leurs communaut\u00e9s.<\/span><\/p>\n<h5><strong>S\u00e9curisez les poubelles et les bacs \u00e0 composte<\/strong><\/h5>\n<p><span style=\"font-weight: 400;\">L&rsquo;une des principales attractions pour les ratons laveurs en milieu urbain est la disponibilit\u00e9 de sources de nourriture faciles. Pour d\u00e9courager les ratons laveurs de fouiner dans votre secteur, assurez-vous que toutes les poubelles et les bacs \u00e0 compost sont bien ferm\u00e9s. Investissez dans des couvercles ou des conteneurs \u00e0 l&rsquo;\u00e9preuve des ratons laveurs, con\u00e7us pour r\u00e9sister aux tactiques astucieuses de ces animaux ing\u00e9nieux. De plus, gardez vos bacs dans un abri ferm\u00e9 \u00e0 cl\u00e9 ou un garage jusqu&rsquo;au jour de la collecte pour minimiser l&rsquo;acc\u00e8s.<\/span><\/p>\n<h5><strong>\u00c9liminez les sources de nourriture<\/strong><\/h5>\n<p><span style=\"font-weight: 400;\">Les ratons laveurs sont des mangeurs opportunistes qui profiteront de la nourriture pour animaux domestiques, des mangeoires \u00e0 oiseaux et des fruits ou l\u00e9gumes tomb\u00e9s dans les jardins. Pour \u00e9viter d&rsquo;attirer les ratons laveurs, nourrissez les animaux domestiques \u00e0 l&rsquo;int\u00e9rieur et gardez les mangeoires \u00e0 oiseaux hors de port\u00e9e. Nettoyez r\u00e9guli\u00e8rement les produits tomb\u00e9s dans votre jardin et envisagez d&rsquo;utiliser des filets pour prot\u00e9ger les plantes et les arbres fruitiers.<\/span><\/p>\n<h5><strong>Entretenez votre jardin<\/strong><\/h5>\n<p><span style=\"font-weight: 400;\">Les buissons envahis et les chemin\u00e9es non couvertes offrent des lieux de nidification parfaits pour les ratons laveurs. L&rsquo;entretien r\u00e9gulier de votre jardin, y compris la taille des buissons et le blocage des points d&rsquo;entr\u00e9e potentiels comme les chemin\u00e9es et les \u00e9vents, peut dissuader les ratons laveurs de s&rsquo;installer sur votre propri\u00e9t\u00e9. Utilisez des mat\u00e9riaux solides comme le m\u00e9tal ou des panneaux de bois massif pour bloquer l&rsquo;acc\u00e8s sous les terrasses, les porches et les greniers.<\/span><\/p>\n<h5><strong>Utilisez des lumi\u00e8res et des arroseurs activ\u00e9s par mouvement<\/strong><\/h5>\n<p><span style=\"font-weight: 400;\">Les ratons laveurs sont nocturnes et pr\u00e9f\u00e8rent chercher leur nourriture \u00e0 l&rsquo;abri de l&rsquo;obscurit\u00e9. L&rsquo;installation de lumi\u00e8res ou d&rsquo;arroseurs activ\u00e9s par le mouvement peut surprendre et dissuader les ratons laveurs d&rsquo;entrer sur votre propri\u00e9t\u00e9. Ces dispositifs cr\u00e9ent un environnement inconfortable pour les ratons laveurs et peuvent \u00eatre une partie efficace d&rsquo;une strat\u00e9gie de pr\u00e9vention \u00e0 plusieurs volets.<\/span><\/p>\n<h5><strong>\u00c9ducation et sensibilisation<\/strong><\/h5>\n<p><span style=\"font-weight: 400;\">Comprendre le comportement des ratons laveurs est crucial pour pr\u00e9venir les conflits. \u00c9duquez-vous et votre communaut\u00e9 sur les habitudes des ratons laveurs et l&rsquo;importance de coexister avec la faune. Les agences locales de gestion de la faune offrent souvent des ressources et des ateliers sur la gestion de la faune, ce qui peut \u00eatre inestimable pour aider les communaut\u00e9s \u00e0 g\u00e9rer efficacement les populations de ratons laveurs.<\/span><\/p>\n<h5><strong>Contr\u00f4le professionnel de la faune<\/strong><\/h5>\n<p><span style=\"font-weight: 400;\">Si les mesures pr\u00e9ventives ne suffisent pas \u00e0 tenir les ratons laveurs \u00e0 distance, il peut \u00eatre n\u00e9cessaire de consulter des services professionnels de contr\u00f4le de la faune. Ces experts peuvent fournir des conseils cibl\u00e9s et des solutions, garantissant que toute intervention n\u00e9cessaire soit effectu\u00e9e de mani\u00e8re humaine et conform\u00e9ment \u00e0 la r\u00e9glementation locale sur la faune.<\/span><\/p>\n<p><span style=\"font-weight: 400;\">Si vous d\u00e9couvrez des ratons laveurs chez vous, il est crucial de traiter la situation rapidement et humainement en contactant Aspen Wildlife Control, les experts en capture de raton laveur dans la r\u00e9gion d&rsquo;Ottawa-Gatineau. Avec leurs connaissances sp\u00e9cialis\u00e9es et leurs techniques de capture \u00e9prouv\u00e9es et humaines, Aspen Wildlife Control peut r\u00e9soudre en toute s\u00e9curit\u00e9 et efficacement tout probl\u00e8me de raton laveur auquel vous pourriez \u00eatre confront\u00e9. Leur \u00e9quipe de professionnels est \u00e9quip\u00e9e pour garantir que les ratons laveurs sont retir\u00e9es sans dommage, et ils fournissent \u00e9galement des solutions pour pr\u00e9venir les futures infestations, prot\u00e9geant \u00e0 la fois votre maison et la population locale de raton laveur. Ne risquez pas la sant\u00e9 et la s\u00e9curit\u00e9 de votre foyer, laissez les experts d&rsquo;Aspen Wildlife Control prendre soin de vos probl\u00e8mes de raton laveur.<\/span><\/p>\n<\/div>\n<\/div>\n","protected":false},"excerpt":{"rendered":"<p>Dans les villes anim\u00e9es d&rsquo;Ottawa et de Gatineau, les populations de ratons laveurs prosp\u00e8rent, ce qui entra\u00eene une augmentation des interactions entre ces cr\u00e9atures nocturnes et les r\u00e9sidents urbains. Bien que les ratons laveurs fassent partie int\u00e9grante de l&rsquo;\u00e9cosyst\u00e8me, leur pr\u00e9sence peut parfois conduire \u00e0 des conflits, notamment lorsqu&rsquo;ils s&rsquo;aventurent trop pr\u00e8s des habitats humains.&hellip; <a class=\"more-link\" href=\"https:\/\/aspenwildlifecontrol.com\/fr\/prestations-de-service\/ratons-laveurs\/la-prevention-est-la-cle-strategies-efficaces-pour-la-gestion-des-ratons-laveurs-a-ottawa-gatineau\/\">Poursuivre la lecture <span class=\"screen-reader-text\">La pr\u00e9vention est la cl\u00e9 : Strat\u00e9gies efficaces pour la gestion des ratons laveurs \u00e0 Ottawa-Gatineau<\/span><\/a><\/p>\n","protected":false},"author":1,"featured_media":0,"parent":973,"menu_order":0,"comment_status":"closed","ping_status":"closed","template":"","meta":{"_acf_changed":false,"footnotes":""},"class_list":["post-1090","page","type-page","status-publish","hentry","entry"],"acf":[],"yoast_head":"<!-- This site is optimized with the Yoast SEO Premium plugin v26.8 (Yoast SEO v27.4) - https:\/\/yoast.com\/product\/yoast-seo-premium-wordpress\/ -->\n<title>La pr\u00e9vention est la cl\u00e9 : Strat\u00e9gies efficaces pour la gestion des ratons laveurs \u00e0 Ottawa-Gatineau<\/title>\n<meta name=\"description\" content=\"Pr\u00e9vention pour g\u00e9rer les ratons laveurs \u00e0 Ottawa-Gatineau avec Aspen Wildlife Control, assurant une cohabitation harmonieuse et s\u00e9curitaire.\" \/>\n<meta name=\"robots\" content=\"index, follow, max-snippet:-1, max-image-preview:large, max-video-preview:-1\" \/>\n<link rel=\"canonical\" href=\"https:\/\/aspenwildlifecontrol.com\/fr\/prestations-de-service\/ratons-laveurs\/la-prevention-est-la-cle-strategies-efficaces-pour-la-gestion-des-ratons-laveurs-a-ottawa-gatineau\/\" \/>\n<meta property=\"og:locale\" content=\"fr_FR\" \/>\n<meta property=\"og:type\" content=\"article\" \/>\n<meta property=\"og:title\" content=\"La pr\u00e9vention est la cl\u00e9 : Strat\u00e9gies efficaces pour la gestion des ratons laveurs \u00e0 Ottawa-Gatineau\" \/>\n<meta property=\"og:description\" content=\"Pr\u00e9vention pour g\u00e9rer les ratons laveurs \u00e0 Ottawa-Gatineau avec Aspen Wildlife Control, assurant une cohabitation harmonieuse et s\u00e9curitaire.\" \/>\n<meta property=\"og:url\" content=\"https:\/\/aspenwildlifecontrol.com\/fr\/prestations-de-service\/ratons-laveurs\/la-prevention-est-la-cle-strategies-efficaces-pour-la-gestion-des-ratons-laveurs-a-ottawa-gatineau\/\" \/>\n<meta property=\"og:site_name\" content=\"Aspen Wildlife Control\" \/>\n<meta property=\"article:modified_time\" content=\"2025-02-11T14:46:12+00:00\" \/>\n<meta name=\"twitter:card\" content=\"summary_large_image\" \/>\n<meta name=\"twitter:label1\" content=\"Dur\u00e9e de lecture estim\u00e9e\" \/>\n\t<meta name=\"twitter:data1\" content=\"3 minutes\" \/>\n<script type=\"application\/ld+json\" class=\"yoast-schema-graph\">{\"@context\":\"https:\\\/\\\/schema.org\",\"@graph\":[{\"@type\":\"WebPage\",\"@id\":\"https:\\\/\\\/aspenwildlifecontrol.com\\\/fr\\\/prestations-de-service\\\/ratons-laveurs\\\/la-prevention-est-la-cle-strategies-efficaces-pour-la-gestion-des-ratons-laveurs-a-ottawa-gatineau\\\/\",\"url\":\"https:\\\/\\\/aspenwildlifecontrol.com\\\/fr\\\/prestations-de-service\\\/ratons-laveurs\\\/la-prevention-est-la-cle-strategies-efficaces-pour-la-gestion-des-ratons-laveurs-a-ottawa-gatineau\\\/\",\"name\":\"La pr\u00e9vention est la cl\u00e9 : Strat\u00e9gies efficaces pour la gestion des ratons laveurs \u00e0 Ottawa-Gatineau\",\"isPartOf\":{\"@id\":\"https:\\\/\\\/aspenwildlifecontrol.com\\\/fr\\\/#website\"},\"datePublished\":\"2024-07-30T21:05:41+00:00\",\"dateModified\":\"2025-02-11T14:46:12+00:00\",\"description\":\"Pr\u00e9vention pour g\u00e9rer les ratons laveurs \u00e0 Ottawa-Gatineau avec Aspen Wildlife Control, assurant une cohabitation harmonieuse et s\u00e9curitaire.\",\"breadcrumb\":{\"@id\":\"https:\\\/\\\/aspenwildlifecontrol.com\\\/fr\\\/prestations-de-service\\\/ratons-laveurs\\\/la-prevention-est-la-cle-strategies-efficaces-pour-la-gestion-des-ratons-laveurs-a-ottawa-gatineau\\\/#breadcrumb\"},\"inLanguage\":\"fr-FR\",\"potentialAction\":[{\"@type\":\"ReadAction\",\"target\":[\"https:\\\/\\\/aspenwildlifecontrol.com\\\/fr\\\/prestations-de-service\\\/ratons-laveurs\\\/la-prevention-est-la-cle-strategies-efficaces-pour-la-gestion-des-ratons-laveurs-a-ottawa-gatineau\\\/\"]}]},{\"@type\":\"BreadcrumbList\",\"@id\":\"https:\\\/\\\/aspenwildlifecontrol.com\\\/fr\\\/prestations-de-service\\\/ratons-laveurs\\\/la-prevention-est-la-cle-strategies-efficaces-pour-la-gestion-des-ratons-laveurs-a-ottawa-gatineau\\\/#breadcrumb\",\"itemListElement\":[{\"@type\":\"ListItem\",\"position\":1,\"name\":\"Home\",\"item\":\"https:\\\/\\\/aspenwildlifecontrol.com\\\/fr\\\/\"},{\"@type\":\"ListItem\",\"position\":2,\"name\":\"Service control animal\",\"item\":\"https:\\\/\\\/aspenwildlifecontrol.com\\\/fr\\\/prestations-de-service\\\/\"},{\"@type\":\"ListItem\",\"position\":3,\"name\":\"Ratons Laveurs\",\"item\":\"https:\\\/\\\/aspenwildlifecontrol.com\\\/fr\\\/prestations-de-service\\\/ratons-laveurs\\\/\"},{\"@type\":\"ListItem\",\"position\":4,\"name\":\"La pr\u00e9vention est la cl\u00e9 : Strat\u00e9gies efficaces pour la gestion des ratons laveurs \u00e0 Ottawa-Gatineau\"}]},{\"@type\":\"WebSite\",\"@id\":\"https:\\\/\\\/aspenwildlifecontrol.com\\\/fr\\\/#website\",\"url\":\"https:\\\/\\\/aspenwildlifecontrol.com\\\/fr\\\/\",\"name\":\"Aspen Wildlife Control\",\"description\":\"Fast, humane wildlife removal in Ottawa-Gatineau \u2014 guaranteed results, 24\\\/7 service\",\"potentialAction\":[{\"@type\":\"SearchAction\",\"target\":{\"@type\":\"EntryPoint\",\"urlTemplate\":\"https:\\\/\\\/aspenwildlifecontrol.com\\\/fr\\\/?s={search_term_string}\"},\"query-input\":{\"@type\":\"PropertyValueSpecification\",\"valueRequired\":true,\"valueName\":\"search_term_string\"}}],\"inLanguage\":\"fr-FR\"}]}<\/script>\n<!-- \/ Yoast SEO Premium plugin. -->","yoast_head_json":{"title":"La pr\u00e9vention est la cl\u00e9 : Strat\u00e9gies efficaces pour la gestion des ratons laveurs \u00e0 Ottawa-Gatineau","description":"Pr\u00e9vention pour g\u00e9rer les ratons laveurs \u00e0 Ottawa-Gatineau avec Aspen Wildlife Control, assurant une cohabitation harmonieuse et s\u00e9curitaire.","robots":{"index":"index","follow":"follow","max-snippet":"max-snippet:-1","max-image-preview":"max-image-preview:large","max-video-preview":"max-video-preview:-1"},"canonical":"https:\/\/aspenwildlifecontrol.com\/fr\/prestations-de-service\/ratons-laveurs\/la-prevention-est-la-cle-strategies-efficaces-pour-la-gestion-des-ratons-laveurs-a-ottawa-gatineau\/","og_locale":"fr_FR","og_type":"article","og_title":"La pr\u00e9vention est la cl\u00e9 : Strat\u00e9gies efficaces pour la gestion des ratons laveurs \u00e0 Ottawa-Gatineau","og_description":"Pr\u00e9vention pour g\u00e9rer les ratons laveurs \u00e0 Ottawa-Gatineau avec Aspen Wildlife Control, assurant une cohabitation harmonieuse et s\u00e9curitaire.","og_url":"https:\/\/aspenwildlifecontrol.com\/fr\/prestations-de-service\/ratons-laveurs\/la-prevention-est-la-cle-strategies-efficaces-pour-la-gestion-des-ratons-laveurs-a-ottawa-gatineau\/","og_site_name":"Aspen Wildlife Control","article_modified_time":"2025-02-11T14:46:12+00:00","twitter_card":"summary_large_image","twitter_misc":{"Dur\u00e9e de lecture estim\u00e9e":"3 minutes"},"schema":{"@context":"https:\/\/schema.org","@graph":[{"@type":"WebPage","@id":"https:\/\/aspenwildlifecontrol.com\/fr\/prestations-de-service\/ratons-laveurs\/la-prevention-est-la-cle-strategies-efficaces-pour-la-gestion-des-ratons-laveurs-a-ottawa-gatineau\/","url":"https:\/\/aspenwildlifecontrol.com\/fr\/prestations-de-service\/ratons-laveurs\/la-prevention-est-la-cle-strategies-efficaces-pour-la-gestion-des-ratons-laveurs-a-ottawa-gatineau\/","name":"La pr\u00e9vention est la cl\u00e9 : Strat\u00e9gies efficaces pour la gestion des ratons laveurs \u00e0 Ottawa-Gatineau","isPartOf":{"@id":"https:\/\/aspenwildlifecontrol.com\/fr\/#website"},"datePublished":"2024-07-30T21:05:41+00:00","dateModified":"2025-02-11T14:46:12+00:00","description":"Pr\u00e9vention pour g\u00e9rer les ratons laveurs \u00e0 Ottawa-Gatineau avec Aspen Wildlife Control, assurant une cohabitation harmonieuse et s\u00e9curitaire.","breadcrumb":{"@id":"https:\/\/aspenwildlifecontrol.com\/fr\/prestations-de-service\/ratons-laveurs\/la-prevention-est-la-cle-strategies-efficaces-pour-la-gestion-des-ratons-laveurs-a-ottawa-gatineau\/#breadcrumb"},"inLanguage":"fr-FR","potentialAction":[{"@type":"ReadAction","target":["https:\/\/aspenwildlifecontrol.com\/fr\/prestations-de-service\/ratons-laveurs\/la-prevention-est-la-cle-strategies-efficaces-pour-la-gestion-des-ratons-laveurs-a-ottawa-gatineau\/"]}]},{"@type":"BreadcrumbList","@id":"https:\/\/aspenwildlifecontrol.com\/fr\/prestations-de-service\/ratons-laveurs\/la-prevention-est-la-cle-strategies-efficaces-pour-la-gestion-des-ratons-laveurs-a-ottawa-gatineau\/#breadcrumb","itemListElement":[{"@type":"ListItem","position":1,"name":"Home","item":"https:\/\/aspenwildlifecontrol.com\/fr\/"},{"@type":"ListItem","position":2,"name":"Service control animal","item":"https:\/\/aspenwildlifecontrol.com\/fr\/prestations-de-service\/"},{"@type":"ListItem","position":3,"name":"Ratons Laveurs","item":"https:\/\/aspenwildlifecontrol.com\/fr\/prestations-de-service\/ratons-laveurs\/"},{"@type":"ListItem","position":4,"name":"La pr\u00e9vention est la cl\u00e9 : Strat\u00e9gies efficaces pour la gestion des ratons laveurs \u00e0 Ottawa-Gatineau"}]},{"@type":"WebSite","@id":"https:\/\/aspenwildlifecontrol.com\/fr\/#website","url":"https:\/\/aspenwildlifecontrol.com\/fr\/","name":"Aspen Wildlife Control","description":"Fast, humane wildlife removal in Ottawa-Gatineau \u2014 guaranteed results, 24\/7 service","potentialAction":[{"@type":"SearchAction","target":{"@type":"EntryPoint","urlTemplate":"https:\/\/aspenwildlifecontrol.com\/fr\/?s={search_term_string}"},"query-input":{"@type":"PropertyValueSpecification","valueRequired":true,"valueName":"search_term_string"}}],"inLanguage":"fr-FR"}]}},"_links":{"self":[{"href":"https:\/\/aspenwildlifecontrol.com\/fr\/wp-json\/wp\/v2\/pages\/1090","targetHints":{"allow":["GET"]}}],"collection":[{"href":"https:\/\/aspenwildlifecontrol.com\/fr\/wp-json\/wp\/v2\/pages"}],"about":[{"href":"https:\/\/aspenwildlifecontrol.com\/fr\/wp-json\/wp\/v2\/types\/page"}],"author":[{"embeddable":true,"href":"https:\/\/aspenwildlifecontrol.com\/fr\/wp-json\/wp\/v2\/users\/1"}],"replies":[{"embeddable":true,"href":"https:\/\/aspenwildlifecontrol.com\/fr\/wp-json\/wp\/v2\/comments?post=1090"}],"version-history":[{"count":2,"href":"https:\/\/aspenwildlifecontrol.com\/fr\/wp-json\/wp\/v2\/pages\/1090\/revisions"}],"predecessor-version":[{"id":3063,"href":"https:\/\/aspenwildlifecontrol.com\/fr\/wp-json\/wp\/v2\/pages\/1090\/revisions\/3063"}],"up":[{"embeddable":true,"href":"https:\/\/aspenwildlifecontrol.com\/fr\/wp-json\/wp\/v2\/pages\/973"}],"wp:attachment":[{"href":"https:\/\/aspenwildlifecontrol.com\/fr\/wp-json\/wp\/v2\/media?parent=1090"}],"curies":[{"name":"wp","href":"https:\/\/api.w.org\/{rel}","templated":true}]}}