{"id":1079,"date":"2024-07-30T15:25:25","date_gmt":"2024-07-30T19:25:25","guid":{"rendered":"https:\/\/aspenwildlifecontrol.com\/prestations-de-service\/ratons-laveurs\/le-regime-omnivore-des-ratons-laveurs-a-ottawa-gatineau\/"},"modified":"2025-02-11T09:47:09","modified_gmt":"2025-02-11T14:47:09","slug":"le-regime-omnivore-des-ratons-laveurs-a-ottawa-gatineau","status":"publish","type":"page","link":"https:\/\/aspenwildlifecontrol.com\/fr\/prestations-de-service\/ratons-laveurs\/le-regime-omnivore-des-ratons-laveurs-a-ottawa-gatineau\/","title":{"rendered":"Le r\u00e9gime omnivore des ratons laveurs \u00e0 Ottawa-Gatineau"},"content":{"rendered":"<div class=\"et_pb_module et_pb_text et_pb_text_4 et_pb_text_align_left et_pb_bg_layout_light et_had_animation\">\n<div class=\"et_pb_text_inner\">\n<h5><strong>Leurs habitudes alimentaires<\/strong><\/h5>\n<p><span style=\"font-weight: 400;\">Dans la r\u00e9gion d&rsquo;Ottawa-Gatineau, les ratons laveurs sont une vision courante, gr\u00e2ce en grande partie \u00e0 leur r\u00e9gime alimentaire flexible et omnivore qui leur permet de prosp\u00e9rer tant dans les milieux urbains que ruraux. Comprendre le r\u00e9gime alimentaire des ratons laveurs peut donner un aper\u00e7u de leur comportement et aider les r\u00e9sidents locaux \u00e0 g\u00e9rer les interactions avec ces cr\u00e9atures adaptables.<\/span><\/p>\n<h5><strong>Que mangent les ratons laveurs ?<\/strong><\/h5>\n<p><span style=\"font-weight: 400;\">Les ratons laveurs sont de vrais omnivores, ce qui signifie que leur r\u00e9gime alimentaire inclut une vari\u00e9t\u00e9 d&rsquo;aliments v\u00e9g\u00e9taux et animaux. Dans les zones sauvages d&rsquo;Ottawa-Gatineau, les ratons laveurs se r\u00e9galent de fruits, de noix, de baies, d&rsquo;insectes, de grenouilles et d&rsquo;\u0153ufs. Cependant, leur r\u00e9gime s&rsquo;adapte dans les zones urbaines o\u00f9 ils sont connus pour manger presque tout ce qui est comestible qu&rsquo;ils peuvent trouver dans les poubelles, les jardins ou la nourriture pour animaux laiss\u00e9e \u00e0 l&rsquo;ext\u00e9rieur.<\/span><\/p>\n<h5><strong>Adaptation aux environnements urbains<\/strong><\/h5>\n<p><span style=\"font-weight: 400;\">L&rsquo;une des raisons pour lesquelles les ratons laveurs r\u00e9ussissent si bien \u00e0 vivre pr\u00e8s des humains est leur capacit\u00e9 \u00e0 trouver de la nourriture dans nos environnements. Ils sont devenus notoires pour leurs incursions nocturnes dans les poubelles, qui offrent souvent des repas faciles. Les ratons laveurs sont habiles \u00e0 ouvrir les verrous et m\u00eame les couvercles des poubelles pour acc\u00e9der \u00e0 la nourriture, d\u00e9montrant leurs capacit\u00e9s de r\u00e9solution de probl\u00e8mes et leur dext\u00e9rit\u00e9.<\/span><\/p>\n<h5><strong>Changements saisonniers dans le r\u00e9gime alimentaire<\/strong><\/h5>\n<p><span style=\"font-weight: 400;\">Le r\u00e9gime alimentaire des ratons laveurs \u00e0 Ottawa-Gatineau change \u00e9galement avec les saisons. Au printemps et en \u00e9t\u00e9, leur alimentation est plus riche en insectes et en mat\u00e9riaux v\u00e9g\u00e9taux frais, qui sont abondants. \u00c0 l&rsquo;automne, ils passent \u00e0 plus de fruits et de noix, accumulant des r\u00e9serves de graisse pour l&rsquo;hiver. En hiver, lorsque la nourriture se fait plus rare, les ratons laveurs mangent ce qui est disponible, ce qui les conduit souvent \u00e0 des sources de nourriture plus humaines.<\/span><\/p>\n<h5><strong>Impact du r\u00e9gime alimentaire des ratons laveurs sur les r\u00e9sidents locaux<\/strong><\/h5>\n<p><span style=\"font-weight: 400;\">Bien que l&rsquo;adaptabilit\u00e9 des ratons laveurs soit admirable, elle peut parfois conduire \u00e0 des conflits avec les humains, en particulier dans les zones urbaines o\u00f9 ils peuvent endommager des propri\u00e9t\u00e9s \u00e0 la recherche de nourriture. Comprendre leurs besoins alimentaires peut aider \u00e0 att\u00e9nuer ces conflits. S\u00e9curiser les poubelles avec des couvercles \u00e0 l&rsquo;\u00e9preuve des ratons laveurs et garder la nourriture pour animaux \u00e0 l&rsquo;int\u00e9rieur la nuit peut d\u00e9courager les ratons laveurs de fouiller pr\u00e8s des habitations humaines.<\/span><\/p>\n<h5><strong>Conservation et coexistence<\/strong><\/h5>\n<p><span style=\"font-weight: 400;\">Promouvoir la coexistence avec les ratons laveurs implique de comprendre et de respecter leur r\u00f4le dans l&rsquo;\u00e9cosyst\u00e8me local. Bien qu&rsquo;ils puissent \u00eatre une nuisance, les ratons laveurs jouent \u00e9galement un r\u00f4le dans le contr\u00f4le des populations d&rsquo;insectes et de rongeurs. \u00c9duquer la communaut\u00e9 sur le comportement des ratons laveurs, en particulier leurs habitudes alimentaires, est essentiel pour favoriser une relation harmonieuse entre les humains et ces animaux intelligents.<\/span><\/p>\n<p><span style=\"font-weight: 400;\">Si vous d\u00e9couvrez des ratons laveurs chez vous, il est crucial de traiter la situation rapidement et humainement en contactant Aspen Wildlife Control, les experts en capture de raton laveur dans la r\u00e9gion d&rsquo;Ottawa-Gatineau. Avec leurs connaissances sp\u00e9cialis\u00e9es et leurs techniques de capture \u00e9prouv\u00e9es et humaines, Aspen Wildlife Control peut r\u00e9soudre en toute s\u00e9curit\u00e9 et efficacement tout probl\u00e8me de raton laveur auquel vous pourriez \u00eatre confront\u00e9. Leur \u00e9quipe de professionnels est \u00e9quip\u00e9e pour garantir que les ratons laveurs sont retir\u00e9es sans dommage, et ils fournissent \u00e9galement des solutions pour pr\u00e9venir les futures infestations, prot\u00e9geant \u00e0 la fois votre maison et la population locale de raton laveur. Ne risquez pas la sant\u00e9 et la s\u00e9curit\u00e9 de votre foyer, laissez les experts d&rsquo;Aspen Wildlife Control prendre soin de vos probl\u00e8mes de raton laveur.<\/span><\/p>\n<\/div>\n<\/div>\n","protected":false},"excerpt":{"rendered":"<p>Leurs habitudes alimentaires Dans la r\u00e9gion d&rsquo;Ottawa-Gatineau, les ratons laveurs sont une vision courante, gr\u00e2ce en grande partie \u00e0 leur r\u00e9gime alimentaire flexible et omnivore qui leur permet de prosp\u00e9rer tant dans les milieux urbains que ruraux. Comprendre le r\u00e9gime alimentaire des ratons laveurs peut donner un aper\u00e7u de leur comportement et aider les r\u00e9sidents&hellip; <a class=\"more-link\" href=\"https:\/\/aspenwildlifecontrol.com\/fr\/prestations-de-service\/ratons-laveurs\/le-regime-omnivore-des-ratons-laveurs-a-ottawa-gatineau\/\">Poursuivre la lecture <span class=\"screen-reader-text\">Le r\u00e9gime omnivore des ratons laveurs \u00e0 Ottawa-Gatineau<\/span><\/a><\/p>\n","protected":false},"author":1,"featured_media":0,"parent":973,"menu_order":0,"comment_status":"closed","ping_status":"closed","template":"","meta":{"_acf_changed":false,"footnotes":""},"class_list":["post-1079","page","type-page","status-publish","hentry","entry"],"acf":{"content":null,"cta_custom":"<h5>Services sur demande<\/h5>\r\nVous avez besoin de services d\u2019enl\u00e8vement de ratons laveurs \u00e0 Ottawa-Gatineau ?\u00a0 <a href=\"https:\/\/aspenwildlifecontrol.com\/fr\/contact\/\">Contactez-nous<\/a>","schema":""},"yoast_head":"<!-- This site is optimized with the Yoast SEO Premium plugin v26.8 (Yoast SEO v27.6) - https:\/\/yoast.com\/product\/yoast-seo-premium-wordpress\/ -->\n<title>Le r\u00e9gime omnivore des ratons laveurs \u00e0 Ottawa-Gatineau<\/title>\n<meta name=\"description\" content=\"Apprenez sur le r\u00e9gime omnivore des ratons laveurs \u00e0 Ottawa-Gatineau, et des conseils pour g\u00e9rer leur pr\u00e9sence.\" \/>\n<meta name=\"robots\" content=\"index, follow, max-snippet:-1, max-image-preview:large, max-video-preview:-1\" \/>\n<link rel=\"canonical\" href=\"https:\/\/aspenwildlifecontrol.com\/fr\/prestations-de-service\/ratons-laveurs\/le-regime-omnivore-des-ratons-laveurs-a-ottawa-gatineau\/\" \/>\n<meta property=\"og:locale\" content=\"fr_FR\" \/>\n<meta property=\"og:type\" content=\"article\" \/>\n<meta property=\"og:title\" content=\"Le r\u00e9gime omnivore des ratons laveurs \u00e0 Ottawa-Gatineau\" \/>\n<meta property=\"og:description\" content=\"Apprenez sur le r\u00e9gime omnivore des ratons laveurs \u00e0 Ottawa-Gatineau, et des conseils pour g\u00e9rer leur pr\u00e9sence.\" \/>\n<meta property=\"og:url\" content=\"https:\/\/aspenwildlifecontrol.com\/fr\/prestations-de-service\/ratons-laveurs\/le-regime-omnivore-des-ratons-laveurs-a-ottawa-gatineau\/\" \/>\n<meta property=\"og:site_name\" content=\"Aspen Wildlife Control\" \/>\n<meta property=\"article:modified_time\" content=\"2025-02-11T14:47:09+00:00\" \/>\n<meta name=\"twitter:card\" content=\"summary_large_image\" \/>\n<meta name=\"twitter:label1\" content=\"Dur\u00e9e de lecture estim\u00e9e\" \/>\n\t<meta name=\"twitter:data1\" content=\"3 minutes\" \/>\n<script type=\"application\/ld+json\" class=\"yoast-schema-graph\">{\"@context\":\"https:\\\/\\\/schema.org\",\"@graph\":[{\"@type\":\"WebPage\",\"@id\":\"https:\\\/\\\/aspenwildlifecontrol.com\\\/fr\\\/prestations-de-service\\\/ratons-laveurs\\\/le-regime-omnivore-des-ratons-laveurs-a-ottawa-gatineau\\\/\",\"url\":\"https:\\\/\\\/aspenwildlifecontrol.com\\\/fr\\\/prestations-de-service\\\/ratons-laveurs\\\/le-regime-omnivore-des-ratons-laveurs-a-ottawa-gatineau\\\/\",\"name\":\"Le r\u00e9gime omnivore des ratons laveurs \u00e0 Ottawa-Gatineau\",\"isPartOf\":{\"@id\":\"https:\\\/\\\/aspenwildlifecontrol.com\\\/fr\\\/#website\"},\"datePublished\":\"2024-07-30T19:25:25+00:00\",\"dateModified\":\"2025-02-11T14:47:09+00:00\",\"description\":\"Apprenez sur le r\u00e9gime omnivore des ratons laveurs \u00e0 Ottawa-Gatineau, et des conseils pour g\u00e9rer leur pr\u00e9sence.\",\"breadcrumb\":{\"@id\":\"https:\\\/\\\/aspenwildlifecontrol.com\\\/fr\\\/prestations-de-service\\\/ratons-laveurs\\\/le-regime-omnivore-des-ratons-laveurs-a-ottawa-gatineau\\\/#breadcrumb\"},\"inLanguage\":\"fr-FR\",\"potentialAction\":[{\"@type\":\"ReadAction\",\"target\":[\"https:\\\/\\\/aspenwildlifecontrol.com\\\/fr\\\/prestations-de-service\\\/ratons-laveurs\\\/le-regime-omnivore-des-ratons-laveurs-a-ottawa-gatineau\\\/\"]}]},{\"@type\":\"BreadcrumbList\",\"@id\":\"https:\\\/\\\/aspenwildlifecontrol.com\\\/fr\\\/prestations-de-service\\\/ratons-laveurs\\\/le-regime-omnivore-des-ratons-laveurs-a-ottawa-gatineau\\\/#breadcrumb\",\"itemListElement\":[{\"@type\":\"ListItem\",\"position\":1,\"name\":\"Home\",\"item\":\"https:\\\/\\\/aspenwildlifecontrol.com\\\/fr\\\/\"},{\"@type\":\"ListItem\",\"position\":2,\"name\":\"Service control animal\",\"item\":\"https:\\\/\\\/aspenwildlifecontrol.com\\\/fr\\\/prestations-de-service\\\/\"},{\"@type\":\"ListItem\",\"position\":3,\"name\":\"Ratons Laveurs\",\"item\":\"https:\\\/\\\/aspenwildlifecontrol.com\\\/fr\\\/prestations-de-service\\\/ratons-laveurs\\\/\"},{\"@type\":\"ListItem\",\"position\":4,\"name\":\"Le r\u00e9gime omnivore des ratons laveurs \u00e0 Ottawa-Gatineau\"}]},{\"@type\":\"WebSite\",\"@id\":\"https:\\\/\\\/aspenwildlifecontrol.com\\\/fr\\\/#website\",\"url\":\"https:\\\/\\\/aspenwildlifecontrol.com\\\/fr\\\/\",\"name\":\"Aspen Wildlife Control\",\"description\":\"Fast, humane wildlife removal in Ottawa-Gatineau \u2014 guaranteed results, 24\\\/7 service\",\"potentialAction\":[{\"@type\":\"SearchAction\",\"target\":{\"@type\":\"EntryPoint\",\"urlTemplate\":\"https:\\\/\\\/aspenwildlifecontrol.com\\\/fr\\\/?s={search_term_string}\"},\"query-input\":{\"@type\":\"PropertyValueSpecification\",\"valueRequired\":true,\"valueName\":\"search_term_string\"}}],\"inLanguage\":\"fr-FR\"}]}<\/script>\n<!-- \/ Yoast SEO Premium plugin. -->","yoast_head_json":{"title":"Le r\u00e9gime omnivore des ratons laveurs \u00e0 Ottawa-Gatineau","description":"Apprenez sur le r\u00e9gime omnivore des ratons laveurs \u00e0 Ottawa-Gatineau, et des conseils pour g\u00e9rer leur pr\u00e9sence.","robots":{"index":"index","follow":"follow","max-snippet":"max-snippet:-1","max-image-preview":"max-image-preview:large","max-video-preview":"max-video-preview:-1"},"canonical":"https:\/\/aspenwildlifecontrol.com\/fr\/prestations-de-service\/ratons-laveurs\/le-regime-omnivore-des-ratons-laveurs-a-ottawa-gatineau\/","og_locale":"fr_FR","og_type":"article","og_title":"Le r\u00e9gime omnivore des ratons laveurs \u00e0 Ottawa-Gatineau","og_description":"Apprenez sur le r\u00e9gime omnivore des ratons laveurs \u00e0 Ottawa-Gatineau, et des conseils pour g\u00e9rer leur pr\u00e9sence.","og_url":"https:\/\/aspenwildlifecontrol.com\/fr\/prestations-de-service\/ratons-laveurs\/le-regime-omnivore-des-ratons-laveurs-a-ottawa-gatineau\/","og_site_name":"Aspen Wildlife Control","article_modified_time":"2025-02-11T14:47:09+00:00","twitter_card":"summary_large_image","twitter_misc":{"Dur\u00e9e de lecture estim\u00e9e":"3 minutes"},"schema":{"@context":"https:\/\/schema.org","@graph":[{"@type":"WebPage","@id":"https:\/\/aspenwildlifecontrol.com\/fr\/prestations-de-service\/ratons-laveurs\/le-regime-omnivore-des-ratons-laveurs-a-ottawa-gatineau\/","url":"https:\/\/aspenwildlifecontrol.com\/fr\/prestations-de-service\/ratons-laveurs\/le-regime-omnivore-des-ratons-laveurs-a-ottawa-gatineau\/","name":"Le r\u00e9gime omnivore des ratons laveurs \u00e0 Ottawa-Gatineau","isPartOf":{"@id":"https:\/\/aspenwildlifecontrol.com\/fr\/#website"},"datePublished":"2024-07-30T19:25:25+00:00","dateModified":"2025-02-11T14:47:09+00:00","description":"Apprenez sur le r\u00e9gime omnivore des ratons laveurs \u00e0 Ottawa-Gatineau, et des conseils pour g\u00e9rer leur pr\u00e9sence.","breadcrumb":{"@id":"https:\/\/aspenwildlifecontrol.com\/fr\/prestations-de-service\/ratons-laveurs\/le-regime-omnivore-des-ratons-laveurs-a-ottawa-gatineau\/#breadcrumb"},"inLanguage":"fr-FR","potentialAction":[{"@type":"ReadAction","target":["https:\/\/aspenwildlifecontrol.com\/fr\/prestations-de-service\/ratons-laveurs\/le-regime-omnivore-des-ratons-laveurs-a-ottawa-gatineau\/"]}]},{"@type":"BreadcrumbList","@id":"https:\/\/aspenwildlifecontrol.com\/fr\/prestations-de-service\/ratons-laveurs\/le-regime-omnivore-des-ratons-laveurs-a-ottawa-gatineau\/#breadcrumb","itemListElement":[{"@type":"ListItem","position":1,"name":"Home","item":"https:\/\/aspenwildlifecontrol.com\/fr\/"},{"@type":"ListItem","position":2,"name":"Service control animal","item":"https:\/\/aspenwildlifecontrol.com\/fr\/prestations-de-service\/"},{"@type":"ListItem","position":3,"name":"Ratons Laveurs","item":"https:\/\/aspenwildlifecontrol.com\/fr\/prestations-de-service\/ratons-laveurs\/"},{"@type":"ListItem","position":4,"name":"Le r\u00e9gime omnivore des ratons laveurs \u00e0 Ottawa-Gatineau"}]},{"@type":"WebSite","@id":"https:\/\/aspenwildlifecontrol.com\/fr\/#website","url":"https:\/\/aspenwildlifecontrol.com\/fr\/","name":"Aspen Wildlife Control","description":"Fast, humane wildlife removal in Ottawa-Gatineau \u2014 guaranteed results, 24\/7 service","potentialAction":[{"@type":"SearchAction","target":{"@type":"EntryPoint","urlTemplate":"https:\/\/aspenwildlifecontrol.com\/fr\/?s={search_term_string}"},"query-input":{"@type":"PropertyValueSpecification","valueRequired":true,"valueName":"search_term_string"}}],"inLanguage":"fr-FR"}]}},"_links":{"self":[{"href":"https:\/\/aspenwildlifecontrol.com\/fr\/wp-json\/wp\/v2\/pages\/1079","targetHints":{"allow":["GET"]}}],"collection":[{"href":"https:\/\/aspenwildlifecontrol.com\/fr\/wp-json\/wp\/v2\/pages"}],"about":[{"href":"https:\/\/aspenwildlifecontrol.com\/fr\/wp-json\/wp\/v2\/types\/page"}],"author":[{"embeddable":true,"href":"https:\/\/aspenwildlifecontrol.com\/fr\/wp-json\/wp\/v2\/users\/1"}],"replies":[{"embeddable":true,"href":"https:\/\/aspenwildlifecontrol.com\/fr\/wp-json\/wp\/v2\/comments?post=1079"}],"version-history":[{"count":2,"href":"https:\/\/aspenwildlifecontrol.com\/fr\/wp-json\/wp\/v2\/pages\/1079\/revisions"}],"predecessor-version":[{"id":3066,"href":"https:\/\/aspenwildlifecontrol.com\/fr\/wp-json\/wp\/v2\/pages\/1079\/revisions\/3066"}],"up":[{"embeddable":true,"href":"https:\/\/aspenwildlifecontrol.com\/fr\/wp-json\/wp\/v2\/pages\/973"}],"wp:attachment":[{"href":"https:\/\/aspenwildlifecontrol.com\/fr\/wp-json\/wp\/v2\/media?parent=1079"}],"curies":[{"name":"wp","href":"https:\/\/api.w.org\/{rel}","templated":true}]}}