{"id":1075,"date":"2024-07-26T19:55:03","date_gmt":"2024-07-26T23:55:03","guid":{"rendered":"https:\/\/aspenwildlifecontrol.com\/prestations-de-service\/chauve-souris\/soin-maternel-des-chauves-souris-a-ottawa-gatineau-elever-la-prochaine-generation\/"},"modified":"2025-02-12T10:13:44","modified_gmt":"2025-02-12T15:13:44","slug":"soin-maternel-des-chauves-souris-a-ottawa-gatineau-elever-la-prochaine-generation","status":"publish","type":"page","link":"https:\/\/aspenwildlifecontrol.com\/fr\/prestations-de-service\/chauve-souris\/soin-maternel-des-chauves-souris-a-ottawa-gatineau-elever-la-prochaine-generation\/","title":{"rendered":"Soin maternel des chauves-souris \u00e0 Ottawa-Gatineau : \u00e9lever la prochaine g\u00e9n\u00e9ration"},"content":{"rendered":"<p>Dans les \u00e9cosyst\u00e8mes diversifi\u00e9s d&rsquo;Ottawa-Gatineau, les soins maternels constituent un aspect crucial du comportement des chauves-souris, garantissant la survie et la continuit\u00e9 de diverses esp\u00e8ces locales de chauves-souris. Ce soin sp\u00e9cialis\u00e9, qui implique une s\u00e9rie de comportements adaptatifs de la grossesse \u00e0 l&rsquo;\u00e9levage des petits, met en lumi\u00e8re le cycle de vie complexe des chauves-souris et souligne l&rsquo;importance des r\u00f4les maternels dans leurs communaut\u00e9s.<\/p>\n<h5><strong>Le processus de maternit\u00e9<\/strong><\/h5>\n<div class=\"et_pb_module et_pb_text et_pb_text_2 et_pb_text_align_left et_pb_bg_layout_light et_had_animation\">\n<div class=\"et_pb_text_inner\">\n<p><span style=\"font-weight: 400;\">Le soin maternel chez les chauves-souris commence bien avant la naissance des petits. Les femelles donnent g\u00e9n\u00e9ralement naissance \u00e0 un seul petit par an, ce qui rend chaque prog\u00e9niture extr\u00eamement pr\u00e9cieuse pour la survie de l&rsquo;esp\u00e8ce. \u00c0 Ottawa-Gatineau, les femelles enceintes forment souvent des colonies de maternit\u00e9 \u00e0 la fin du printemps, recherchant des endroits chauds et s\u00fbrs tels que des greniers, des b\u00e2timents abandonn\u00e9s ou des cavit\u00e9s d&rsquo;arbres. Ces sites fournissent un environnement s\u00e9curis\u00e9 pour que les chauves-souris donnent naissance et prennent soin de leurs jeunes.<\/span><\/p>\n<\/div>\n<\/div>\n<h5><strong>Nourrissage et d\u00e9veloppement<\/strong><\/h5>\n<div class=\"et_pb_module et_pb_text et_pb_text_4 et_pb_text_align_left et_pb_bg_layout_light et_had_animation\">\n<div class=\"et_pb_text_inner\">\n<p><span style=\"font-weight: 400;\">Une fois les petits n\u00e9s, ils d\u00e9pendent enti\u00e8rement de leurs m\u00e8res pour la nourriture et la protection. Les m\u00e8res chauves-souris font preuve d&rsquo;un d\u00e9vouement remarquable, nourrissant leurs petits avec du lait et les gardant au chaud jusqu&rsquo;\u00e0 ce qu&rsquo;ils d\u00e9veloppent suffisamment de fourrure pour r\u00e9guler leur propre temp\u00e9rature corporelle. Cette p\u00e9riode de d\u00e9pendance est cruciale, car les petits apprennent des comp\u00e9tences de survie essentielles telles que voler et chasser des insectes.<\/span><\/p>\n<p><span style=\"font-weight: 400;\">Pendant cette p\u00e9riode, la colonie de maternit\u00e9 sert de communaut\u00e9 de soutien o\u00f9 plusieurs m\u00e8res et leurs jeunes vivent en \u00e9troite proximit\u00e9. Cet arrangement aide non seulement \u00e0 la thermor\u00e9gulation, mais offre \u00e9galement une protection suppl\u00e9mentaire contre les pr\u00e9dateurs. La structure sociale de ces colonies facilite l&rsquo;apprentissage et le d\u00e9veloppement chez les jeunes chauves-souris, les pr\u00e9parant \u00e0 une vie ind\u00e9pendante.<\/span><\/p>\n<\/div>\n<\/div>\n<h5><strong>D\u00e9fis des soins maternels<\/strong><\/h5>\n<p><span style=\"font-weight: 400;\">La p\u00e9riode de soins maternels pose plusieurs d\u00e9fis, en particulier dans les zones urbaines comme Ottawa-Gatineau. Les perturbations dues aux activit\u00e9s humaines, la destruction de l&rsquo;habitat et le risque de maladies peuvent avoir un impact significatif sur la sant\u00e9 des colonies de chauves-souris et le succ\u00e8s des soins maternels. Par exemple, la propagation du syndrome du nez blanc, une maladie fongique, a \u00e9t\u00e9 une menace significative pour les chauves-souris, en particulier pendant la p\u00e9riode d&rsquo;hibernation qui impacte directement les taux de survie des m\u00e8res et des petits.<\/span><\/p>\n<h5><strong>Efforts de conservation<\/strong><\/h5>\n<p><span style=\"font-weight: 400;\">Reconnaissant l&rsquo;importance des soins maternels dans les populations de chauves-souris, les efforts de conservation \u00e0 Ottawa-Gatineau sont ax\u00e9s sur la protection et la gestion des sites de maternit\u00e9 connus. Les programmes \u00e9ducatifs sont \u00e9galement cruciaux pour sensibiliser le public aux avantages des chauves-souris et \u00e0 la n\u00e9cessit\u00e9 de pr\u00e9server leurs habitats naturels. En s\u00e9curisant ces environnements, nous soutenons la sant\u00e9 et la croissance des futures g\u00e9n\u00e9rations de chauves-souris, garantissant qu&rsquo;elles continuent de jouer leurs r\u00f4les \u00e9cologiques vitaux.<\/span><\/p>\n<p><span style=\"font-weight: 400;\">Si vous d\u00e9couvrez des chauves-souris chez vous, il est crucial de traiter la situation rapidement et humainement en contactant Aspen Wildlife Control, les experts en capture des chauves-souris dans la r\u00e9gion d&rsquo;Ottawa-Gatineau. Avec leurs connaissances sp\u00e9cialis\u00e9es et leurs techniques d&rsquo;\u00e9limination \u00e9prouv\u00e9es et humaines, Aspen Wildlife Control peut r\u00e9soudre en toute s\u00e9curit\u00e9 et efficacement tout probl\u00e8me de chauves-souris auquel vous pourriez \u00eatre confront\u00e9.\u00a0<\/span><\/p>\n","protected":false},"excerpt":{"rendered":"<p>Dans les \u00e9cosyst\u00e8mes diversifi\u00e9s d&rsquo;Ottawa-Gatineau, les soins maternels constituent un aspect crucial du comportement des chauves-souris, garantissant la survie et la continuit\u00e9 de diverses esp\u00e8ces locales de chauves-souris. Ce soin sp\u00e9cialis\u00e9, qui implique une s\u00e9rie de comportements adaptatifs de la grossesse \u00e0 l&rsquo;\u00e9levage des petits, met en lumi\u00e8re le cycle de vie complexe des chauves-souris&hellip; <a class=\"more-link\" href=\"https:\/\/aspenwildlifecontrol.com\/fr\/prestations-de-service\/chauve-souris\/soin-maternel-des-chauves-souris-a-ottawa-gatineau-elever-la-prochaine-generation\/\">Poursuivre la lecture <span class=\"screen-reader-text\">Soin maternel des chauves-souris \u00e0 Ottawa-Gatineau : \u00e9lever la prochaine g\u00e9n\u00e9ration<\/span><\/a><\/p>\n","protected":false},"author":1,"featured_media":0,"parent":975,"menu_order":0,"comment_status":"closed","ping_status":"closed","template":"","meta":{"_acf_changed":false,"footnotes":""},"class_list":["post-1075","page","type-page","status-publish","hentry","entry"],"acf":[],"yoast_head":"<!-- This site is optimized with the Yoast SEO Premium plugin v26.8 (Yoast SEO v27.5) - https:\/\/yoast.com\/product\/yoast-seo-premium-wordpress\/ -->\n<title>Soin maternel des chauves-souris \u00e0 Ottawa-Gatineau : \u00e9lever la prochaine g\u00e9n\u00e9ration<\/title>\n<meta name=\"description\" content=\"Le soin maternel des chauves-souris \u00e0 Ottawa-Gatineau : \u00c9lever la prochaine g\u00e9n\u00e9ration : D\u00e9couvrez le processus de maternit\u00e9 avec Aspen Wildlife Control \u00e0 Ottawa-Gatineau.\" \/>\n<meta name=\"robots\" content=\"index, follow, max-snippet:-1, max-image-preview:large, max-video-preview:-1\" \/>\n<link rel=\"canonical\" href=\"https:\/\/aspenwildlifecontrol.com\/fr\/prestations-de-service\/chauve-souris\/soin-maternel-des-chauves-souris-a-ottawa-gatineau-elever-la-prochaine-generation\/\" \/>\n<meta property=\"og:locale\" content=\"fr_FR\" \/>\n<meta property=\"og:type\" content=\"article\" \/>\n<meta property=\"og:title\" content=\"Soin maternel des chauves-souris \u00e0 Ottawa-Gatineau : \u00e9lever la prochaine g\u00e9n\u00e9ration\" \/>\n<meta property=\"og:description\" content=\"Le soin maternel des chauves-souris \u00e0 Ottawa-Gatineau : \u00c9lever la prochaine g\u00e9n\u00e9ration : D\u00e9couvrez le processus de maternit\u00e9 avec Aspen Wildlife Control \u00e0 Ottawa-Gatineau.\" \/>\n<meta property=\"og:url\" content=\"https:\/\/aspenwildlifecontrol.com\/fr\/prestations-de-service\/chauve-souris\/soin-maternel-des-chauves-souris-a-ottawa-gatineau-elever-la-prochaine-generation\/\" \/>\n<meta property=\"og:site_name\" content=\"Aspen Wildlife Control\" \/>\n<meta property=\"article:modified_time\" content=\"2025-02-12T15:13:44+00:00\" \/>\n<meta name=\"twitter:card\" content=\"summary_large_image\" \/>\n<meta name=\"twitter:label1\" content=\"Dur\u00e9e de lecture estim\u00e9e\" \/>\n\t<meta name=\"twitter:data1\" content=\"3 minutes\" \/>\n<script type=\"application\/ld+json\" class=\"yoast-schema-graph\">{\"@context\":\"https:\\\/\\\/schema.org\",\"@graph\":[{\"@type\":\"WebPage\",\"@id\":\"https:\\\/\\\/aspenwildlifecontrol.com\\\/fr\\\/prestations-de-service\\\/chauve-souris\\\/soin-maternel-des-chauves-souris-a-ottawa-gatineau-elever-la-prochaine-generation\\\/\",\"url\":\"https:\\\/\\\/aspenwildlifecontrol.com\\\/fr\\\/prestations-de-service\\\/chauve-souris\\\/soin-maternel-des-chauves-souris-a-ottawa-gatineau-elever-la-prochaine-generation\\\/\",\"name\":\"Soin maternel des chauves-souris \u00e0 Ottawa-Gatineau : \u00e9lever la prochaine g\u00e9n\u00e9ration\",\"isPartOf\":{\"@id\":\"https:\\\/\\\/aspenwildlifecontrol.com\\\/fr\\\/#website\"},\"datePublished\":\"2024-07-26T23:55:03+00:00\",\"dateModified\":\"2025-02-12T15:13:44+00:00\",\"description\":\"Le soin maternel des chauves-souris \u00e0 Ottawa-Gatineau : \u00c9lever la prochaine g\u00e9n\u00e9ration : D\u00e9couvrez le processus de maternit\u00e9 avec Aspen Wildlife Control \u00e0 Ottawa-Gatineau.\",\"breadcrumb\":{\"@id\":\"https:\\\/\\\/aspenwildlifecontrol.com\\\/fr\\\/prestations-de-service\\\/chauve-souris\\\/soin-maternel-des-chauves-souris-a-ottawa-gatineau-elever-la-prochaine-generation\\\/#breadcrumb\"},\"inLanguage\":\"fr-FR\",\"potentialAction\":[{\"@type\":\"ReadAction\",\"target\":[\"https:\\\/\\\/aspenwildlifecontrol.com\\\/fr\\\/prestations-de-service\\\/chauve-souris\\\/soin-maternel-des-chauves-souris-a-ottawa-gatineau-elever-la-prochaine-generation\\\/\"]}]},{\"@type\":\"BreadcrumbList\",\"@id\":\"https:\\\/\\\/aspenwildlifecontrol.com\\\/fr\\\/prestations-de-service\\\/chauve-souris\\\/soin-maternel-des-chauves-souris-a-ottawa-gatineau-elever-la-prochaine-generation\\\/#breadcrumb\",\"itemListElement\":[{\"@type\":\"ListItem\",\"position\":1,\"name\":\"Home\",\"item\":\"https:\\\/\\\/aspenwildlifecontrol.com\\\/fr\\\/\"},{\"@type\":\"ListItem\",\"position\":2,\"name\":\"Service control animal\",\"item\":\"https:\\\/\\\/aspenwildlifecontrol.com\\\/fr\\\/prestations-de-service\\\/\"},{\"@type\":\"ListItem\",\"position\":3,\"name\":\"Chauve souris\",\"item\":\"https:\\\/\\\/aspenwildlifecontrol.com\\\/fr\\\/prestations-de-service\\\/chauve-souris\\\/\"},{\"@type\":\"ListItem\",\"position\":4,\"name\":\"Soin maternel des chauves-souris \u00e0 Ottawa-Gatineau : \u00e9lever la prochaine g\u00e9n\u00e9ration\"}]},{\"@type\":\"WebSite\",\"@id\":\"https:\\\/\\\/aspenwildlifecontrol.com\\\/fr\\\/#website\",\"url\":\"https:\\\/\\\/aspenwildlifecontrol.com\\\/fr\\\/\",\"name\":\"Aspen Wildlife Control\",\"description\":\"Fast, humane wildlife removal in Ottawa-Gatineau \u2014 guaranteed results, 24\\\/7 service\",\"potentialAction\":[{\"@type\":\"SearchAction\",\"target\":{\"@type\":\"EntryPoint\",\"urlTemplate\":\"https:\\\/\\\/aspenwildlifecontrol.com\\\/fr\\\/?s={search_term_string}\"},\"query-input\":{\"@type\":\"PropertyValueSpecification\",\"valueRequired\":true,\"valueName\":\"search_term_string\"}}],\"inLanguage\":\"fr-FR\"}]}<\/script>\n<!-- \/ Yoast SEO Premium plugin. -->","yoast_head_json":{"title":"Soin maternel des chauves-souris \u00e0 Ottawa-Gatineau : \u00e9lever la prochaine g\u00e9n\u00e9ration","description":"Le soin maternel des chauves-souris \u00e0 Ottawa-Gatineau : \u00c9lever la prochaine g\u00e9n\u00e9ration : D\u00e9couvrez le processus de maternit\u00e9 avec Aspen Wildlife Control \u00e0 Ottawa-Gatineau.","robots":{"index":"index","follow":"follow","max-snippet":"max-snippet:-1","max-image-preview":"max-image-preview:large","max-video-preview":"max-video-preview:-1"},"canonical":"https:\/\/aspenwildlifecontrol.com\/fr\/prestations-de-service\/chauve-souris\/soin-maternel-des-chauves-souris-a-ottawa-gatineau-elever-la-prochaine-generation\/","og_locale":"fr_FR","og_type":"article","og_title":"Soin maternel des chauves-souris \u00e0 Ottawa-Gatineau : \u00e9lever la prochaine g\u00e9n\u00e9ration","og_description":"Le soin maternel des chauves-souris \u00e0 Ottawa-Gatineau : \u00c9lever la prochaine g\u00e9n\u00e9ration : D\u00e9couvrez le processus de maternit\u00e9 avec Aspen Wildlife Control \u00e0 Ottawa-Gatineau.","og_url":"https:\/\/aspenwildlifecontrol.com\/fr\/prestations-de-service\/chauve-souris\/soin-maternel-des-chauves-souris-a-ottawa-gatineau-elever-la-prochaine-generation\/","og_site_name":"Aspen Wildlife Control","article_modified_time":"2025-02-12T15:13:44+00:00","twitter_card":"summary_large_image","twitter_misc":{"Dur\u00e9e de lecture estim\u00e9e":"3 minutes"},"schema":{"@context":"https:\/\/schema.org","@graph":[{"@type":"WebPage","@id":"https:\/\/aspenwildlifecontrol.com\/fr\/prestations-de-service\/chauve-souris\/soin-maternel-des-chauves-souris-a-ottawa-gatineau-elever-la-prochaine-generation\/","url":"https:\/\/aspenwildlifecontrol.com\/fr\/prestations-de-service\/chauve-souris\/soin-maternel-des-chauves-souris-a-ottawa-gatineau-elever-la-prochaine-generation\/","name":"Soin maternel des chauves-souris \u00e0 Ottawa-Gatineau : \u00e9lever la prochaine g\u00e9n\u00e9ration","isPartOf":{"@id":"https:\/\/aspenwildlifecontrol.com\/fr\/#website"},"datePublished":"2024-07-26T23:55:03+00:00","dateModified":"2025-02-12T15:13:44+00:00","description":"Le soin maternel des chauves-souris \u00e0 Ottawa-Gatineau : \u00c9lever la prochaine g\u00e9n\u00e9ration : D\u00e9couvrez le processus de maternit\u00e9 avec Aspen Wildlife Control \u00e0 Ottawa-Gatineau.","breadcrumb":{"@id":"https:\/\/aspenwildlifecontrol.com\/fr\/prestations-de-service\/chauve-souris\/soin-maternel-des-chauves-souris-a-ottawa-gatineau-elever-la-prochaine-generation\/#breadcrumb"},"inLanguage":"fr-FR","potentialAction":[{"@type":"ReadAction","target":["https:\/\/aspenwildlifecontrol.com\/fr\/prestations-de-service\/chauve-souris\/soin-maternel-des-chauves-souris-a-ottawa-gatineau-elever-la-prochaine-generation\/"]}]},{"@type":"BreadcrumbList","@id":"https:\/\/aspenwildlifecontrol.com\/fr\/prestations-de-service\/chauve-souris\/soin-maternel-des-chauves-souris-a-ottawa-gatineau-elever-la-prochaine-generation\/#breadcrumb","itemListElement":[{"@type":"ListItem","position":1,"name":"Home","item":"https:\/\/aspenwildlifecontrol.com\/fr\/"},{"@type":"ListItem","position":2,"name":"Service control animal","item":"https:\/\/aspenwildlifecontrol.com\/fr\/prestations-de-service\/"},{"@type":"ListItem","position":3,"name":"Chauve souris","item":"https:\/\/aspenwildlifecontrol.com\/fr\/prestations-de-service\/chauve-souris\/"},{"@type":"ListItem","position":4,"name":"Soin maternel des chauves-souris \u00e0 Ottawa-Gatineau : \u00e9lever la prochaine g\u00e9n\u00e9ration"}]},{"@type":"WebSite","@id":"https:\/\/aspenwildlifecontrol.com\/fr\/#website","url":"https:\/\/aspenwildlifecontrol.com\/fr\/","name":"Aspen Wildlife Control","description":"Fast, humane wildlife removal in Ottawa-Gatineau \u2014 guaranteed results, 24\/7 service","potentialAction":[{"@type":"SearchAction","target":{"@type":"EntryPoint","urlTemplate":"https:\/\/aspenwildlifecontrol.com\/fr\/?s={search_term_string}"},"query-input":{"@type":"PropertyValueSpecification","valueRequired":true,"valueName":"search_term_string"}}],"inLanguage":"fr-FR"}]}},"_links":{"self":[{"href":"https:\/\/aspenwildlifecontrol.com\/fr\/wp-json\/wp\/v2\/pages\/1075","targetHints":{"allow":["GET"]}}],"collection":[{"href":"https:\/\/aspenwildlifecontrol.com\/fr\/wp-json\/wp\/v2\/pages"}],"about":[{"href":"https:\/\/aspenwildlifecontrol.com\/fr\/wp-json\/wp\/v2\/types\/page"}],"author":[{"embeddable":true,"href":"https:\/\/aspenwildlifecontrol.com\/fr\/wp-json\/wp\/v2\/users\/1"}],"replies":[{"embeddable":true,"href":"https:\/\/aspenwildlifecontrol.com\/fr\/wp-json\/wp\/v2\/comments?post=1075"}],"version-history":[{"count":2,"href":"https:\/\/aspenwildlifecontrol.com\/fr\/wp-json\/wp\/v2\/pages\/1075\/revisions"}],"predecessor-version":[{"id":3289,"href":"https:\/\/aspenwildlifecontrol.com\/fr\/wp-json\/wp\/v2\/pages\/1075\/revisions\/3289"}],"up":[{"embeddable":true,"href":"https:\/\/aspenwildlifecontrol.com\/fr\/wp-json\/wp\/v2\/pages\/975"}],"wp:attachment":[{"href":"https:\/\/aspenwildlifecontrol.com\/fr\/wp-json\/wp\/v2\/media?parent=1075"}],"curies":[{"name":"wp","href":"https:\/\/api.w.org\/{rel}","templated":true}]}}