{"id":1073,"date":"2024-07-26T19:42:14","date_gmt":"2024-07-26T23:42:14","guid":{"rendered":"https:\/\/aspenwildlifecontrol.com\/prestations-de-service\/chauve-souris\/lhibernation-des-chauves-souris-a-ottawa-gatineau\/"},"modified":"2026-02-17T15:16:11","modified_gmt":"2026-02-17T20:16:11","slug":"lhibernation-des-chauves-souris-a-ottawa-gatineau","status":"publish","type":"page","link":"https:\/\/aspenwildlifecontrol.com\/fr\/prestations-de-service\/chauve-souris\/lhibernation-des-chauves-souris-a-ottawa-gatineau\/","title":{"rendered":"L&rsquo;hibernation des chauves-souris \u00e0 Ottawa-Gatineau"},"content":{"rendered":"<p><span dir=\"auto\" style=\"vertical-align: inherit;\"><span dir=\"auto\" style=\"vertical-align: inherit;\">In the Ottawa-Gatineau region, where winters can be harsh and food sources scarce, many local bat species have adapted by hibernating. This crucial survival strategy allows them to conserve energy during the coldest months, when insects, their primary food source, are unavailable.<\/span><\/span><\/p>\n<h5><strong><span dir=\"auto\" style=\"vertical-align: inherit;\"><span dir=\"auto\" style=\"vertical-align: inherit;\">The hibernation process<\/span><\/span><\/strong><\/h5>\n<div class=\"et_pb_module et_pb_text et_pb_text_2 et_pb_text_align_left et_pb_bg_layout_light et_had_animation\">\n<div class=\"et_pb_text_inner\">\n<p><span style=\"font-weight: 400;\"><span dir=\"auto\" style=\"vertical-align: inherit;\"><span dir=\"auto\" style=\"vertical-align: inherit;\">Hibernation in bats involves a significant reduction in metabolic activity, body temperature, heart rate, and respiration rate. By slowing these physiological processes, bats can conserve their stored fat reserves for an extended period. Generally, bats begin preparing for hibernation in late summer and early autumn by increasing their fat intake to build up energy reserves.<\/span><\/span><\/span><\/p>\n<p><span style=\"font-weight: 400;\"><span dir=\"auto\" style=\"vertical-align: inherit;\"><span dir=\"auto\" style=\"vertical-align: inherit;\">In the Ottawa-Gatineau region, bats find hibernacula in caves, abandoned mines, and even in cracks in buildings or trees where the temperature remains constant and just above freezing. These conditions are vital because they prevent the bats from freezing while being cold enough to keep their metabolism sufficiently slow.<\/span><\/span><\/span><\/p>\n<\/div>\n<\/div>\n<h5><strong><span dir=\"auto\" style=\"vertical-align: inherit;\"><span dir=\"auto\" style=\"vertical-align: inherit;\">Species that hibernate<\/span><\/span><\/strong><\/h5>\n<div class=\"et_pb_module et_pb_text et_pb_text_4 et_pb_text_align_left et_pb_bg_layout_light et_had_animation\">\n<div class=\"et_pb_text_inner\">\n<p><span style=\"font-weight: 400;\"><span dir=\"auto\" style=\"vertical-align: inherit;\"><span dir=\"auto\" style=\"vertical-align: inherit;\">Not all bat species in Ottawa-Gatineau hibernate. Species like the Little Brown Bat and the Big Brown Bat are known to hibernate, seeking out the perfect conditions to safely spend the winter months. These bats can hibernate for up to six months, depending on weather conditions, often gathering in large numbers in their chosen hibernacula.<\/span><\/span><\/span><\/p>\n<\/div>\n<\/div>\n<h5><strong><span dir=\"auto\" style=\"vertical-align: inherit;\"><span dir=\"auto\" style=\"vertical-align: inherit;\">Challenges during hibernation<\/span><\/span><\/strong><\/h5>\n<p><span style=\"font-weight: 400;\"><span dir=\"auto\" style=\"vertical-align: inherit;\"><span dir=\"auto\" style=\"vertical-align: inherit;\">While hibernation is a key adaptation for survival, it also carries risks. A significant threat is the disturbance of hibernating bats, which can cause them to wake up prematurely and deplete their precious fat reserves, leading to starvation. Furthermore, the spread of white-nose syndrome, a fungal disease that affects hibernating bats, has led to substantial declines in bat populations across North America, including in the Ottawa-Gatineau region.<\/span><\/span><\/span><\/p>\n<h5><strong><span dir=\"auto\" style=\"vertical-align: inherit;\"><span dir=\"auto\" style=\"vertical-align: inherit;\">Conservation efforts<\/span><\/span><\/strong><\/h5>\n<p><span style=\"font-weight: 400;\"><span dir=\"auto\" style=\"vertical-align: inherit;\"><span dir=\"auto\" style=\"vertical-align: inherit;\">The conservation of hibernating <a href=\"https:\/\/aspenwildlifecontrol.com\/pest-control\/bat-pest-control\/\">bats in Ottawa-Gatineau<\/a> is critical. Efforts include protecting and managing known hibernacula, monitoring bat populations for health and numbers, and educating the public on the importance of not disturbing hibernating bats. These actions are essential to ensuring that bats continue to fulfill their ecological roles as insect regulators once they emerge from hibernation.<\/span><\/span><\/span><\/p>\n<p><span style=\"font-weight: 400;\"><span dir=\"auto\" style=\"vertical-align: inherit;\"><span dir=\"auto\" style=\"vertical-align: inherit;\">If you discover bats in your home, it is crucial to address the situation quickly and humanely by contacting <a href=\"https:\/\/aspenwildlifecontrol.com\">Aspen Wildlife Control<\/a>, the bat removal experts in the Ottawa-Gatineau region. With their specialized knowledge and proven, humane removal techniques, Aspen Wildlife Control can safely and effectively resolve any bat problem you may be facing.<\/span><\/span><\/span><\/p>\n","protected":false},"excerpt":{"rendered":"<p>In the Ottawa-Gatineau region, where winters can be harsh and food sources scarce, many local bat species have adapted by hibernating. This crucial survival strategy allows them to conserve energy during the coldest months, when insects, their primary food source, are unavailable. The hibernation process Hibernation in bats involves a significant reduction in metabolic activity,&hellip; <a class=\"more-link\" href=\"https:\/\/aspenwildlifecontrol.com\/fr\/prestations-de-service\/chauve-souris\/lhibernation-des-chauves-souris-a-ottawa-gatineau\/\">Poursuivre la lecture <span class=\"screen-reader-text\">L&rsquo;hibernation des chauves-souris \u00e0 Ottawa-Gatineau<\/span><\/a><\/p>\n","protected":false},"author":1,"featured_media":0,"parent":975,"menu_order":0,"comment_status":"closed","ping_status":"closed","template":"","meta":{"_acf_changed":false,"footnotes":""},"class_list":["post-1073","page","type-page","status-publish","hentry","entry"],"acf":[],"yoast_head":"<!-- This site is optimized with the Yoast SEO Premium plugin v26.8 (Yoast SEO v27.5) - https:\/\/yoast.com\/product\/yoast-seo-premium-wordpress\/ -->\n<title>L&#039;hibernation des chauves-souris \u00e0 Ottawa-Gatineau<\/title>\n<meta name=\"description\" content=\"L&#039;hibernation des chauves-souris \u00e0 Ottawa-Gatineau : D\u00e9couvrez le processus d&#039;hibernation avec Aspen Wildlife Control \u00e0 Ottawa-Gatineau.\" \/>\n<meta name=\"robots\" content=\"index, follow, max-snippet:-1, max-image-preview:large, max-video-preview:-1\" \/>\n<link rel=\"canonical\" href=\"https:\/\/aspenwildlifecontrol.com\/fr\/prestations-de-service\/chauve-souris\/lhibernation-des-chauves-souris-a-ottawa-gatineau\/\" \/>\n<meta property=\"og:locale\" content=\"fr_FR\" \/>\n<meta property=\"og:type\" content=\"article\" \/>\n<meta property=\"og:title\" content=\"L&#039;hibernation des chauves-souris \u00e0 Ottawa-Gatineau\" \/>\n<meta property=\"og:description\" content=\"L&#039;hibernation des chauves-souris \u00e0 Ottawa-Gatineau : D\u00e9couvrez le processus d&#039;hibernation avec Aspen Wildlife Control \u00e0 Ottawa-Gatineau.\" \/>\n<meta property=\"og:url\" content=\"https:\/\/aspenwildlifecontrol.com\/fr\/prestations-de-service\/chauve-souris\/lhibernation-des-chauves-souris-a-ottawa-gatineau\/\" \/>\n<meta property=\"og:site_name\" content=\"Aspen Wildlife Control\" \/>\n<meta property=\"article:modified_time\" content=\"2026-02-17T20:16:11+00:00\" \/>\n<meta name=\"twitter:card\" content=\"summary_large_image\" \/>\n<meta name=\"twitter:label1\" content=\"Dur\u00e9e de lecture estim\u00e9e\" \/>\n\t<meta name=\"twitter:data1\" content=\"2 minutes\" \/>\n<script type=\"application\/ld+json\" class=\"yoast-schema-graph\">{\"@context\":\"https:\\\/\\\/schema.org\",\"@graph\":[{\"@type\":\"WebPage\",\"@id\":\"https:\\\/\\\/aspenwildlifecontrol.com\\\/fr\\\/prestations-de-service\\\/chauve-souris\\\/lhibernation-des-chauves-souris-a-ottawa-gatineau\\\/\",\"url\":\"https:\\\/\\\/aspenwildlifecontrol.com\\\/fr\\\/prestations-de-service\\\/chauve-souris\\\/lhibernation-des-chauves-souris-a-ottawa-gatineau\\\/\",\"name\":\"L'hibernation des chauves-souris \u00e0 Ottawa-Gatineau\",\"isPartOf\":{\"@id\":\"https:\\\/\\\/aspenwildlifecontrol.com\\\/fr\\\/#website\"},\"datePublished\":\"2024-07-26T23:42:14+00:00\",\"dateModified\":\"2026-02-17T20:16:11+00:00\",\"description\":\"L'hibernation des chauves-souris \u00e0 Ottawa-Gatineau : D\u00e9couvrez le processus d'hibernation avec Aspen Wildlife Control \u00e0 Ottawa-Gatineau.\",\"breadcrumb\":{\"@id\":\"https:\\\/\\\/aspenwildlifecontrol.com\\\/fr\\\/prestations-de-service\\\/chauve-souris\\\/lhibernation-des-chauves-souris-a-ottawa-gatineau\\\/#breadcrumb\"},\"inLanguage\":\"fr-FR\",\"potentialAction\":[{\"@type\":\"ReadAction\",\"target\":[\"https:\\\/\\\/aspenwildlifecontrol.com\\\/fr\\\/prestations-de-service\\\/chauve-souris\\\/lhibernation-des-chauves-souris-a-ottawa-gatineau\\\/\"]}]},{\"@type\":\"BreadcrumbList\",\"@id\":\"https:\\\/\\\/aspenwildlifecontrol.com\\\/fr\\\/prestations-de-service\\\/chauve-souris\\\/lhibernation-des-chauves-souris-a-ottawa-gatineau\\\/#breadcrumb\",\"itemListElement\":[{\"@type\":\"ListItem\",\"position\":1,\"name\":\"Home\",\"item\":\"https:\\\/\\\/aspenwildlifecontrol.com\\\/fr\\\/\"},{\"@type\":\"ListItem\",\"position\":2,\"name\":\"Service control animal\",\"item\":\"https:\\\/\\\/aspenwildlifecontrol.com\\\/fr\\\/prestations-de-service\\\/\"},{\"@type\":\"ListItem\",\"position\":3,\"name\":\"Chauve souris\",\"item\":\"https:\\\/\\\/aspenwildlifecontrol.com\\\/fr\\\/prestations-de-service\\\/chauve-souris\\\/\"},{\"@type\":\"ListItem\",\"position\":4,\"name\":\"L&#8217;hibernation des chauves-souris \u00e0 Ottawa-Gatineau\"}]},{\"@type\":\"WebSite\",\"@id\":\"https:\\\/\\\/aspenwildlifecontrol.com\\\/fr\\\/#website\",\"url\":\"https:\\\/\\\/aspenwildlifecontrol.com\\\/fr\\\/\",\"name\":\"Aspen Wildlife Control\",\"description\":\"Fast, humane wildlife removal in Ottawa-Gatineau \u2014 guaranteed results, 24\\\/7 service\",\"potentialAction\":[{\"@type\":\"SearchAction\",\"target\":{\"@type\":\"EntryPoint\",\"urlTemplate\":\"https:\\\/\\\/aspenwildlifecontrol.com\\\/fr\\\/?s={search_term_string}\"},\"query-input\":{\"@type\":\"PropertyValueSpecification\",\"valueRequired\":true,\"valueName\":\"search_term_string\"}}],\"inLanguage\":\"fr-FR\"}]}<\/script>\n<!-- \/ Yoast SEO Premium plugin. -->","yoast_head_json":{"title":"L'hibernation des chauves-souris \u00e0 Ottawa-Gatineau","description":"L'hibernation des chauves-souris \u00e0 Ottawa-Gatineau : D\u00e9couvrez le processus d'hibernation avec Aspen Wildlife Control \u00e0 Ottawa-Gatineau.","robots":{"index":"index","follow":"follow","max-snippet":"max-snippet:-1","max-image-preview":"max-image-preview:large","max-video-preview":"max-video-preview:-1"},"canonical":"https:\/\/aspenwildlifecontrol.com\/fr\/prestations-de-service\/chauve-souris\/lhibernation-des-chauves-souris-a-ottawa-gatineau\/","og_locale":"fr_FR","og_type":"article","og_title":"L'hibernation des chauves-souris \u00e0 Ottawa-Gatineau","og_description":"L'hibernation des chauves-souris \u00e0 Ottawa-Gatineau : D\u00e9couvrez le processus d'hibernation avec Aspen Wildlife Control \u00e0 Ottawa-Gatineau.","og_url":"https:\/\/aspenwildlifecontrol.com\/fr\/prestations-de-service\/chauve-souris\/lhibernation-des-chauves-souris-a-ottawa-gatineau\/","og_site_name":"Aspen Wildlife Control","article_modified_time":"2026-02-17T20:16:11+00:00","twitter_card":"summary_large_image","twitter_misc":{"Dur\u00e9e de lecture estim\u00e9e":"2 minutes"},"schema":{"@context":"https:\/\/schema.org","@graph":[{"@type":"WebPage","@id":"https:\/\/aspenwildlifecontrol.com\/fr\/prestations-de-service\/chauve-souris\/lhibernation-des-chauves-souris-a-ottawa-gatineau\/","url":"https:\/\/aspenwildlifecontrol.com\/fr\/prestations-de-service\/chauve-souris\/lhibernation-des-chauves-souris-a-ottawa-gatineau\/","name":"L'hibernation des chauves-souris \u00e0 Ottawa-Gatineau","isPartOf":{"@id":"https:\/\/aspenwildlifecontrol.com\/fr\/#website"},"datePublished":"2024-07-26T23:42:14+00:00","dateModified":"2026-02-17T20:16:11+00:00","description":"L'hibernation des chauves-souris \u00e0 Ottawa-Gatineau : D\u00e9couvrez le processus d'hibernation avec Aspen Wildlife Control \u00e0 Ottawa-Gatineau.","breadcrumb":{"@id":"https:\/\/aspenwildlifecontrol.com\/fr\/prestations-de-service\/chauve-souris\/lhibernation-des-chauves-souris-a-ottawa-gatineau\/#breadcrumb"},"inLanguage":"fr-FR","potentialAction":[{"@type":"ReadAction","target":["https:\/\/aspenwildlifecontrol.com\/fr\/prestations-de-service\/chauve-souris\/lhibernation-des-chauves-souris-a-ottawa-gatineau\/"]}]},{"@type":"BreadcrumbList","@id":"https:\/\/aspenwildlifecontrol.com\/fr\/prestations-de-service\/chauve-souris\/lhibernation-des-chauves-souris-a-ottawa-gatineau\/#breadcrumb","itemListElement":[{"@type":"ListItem","position":1,"name":"Home","item":"https:\/\/aspenwildlifecontrol.com\/fr\/"},{"@type":"ListItem","position":2,"name":"Service control animal","item":"https:\/\/aspenwildlifecontrol.com\/fr\/prestations-de-service\/"},{"@type":"ListItem","position":3,"name":"Chauve souris","item":"https:\/\/aspenwildlifecontrol.com\/fr\/prestations-de-service\/chauve-souris\/"},{"@type":"ListItem","position":4,"name":"L&#8217;hibernation des chauves-souris \u00e0 Ottawa-Gatineau"}]},{"@type":"WebSite","@id":"https:\/\/aspenwildlifecontrol.com\/fr\/#website","url":"https:\/\/aspenwildlifecontrol.com\/fr\/","name":"Aspen Wildlife Control","description":"Fast, humane wildlife removal in Ottawa-Gatineau \u2014 guaranteed results, 24\/7 service","potentialAction":[{"@type":"SearchAction","target":{"@type":"EntryPoint","urlTemplate":"https:\/\/aspenwildlifecontrol.com\/fr\/?s={search_term_string}"},"query-input":{"@type":"PropertyValueSpecification","valueRequired":true,"valueName":"search_term_string"}}],"inLanguage":"fr-FR"}]}},"_links":{"self":[{"href":"https:\/\/aspenwildlifecontrol.com\/fr\/wp-json\/wp\/v2\/pages\/1073","targetHints":{"allow":["GET"]}}],"collection":[{"href":"https:\/\/aspenwildlifecontrol.com\/fr\/wp-json\/wp\/v2\/pages"}],"about":[{"href":"https:\/\/aspenwildlifecontrol.com\/fr\/wp-json\/wp\/v2\/types\/page"}],"author":[{"embeddable":true,"href":"https:\/\/aspenwildlifecontrol.com\/fr\/wp-json\/wp\/v2\/users\/1"}],"replies":[{"embeddable":true,"href":"https:\/\/aspenwildlifecontrol.com\/fr\/wp-json\/wp\/v2\/comments?post=1073"}],"version-history":[{"count":7,"href":"https:\/\/aspenwildlifecontrol.com\/fr\/wp-json\/wp\/v2\/pages\/1073\/revisions"}],"predecessor-version":[{"id":4257,"href":"https:\/\/aspenwildlifecontrol.com\/fr\/wp-json\/wp\/v2\/pages\/1073\/revisions\/4257"}],"up":[{"embeddable":true,"href":"https:\/\/aspenwildlifecontrol.com\/fr\/wp-json\/wp\/v2\/pages\/975"}],"wp:attachment":[{"href":"https:\/\/aspenwildlifecontrol.com\/fr\/wp-json\/wp\/v2\/media?parent=1073"}],"curies":[{"name":"wp","href":"https:\/\/api.w.org\/{rel}","templated":true}]}}