{"id":1072,"date":"2024-07-26T19:36:55","date_gmt":"2024-07-26T23:36:55","guid":{"rendered":"https:\/\/aspenwildlifecontrol.com\/prestations-de-service\/chauve-souris\/les-chauves-souris-maitres-du-vol-a-ottawa-gatineau\/"},"modified":"2025-02-12T10:11:17","modified_gmt":"2025-02-12T15:11:17","slug":"les-chauves-souris-maitres-du-vol-a-ottawa-gatineau","status":"publish","type":"page","link":"https:\/\/aspenwildlifecontrol.com\/fr\/prestations-de-service\/chauve-souris\/les-chauves-souris-maitres-du-vol-a-ottawa-gatineau\/","title":{"rendered":"Les chauves-souris : ma\u00eetres du vol \u00e0 Ottawa-Gatineau"},"content":{"rendered":"<p>Dans les cieux d&rsquo;Ottawa-Gatineau, les chauves-souris sont c\u00e9l\u00e9br\u00e9es non seulement pour leurs r\u00f4les \u00e9cologiques mais aussi pour leurs capacit\u00e9s de vol extraordinaires. Ces cr\u00e9atures petites mais habiles sont les seuls mammif\u00e8res v\u00e9ritablement capables de vol soutenu, naviguant la nuit avec une agilit\u00e9 et une pr\u00e9cision remarquables.<\/p>\n<h5><strong>Ma\u00eetrise du vol<\/strong><\/h5>\n<div class=\"et_pb_module et_pb_text et_pb_text_2 et_pb_text_align_left et_pb_bg_layout_light et_had_animation\">\n<div class=\"et_pb_text_inner\">\n<p><span style=\"font-weight: 400;\">Les chauves-souris poss\u00e8dent des structures squelettiques et musculaires uniques qui leur permettent de voler avec un niveau de ma\u00eetrise in\u00e9gal\u00e9 par d&rsquo;autres mammif\u00e8res. Leurs ailes sont essentiellement des mains modifi\u00e9es, avec la peau tendue entre des doigts allong\u00e9s, cr\u00e9ant une grande surface qui aide dans leurs man\u0153uvres de vol. Cette adaptation permet aux chauves-souris d&rsquo;ex\u00e9cuter des virages serr\u00e9s, des arr\u00eats brusques et des acrobaties a\u00e9riennes complexes alors qu&rsquo;elles poursuivent des insectes ou naviguent \u00e0 travers un feuillage dense.<\/span><\/p>\n<p><span style=\"font-weight: 400;\">\u00c0 Ottawa-Gatineau, o\u00f9 les habitats diversifi\u00e9s vont des centres urbains aux for\u00eats denses et aux zones humides, les chauves-souris prosp\u00e8rent en utilisant leurs comp\u00e9tences de vol pour s&rsquo;adapter \u00e0 divers environnements. Leur capacit\u00e9 \u00e0 parcourir de longues distances aide \u00e9galement dans leurs r\u00f4les de pollinisateurs et de r\u00e9gulateurs d&rsquo;insectes, reliant diff\u00e9rents zones \u00e9cologiques et contribuant \u00e0 la sant\u00e9 de la r\u00e9gion.<\/span><\/p>\n<\/div>\n<\/div>\n<h5><strong>\u00c9cholocation et vol<\/strong><\/h5>\n<div class=\"et_pb_module et_pb_text et_pb_text_4 et_pb_text_align_left et_pb_bg_layout_light et_had_animation\">\n<div class=\"et_pb_text_inner\">\n<p><span style=\"font-weight: 400;\">Ce qui distingue vraiment les chauves-souris dans leur ma\u00eetrise du vol est leur utilisation de l&rsquo;\u00e9cholocation. Ce syst\u00e8me sonar biologique leur permet de naviguer dans l&rsquo;obscurit\u00e9 totale, d\u00e9tectant les obstacles et localisant les proies avec pr\u00e9cision. Lorsque les chauves-souris \u00e9mettent des appels d&rsquo;\u00e9cholocation, elles \u00e9coutent les \u00e9chos qui rebondissent sur les objets, utilisant ces ondes sonores pour construire une carte mentale de leur environnement. Cette capacit\u00e9 est cruciale pour \u00e9viter les collisions et capturer des proies dans l&rsquo;obscurit\u00e9, faisant d&rsquo;elles des chasseurs et des navigateurs efficaces.<\/span><\/p>\n<\/div>\n<\/div>\n<h5><strong>Conservation et appr\u00e9ciation<\/strong><\/h5>\n<p><span style=\"font-weight: 400;\">Les capacit\u00e9s de vol des chauves-souris mettent non seulement en lumi\u00e8re leur adaptabilit\u00e9 et leur importance au sein de leurs \u00e9cosyst\u00e8mes mais soulignent \u00e9galement la n\u00e9cessit\u00e9 d&rsquo;efforts de conservation dans la r\u00e9gion d&rsquo;Ottawa-Gatineau. Pr\u00e9server les habitats naturels et assurer des sites de repos s\u00fbrs sont essentiels pour maintenir des populations de chauves-souris saines. De plus, la r\u00e9duction de la pollution lumineuse peut aider ces animaux nocturnes \u00e0 naviguer plus efficacement et \u00e0 continuer leurs fonctions \u00e9cologiques vitales.<\/span><\/p>\n<p><span style=\"font-weight: 400;\">Si vous d\u00e9couvrez des chauves-souris chez vous, il est crucial de traiter la situation rapidement et humainement en contactant Aspen Wildlife Control, les experts en capture des chauves-souris dans la r\u00e9gion d&rsquo;Ottawa-Gatineau. Avec leurs connaissances sp\u00e9cialis\u00e9es et leurs techniques d&rsquo;\u00e9limination \u00e9prouv\u00e9es et humaines, Aspen Wildlife Control peut r\u00e9soudre en toute s\u00e9curit\u00e9 et efficacement tout probl\u00e8me de chauves-souris auquel vous pourriez \u00eatre confront\u00e9. <\/span><\/p>\n","protected":false},"excerpt":{"rendered":"<p>Dans les cieux d&rsquo;Ottawa-Gatineau, les chauves-souris sont c\u00e9l\u00e9br\u00e9es non seulement pour leurs r\u00f4les \u00e9cologiques mais aussi pour leurs capacit\u00e9s de vol extraordinaires. Ces cr\u00e9atures petites mais habiles sont les seuls mammif\u00e8res v\u00e9ritablement capables de vol soutenu, naviguant la nuit avec une agilit\u00e9 et une pr\u00e9cision remarquables. Ma\u00eetrise du vol Les chauves-souris poss\u00e8dent des structures squelettiques&hellip; <a class=\"more-link\" href=\"https:\/\/aspenwildlifecontrol.com\/fr\/prestations-de-service\/chauve-souris\/les-chauves-souris-maitres-du-vol-a-ottawa-gatineau\/\">Poursuivre la lecture <span class=\"screen-reader-text\">Les chauves-souris : ma\u00eetres du vol \u00e0 Ottawa-Gatineau<\/span><\/a><\/p>\n","protected":false},"author":1,"featured_media":0,"parent":975,"menu_order":0,"comment_status":"closed","ping_status":"closed","template":"","meta":{"_acf_changed":false,"footnotes":""},"class_list":["post-1072","page","type-page","status-publish","hentry","entry"],"acf":[],"yoast_head":"<!-- This site is optimized with the Yoast SEO Premium plugin v26.8 (Yoast SEO v27.5) - https:\/\/yoast.com\/product\/yoast-seo-premium-wordpress\/ -->\n<title>Les chauves-souris : ma\u00eetres du vol \u00e0 Ottawa-Gatineau<\/title>\n<meta name=\"description\" content=\"Les chauves-souris : Les ma\u00eetres du vol \u00e0 Ottawa-Gatineau : D\u00e9couvrez la ma\u00eetrise du vol avec Aspen Wildlife Control \u00e0 Ottawa-Gatineau.\" \/>\n<meta name=\"robots\" content=\"index, follow, max-snippet:-1, max-image-preview:large, max-video-preview:-1\" \/>\n<link rel=\"canonical\" href=\"https:\/\/aspenwildlifecontrol.com\/fr\/prestations-de-service\/chauve-souris\/les-chauves-souris-maitres-du-vol-a-ottawa-gatineau\/\" \/>\n<meta property=\"og:locale\" content=\"fr_FR\" \/>\n<meta property=\"og:type\" content=\"article\" \/>\n<meta property=\"og:title\" content=\"Les chauves-souris : ma\u00eetres du vol \u00e0 Ottawa-Gatineau\" \/>\n<meta property=\"og:description\" content=\"Les chauves-souris : Les ma\u00eetres du vol \u00e0 Ottawa-Gatineau : D\u00e9couvrez la ma\u00eetrise du vol avec Aspen Wildlife Control \u00e0 Ottawa-Gatineau.\" \/>\n<meta property=\"og:url\" content=\"https:\/\/aspenwildlifecontrol.com\/fr\/prestations-de-service\/chauve-souris\/les-chauves-souris-maitres-du-vol-a-ottawa-gatineau\/\" \/>\n<meta property=\"og:site_name\" content=\"Aspen Wildlife Control\" \/>\n<meta property=\"article:modified_time\" content=\"2025-02-12T15:11:17+00:00\" \/>\n<meta name=\"twitter:card\" content=\"summary_large_image\" \/>\n<meta name=\"twitter:label1\" content=\"Dur\u00e9e de lecture estim\u00e9e\" \/>\n\t<meta name=\"twitter:data1\" content=\"2 minutes\" \/>\n<script type=\"application\/ld+json\" class=\"yoast-schema-graph\">{\"@context\":\"https:\\\/\\\/schema.org\",\"@graph\":[{\"@type\":\"WebPage\",\"@id\":\"https:\\\/\\\/aspenwildlifecontrol.com\\\/fr\\\/prestations-de-service\\\/chauve-souris\\\/les-chauves-souris-maitres-du-vol-a-ottawa-gatineau\\\/\",\"url\":\"https:\\\/\\\/aspenwildlifecontrol.com\\\/fr\\\/prestations-de-service\\\/chauve-souris\\\/les-chauves-souris-maitres-du-vol-a-ottawa-gatineau\\\/\",\"name\":\"Les chauves-souris : ma\u00eetres du vol \u00e0 Ottawa-Gatineau\",\"isPartOf\":{\"@id\":\"https:\\\/\\\/aspenwildlifecontrol.com\\\/fr\\\/#website\"},\"datePublished\":\"2024-07-26T23:36:55+00:00\",\"dateModified\":\"2025-02-12T15:11:17+00:00\",\"description\":\"Les chauves-souris : Les ma\u00eetres du vol \u00e0 Ottawa-Gatineau : D\u00e9couvrez la ma\u00eetrise du vol avec Aspen Wildlife Control \u00e0 Ottawa-Gatineau.\",\"breadcrumb\":{\"@id\":\"https:\\\/\\\/aspenwildlifecontrol.com\\\/fr\\\/prestations-de-service\\\/chauve-souris\\\/les-chauves-souris-maitres-du-vol-a-ottawa-gatineau\\\/#breadcrumb\"},\"inLanguage\":\"fr-FR\",\"potentialAction\":[{\"@type\":\"ReadAction\",\"target\":[\"https:\\\/\\\/aspenwildlifecontrol.com\\\/fr\\\/prestations-de-service\\\/chauve-souris\\\/les-chauves-souris-maitres-du-vol-a-ottawa-gatineau\\\/\"]}]},{\"@type\":\"BreadcrumbList\",\"@id\":\"https:\\\/\\\/aspenwildlifecontrol.com\\\/fr\\\/prestations-de-service\\\/chauve-souris\\\/les-chauves-souris-maitres-du-vol-a-ottawa-gatineau\\\/#breadcrumb\",\"itemListElement\":[{\"@type\":\"ListItem\",\"position\":1,\"name\":\"Home\",\"item\":\"https:\\\/\\\/aspenwildlifecontrol.com\\\/fr\\\/\"},{\"@type\":\"ListItem\",\"position\":2,\"name\":\"Service control animal\",\"item\":\"https:\\\/\\\/aspenwildlifecontrol.com\\\/fr\\\/prestations-de-service\\\/\"},{\"@type\":\"ListItem\",\"position\":3,\"name\":\"Chauve souris\",\"item\":\"https:\\\/\\\/aspenwildlifecontrol.com\\\/fr\\\/prestations-de-service\\\/chauve-souris\\\/\"},{\"@type\":\"ListItem\",\"position\":4,\"name\":\"Les chauves-souris : ma\u00eetres du vol \u00e0 Ottawa-Gatineau\"}]},{\"@type\":\"WebSite\",\"@id\":\"https:\\\/\\\/aspenwildlifecontrol.com\\\/fr\\\/#website\",\"url\":\"https:\\\/\\\/aspenwildlifecontrol.com\\\/fr\\\/\",\"name\":\"Aspen Wildlife Control\",\"description\":\"Fast, humane wildlife removal in Ottawa-Gatineau \u2014 guaranteed results, 24\\\/7 service\",\"potentialAction\":[{\"@type\":\"SearchAction\",\"target\":{\"@type\":\"EntryPoint\",\"urlTemplate\":\"https:\\\/\\\/aspenwildlifecontrol.com\\\/fr\\\/?s={search_term_string}\"},\"query-input\":{\"@type\":\"PropertyValueSpecification\",\"valueRequired\":true,\"valueName\":\"search_term_string\"}}],\"inLanguage\":\"fr-FR\"}]}<\/script>\n<!-- \/ Yoast SEO Premium plugin. -->","yoast_head_json":{"title":"Les chauves-souris : ma\u00eetres du vol \u00e0 Ottawa-Gatineau","description":"Les chauves-souris : Les ma\u00eetres du vol \u00e0 Ottawa-Gatineau : D\u00e9couvrez la ma\u00eetrise du vol avec Aspen Wildlife Control \u00e0 Ottawa-Gatineau.","robots":{"index":"index","follow":"follow","max-snippet":"max-snippet:-1","max-image-preview":"max-image-preview:large","max-video-preview":"max-video-preview:-1"},"canonical":"https:\/\/aspenwildlifecontrol.com\/fr\/prestations-de-service\/chauve-souris\/les-chauves-souris-maitres-du-vol-a-ottawa-gatineau\/","og_locale":"fr_FR","og_type":"article","og_title":"Les chauves-souris : ma\u00eetres du vol \u00e0 Ottawa-Gatineau","og_description":"Les chauves-souris : Les ma\u00eetres du vol \u00e0 Ottawa-Gatineau : D\u00e9couvrez la ma\u00eetrise du vol avec Aspen Wildlife Control \u00e0 Ottawa-Gatineau.","og_url":"https:\/\/aspenwildlifecontrol.com\/fr\/prestations-de-service\/chauve-souris\/les-chauves-souris-maitres-du-vol-a-ottawa-gatineau\/","og_site_name":"Aspen Wildlife Control","article_modified_time":"2025-02-12T15:11:17+00:00","twitter_card":"summary_large_image","twitter_misc":{"Dur\u00e9e de lecture estim\u00e9e":"2 minutes"},"schema":{"@context":"https:\/\/schema.org","@graph":[{"@type":"WebPage","@id":"https:\/\/aspenwildlifecontrol.com\/fr\/prestations-de-service\/chauve-souris\/les-chauves-souris-maitres-du-vol-a-ottawa-gatineau\/","url":"https:\/\/aspenwildlifecontrol.com\/fr\/prestations-de-service\/chauve-souris\/les-chauves-souris-maitres-du-vol-a-ottawa-gatineau\/","name":"Les chauves-souris : ma\u00eetres du vol \u00e0 Ottawa-Gatineau","isPartOf":{"@id":"https:\/\/aspenwildlifecontrol.com\/fr\/#website"},"datePublished":"2024-07-26T23:36:55+00:00","dateModified":"2025-02-12T15:11:17+00:00","description":"Les chauves-souris : Les ma\u00eetres du vol \u00e0 Ottawa-Gatineau : D\u00e9couvrez la ma\u00eetrise du vol avec Aspen Wildlife Control \u00e0 Ottawa-Gatineau.","breadcrumb":{"@id":"https:\/\/aspenwildlifecontrol.com\/fr\/prestations-de-service\/chauve-souris\/les-chauves-souris-maitres-du-vol-a-ottawa-gatineau\/#breadcrumb"},"inLanguage":"fr-FR","potentialAction":[{"@type":"ReadAction","target":["https:\/\/aspenwildlifecontrol.com\/fr\/prestations-de-service\/chauve-souris\/les-chauves-souris-maitres-du-vol-a-ottawa-gatineau\/"]}]},{"@type":"BreadcrumbList","@id":"https:\/\/aspenwildlifecontrol.com\/fr\/prestations-de-service\/chauve-souris\/les-chauves-souris-maitres-du-vol-a-ottawa-gatineau\/#breadcrumb","itemListElement":[{"@type":"ListItem","position":1,"name":"Home","item":"https:\/\/aspenwildlifecontrol.com\/fr\/"},{"@type":"ListItem","position":2,"name":"Service control animal","item":"https:\/\/aspenwildlifecontrol.com\/fr\/prestations-de-service\/"},{"@type":"ListItem","position":3,"name":"Chauve souris","item":"https:\/\/aspenwildlifecontrol.com\/fr\/prestations-de-service\/chauve-souris\/"},{"@type":"ListItem","position":4,"name":"Les chauves-souris : ma\u00eetres du vol \u00e0 Ottawa-Gatineau"}]},{"@type":"WebSite","@id":"https:\/\/aspenwildlifecontrol.com\/fr\/#website","url":"https:\/\/aspenwildlifecontrol.com\/fr\/","name":"Aspen Wildlife Control","description":"Fast, humane wildlife removal in Ottawa-Gatineau \u2014 guaranteed results, 24\/7 service","potentialAction":[{"@type":"SearchAction","target":{"@type":"EntryPoint","urlTemplate":"https:\/\/aspenwildlifecontrol.com\/fr\/?s={search_term_string}"},"query-input":{"@type":"PropertyValueSpecification","valueRequired":true,"valueName":"search_term_string"}}],"inLanguage":"fr-FR"}]}},"_links":{"self":[{"href":"https:\/\/aspenwildlifecontrol.com\/fr\/wp-json\/wp\/v2\/pages\/1072","targetHints":{"allow":["GET"]}}],"collection":[{"href":"https:\/\/aspenwildlifecontrol.com\/fr\/wp-json\/wp\/v2\/pages"}],"about":[{"href":"https:\/\/aspenwildlifecontrol.com\/fr\/wp-json\/wp\/v2\/types\/page"}],"author":[{"embeddable":true,"href":"https:\/\/aspenwildlifecontrol.com\/fr\/wp-json\/wp\/v2\/users\/1"}],"replies":[{"embeddable":true,"href":"https:\/\/aspenwildlifecontrol.com\/fr\/wp-json\/wp\/v2\/comments?post=1072"}],"version-history":[{"count":2,"href":"https:\/\/aspenwildlifecontrol.com\/fr\/wp-json\/wp\/v2\/pages\/1072\/revisions"}],"predecessor-version":[{"id":3283,"href":"https:\/\/aspenwildlifecontrol.com\/fr\/wp-json\/wp\/v2\/pages\/1072\/revisions\/3283"}],"up":[{"embeddable":true,"href":"https:\/\/aspenwildlifecontrol.com\/fr\/wp-json\/wp\/v2\/pages\/975"}],"wp:attachment":[{"href":"https:\/\/aspenwildlifecontrol.com\/fr\/wp-json\/wp\/v2\/media?parent=1072"}],"curies":[{"name":"wp","href":"https:\/\/api.w.org\/{rel}","templated":true}]}}