{"id":1071,"date":"2024-07-26T19:31:40","date_gmt":"2024-07-26T23:31:40","guid":{"rendered":"https:\/\/aspenwildlifecontrol.com\/prestations-de-service\/chauve-souris\/la-remarquable-longevite-des-chauves-souris-a-ottawa-gatineau\/"},"modified":"2025-02-12T10:08:20","modified_gmt":"2025-02-12T15:08:20","slug":"la-remarquable-longevite-des-chauves-souris-a-ottawa-gatineau","status":"publish","type":"page","link":"https:\/\/aspenwildlifecontrol.com\/fr\/prestations-de-service\/chauve-souris\/la-remarquable-longevite-des-chauves-souris-a-ottawa-gatineau\/","title":{"rendered":"La remarquable long\u00e9vit\u00e9 des chauves-souris \u00e0 Ottawa-Gatineau"},"content":{"rendered":"<p>Dans les \u00e9cosyst\u00e8mes diversifi\u00e9s d&rsquo;Ottawa-Gatineau, les chauves-souris se distinguent non seulement par leurs r\u00f4les \u00e9cologiques mais aussi par leur long\u00e9vit\u00e9 surprenante. Malgr\u00e9 leur petite taille, qui pourrait sugg\u00e9rer une esp\u00e9rance de vie courte semblable \u00e0 celle des petits rongeurs, de nombreuses chauves-souris de cette r\u00e9gion et au-del\u00e0 d\u00e9jouent ces attentes, vivant pendant des d\u00e9cennies.<\/p>\n<h5><strong>Comprendre la long\u00e9vit\u00e9 des chauves-souris<\/strong><\/h5>\n<div class=\"et_pb_module et_pb_text et_pb_text_2 et_pb_text_align_left et_pb_bg_layout_light et_had_animation\">\n<div class=\"et_pb_text_inner\">\n<p><span style=\"font-weight: 400;\">La long\u00e9vit\u00e9 des chauves-souris est exceptionnelle parmi les mammif\u00e8res de taille similaire. \u00c0 Ottawa-Gatineau, des esp\u00e8ces comme la petite chauve-souris brune peuvent vivre jusqu&rsquo;\u00e0 30 ans ou plus, un exploit remarquable compte tenu de l&rsquo;esp\u00e9rance de vie d&rsquo;autres petits mammif\u00e8res. Cette long\u00e9vit\u00e9 prolong\u00e9e est attribu\u00e9e \u00e0 leur m\u00e9tabolisme lent et \u00e0 leur faible taux de reproduction, donnant naissance \u00e0 seulement un petit par an. De tels traits sont consid\u00e9r\u00e9s comme contribuant \u00e0 leur long\u00e9vit\u00e9 \u00e9tendue, leur permettant davantage d&rsquo;opportunit\u00e9s de se reproduire sur une p\u00e9riode plus longue.<\/span><\/p>\n<\/div>\n<\/div>\n<h5><strong>Avantages \u00e9cologiques des chauves-souris \u00e0 longue vie<\/strong><\/h5>\n<div class=\"et_pb_module et_pb_text et_pb_text_4 et_pb_text_align_left et_pb_bg_layout_light et_had_animation\">\n<div class=\"et_pb_text_inner\">\n<p><span style=\"font-weight: 400;\">La longue dur\u00e9e de vie des chauves-souris contribue de mani\u00e8re significative \u00e0 la stabilit\u00e9 \u00e9cologique. Les chauves-souris \u00e2g\u00e9es et exp\u00e9riment\u00e9es ont tendance \u00e0 \u00eatre plus efficaces pour la recherche de nourriture et la navigation dans leurs habitats, ce qui renforce leur r\u00f4le dans le contr\u00f4le des insectes et la pollinisation. Leur cycle de vie prolong\u00e9 signifie \u00e9galement qu&rsquo;elles peuvent contribuer \u00e0 leurs \u00e9cosyst\u00e8mes locaux pendant de nombreuses ann\u00e9es, aidant \u00e0 maintenir un environnement \u00e9quilibr\u00e9 et stable.<\/span><\/p>\n<\/div>\n<\/div>\n<h5><strong>Implications pour la conservation<\/strong><\/h5>\n<p><span style=\"font-weight: 400;\">La long\u00e9vit\u00e9 \u00e9tendue des chauves-souris souligne \u00e9galement l&rsquo;importance des efforts de conservation \u00e0 long terme. Puisque les chauves-souris vivent longtemps et se reproduisent lentement, leurs populations sont particuli\u00e8rement vuln\u00e9rables aux changements soudains de leur environnement, tels que la destruction de l&rsquo;habitat, le changement climatique et des maladies comme le syndrome du nez blanc. Prot\u00e9ger leurs habitats et garantir un environnement stable est crucial pour maintenir des populations de chauves-souris saines dans la r\u00e9gion d&rsquo;Ottawa-Gatineau.<\/span><\/p>\n<h5><strong>D\u00e9fis et opportunit\u00e9s<\/strong><\/h5>\n<p><span style=\"font-weight: 400;\">La conservation des esp\u00e8ces de chauves-souris \u00e0 longue vie pose des d\u00e9fis uniques. Les strat\u00e9gies de conservation doivent \u00eatre con\u00e7ues sur le long terme, en se concentrant sur la protection des habitats critiques pour plusieurs g\u00e9n\u00e9rations. L&rsquo;\u00e9ducation du public joue un r\u00f4le vital dans ce processus, aidant les communaut\u00e9s locales \u00e0 comprendre la valeur des chauves-souris et la n\u00e9cessit\u00e9 de mesures de protection \u00e0 long terme.<\/span><\/p>\n<p><span style=\"font-weight: 400;\">Si vous d\u00e9couvrez des chauves-souris chez vous, il est crucial de traiter la situation rapidement et humainement en contactant Aspen Wildlife Control, les experts en capture des chauves-souris dans la r\u00e9gion d&rsquo;Ottawa-Gatineau. Avec leurs connaissances sp\u00e9cialis\u00e9es et leurs techniques d&rsquo;\u00e9limination \u00e9prouv\u00e9es et humaines, Aspen Wildlife Control peut r\u00e9soudre en toute s\u00e9curit\u00e9 et efficacement tout probl\u00e8me de chauves-souris auquel vous pourriez \u00eatre confront\u00e9.<\/span><\/p>\n","protected":false},"excerpt":{"rendered":"<p>Dans les \u00e9cosyst\u00e8mes diversifi\u00e9s d&rsquo;Ottawa-Gatineau, les chauves-souris se distinguent non seulement par leurs r\u00f4les \u00e9cologiques mais aussi par leur long\u00e9vit\u00e9 surprenante. Malgr\u00e9 leur petite taille, qui pourrait sugg\u00e9rer une esp\u00e9rance de vie courte semblable \u00e0 celle des petits rongeurs, de nombreuses chauves-souris de cette r\u00e9gion et au-del\u00e0 d\u00e9jouent ces attentes, vivant pendant des d\u00e9cennies. Comprendre&hellip; <a class=\"more-link\" href=\"https:\/\/aspenwildlifecontrol.com\/fr\/prestations-de-service\/chauve-souris\/la-remarquable-longevite-des-chauves-souris-a-ottawa-gatineau\/\">Poursuivre la lecture <span class=\"screen-reader-text\">La remarquable long\u00e9vit\u00e9 des chauves-souris \u00e0 Ottawa-Gatineau<\/span><\/a><\/p>\n","protected":false},"author":1,"featured_media":0,"parent":975,"menu_order":0,"comment_status":"closed","ping_status":"closed","template":"","meta":{"_acf_changed":false,"footnotes":""},"class_list":["post-1071","page","type-page","status-publish","hentry","entry"],"acf":[],"yoast_head":"<!-- This site is optimized with the Yoast SEO Premium plugin v26.8 (Yoast SEO v27.5) - https:\/\/yoast.com\/product\/yoast-seo-premium-wordpress\/ -->\n<title>La remarquable long\u00e9vit\u00e9 des chauves-souris \u00e0 Ottawa-Gatineau<\/title>\n<meta name=\"description\" content=\"La long\u00e9vit\u00e9 remarquable des chauves-souris \u00e0 Ottawa-Gatineau : D\u00e9couvrez la long\u00e9vit\u00e9 exceptionnelle des chauves-souris avec Aspen Wildlife Control \u00e0 Ottawa-Gatineau.\" \/>\n<meta name=\"robots\" content=\"index, follow, max-snippet:-1, max-image-preview:large, max-video-preview:-1\" \/>\n<link rel=\"canonical\" href=\"https:\/\/aspenwildlifecontrol.com\/fr\/prestations-de-service\/chauve-souris\/la-remarquable-longevite-des-chauves-souris-a-ottawa-gatineau\/\" \/>\n<meta property=\"og:locale\" content=\"fr_FR\" \/>\n<meta property=\"og:type\" content=\"article\" \/>\n<meta property=\"og:title\" content=\"La remarquable long\u00e9vit\u00e9 des chauves-souris \u00e0 Ottawa-Gatineau\" \/>\n<meta property=\"og:description\" content=\"La long\u00e9vit\u00e9 remarquable des chauves-souris \u00e0 Ottawa-Gatineau : D\u00e9couvrez la long\u00e9vit\u00e9 exceptionnelle des chauves-souris avec Aspen Wildlife Control \u00e0 Ottawa-Gatineau.\" \/>\n<meta property=\"og:url\" content=\"https:\/\/aspenwildlifecontrol.com\/fr\/prestations-de-service\/chauve-souris\/la-remarquable-longevite-des-chauves-souris-a-ottawa-gatineau\/\" \/>\n<meta property=\"og:site_name\" content=\"Aspen Wildlife Control\" \/>\n<meta property=\"article:modified_time\" content=\"2025-02-12T15:08:20+00:00\" \/>\n<meta name=\"twitter:card\" content=\"summary_large_image\" \/>\n<meta name=\"twitter:label1\" content=\"Dur\u00e9e de lecture estim\u00e9e\" \/>\n\t<meta name=\"twitter:data1\" content=\"2 minutes\" \/>\n<script type=\"application\/ld+json\" class=\"yoast-schema-graph\">{\"@context\":\"https:\\\/\\\/schema.org\",\"@graph\":[{\"@type\":\"WebPage\",\"@id\":\"https:\\\/\\\/aspenwildlifecontrol.com\\\/fr\\\/prestations-de-service\\\/chauve-souris\\\/la-remarquable-longevite-des-chauves-souris-a-ottawa-gatineau\\\/\",\"url\":\"https:\\\/\\\/aspenwildlifecontrol.com\\\/fr\\\/prestations-de-service\\\/chauve-souris\\\/la-remarquable-longevite-des-chauves-souris-a-ottawa-gatineau\\\/\",\"name\":\"La remarquable long\u00e9vit\u00e9 des chauves-souris \u00e0 Ottawa-Gatineau\",\"isPartOf\":{\"@id\":\"https:\\\/\\\/aspenwildlifecontrol.com\\\/fr\\\/#website\"},\"datePublished\":\"2024-07-26T23:31:40+00:00\",\"dateModified\":\"2025-02-12T15:08:20+00:00\",\"description\":\"La long\u00e9vit\u00e9 remarquable des chauves-souris \u00e0 Ottawa-Gatineau : D\u00e9couvrez la long\u00e9vit\u00e9 exceptionnelle des chauves-souris avec Aspen Wildlife Control \u00e0 Ottawa-Gatineau.\",\"breadcrumb\":{\"@id\":\"https:\\\/\\\/aspenwildlifecontrol.com\\\/fr\\\/prestations-de-service\\\/chauve-souris\\\/la-remarquable-longevite-des-chauves-souris-a-ottawa-gatineau\\\/#breadcrumb\"},\"inLanguage\":\"fr-FR\",\"potentialAction\":[{\"@type\":\"ReadAction\",\"target\":[\"https:\\\/\\\/aspenwildlifecontrol.com\\\/fr\\\/prestations-de-service\\\/chauve-souris\\\/la-remarquable-longevite-des-chauves-souris-a-ottawa-gatineau\\\/\"]}]},{\"@type\":\"BreadcrumbList\",\"@id\":\"https:\\\/\\\/aspenwildlifecontrol.com\\\/fr\\\/prestations-de-service\\\/chauve-souris\\\/la-remarquable-longevite-des-chauves-souris-a-ottawa-gatineau\\\/#breadcrumb\",\"itemListElement\":[{\"@type\":\"ListItem\",\"position\":1,\"name\":\"Home\",\"item\":\"https:\\\/\\\/aspenwildlifecontrol.com\\\/fr\\\/\"},{\"@type\":\"ListItem\",\"position\":2,\"name\":\"Service control animal\",\"item\":\"https:\\\/\\\/aspenwildlifecontrol.com\\\/fr\\\/prestations-de-service\\\/\"},{\"@type\":\"ListItem\",\"position\":3,\"name\":\"Chauve souris\",\"item\":\"https:\\\/\\\/aspenwildlifecontrol.com\\\/fr\\\/prestations-de-service\\\/chauve-souris\\\/\"},{\"@type\":\"ListItem\",\"position\":4,\"name\":\"La remarquable long\u00e9vit\u00e9 des chauves-souris \u00e0 Ottawa-Gatineau\"}]},{\"@type\":\"WebSite\",\"@id\":\"https:\\\/\\\/aspenwildlifecontrol.com\\\/fr\\\/#website\",\"url\":\"https:\\\/\\\/aspenwildlifecontrol.com\\\/fr\\\/\",\"name\":\"Aspen Wildlife Control\",\"description\":\"Fast, humane wildlife removal in Ottawa-Gatineau \u2014 guaranteed results, 24\\\/7 service\",\"potentialAction\":[{\"@type\":\"SearchAction\",\"target\":{\"@type\":\"EntryPoint\",\"urlTemplate\":\"https:\\\/\\\/aspenwildlifecontrol.com\\\/fr\\\/?s={search_term_string}\"},\"query-input\":{\"@type\":\"PropertyValueSpecification\",\"valueRequired\":true,\"valueName\":\"search_term_string\"}}],\"inLanguage\":\"fr-FR\"}]}<\/script>\n<!-- \/ Yoast SEO Premium plugin. -->","yoast_head_json":{"title":"La remarquable long\u00e9vit\u00e9 des chauves-souris \u00e0 Ottawa-Gatineau","description":"La long\u00e9vit\u00e9 remarquable des chauves-souris \u00e0 Ottawa-Gatineau : D\u00e9couvrez la long\u00e9vit\u00e9 exceptionnelle des chauves-souris avec Aspen Wildlife Control \u00e0 Ottawa-Gatineau.","robots":{"index":"index","follow":"follow","max-snippet":"max-snippet:-1","max-image-preview":"max-image-preview:large","max-video-preview":"max-video-preview:-1"},"canonical":"https:\/\/aspenwildlifecontrol.com\/fr\/prestations-de-service\/chauve-souris\/la-remarquable-longevite-des-chauves-souris-a-ottawa-gatineau\/","og_locale":"fr_FR","og_type":"article","og_title":"La remarquable long\u00e9vit\u00e9 des chauves-souris \u00e0 Ottawa-Gatineau","og_description":"La long\u00e9vit\u00e9 remarquable des chauves-souris \u00e0 Ottawa-Gatineau : D\u00e9couvrez la long\u00e9vit\u00e9 exceptionnelle des chauves-souris avec Aspen Wildlife Control \u00e0 Ottawa-Gatineau.","og_url":"https:\/\/aspenwildlifecontrol.com\/fr\/prestations-de-service\/chauve-souris\/la-remarquable-longevite-des-chauves-souris-a-ottawa-gatineau\/","og_site_name":"Aspen Wildlife Control","article_modified_time":"2025-02-12T15:08:20+00:00","twitter_card":"summary_large_image","twitter_misc":{"Dur\u00e9e de lecture estim\u00e9e":"2 minutes"},"schema":{"@context":"https:\/\/schema.org","@graph":[{"@type":"WebPage","@id":"https:\/\/aspenwildlifecontrol.com\/fr\/prestations-de-service\/chauve-souris\/la-remarquable-longevite-des-chauves-souris-a-ottawa-gatineau\/","url":"https:\/\/aspenwildlifecontrol.com\/fr\/prestations-de-service\/chauve-souris\/la-remarquable-longevite-des-chauves-souris-a-ottawa-gatineau\/","name":"La remarquable long\u00e9vit\u00e9 des chauves-souris \u00e0 Ottawa-Gatineau","isPartOf":{"@id":"https:\/\/aspenwildlifecontrol.com\/fr\/#website"},"datePublished":"2024-07-26T23:31:40+00:00","dateModified":"2025-02-12T15:08:20+00:00","description":"La long\u00e9vit\u00e9 remarquable des chauves-souris \u00e0 Ottawa-Gatineau : D\u00e9couvrez la long\u00e9vit\u00e9 exceptionnelle des chauves-souris avec Aspen Wildlife Control \u00e0 Ottawa-Gatineau.","breadcrumb":{"@id":"https:\/\/aspenwildlifecontrol.com\/fr\/prestations-de-service\/chauve-souris\/la-remarquable-longevite-des-chauves-souris-a-ottawa-gatineau\/#breadcrumb"},"inLanguage":"fr-FR","potentialAction":[{"@type":"ReadAction","target":["https:\/\/aspenwildlifecontrol.com\/fr\/prestations-de-service\/chauve-souris\/la-remarquable-longevite-des-chauves-souris-a-ottawa-gatineau\/"]}]},{"@type":"BreadcrumbList","@id":"https:\/\/aspenwildlifecontrol.com\/fr\/prestations-de-service\/chauve-souris\/la-remarquable-longevite-des-chauves-souris-a-ottawa-gatineau\/#breadcrumb","itemListElement":[{"@type":"ListItem","position":1,"name":"Home","item":"https:\/\/aspenwildlifecontrol.com\/fr\/"},{"@type":"ListItem","position":2,"name":"Service control animal","item":"https:\/\/aspenwildlifecontrol.com\/fr\/prestations-de-service\/"},{"@type":"ListItem","position":3,"name":"Chauve souris","item":"https:\/\/aspenwildlifecontrol.com\/fr\/prestations-de-service\/chauve-souris\/"},{"@type":"ListItem","position":4,"name":"La remarquable long\u00e9vit\u00e9 des chauves-souris \u00e0 Ottawa-Gatineau"}]},{"@type":"WebSite","@id":"https:\/\/aspenwildlifecontrol.com\/fr\/#website","url":"https:\/\/aspenwildlifecontrol.com\/fr\/","name":"Aspen Wildlife Control","description":"Fast, humane wildlife removal in Ottawa-Gatineau \u2014 guaranteed results, 24\/7 service","potentialAction":[{"@type":"SearchAction","target":{"@type":"EntryPoint","urlTemplate":"https:\/\/aspenwildlifecontrol.com\/fr\/?s={search_term_string}"},"query-input":{"@type":"PropertyValueSpecification","valueRequired":true,"valueName":"search_term_string"}}],"inLanguage":"fr-FR"}]}},"_links":{"self":[{"href":"https:\/\/aspenwildlifecontrol.com\/fr\/wp-json\/wp\/v2\/pages\/1071","targetHints":{"allow":["GET"]}}],"collection":[{"href":"https:\/\/aspenwildlifecontrol.com\/fr\/wp-json\/wp\/v2\/pages"}],"about":[{"href":"https:\/\/aspenwildlifecontrol.com\/fr\/wp-json\/wp\/v2\/types\/page"}],"author":[{"embeddable":true,"href":"https:\/\/aspenwildlifecontrol.com\/fr\/wp-json\/wp\/v2\/users\/1"}],"replies":[{"embeddable":true,"href":"https:\/\/aspenwildlifecontrol.com\/fr\/wp-json\/wp\/v2\/comments?post=1071"}],"version-history":[{"count":3,"href":"https:\/\/aspenwildlifecontrol.com\/fr\/wp-json\/wp\/v2\/pages\/1071\/revisions"}],"predecessor-version":[{"id":3277,"href":"https:\/\/aspenwildlifecontrol.com\/fr\/wp-json\/wp\/v2\/pages\/1071\/revisions\/3277"}],"up":[{"embeddable":true,"href":"https:\/\/aspenwildlifecontrol.com\/fr\/wp-json\/wp\/v2\/pages\/975"}],"wp:attachment":[{"href":"https:\/\/aspenwildlifecontrol.com\/fr\/wp-json\/wp\/v2\/media?parent=1071"}],"curies":[{"name":"wp","href":"https:\/\/api.w.org\/{rel}","templated":true}]}}