{"id":1068,"date":"2024-07-26T19:11:26","date_gmt":"2024-07-26T23:11:26","guid":{"rendered":"https:\/\/aspenwildlifecontrol.com\/prestations-de-service\/chauve-souris\/le-phenomene-de-lecholocation-chez-les-chauves-souris\/"},"modified":"2025-02-12T10:11:30","modified_gmt":"2025-02-12T15:11:30","slug":"le-phenomene-de-lecholocation-chez-les-chauves-souris","status":"publish","type":"page","link":"https:\/\/aspenwildlifecontrol.com\/fr\/prestations-de-service\/chauve-souris\/le-phenomene-de-lecholocation-chez-les-chauves-souris\/","title":{"rendered":"Le ph\u00e9nom\u00e8ne de l&rsquo;\u00e9cholocation chez les chauves-souris : naviguer dans la nuit"},"content":{"rendered":"<p>L&rsquo;\u00e9cholocation est une adaptation biologique sophistiqu\u00e9e qui permet aux chauves-souris de naviguer et de chercher de la nourriture dans l&rsquo;obscurit\u00e9 totale. Cette capacit\u00e9 unique, souvent compar\u00e9e \u00e0 la technologie sonar, permet aux chauves-souris d&rsquo;\u00e9mettre des ondes sonores qui rebondissent apr\u00e8s avoir frapp\u00e9 un objet, fournissant des informations vitales sur leur environnement.<\/p>\n<h5><strong>Comment fonctionne l&rsquo;\u00e9cholocation<\/strong><\/h5>\n<div class=\"et_pb_module et_pb_text et_pb_text_2 et_pb_text_align_left et_pb_bg_layout_light et_had_animation\">\n<div class=\"et_pb_text_inner\">\n<p><span style=\"font-weight: 400;\">Les chauves-souris utilisent principalement l&rsquo;\u00e9cholocation pour d\u00e9tecter et localiser leurs proies, \u00e9viter les obstacles et naviguer dans leur environnement. Le processus commence lorsqu&rsquo;une chauve-souris \u00e9met une s\u00e9rie d&rsquo;impulsions sonores \u00e0 haute fr\u00e9quence par sa bouche ou son nez. Ces ondes sonores voyagent \u00e0 travers l&rsquo;air, frappent des objets et rebondissent sous forme d&rsquo;\u00e9chos. Les chauves-souris re\u00e7oivent ces \u00e9chos \u00e0 travers leurs oreilles hautement sp\u00e9cialis\u00e9es, qui sont finement r\u00e9gl\u00e9es pour d\u00e9tecter les moindres changements de fr\u00e9quence et d&rsquo;intensit\u00e9 de l&rsquo;\u00e9cho.<\/span><\/p>\n<p><span style=\"font-weight: 400;\">Le cerveau traite rapidement ces informations d&rsquo;\u00e9cho, permettant \u00e0 la chauve-souris de construire une image auditive d\u00e9taill\u00e9e de son environnement. Cette image comprend des informations sur la taille, la forme, la distance, la direction et m\u00eame la texture des objets autour d&rsquo;elles. La vitesse \u00e0 laquelle les chauves-souris traitent ces \u00e9chos est incroyablement rapide, leur permettant de r\u00e9agir et de prendre des d\u00e9cisions en une fraction de seconde en plein vol.<\/span><\/p>\n<\/div>\n<\/div>\n<h5><strong>Types d&rsquo;appels d&rsquo;\u00e9cholocation<\/strong><\/h5>\n<div class=\"et_pb_module et_pb_text et_pb_text_4 et_pb_text_align_left et_pb_bg_layout_light et_had_animation\">\n<div class=\"et_pb_text_inner\">\n<p><span style=\"font-weight: 400;\">Il existe une diversit\u00e9 remarquable dans les appels d&rsquo;\u00e9cholocation des diff\u00e9rentes esp\u00e8ces de chauves-souris, adapt\u00e9s \u00e0 leurs niches environnementales sp\u00e9cifiques et \u00e0 leurs strat\u00e9gies de chasse. En g\u00e9n\u00e9ral, ces appels se r\u00e9partissent en deux grandes cat\u00e9gories :<\/span><\/p>\n<ol>\n<li style=\"font-weight: 400;\" aria-level=\"1\"><span style=\"font-weight: 400;\"><strong>Appels Modul\u00e9s en Fr\u00e9quence (FM) :<\/strong> Ces appels balayent vers le bas en fr\u00e9quence et sont particuli\u00e8rement utiles pour naviguer dans des environnements encombr\u00e9s, tels que des for\u00eats denses ou des grottes. Les appels FM fournissent des informations d\u00e9taill\u00e9es sur la port\u00e9e et la vitesse de la cible, ce qui est crucial pour capturer des proies dans ces habitats complexes.<\/span><\/li>\n<li style=\"font-weight: 400;\" aria-level=\"1\"><strong>Appels \u00e0 Fr\u00e9quence Constante (CF) :<\/strong> Ces appels impliquent des dur\u00e9es plus longues \u00e0 une fr\u00e9quence constante, entrecoup\u00e9es de brefs balayages FM. Les appels CF sont efficaces pour d\u00e9tecter les proies dans des environnements ouverts. Ils permettent aux chauves-souris de d\u00e9tecter le battement des ailes des insectes et m\u00eame de percevoir les d\u00e9calages Doppler caus\u00e9s par le mouvement relatif entre la chauve-souris et sa proie.<\/li>\n<\/ol>\n<\/div>\n<\/div>\n<h5><strong>D\u00e9veloppement \u00e9volutif de l&rsquo;\u00e9cholocation<\/strong><\/h5>\n<p><span style=\"font-weight: 400;\">L&rsquo;\u00e9volution de l&rsquo;\u00e9cholocation est un t\u00e9moignage du succ\u00e8s adaptatif des chauves-souris, leur permettant d&rsquo;occuper des niches \u00e9cologiques inaccessibles \u00e0 d&rsquo;autres mammif\u00e8res terrestres. Les preuves fossiles sugg\u00e8rent que l&rsquo;\u00e9cholocation a \u00e9volu\u00e9 t\u00f4t dans l&rsquo;histoire des chauves-souris, certaines des plus anciennes fossiles connues pr\u00e9sentant des caract\u00e9ristiques soutenant cette capacit\u00e9. Ce jalon \u00e9volutif a probablement offert aux premi\u00e8res chauves-souris un avantage concurrentiel en facilitant des modes de vie nocturnes et la chasse aux insectes, ce qui a r\u00e9duit la concurrence avec les pr\u00e9dateurs et les proies diurnes.<\/span><\/p>\n<h5><strong>\u00c9cholocation et biodiversit\u00e9 des chauves-souris<\/strong><\/h5>\n<p><span style=\"font-weight: 400;\">L&rsquo;\u00e9cholocation a \u00e9t\u00e9 un moteur de la diversification des chauves-souris, qui constituent environ 20 % de toutes les esp\u00e8ces de mammif\u00e8res. Cette diversit\u00e9 est \u00e9vidente non seulement dans leurs appels d&rsquo;\u00e9cholocation mais aussi dans leurs pr\u00e9f\u00e9rences alimentaires, leurs habitudes de repos et leurs motifs de vol. La capacit\u00e9 d&rsquo;\u00e9cholocaliser a permis aux chauves-souris d&rsquo;exploiter une vari\u00e9t\u00e9 de strat\u00e9gies alimentaires, allant de la capture d&rsquo;insectes en plein air \u00e0 la p\u00eache et \u00e0 la cueillette de fruits.<\/span><\/p>\n<h5><strong>Conservation et d\u00e9fis<\/strong><\/h5>\n<p><span style=\"font-weight: 400;\">Bien que l&rsquo;\u00e9cholocation permette aux chauves-souris de prosp\u00e9rer dans des environnements divers, elle les rend \u00e9galement vuln\u00e9rables \u00e0 certains d\u00e9fis modernes. La pollution sonore peut interf\u00e9rer avec leurs signaux d&rsquo;\u00e9cholocation, entra\u00eenant une d\u00e9sorientation et des difficult\u00e9s \u00e0 trouver de la nourriture. De plus, la destruction de l&rsquo;habitat perturbe leurs zones naturelles de repos et de recherche de nourriture, posant des menaces importantes pour les populations de chauves-souris dans le monde entier.<\/span><\/p>\n<p><span style=\"font-weight: 400;\">Comprendre et att\u00e9nuer ces d\u00e9fis est crucial pour la conservation des chauves-souris. Prot\u00e9ger leurs habitats naturels et r\u00e9duire la pollution sonore peut aider \u00e0 pr\u00e9server ces cr\u00e9atures remarquables et les avantages \u00e9cologiques qu&rsquo;elles fournissent, tels que la lutte contre les parasites et la dispersion des graines.<\/span><\/p>\n<p><span style=\"font-weight: 400;\">Si vous d\u00e9couvrez des chauves-souris chez vous, il est crucial de traiter la situation rapidement et humainement en contactant Aspen Wildlife Control, les experts en capture des chauves-souris dans la r\u00e9gion d&rsquo;Ottawa-Gatineau. Avec leurs connaissances sp\u00e9cialis\u00e9es et leurs techniques d&rsquo;\u00e9limination \u00e9prouv\u00e9es et humaines, Aspen Wildlife Control peut r\u00e9soudre en toute s\u00e9curit\u00e9 et efficacement tout probl\u00e8me de chauves-souris auquel vous pourriez \u00eatre confront\u00e9. <\/span><\/p>\n","protected":false},"excerpt":{"rendered":"<p>L&rsquo;\u00e9cholocation est une adaptation biologique sophistiqu\u00e9e qui permet aux chauves-souris de naviguer et de chercher de la nourriture dans l&rsquo;obscurit\u00e9 totale. Cette capacit\u00e9 unique, souvent compar\u00e9e \u00e0 la technologie sonar, permet aux chauves-souris d&rsquo;\u00e9mettre des ondes sonores qui rebondissent apr\u00e8s avoir frapp\u00e9 un objet, fournissant des informations vitales sur leur environnement. Comment fonctionne l&rsquo;\u00e9cholocation Les&hellip; <a class=\"more-link\" href=\"https:\/\/aspenwildlifecontrol.com\/fr\/prestations-de-service\/chauve-souris\/le-phenomene-de-lecholocation-chez-les-chauves-souris\/\">Poursuivre la lecture <span class=\"screen-reader-text\">Le ph\u00e9nom\u00e8ne de l&rsquo;\u00e9cholocation chez les chauves-souris : naviguer dans la nuit<\/span><\/a><\/p>\n","protected":false},"author":1,"featured_media":0,"parent":975,"menu_order":0,"comment_status":"closed","ping_status":"closed","template":"","meta":{"_acf_changed":false,"footnotes":""},"class_list":["post-1068","page","type-page","status-publish","hentry","entry"],"acf":[],"yoast_head":"<!-- This site is optimized with the Yoast SEO Premium plugin v26.8 (Yoast SEO v27.5) - https:\/\/yoast.com\/product\/yoast-seo-premium-wordpress\/ -->\n<title>Le ph\u00e9nom\u00e8ne de l&#039;\u00e9cholocation chez les chauves-souris : naviguer dans la nuit<\/title>\n<meta name=\"description\" content=\"Le merveilleux \u00e9cholocation des chauves-souris : Naviguer la nuit : D\u00e9couvrez comment fonctionne l&#039;\u00e9cholocation avec Aspen Wildlife Control \u00e0 Ottawa-Gatineau.\" \/>\n<meta name=\"robots\" content=\"index, follow, max-snippet:-1, max-image-preview:large, max-video-preview:-1\" \/>\n<link rel=\"canonical\" href=\"https:\/\/aspenwildlifecontrol.com\/fr\/prestations-de-service\/chauve-souris\/le-phenomene-de-lecholocation-chez-les-chauves-souris\/\" \/>\n<meta property=\"og:locale\" content=\"fr_FR\" \/>\n<meta property=\"og:type\" content=\"article\" \/>\n<meta property=\"og:title\" content=\"Le ph\u00e9nom\u00e8ne de l&#039;\u00e9cholocation chez les chauves-souris : naviguer dans la nuit\" \/>\n<meta property=\"og:description\" content=\"Le merveilleux \u00e9cholocation des chauves-souris : Naviguer la nuit : D\u00e9couvrez comment fonctionne l&#039;\u00e9cholocation avec Aspen Wildlife Control \u00e0 Ottawa-Gatineau.\" \/>\n<meta property=\"og:url\" content=\"https:\/\/aspenwildlifecontrol.com\/fr\/prestations-de-service\/chauve-souris\/le-phenomene-de-lecholocation-chez-les-chauves-souris\/\" \/>\n<meta property=\"og:site_name\" content=\"Aspen Wildlife Control\" \/>\n<meta property=\"article:modified_time\" content=\"2025-02-12T15:11:30+00:00\" \/>\n<meta name=\"twitter:card\" content=\"summary_large_image\" \/>\n<meta name=\"twitter:label1\" content=\"Dur\u00e9e de lecture estim\u00e9e\" \/>\n\t<meta name=\"twitter:data1\" content=\"4 minutes\" \/>\n<script type=\"application\/ld+json\" class=\"yoast-schema-graph\">{\"@context\":\"https:\\\/\\\/schema.org\",\"@graph\":[{\"@type\":\"WebPage\",\"@id\":\"https:\\\/\\\/aspenwildlifecontrol.com\\\/fr\\\/prestations-de-service\\\/chauve-souris\\\/le-phenomene-de-lecholocation-chez-les-chauves-souris\\\/\",\"url\":\"https:\\\/\\\/aspenwildlifecontrol.com\\\/fr\\\/prestations-de-service\\\/chauve-souris\\\/le-phenomene-de-lecholocation-chez-les-chauves-souris\\\/\",\"name\":\"Le ph\u00e9nom\u00e8ne de l'\u00e9cholocation chez les chauves-souris : naviguer dans la nuit\",\"isPartOf\":{\"@id\":\"https:\\\/\\\/aspenwildlifecontrol.com\\\/fr\\\/#website\"},\"datePublished\":\"2024-07-26T23:11:26+00:00\",\"dateModified\":\"2025-02-12T15:11:30+00:00\",\"description\":\"Le merveilleux \u00e9cholocation des chauves-souris : Naviguer la nuit : D\u00e9couvrez comment fonctionne l'\u00e9cholocation avec Aspen Wildlife Control \u00e0 Ottawa-Gatineau.\",\"breadcrumb\":{\"@id\":\"https:\\\/\\\/aspenwildlifecontrol.com\\\/fr\\\/prestations-de-service\\\/chauve-souris\\\/le-phenomene-de-lecholocation-chez-les-chauves-souris\\\/#breadcrumb\"},\"inLanguage\":\"fr-FR\",\"potentialAction\":[{\"@type\":\"ReadAction\",\"target\":[\"https:\\\/\\\/aspenwildlifecontrol.com\\\/fr\\\/prestations-de-service\\\/chauve-souris\\\/le-phenomene-de-lecholocation-chez-les-chauves-souris\\\/\"]}]},{\"@type\":\"BreadcrumbList\",\"@id\":\"https:\\\/\\\/aspenwildlifecontrol.com\\\/fr\\\/prestations-de-service\\\/chauve-souris\\\/le-phenomene-de-lecholocation-chez-les-chauves-souris\\\/#breadcrumb\",\"itemListElement\":[{\"@type\":\"ListItem\",\"position\":1,\"name\":\"Home\",\"item\":\"https:\\\/\\\/aspenwildlifecontrol.com\\\/fr\\\/\"},{\"@type\":\"ListItem\",\"position\":2,\"name\":\"Service control animal\",\"item\":\"https:\\\/\\\/aspenwildlifecontrol.com\\\/fr\\\/prestations-de-service\\\/\"},{\"@type\":\"ListItem\",\"position\":3,\"name\":\"Chauve souris\",\"item\":\"https:\\\/\\\/aspenwildlifecontrol.com\\\/fr\\\/prestations-de-service\\\/chauve-souris\\\/\"},{\"@type\":\"ListItem\",\"position\":4,\"name\":\"Le ph\u00e9nom\u00e8ne de l&rsquo;\u00e9cholocation chez les chauves-souris : naviguer dans la nuit\"}]},{\"@type\":\"WebSite\",\"@id\":\"https:\\\/\\\/aspenwildlifecontrol.com\\\/fr\\\/#website\",\"url\":\"https:\\\/\\\/aspenwildlifecontrol.com\\\/fr\\\/\",\"name\":\"Aspen Wildlife Control\",\"description\":\"Fast, humane wildlife removal in Ottawa-Gatineau \u2014 guaranteed results, 24\\\/7 service\",\"potentialAction\":[{\"@type\":\"SearchAction\",\"target\":{\"@type\":\"EntryPoint\",\"urlTemplate\":\"https:\\\/\\\/aspenwildlifecontrol.com\\\/fr\\\/?s={search_term_string}\"},\"query-input\":{\"@type\":\"PropertyValueSpecification\",\"valueRequired\":true,\"valueName\":\"search_term_string\"}}],\"inLanguage\":\"fr-FR\"}]}<\/script>\n<!-- \/ Yoast SEO Premium plugin. -->","yoast_head_json":{"title":"Le ph\u00e9nom\u00e8ne de l'\u00e9cholocation chez les chauves-souris : naviguer dans la nuit","description":"Le merveilleux \u00e9cholocation des chauves-souris : Naviguer la nuit : D\u00e9couvrez comment fonctionne l'\u00e9cholocation avec Aspen Wildlife Control \u00e0 Ottawa-Gatineau.","robots":{"index":"index","follow":"follow","max-snippet":"max-snippet:-1","max-image-preview":"max-image-preview:large","max-video-preview":"max-video-preview:-1"},"canonical":"https:\/\/aspenwildlifecontrol.com\/fr\/prestations-de-service\/chauve-souris\/le-phenomene-de-lecholocation-chez-les-chauves-souris\/","og_locale":"fr_FR","og_type":"article","og_title":"Le ph\u00e9nom\u00e8ne de l'\u00e9cholocation chez les chauves-souris : naviguer dans la nuit","og_description":"Le merveilleux \u00e9cholocation des chauves-souris : Naviguer la nuit : D\u00e9couvrez comment fonctionne l'\u00e9cholocation avec Aspen Wildlife Control \u00e0 Ottawa-Gatineau.","og_url":"https:\/\/aspenwildlifecontrol.com\/fr\/prestations-de-service\/chauve-souris\/le-phenomene-de-lecholocation-chez-les-chauves-souris\/","og_site_name":"Aspen Wildlife Control","article_modified_time":"2025-02-12T15:11:30+00:00","twitter_card":"summary_large_image","twitter_misc":{"Dur\u00e9e de lecture estim\u00e9e":"4 minutes"},"schema":{"@context":"https:\/\/schema.org","@graph":[{"@type":"WebPage","@id":"https:\/\/aspenwildlifecontrol.com\/fr\/prestations-de-service\/chauve-souris\/le-phenomene-de-lecholocation-chez-les-chauves-souris\/","url":"https:\/\/aspenwildlifecontrol.com\/fr\/prestations-de-service\/chauve-souris\/le-phenomene-de-lecholocation-chez-les-chauves-souris\/","name":"Le ph\u00e9nom\u00e8ne de l'\u00e9cholocation chez les chauves-souris : naviguer dans la nuit","isPartOf":{"@id":"https:\/\/aspenwildlifecontrol.com\/fr\/#website"},"datePublished":"2024-07-26T23:11:26+00:00","dateModified":"2025-02-12T15:11:30+00:00","description":"Le merveilleux \u00e9cholocation des chauves-souris : Naviguer la nuit : D\u00e9couvrez comment fonctionne l'\u00e9cholocation avec Aspen Wildlife Control \u00e0 Ottawa-Gatineau.","breadcrumb":{"@id":"https:\/\/aspenwildlifecontrol.com\/fr\/prestations-de-service\/chauve-souris\/le-phenomene-de-lecholocation-chez-les-chauves-souris\/#breadcrumb"},"inLanguage":"fr-FR","potentialAction":[{"@type":"ReadAction","target":["https:\/\/aspenwildlifecontrol.com\/fr\/prestations-de-service\/chauve-souris\/le-phenomene-de-lecholocation-chez-les-chauves-souris\/"]}]},{"@type":"BreadcrumbList","@id":"https:\/\/aspenwildlifecontrol.com\/fr\/prestations-de-service\/chauve-souris\/le-phenomene-de-lecholocation-chez-les-chauves-souris\/#breadcrumb","itemListElement":[{"@type":"ListItem","position":1,"name":"Home","item":"https:\/\/aspenwildlifecontrol.com\/fr\/"},{"@type":"ListItem","position":2,"name":"Service control animal","item":"https:\/\/aspenwildlifecontrol.com\/fr\/prestations-de-service\/"},{"@type":"ListItem","position":3,"name":"Chauve souris","item":"https:\/\/aspenwildlifecontrol.com\/fr\/prestations-de-service\/chauve-souris\/"},{"@type":"ListItem","position":4,"name":"Le ph\u00e9nom\u00e8ne de l&rsquo;\u00e9cholocation chez les chauves-souris : naviguer dans la nuit"}]},{"@type":"WebSite","@id":"https:\/\/aspenwildlifecontrol.com\/fr\/#website","url":"https:\/\/aspenwildlifecontrol.com\/fr\/","name":"Aspen Wildlife Control","description":"Fast, humane wildlife removal in Ottawa-Gatineau \u2014 guaranteed results, 24\/7 service","potentialAction":[{"@type":"SearchAction","target":{"@type":"EntryPoint","urlTemplate":"https:\/\/aspenwildlifecontrol.com\/fr\/?s={search_term_string}"},"query-input":{"@type":"PropertyValueSpecification","valueRequired":true,"valueName":"search_term_string"}}],"inLanguage":"fr-FR"}]}},"_links":{"self":[{"href":"https:\/\/aspenwildlifecontrol.com\/fr\/wp-json\/wp\/v2\/pages\/1068","targetHints":{"allow":["GET"]}}],"collection":[{"href":"https:\/\/aspenwildlifecontrol.com\/fr\/wp-json\/wp\/v2\/pages"}],"about":[{"href":"https:\/\/aspenwildlifecontrol.com\/fr\/wp-json\/wp\/v2\/types\/page"}],"author":[{"embeddable":true,"href":"https:\/\/aspenwildlifecontrol.com\/fr\/wp-json\/wp\/v2\/users\/1"}],"replies":[{"embeddable":true,"href":"https:\/\/aspenwildlifecontrol.com\/fr\/wp-json\/wp\/v2\/comments?post=1068"}],"version-history":[{"count":3,"href":"https:\/\/aspenwildlifecontrol.com\/fr\/wp-json\/wp\/v2\/pages\/1068\/revisions"}],"predecessor-version":[{"id":3284,"href":"https:\/\/aspenwildlifecontrol.com\/fr\/wp-json\/wp\/v2\/pages\/1068\/revisions\/3284"}],"up":[{"embeddable":true,"href":"https:\/\/aspenwildlifecontrol.com\/fr\/wp-json\/wp\/v2\/pages\/975"}],"wp:attachment":[{"href":"https:\/\/aspenwildlifecontrol.com\/fr\/wp-json\/wp\/v2\/media?parent=1068"}],"curies":[{"name":"wp","href":"https:\/\/api.w.org\/{rel}","templated":true}]}}