{"id":1067,"date":"2024-07-26T19:03:47","date_gmt":"2024-07-26T23:03:47","guid":{"rendered":"https:\/\/aspenwildlifecontrol.com\/prestations-de-service\/chauve-souris\/les-especes-diversifiees-de-chauves-souris-en-ottawa-gatineau\/"},"modified":"2025-02-12T10:12:43","modified_gmt":"2025-02-12T15:12:43","slug":"les-especes-diversifiees-de-chauves-souris-en-ottawa-gatineau","status":"publish","type":"page","link":"https:\/\/aspenwildlifecontrol.com\/fr\/prestations-de-service\/chauve-souris\/les-especes-diversifiees-de-chauves-souris-en-ottawa-gatineau\/","title":{"rendered":"Les esp\u00e8ces diversifi\u00e9es de chauves-souris en Ottawa-Gatineau"},"content":{"rendered":"<p>Ottawa-Gatineau abrite une remarquable diversit\u00e9 d&rsquo;esp\u00e8ces de chauves-souris, avec environ 150 esp\u00e8ces qui y ont \u00e9lu domicile. Ces esp\u00e8ces occupent une vari\u00e9t\u00e9 de r\u00f4les \u00e9cologiques, allant de pr\u00e9dateurs d&rsquo;insectes \u00e0 pollinisateurs et dispersateurs de graines, soulignant les r\u00f4les cruciaux que les chauves-souris jouent dans le maintien d&rsquo;\u00e9cosyst\u00e8mes sains. Voici une exploration de la diversit\u00e9 des esp\u00e8ces de chauves-souris Ottawa-Gatineau, de leurs adaptations uniques et des niches \u00e9cologiques qu&rsquo;elles occupent.<\/p>\n<h5><strong>Distribution g\u00e9ographique et variation de l&rsquo;habitat<\/strong><\/h5>\n<div class=\"et_pb_module et_pb_text et_pb_text_2 et_pb_text_align_left et_pb_bg_layout_light et_had_animation\">\n<div class=\"et_pb_text_inner\">\n<p><span style=\"font-weight: 400;\">Les chauves-souris Ottawa-Gatineau sont r\u00e9parties dans une large gamme d&rsquo;environnements, des for\u00eats pluviales humides de l&rsquo;Am\u00e9rique centrale aux d\u00e9serts arides du sud-ouest des \u00c9tats-Unis et aux for\u00eats bor\u00e9ales du Canada. Cette diversit\u00e9 g\u00e9ographique et climatique a conduit \u00e0 une large gamme d&rsquo;adaptations et de comportements parmi les populations de chauves-souris. Certaines esp\u00e8ces, comme la chauve-souris libre mexicaine, se trouvent en grand nombre dans le sud des \u00c9tats-Unis, prosp\u00e9rant dans des climats chauds et nichant dans de grandes grottes ou sous les ponts.<\/span><\/p>\n<\/div>\n<\/div>\n<h5><strong>Diversit\u00e9 des esp\u00e8ces<\/strong><\/h5>\n<div class=\"et_pb_module et_pb_text et_pb_text_4 et_pb_text_align_left et_pb_bg_layout_light et_had_animation\">\n<div class=\"et_pb_text_inner\">\n<p><span style=\"font-weight: 400;\">Parmi les esp\u00e8ces les plus notables en Ottawa-Gatineau se trouve la petite chauve-souris brune (Myotis lucifugus), couramment trouv\u00e9e aux \u00c9tats-Unis et au Canada. Cette esp\u00e8ce est cruciale pour le contr\u00f4le des populations d&rsquo;insectes, car elle consomme une vari\u00e9t\u00e9 d&rsquo;insectes, y compris des moustiques. Une autre esp\u00e8ce significative est la grande chauve-souris brune (Eptesicus fuscus), qui partage des habitats similaires et joue \u00e9galement un r\u00f4le vital dans le contr\u00f4le des parasites.<\/span><\/p>\n<p><span style=\"font-weight: 400;\">En contraste, la chauve-souris de l&rsquo;Indiana (Myotis sodalis), qui est similaire en taille et en apparence \u00e0 la petite chauve-souris brune, est class\u00e9e comme en danger en raison de d\u00e9clins s\u00e9v\u00e8res de population caus\u00e9s par la perte d&rsquo;habitat et le syndrome du nez blanc. Cette maladie a d\u00e9vast\u00e9 les populations de chauves-souris \u00e0 travers le continent, soulignant la vuln\u00e9rabilit\u00e9 de ces cr\u00e9atures.<\/span><\/p>\n<\/div>\n<\/div>\n<h5><strong>\u00c9cholocation et recherche de nourriture<\/strong><\/h5>\n<p><span style=\"font-weight: 400;\">La plupart des chauves-souris Ottawa-Gatineau comptent sur l&rsquo;\u00e9cholocation pour naviguer et chasser dans l&rsquo;obscurit\u00e9. Ce syst\u00e8me de sonar biologique implique l&rsquo;\u00e9mission de sons \u00e0 haute fr\u00e9quence qui rebondissent sur les objets, renvoyant des \u00e9chos que les chauves-souris interpr\u00e8tent pour d\u00e9terminer la localisation, la taille et la texture de l&rsquo;objet. L&rsquo;\u00e9cholocation permet \u00e0 des chauves-souris comme la chauve-souris rouge de l&rsquo;Est (Lasiurus borealis) de capturer des insectes en plein vol, m\u00eame dans l&rsquo;obscurit\u00e9 totale.<\/span><\/p>\n<h5><strong>R\u00e9gime alimentaire et r\u00f4les \u00e9cologiques<\/strong><\/h5>\n<p><span style=\"font-weight: 400;\">Les pr\u00e9f\u00e9rences alimentaires parmi les chauves-souris Ottawa-Gatineau varient consid\u00e9rablement. Bien que la majorit\u00e9 soient insectivores, certaines esp\u00e8ces ont des r\u00e9gimes sp\u00e9cialis\u00e9s. La chauve-souris \u00e0 long nez moins longue (Leptonycteris yerbabuenae) et la chauve-souris \u00e0 longue langue mexicaine (Choeronycteris mexicana), par exemple, sont des mangeuses de nectar qui jouent des r\u00f4les cruciaux dans la pollinisation des plantes du d\u00e9sert comme les saguaros et les cactus \u00e0 tuyaux d&rsquo;orgue. Ces activit\u00e9s de pollinisation sont cruciales pour la reproduction de ces plantes et la sant\u00e9 globale de leurs \u00e9cosyst\u00e8mes.<\/span><\/p>\n<h5><strong>Strat\u00e9gies de reproduction<\/strong><\/h5>\n<p><span style=\"font-weight: 400;\">Les strat\u00e9gies de reproduction parmi les chauves-souris Ottawa-Gatineau sont adapt\u00e9es \u00e0 leurs environnements. La plupart des chauves-souris ont un taux de reproduction lent, donnant naissance g\u00e9n\u00e9ralement \u00e0 un seul petit par an. Les colonies de maternit\u00e9 o\u00f9 les femelles se rassemblent pour donner naissance et \u00e9lever leurs jeunes sont courantes. Les environnements chauds et stables de ces colonies sont vitaux pour la survie des petits, qui naissent sans fourrure et sont largement sans d\u00e9fense.<\/span><\/p>\n<h5><strong>D\u00e9fis de conservation<\/strong><\/h5>\n<p><span style=\"font-weight: 400;\">La conservation des esp\u00e8ces de chauves-souris en Ottawa-Gatineau fait face \u00e0 plusieurs d\u00e9fis. La destruction de l&rsquo;habitat et les perturbations humaines continuent de menacer les habitats des chauves-souris. De plus, le syndrome du nez blanc reste une pr\u00e9occupation majeure, ayant tu\u00e9 des millions de chauves-souris depuis sa d\u00e9couverte. Les efforts de conservation incluent la pr\u00e9servation de l&rsquo;habitat, la recherche sur l&rsquo;\u00e9cologie des chauves-souris, et l&rsquo;\u00e9ducation publique pour r\u00e9duire les perturbations des chauves-souris en repos.<\/span><\/p>\n<h5><strong>R\u00f4le des chauves-souris dans la sant\u00e9 publique<\/strong><\/h5>\n<p><span style=\"font-weight: 400;\">Les chauves-souris sont souvent mal comprises et parfois craintes. Cependant, leur r\u00f4le dans le contr\u00f4le des populations de parasites b\u00e9n\u00e9ficie directement \u00e0 l&rsquo;agriculture et \u00e0 la sant\u00e9 humaine en r\u00e9duisant le besoin de pesticides et en diminuant la propagation des maladies transmises par les insectes. De plus, le guano de chauve-souris est utilis\u00e9 comme un engrais naturel, contribuant \u00e0 l&rsquo;\u00e9conomie agricole.<\/span><\/p>\n<p><span style=\"font-weight: 400;\">Si vous d\u00e9couvrez des chauves-souris chez vous, il est crucial de traiter la situation rapidement et humainement en contactant Aspen Wildlife Control, les experts en capture des chauves-souris dans la r\u00e9gion d&rsquo;Ottawa-Gatineau. Avec leurs connaissances sp\u00e9cialis\u00e9es et leurs techniques d&rsquo;\u00e9limination \u00e9prouv\u00e9es et humaines, Aspen Wildlife Control peut r\u00e9soudre en toute s\u00e9curit\u00e9 et efficacement tout probl\u00e8me de chauves-souris auquel vous pourriez \u00eatre confront\u00e9. Leur \u00e9quipe de professionnels est \u00e9quip\u00e9e pour garantir que les chauves-souris sont retir\u00e9es sans dommage, et ils fournissent \u00e9galement des solutions pour pr\u00e9venir les futures infestations, prot\u00e9geant \u00e0 la fois votre maison et la population locale de chauves-souris. Ne risquez pas la sant\u00e9 et la s\u00e9curit\u00e9 de votre foyer, laissez les experts d&rsquo;Aspen Wildlife Control prendre soin de vos probl\u00e8mes de chauves-souris.<\/span><\/p>\n","protected":false},"excerpt":{"rendered":"<p>Ottawa-Gatineau abrite une remarquable diversit\u00e9 d&rsquo;esp\u00e8ces de chauves-souris, avec environ 150 esp\u00e8ces qui y ont \u00e9lu domicile. Ces esp\u00e8ces occupent une vari\u00e9t\u00e9 de r\u00f4les \u00e9cologiques, allant de pr\u00e9dateurs d&rsquo;insectes \u00e0 pollinisateurs et dispersateurs de graines, soulignant les r\u00f4les cruciaux que les chauves-souris jouent dans le maintien d&rsquo;\u00e9cosyst\u00e8mes sains. Voici une exploration de la diversit\u00e9 des&hellip; <a class=\"more-link\" href=\"https:\/\/aspenwildlifecontrol.com\/fr\/prestations-de-service\/chauve-souris\/les-especes-diversifiees-de-chauves-souris-en-ottawa-gatineau\/\">Poursuivre la lecture <span class=\"screen-reader-text\">Les esp\u00e8ces diversifi\u00e9es de chauves-souris en Ottawa-Gatineau<\/span><\/a><\/p>\n","protected":false},"author":1,"featured_media":0,"parent":975,"menu_order":0,"comment_status":"closed","ping_status":"closed","template":"","meta":{"_acf_changed":false,"footnotes":""},"class_list":["post-1067","page","type-page","status-publish","hentry","entry"],"acf":[],"yoast_head":"<!-- This site is optimized with the Yoast SEO Premium plugin v26.8 (Yoast SEO v27.5) - https:\/\/yoast.com\/product\/yoast-seo-premium-wordpress\/ -->\n<title>Les esp\u00e8ces diversifi\u00e9es de chauves-souris | Aspen Wildlife Control Gatineau<\/title>\n<meta name=\"description\" content=\"Les esp\u00e8ces diverses de chauves-souris \u00e0 Ottawa\/Gatineau : D\u00e9couvrez les diverses esp\u00e8ces avec Aspen Wildlife Control \u00e0 Ottawa-Gatineau.\" \/>\n<meta name=\"robots\" content=\"index, follow, max-snippet:-1, max-image-preview:large, max-video-preview:-1\" \/>\n<link rel=\"canonical\" href=\"https:\/\/aspenwildlifecontrol.com\/fr\/prestations-de-service\/chauve-souris\/les-especes-diversifiees-de-chauves-souris-en-ottawa-gatineau\/\" \/>\n<meta property=\"og:locale\" content=\"fr_FR\" \/>\n<meta property=\"og:type\" content=\"article\" \/>\n<meta property=\"og:title\" content=\"Les esp\u00e8ces diversifi\u00e9es de chauves-souris en Ottawa-Gatineau\" \/>\n<meta property=\"og:description\" content=\"Les esp\u00e8ces diverses de chauves-souris \u00e0 Ottawa\/Gatineau : D\u00e9couvrez les diverses esp\u00e8ces avec Aspen Wildlife Control \u00e0 Ottawa-Gatineau.\" \/>\n<meta property=\"og:url\" content=\"https:\/\/aspenwildlifecontrol.com\/fr\/prestations-de-service\/chauve-souris\/les-especes-diversifiees-de-chauves-souris-en-ottawa-gatineau\/\" \/>\n<meta property=\"og:site_name\" content=\"Aspen Wildlife Control\" \/>\n<meta property=\"article:modified_time\" content=\"2025-02-12T15:12:43+00:00\" \/>\n<meta name=\"twitter:card\" content=\"summary_large_image\" \/>\n<meta name=\"twitter:label1\" content=\"Dur\u00e9e de lecture estim\u00e9e\" \/>\n\t<meta name=\"twitter:data1\" content=\"4 minutes\" \/>\n<script type=\"application\/ld+json\" class=\"yoast-schema-graph\">{\"@context\":\"https:\\\/\\\/schema.org\",\"@graph\":[{\"@type\":\"WebPage\",\"@id\":\"https:\\\/\\\/aspenwildlifecontrol.com\\\/fr\\\/prestations-de-service\\\/chauve-souris\\\/les-especes-diversifiees-de-chauves-souris-en-ottawa-gatineau\\\/\",\"url\":\"https:\\\/\\\/aspenwildlifecontrol.com\\\/fr\\\/prestations-de-service\\\/chauve-souris\\\/les-especes-diversifiees-de-chauves-souris-en-ottawa-gatineau\\\/\",\"name\":\"Les esp\u00e8ces diversifi\u00e9es de chauves-souris | Aspen Wildlife Control Gatineau\",\"isPartOf\":{\"@id\":\"https:\\\/\\\/aspenwildlifecontrol.com\\\/fr\\\/#website\"},\"datePublished\":\"2024-07-26T23:03:47+00:00\",\"dateModified\":\"2025-02-12T15:12:43+00:00\",\"description\":\"Les esp\u00e8ces diverses de chauves-souris \u00e0 Ottawa\\\/Gatineau : D\u00e9couvrez les diverses esp\u00e8ces avec Aspen Wildlife Control \u00e0 Ottawa-Gatineau.\",\"breadcrumb\":{\"@id\":\"https:\\\/\\\/aspenwildlifecontrol.com\\\/fr\\\/prestations-de-service\\\/chauve-souris\\\/les-especes-diversifiees-de-chauves-souris-en-ottawa-gatineau\\\/#breadcrumb\"},\"inLanguage\":\"fr-FR\",\"potentialAction\":[{\"@type\":\"ReadAction\",\"target\":[\"https:\\\/\\\/aspenwildlifecontrol.com\\\/fr\\\/prestations-de-service\\\/chauve-souris\\\/les-especes-diversifiees-de-chauves-souris-en-ottawa-gatineau\\\/\"]}]},{\"@type\":\"BreadcrumbList\",\"@id\":\"https:\\\/\\\/aspenwildlifecontrol.com\\\/fr\\\/prestations-de-service\\\/chauve-souris\\\/les-especes-diversifiees-de-chauves-souris-en-ottawa-gatineau\\\/#breadcrumb\",\"itemListElement\":[{\"@type\":\"ListItem\",\"position\":1,\"name\":\"Home\",\"item\":\"https:\\\/\\\/aspenwildlifecontrol.com\\\/fr\\\/\"},{\"@type\":\"ListItem\",\"position\":2,\"name\":\"Service control animal\",\"item\":\"https:\\\/\\\/aspenwildlifecontrol.com\\\/fr\\\/prestations-de-service\\\/\"},{\"@type\":\"ListItem\",\"position\":3,\"name\":\"Chauve souris\",\"item\":\"https:\\\/\\\/aspenwildlifecontrol.com\\\/fr\\\/prestations-de-service\\\/chauve-souris\\\/\"},{\"@type\":\"ListItem\",\"position\":4,\"name\":\"Les esp\u00e8ces diversifi\u00e9es de chauves-souris en Ottawa-Gatineau\"}]},{\"@type\":\"WebSite\",\"@id\":\"https:\\\/\\\/aspenwildlifecontrol.com\\\/fr\\\/#website\",\"url\":\"https:\\\/\\\/aspenwildlifecontrol.com\\\/fr\\\/\",\"name\":\"Aspen Wildlife Control\",\"description\":\"Fast, humane wildlife removal in Ottawa-Gatineau \u2014 guaranteed results, 24\\\/7 service\",\"potentialAction\":[{\"@type\":\"SearchAction\",\"target\":{\"@type\":\"EntryPoint\",\"urlTemplate\":\"https:\\\/\\\/aspenwildlifecontrol.com\\\/fr\\\/?s={search_term_string}\"},\"query-input\":{\"@type\":\"PropertyValueSpecification\",\"valueRequired\":true,\"valueName\":\"search_term_string\"}}],\"inLanguage\":\"fr-FR\"}]}<\/script>\n<!-- \/ Yoast SEO Premium plugin. -->","yoast_head_json":{"title":"Les esp\u00e8ces diversifi\u00e9es de chauves-souris | Aspen Wildlife Control Gatineau","description":"Les esp\u00e8ces diverses de chauves-souris \u00e0 Ottawa\/Gatineau : D\u00e9couvrez les diverses esp\u00e8ces avec Aspen Wildlife Control \u00e0 Ottawa-Gatineau.","robots":{"index":"index","follow":"follow","max-snippet":"max-snippet:-1","max-image-preview":"max-image-preview:large","max-video-preview":"max-video-preview:-1"},"canonical":"https:\/\/aspenwildlifecontrol.com\/fr\/prestations-de-service\/chauve-souris\/les-especes-diversifiees-de-chauves-souris-en-ottawa-gatineau\/","og_locale":"fr_FR","og_type":"article","og_title":"Les esp\u00e8ces diversifi\u00e9es de chauves-souris en Ottawa-Gatineau","og_description":"Les esp\u00e8ces diverses de chauves-souris \u00e0 Ottawa\/Gatineau : D\u00e9couvrez les diverses esp\u00e8ces avec Aspen Wildlife Control \u00e0 Ottawa-Gatineau.","og_url":"https:\/\/aspenwildlifecontrol.com\/fr\/prestations-de-service\/chauve-souris\/les-especes-diversifiees-de-chauves-souris-en-ottawa-gatineau\/","og_site_name":"Aspen Wildlife Control","article_modified_time":"2025-02-12T15:12:43+00:00","twitter_card":"summary_large_image","twitter_misc":{"Dur\u00e9e de lecture estim\u00e9e":"4 minutes"},"schema":{"@context":"https:\/\/schema.org","@graph":[{"@type":"WebPage","@id":"https:\/\/aspenwildlifecontrol.com\/fr\/prestations-de-service\/chauve-souris\/les-especes-diversifiees-de-chauves-souris-en-ottawa-gatineau\/","url":"https:\/\/aspenwildlifecontrol.com\/fr\/prestations-de-service\/chauve-souris\/les-especes-diversifiees-de-chauves-souris-en-ottawa-gatineau\/","name":"Les esp\u00e8ces diversifi\u00e9es de chauves-souris | Aspen Wildlife Control Gatineau","isPartOf":{"@id":"https:\/\/aspenwildlifecontrol.com\/fr\/#website"},"datePublished":"2024-07-26T23:03:47+00:00","dateModified":"2025-02-12T15:12:43+00:00","description":"Les esp\u00e8ces diverses de chauves-souris \u00e0 Ottawa\/Gatineau : D\u00e9couvrez les diverses esp\u00e8ces avec Aspen Wildlife Control \u00e0 Ottawa-Gatineau.","breadcrumb":{"@id":"https:\/\/aspenwildlifecontrol.com\/fr\/prestations-de-service\/chauve-souris\/les-especes-diversifiees-de-chauves-souris-en-ottawa-gatineau\/#breadcrumb"},"inLanguage":"fr-FR","potentialAction":[{"@type":"ReadAction","target":["https:\/\/aspenwildlifecontrol.com\/fr\/prestations-de-service\/chauve-souris\/les-especes-diversifiees-de-chauves-souris-en-ottawa-gatineau\/"]}]},{"@type":"BreadcrumbList","@id":"https:\/\/aspenwildlifecontrol.com\/fr\/prestations-de-service\/chauve-souris\/les-especes-diversifiees-de-chauves-souris-en-ottawa-gatineau\/#breadcrumb","itemListElement":[{"@type":"ListItem","position":1,"name":"Home","item":"https:\/\/aspenwildlifecontrol.com\/fr\/"},{"@type":"ListItem","position":2,"name":"Service control animal","item":"https:\/\/aspenwildlifecontrol.com\/fr\/prestations-de-service\/"},{"@type":"ListItem","position":3,"name":"Chauve souris","item":"https:\/\/aspenwildlifecontrol.com\/fr\/prestations-de-service\/chauve-souris\/"},{"@type":"ListItem","position":4,"name":"Les esp\u00e8ces diversifi\u00e9es de chauves-souris en Ottawa-Gatineau"}]},{"@type":"WebSite","@id":"https:\/\/aspenwildlifecontrol.com\/fr\/#website","url":"https:\/\/aspenwildlifecontrol.com\/fr\/","name":"Aspen Wildlife Control","description":"Fast, humane wildlife removal in Ottawa-Gatineau \u2014 guaranteed results, 24\/7 service","potentialAction":[{"@type":"SearchAction","target":{"@type":"EntryPoint","urlTemplate":"https:\/\/aspenwildlifecontrol.com\/fr\/?s={search_term_string}"},"query-input":{"@type":"PropertyValueSpecification","valueRequired":true,"valueName":"search_term_string"}}],"inLanguage":"fr-FR"}]}},"_links":{"self":[{"href":"https:\/\/aspenwildlifecontrol.com\/fr\/wp-json\/wp\/v2\/pages\/1067","targetHints":{"allow":["GET"]}}],"collection":[{"href":"https:\/\/aspenwildlifecontrol.com\/fr\/wp-json\/wp\/v2\/pages"}],"about":[{"href":"https:\/\/aspenwildlifecontrol.com\/fr\/wp-json\/wp\/v2\/types\/page"}],"author":[{"embeddable":true,"href":"https:\/\/aspenwildlifecontrol.com\/fr\/wp-json\/wp\/v2\/users\/1"}],"replies":[{"embeddable":true,"href":"https:\/\/aspenwildlifecontrol.com\/fr\/wp-json\/wp\/v2\/comments?post=1067"}],"version-history":[{"count":2,"href":"https:\/\/aspenwildlifecontrol.com\/fr\/wp-json\/wp\/v2\/pages\/1067\/revisions"}],"predecessor-version":[{"id":3286,"href":"https:\/\/aspenwildlifecontrol.com\/fr\/wp-json\/wp\/v2\/pages\/1067\/revisions\/3286"}],"up":[{"embeddable":true,"href":"https:\/\/aspenwildlifecontrol.com\/fr\/wp-json\/wp\/v2\/pages\/975"}],"wp:attachment":[{"href":"https:\/\/aspenwildlifecontrol.com\/fr\/wp-json\/wp\/v2\/media?parent=1067"}],"curies":[{"name":"wp","href":"https:\/\/api.w.org\/{rel}","templated":true}]}}