{"id":1056,"date":"2024-03-22T14:53:13","date_gmt":"2024-03-22T18:53:13","guid":{"rendered":"https:\/\/aspenwildlifecontrol.com\/prestations-de-service\/souris\/signes-dune-infestation-de-souris-chez-soi\/"},"modified":"2025-02-11T10:25:16","modified_gmt":"2025-02-11T15:25:16","slug":"signes-dune-infestation-de-souris-chez-soi","status":"publish","type":"page","link":"https:\/\/aspenwildlifecontrol.com\/fr\/prestations-de-service\/souris\/signes-dune-infestation-de-souris-chez-soi\/","title":{"rendered":"Signes d&rsquo;une infestation de souris chez soi"},"content":{"rendered":"<ul>\n<li style=\"font-weight: 400;\" aria-level=\"1\"><b>Observations<\/b><span style=\"font-weight: 400;\"> : Apercevoir des souris vivantes qui se faufilent dans votre maison est un signe clair d&rsquo;une infestation. De plus, soyez attentif \u00e0 leurs excr\u00e9ments &#8211; de petits pellets sombres &#8211; dans les placards, les tiroirs ou le long des plinthes.<\/span><\/li>\n<li style=\"font-weight: 400;\" aria-level=\"1\"><b>Bruit<\/b><span style=\"font-weight: 400;\"> : Des bruits de grattage ou de couinement inhabituels provenant des murs ou des plafonds peuvent indiquer une activit\u00e9 de souris.<\/span><\/li>\n<li style=\"font-weight: 400;\" aria-level=\"1\"><b>Traces de rongement<\/b><span style=\"font-weight: 400;\"> : Des dommages aux emballages alimentaires, aux pieds de meubles, aux fils ou \u00e0 l&rsquo;isolation peuvent \u00eatre caus\u00e9s par les souris qui rongent pour acc\u00e9der \u00e0 la nourriture ou user leurs dents qui poussent constamment.<\/span><\/li>\n<li style=\"font-weight: 400;\" aria-level=\"1\"><b>Nids<\/b><span style=\"font-weight: 400;\"> : D\u00e9couvrir du papier d\u00e9chiquet\u00e9, du tissu ou d&rsquo;autres mat\u00e9riaux de nidification dans les greniers, les sous-sols ou derri\u00e8re les appareils peut \u00eatre un signe d&rsquo;une population en reproduction.<\/span><\/li>\n<\/ul>\n<h5><b>M\u00e9thodes de capture s\u00fbres et efficaces :<\/b><\/h5>\n<p><span style=\"font-weight: 400;\">Nous privil\u00e9gions des solutions humaines et durables conformes aux r\u00e9glementations provinciales \u00e9tablies par le minist\u00e8re des For\u00eats, de la Faune et des Parcs (<a href=\"https:\/\/www.quebec.ca\/agriculture-environnement-et-ressources-naturelles\/faune\">MFFP<\/a>). Voici quelques m\u00e9thodes que nous utilisons pour capturer les souris de votre maison \u00e0 Gatineau :<\/span><\/p>\n<ul>\n<li style=\"font-weight: 400;\" aria-level=\"1\"><b>Pi\u00e9geage strat\u00e9gique<\/b><span style=\"font-weight: 400;\"> : Nous pla\u00e7ons des pi\u00e8ges \u00e0 ressort ou des stations d&rsquo;app\u00e2t dans les zones fr\u00e9quent\u00e9es par les souris pour les capturer et les d\u00e9placer. Ces stations sont inviolables, assurant la s\u00e9curit\u00e9 des enfants et des animaux domestiques.<\/span><\/li>\n<li style=\"font-weight: 400;\" aria-level=\"1\"><b>Techniques d&rsquo;exclusion<\/b><span style=\"font-weight: 400;\"> : Sceller les points d&rsquo;entr\u00e9e autour de votre fondation, des tuyaux et des fils emp\u00eache les infestations futures et d\u00e9courage les souris de r\u00e9int\u00e9grer votre maison.<\/span><\/li>\n<li style=\"font-weight: 400;\" aria-level=\"1\"><b>D\u00e9sinfection<\/b><span style=\"font-weight: 400;\"> : Une fois que les souris sont parties, nous pouvons nettoyer et d\u00e9sinfecter les zones touch\u00e9es pour \u00e9liminer les excr\u00e9ments ou les mat\u00e9riaux de nidification qui peuvent h\u00e9berger des maladies.<\/span><\/li>\n<\/ul>\n<h5><b>Pourquoi choisir Aspen Wildlife Control ?<\/b><\/h5>\n<ul>\n<li style=\"font-weight: 400;\" aria-level=\"1\"><b>Techniciens exp\u00e9riment\u00e9s<\/b><span style=\"font-weight: 400;\"> : Nos techniciens sont hautement form\u00e9s et exp\u00e9riment\u00e9s dans la capture s\u00fbre et efficace des souris, garantissant une solution compl\u00e8te et durable.<\/span><\/li>\n<li style=\"font-weight: 400;\" aria-level=\"1\"><b>Approche compl\u00e8te<\/b><span style=\"font-weight: 400;\"> : Nous allons au-del\u00e0 de simplement capturer les souris existantes. Nous identifions et scellons les points d&rsquo;entr\u00e9e pour pr\u00e9venir les probl\u00e8mes futurs et offrons des mesures pr\u00e9ventives pour minimiser les attractifs.<\/span><\/li>\n<li style=\"font-weight: 400;\" aria-level=\"1\"><b>M\u00e9thodes humaines<\/b><span style=\"font-weight: 400;\"> : Le bien-\u00eatre des animaux nous tient \u00e0 c\u0153ur. Nous privil\u00e9gions des m\u00e9thodes humaines conformes aux r\u00e9glementations sur la faune.<\/span><\/li>\n<li style=\"font-weight: 400;\" aria-level=\"1\"><b>Satisfaction garantie<\/b><span style=\"font-weight: 400;\"> : Nous garantissons la qualit\u00e9 de notre travail et offrons une garantie sur nos services pour votre tranquillit\u00e9 d&rsquo;esprit.<\/span><\/li>\n<\/ul>\n<h5><b>Ne laissez pas les souris prendre le contr\u00f4le de votre maison !<\/b><\/h5>\n<p><span style=\"font-weight: 400;\">Contactez Aspen Wildlife Control d\u00e8s aujourd&rsquo;hui pour une consultation et un devis gratuits. Nous d\u00e9velopperons un plan personnalis\u00e9 pour capturer votre probl\u00e8me de souris \u00e0 Gatineau de mani\u00e8re humaine et efficace, vous rendant ainsi une maison s\u00fbre et saine.<\/span><\/p>\n","protected":false},"excerpt":{"rendered":"<p>Observations : Apercevoir des souris vivantes qui se faufilent dans votre maison est un signe clair d&rsquo;une infestation. De plus, soyez attentif \u00e0 leurs excr\u00e9ments &#8211; de petits pellets sombres &#8211; dans les placards, les tiroirs ou le long des plinthes. Bruit : Des bruits de grattage ou de couinement inhabituels provenant des murs ou&hellip; <a class=\"more-link\" href=\"https:\/\/aspenwildlifecontrol.com\/fr\/prestations-de-service\/souris\/signes-dune-infestation-de-souris-chez-soi\/\">Poursuivre la lecture <span class=\"screen-reader-text\">Signes d&rsquo;une infestation de souris chez soi<\/span><\/a><\/p>\n","protected":false},"author":1,"featured_media":0,"parent":976,"menu_order":0,"comment_status":"closed","ping_status":"closed","template":"","meta":{"_acf_changed":false,"footnotes":""},"class_list":["post-1056","page","type-page","status-publish","hentry","entry"],"acf":{"content":null,"cta_custom":"<h5>Services sur demande<\/h5>\r\nVous avez besoin de services\u00a0Souris\u00a0\u00e0 Ottawa-Gatineau ?\u00a0 <a href=\"https:\/\/aspenwildlifecontrol.com\/fr\/contact\/\">Contactez-nous<\/a>","schema":""},"yoast_head":"<!-- This site is optimized with the Yoast SEO Premium plugin v26.8 (Yoast SEO v27.5) - https:\/\/yoast.com\/product\/yoast-seo-premium-wordpress\/ -->\n<title>Signes d&#039;une infestation de souris chez soi | Aspen Wildlife Control<\/title>\n<meta name=\"description\" content=\"Signes d&#039;une infestation de souris chez soi \u00e0 Gatineau ou \u00e0 Ottawa. Comprendre les souris avec des solutions efficaces.\" \/>\n<meta name=\"robots\" content=\"index, follow, max-snippet:-1, max-image-preview:large, max-video-preview:-1\" \/>\n<link rel=\"canonical\" href=\"https:\/\/aspenwildlifecontrol.com\/fr\/prestations-de-service\/souris\/signes-dune-infestation-de-souris-chez-soi\/\" \/>\n<meta property=\"og:locale\" content=\"fr_FR\" \/>\n<meta property=\"og:type\" content=\"article\" \/>\n<meta property=\"og:title\" content=\"Signes d&#039;une infestation de souris chez soi\" \/>\n<meta property=\"og:description\" content=\"Signes d&#039;une infestation de souris chez soi \u00e0 Gatineau ou \u00e0 Ottawa. Comprendre les souris avec des solutions efficaces.\" \/>\n<meta property=\"og:url\" content=\"https:\/\/aspenwildlifecontrol.com\/fr\/prestations-de-service\/souris\/signes-dune-infestation-de-souris-chez-soi\/\" \/>\n<meta property=\"og:site_name\" content=\"Aspen Wildlife Control\" \/>\n<meta property=\"article:modified_time\" content=\"2025-02-11T15:25:16+00:00\" \/>\n<meta name=\"twitter:card\" content=\"summary_large_image\" \/>\n<meta name=\"twitter:label1\" content=\"Dur\u00e9e de lecture estim\u00e9e\" \/>\n\t<meta name=\"twitter:data1\" content=\"2 minutes\" \/>\n<script type=\"application\/ld+json\" class=\"yoast-schema-graph\">{\"@context\":\"https:\\\/\\\/schema.org\",\"@graph\":[{\"@type\":\"WebPage\",\"@id\":\"https:\\\/\\\/aspenwildlifecontrol.com\\\/fr\\\/prestations-de-service\\\/souris\\\/signes-dune-infestation-de-souris-chez-soi\\\/\",\"url\":\"https:\\\/\\\/aspenwildlifecontrol.com\\\/fr\\\/prestations-de-service\\\/souris\\\/signes-dune-infestation-de-souris-chez-soi\\\/\",\"name\":\"Signes d'une infestation de souris chez soi | Aspen Wildlife Control\",\"isPartOf\":{\"@id\":\"https:\\\/\\\/aspenwildlifecontrol.com\\\/fr\\\/#website\"},\"datePublished\":\"2024-03-22T18:53:13+00:00\",\"dateModified\":\"2025-02-11T15:25:16+00:00\",\"description\":\"Signes d'une infestation de souris chez soi \u00e0 Gatineau ou \u00e0 Ottawa. Comprendre les souris avec des solutions efficaces.\",\"breadcrumb\":{\"@id\":\"https:\\\/\\\/aspenwildlifecontrol.com\\\/fr\\\/prestations-de-service\\\/souris\\\/signes-dune-infestation-de-souris-chez-soi\\\/#breadcrumb\"},\"inLanguage\":\"fr-FR\",\"potentialAction\":[{\"@type\":\"ReadAction\",\"target\":[\"https:\\\/\\\/aspenwildlifecontrol.com\\\/fr\\\/prestations-de-service\\\/souris\\\/signes-dune-infestation-de-souris-chez-soi\\\/\"]}]},{\"@type\":\"BreadcrumbList\",\"@id\":\"https:\\\/\\\/aspenwildlifecontrol.com\\\/fr\\\/prestations-de-service\\\/souris\\\/signes-dune-infestation-de-souris-chez-soi\\\/#breadcrumb\",\"itemListElement\":[{\"@type\":\"ListItem\",\"position\":1,\"name\":\"Home\",\"item\":\"https:\\\/\\\/aspenwildlifecontrol.com\\\/fr\\\/\"},{\"@type\":\"ListItem\",\"position\":2,\"name\":\"Service control animal\",\"item\":\"https:\\\/\\\/aspenwildlifecontrol.com\\\/fr\\\/prestations-de-service\\\/\"},{\"@type\":\"ListItem\",\"position\":3,\"name\":\"Souris\",\"item\":\"https:\\\/\\\/aspenwildlifecontrol.com\\\/fr\\\/prestations-de-service\\\/souris\\\/\"},{\"@type\":\"ListItem\",\"position\":4,\"name\":\"Signes d&rsquo;une infestation de souris chez soi\"}]},{\"@type\":\"WebSite\",\"@id\":\"https:\\\/\\\/aspenwildlifecontrol.com\\\/fr\\\/#website\",\"url\":\"https:\\\/\\\/aspenwildlifecontrol.com\\\/fr\\\/\",\"name\":\"Aspen Wildlife Control\",\"description\":\"Fast, humane wildlife removal in Ottawa-Gatineau \u2014 guaranteed results, 24\\\/7 service\",\"potentialAction\":[{\"@type\":\"SearchAction\",\"target\":{\"@type\":\"EntryPoint\",\"urlTemplate\":\"https:\\\/\\\/aspenwildlifecontrol.com\\\/fr\\\/?s={search_term_string}\"},\"query-input\":{\"@type\":\"PropertyValueSpecification\",\"valueRequired\":true,\"valueName\":\"search_term_string\"}}],\"inLanguage\":\"fr-FR\"}]}<\/script>\n<!-- \/ Yoast SEO Premium plugin. -->","yoast_head_json":{"title":"Signes d'une infestation de souris chez soi | Aspen Wildlife Control","description":"Signes d'une infestation de souris chez soi \u00e0 Gatineau ou \u00e0 Ottawa. Comprendre les souris avec des solutions efficaces.","robots":{"index":"index","follow":"follow","max-snippet":"max-snippet:-1","max-image-preview":"max-image-preview:large","max-video-preview":"max-video-preview:-1"},"canonical":"https:\/\/aspenwildlifecontrol.com\/fr\/prestations-de-service\/souris\/signes-dune-infestation-de-souris-chez-soi\/","og_locale":"fr_FR","og_type":"article","og_title":"Signes d'une infestation de souris chez soi","og_description":"Signes d'une infestation de souris chez soi \u00e0 Gatineau ou \u00e0 Ottawa. Comprendre les souris avec des solutions efficaces.","og_url":"https:\/\/aspenwildlifecontrol.com\/fr\/prestations-de-service\/souris\/signes-dune-infestation-de-souris-chez-soi\/","og_site_name":"Aspen Wildlife Control","article_modified_time":"2025-02-11T15:25:16+00:00","twitter_card":"summary_large_image","twitter_misc":{"Dur\u00e9e de lecture estim\u00e9e":"2 minutes"},"schema":{"@context":"https:\/\/schema.org","@graph":[{"@type":"WebPage","@id":"https:\/\/aspenwildlifecontrol.com\/fr\/prestations-de-service\/souris\/signes-dune-infestation-de-souris-chez-soi\/","url":"https:\/\/aspenwildlifecontrol.com\/fr\/prestations-de-service\/souris\/signes-dune-infestation-de-souris-chez-soi\/","name":"Signes d'une infestation de souris chez soi | Aspen Wildlife Control","isPartOf":{"@id":"https:\/\/aspenwildlifecontrol.com\/fr\/#website"},"datePublished":"2024-03-22T18:53:13+00:00","dateModified":"2025-02-11T15:25:16+00:00","description":"Signes d'une infestation de souris chez soi \u00e0 Gatineau ou \u00e0 Ottawa. Comprendre les souris avec des solutions efficaces.","breadcrumb":{"@id":"https:\/\/aspenwildlifecontrol.com\/fr\/prestations-de-service\/souris\/signes-dune-infestation-de-souris-chez-soi\/#breadcrumb"},"inLanguage":"fr-FR","potentialAction":[{"@type":"ReadAction","target":["https:\/\/aspenwildlifecontrol.com\/fr\/prestations-de-service\/souris\/signes-dune-infestation-de-souris-chez-soi\/"]}]},{"@type":"BreadcrumbList","@id":"https:\/\/aspenwildlifecontrol.com\/fr\/prestations-de-service\/souris\/signes-dune-infestation-de-souris-chez-soi\/#breadcrumb","itemListElement":[{"@type":"ListItem","position":1,"name":"Home","item":"https:\/\/aspenwildlifecontrol.com\/fr\/"},{"@type":"ListItem","position":2,"name":"Service control animal","item":"https:\/\/aspenwildlifecontrol.com\/fr\/prestations-de-service\/"},{"@type":"ListItem","position":3,"name":"Souris","item":"https:\/\/aspenwildlifecontrol.com\/fr\/prestations-de-service\/souris\/"},{"@type":"ListItem","position":4,"name":"Signes d&rsquo;une infestation de souris chez soi"}]},{"@type":"WebSite","@id":"https:\/\/aspenwildlifecontrol.com\/fr\/#website","url":"https:\/\/aspenwildlifecontrol.com\/fr\/","name":"Aspen Wildlife Control","description":"Fast, humane wildlife removal in Ottawa-Gatineau \u2014 guaranteed results, 24\/7 service","potentialAction":[{"@type":"SearchAction","target":{"@type":"EntryPoint","urlTemplate":"https:\/\/aspenwildlifecontrol.com\/fr\/?s={search_term_string}"},"query-input":{"@type":"PropertyValueSpecification","valueRequired":true,"valueName":"search_term_string"}}],"inLanguage":"fr-FR"}]}},"_links":{"self":[{"href":"https:\/\/aspenwildlifecontrol.com\/fr\/wp-json\/wp\/v2\/pages\/1056","targetHints":{"allow":["GET"]}}],"collection":[{"href":"https:\/\/aspenwildlifecontrol.com\/fr\/wp-json\/wp\/v2\/pages"}],"about":[{"href":"https:\/\/aspenwildlifecontrol.com\/fr\/wp-json\/wp\/v2\/types\/page"}],"author":[{"embeddable":true,"href":"https:\/\/aspenwildlifecontrol.com\/fr\/wp-json\/wp\/v2\/users\/1"}],"replies":[{"embeddable":true,"href":"https:\/\/aspenwildlifecontrol.com\/fr\/wp-json\/wp\/v2\/comments?post=1056"}],"version-history":[{"count":2,"href":"https:\/\/aspenwildlifecontrol.com\/fr\/wp-json\/wp\/v2\/pages\/1056\/revisions"}],"predecessor-version":[{"id":3124,"href":"https:\/\/aspenwildlifecontrol.com\/fr\/wp-json\/wp\/v2\/pages\/1056\/revisions\/3124"}],"up":[{"embeddable":true,"href":"https:\/\/aspenwildlifecontrol.com\/fr\/wp-json\/wp\/v2\/pages\/976"}],"wp:attachment":[{"href":"https:\/\/aspenwildlifecontrol.com\/fr\/wp-json\/wp\/v2\/media?parent=1056"}],"curies":[{"name":"wp","href":"https:\/\/api.w.org\/{rel}","templated":true}]}}