{"id":1055,"date":"2024-03-22T14:36:05","date_gmt":"2024-03-22T18:36:05","guid":{"rendered":"https:\/\/aspenwildlifecontrol.com\/prestations-de-service\/souris\/faq-sur-les-infestations-des-souris\/"},"modified":"2025-02-11T10:16:26","modified_gmt":"2025-02-11T15:16:26","slug":"faq-sur-les-infestations-des-souris","status":"publish","type":"page","link":"https:\/\/aspenwildlifecontrol.com\/fr\/prestations-de-service\/souris\/faq-sur-les-infestations-des-souris\/","title":{"rendered":"FAQ sur les infestations des souris"},"content":{"rendered":"<p><span style=\"font-weight: 400;\">Les souris peuvent \u00eatre une v\u00e9ritable nuisance dans votre maison \u00e0 Gatineau ou \u00e0 Ottawa. Elles rongent les fils, laissent des excr\u00e9ments et peuvent m\u00eame propager des maladies. Si vous soup\u00e7onnez une infestation de souris, ne paniquez pas ! Voici les r\u00e9ponses \u00e0 10 questions fr\u00e9quemment pos\u00e9es sur la capture des souris :<\/span><\/p>\n<h5>Quels sont les signes d&rsquo;une infestation de souris ?<\/h5>\n<p><span style=\"font-weight: 400;\">Soyez attentif \u00e0 ces signes r\u00e9v\u00e9lateurs :<\/span><\/p>\n<ul>\n<li style=\"font-weight: 400;\" aria-level=\"1\"><b>Excr\u00e9ments<\/b><span style=\"font-weight: 400;\"> : Petits excr\u00e9ments sombres, de la taille d&rsquo;un grain de riz, trouv\u00e9s dans les placards, les tiroirs ou le long des plinthes.<\/span><\/li>\n<li style=\"font-weight: 400;\" aria-level=\"1\"><b>Traces de rongement<\/b><span style=\"font-weight: 400;\"> : Preuves de mastication sur les emballages alimentaires, les pieds de meubles, les fils ou m\u00eame l&rsquo;isolation.<\/span><\/li>\n<li style=\"font-weight: 400;\" aria-level=\"1\"><b>Nids<\/b><span style=\"font-weight: 400;\"> : Papier d\u00e9chiquet\u00e9, tissu ou autres mat\u00e9riaux de nidification cach\u00e9s dans votre grenier, votre sous-sol ou derri\u00e8re les appareils.<\/span><\/li>\n<li style=\"font-weight: 400;\" aria-level=\"1\"><b>Observations<\/b><span style=\"font-weight: 400;\"> : Voir une souris qui se faufile sur le sol est un signe s\u00fbr d&rsquo;une infestation.<\/span><\/li>\n<li style=\"font-weight: 400;\" aria-level=\"1\"><b>Bruit<\/b><span style=\"font-weight: 400;\"> : Bruits de grattage ou de couinement inhabituels provenant de l&rsquo;int\u00e9rieur de vos murs ou plafonds, indiquant une activit\u00e9 de souris.<\/span><\/li>\n<\/ul>\n<h5>Quels types de maladies les souris transportent-elles ?<\/h5>\n<p><span style=\"font-weight: 400;\">Les souris peuvent transporter des maladies comme le hantavirus et la salmonellose, qui peuvent \u00eatre transmises aux humains par contact avec leurs excr\u00e9ments ou leur urine. Elles peuvent \u00e9galement d\u00e9clencher des allergies et de l&rsquo;asthme, surtout chez les enfants.<\/span><\/p>\n<h5>Devrais-je essayer de me d\u00e9barrasser des souris moi-m\u00eame ?<\/h5>\n<p><span style=\"font-weight: 400;\">Il existe des m\u00e9thodes de bricolage disponibles, mais elles ne sont pas toujours efficaces et peuvent \u00eatre dangereuses. Les souris sont des rongeurs ing\u00e9nieuses, et les pi\u00e8ges ou r\u00e9pulsifs maison pourraient ne pas r\u00e9soudre compl\u00e8tement le probl\u00e8me. De plus, certains poisons achet\u00e9s en magasin peuvent \u00eatre nocifs pour les animaux de compagnie et les enfants s&rsquo;ils sont ing\u00e9r\u00e9s accidentellement.<\/span><\/p>\n<h5>Quelles sont quelques m\u00e9thodes s\u00fbres et efficaces pour capturer des souris ?<\/h5>\n<p><span style=\"font-weight: 400;\">Les entreprises professionnelles de contr\u00f4le des animaux utilisent une vari\u00e9t\u00e9 de m\u00e9thodes s\u00fbres et efficaces, notamment :<\/span><\/p>\n<ul>\n<li style=\"font-weight: 400;\" aria-level=\"1\"><b>Techniques d&rsquo;exclusion<\/b><span style=\"font-weight: 400;\"> : Sceller les points d&rsquo;entr\u00e9e comme les fissures autour des fondations, les espaces autour des tuyaux et derri\u00e8re les bouches de ventilation pour emp\u00eacher les souris de revenir. Ces techniques sont privil\u00e9gi\u00e9es par le minist\u00e8re du D\u00e9veloppement du Nord, des Mines, des Ressources naturelles et des For\u00eats de l&rsquo;Ontario (<a href=\"https:\/\/www.ontario.ca\/page\/ministry-natural-resources-and-forestry\">OMNRF<\/a>) et le minist\u00e8re des For\u00eats, de la Faune et des Parcs du Qu\u00e9bec (<a href=\"https:\/\/www.quebec.ca\/agriculture-environnement-et-ressources-naturelles\/faune\">MFFP<\/a>) pour leur efficacit\u00e9 \u00e0 long terme.<\/span><\/li>\n<li style=\"font-weight: 400;\" aria-level=\"1\"><b>Pi\u00e8ges \u00e0 ressort<\/b><span style=\"font-weight: 400;\"> : Ces pi\u00e8ges sont plac\u00e9s strat\u00e9giquement dans les zones avec une forte activit\u00e9 de souris et tuent les souris rapidement et humainement. Cependant, les entreprises professionnelles utiliseront des pi\u00e8ges conformes \u00e0 la r\u00e9glementation provinciale pour garantir la s\u00e9curit\u00e9 des animaux de compagnie et des enfants.<\/span><\/li>\n<\/ul>\n<p><b>Capturer et relocaliser (si n\u00e9cessaire)<\/b><span style=\"font-weight: 400;\"> : Dans certaines situations, des pi\u00e8ges vivants peuvent \u00eatre utilis\u00e9s pour capturer les souris. Ces souris sont ensuite relocalis\u00e9es dans des habitats appropri\u00e9s loin des r\u00e9sidences humaines, suivant les directives provinciales pour la relocalisation de la faune.<\/span><\/p>\n<h5>Combien co\u00fbte l&rsquo;extermination des souris ?<\/h5>\n<p><span style=\"font-weight: 400;\">Le co\u00fbt de l&rsquo;extermination des souris peut varier en fonction de la gravit\u00e9 de l&rsquo;infestation et de la taille de votre maison. Cependant, la plupart des entreprises professionnelles de contr\u00f4le des animaux offrent une consultation gratuite pour \u00e9valuer la situation et fournir un devis.<\/span><\/p>\n<h5>Puis-je emp\u00eacher les souris de revenir ?<\/h5>\n<p><span style=\"font-weight: 400;\">Une fois que vous avez captur\u00e9 le probl\u00e8me de souris existant, il y a des mesures que vous pouvez prendre pour les emp\u00eacher de revenir :<\/span><\/p>\n<ul>\n<li style=\"font-weight: 400;\" aria-level=\"1\"><b>Sceller les points d&rsquo;entr\u00e9e<\/b><span style=\"font-weight: 400;\"> : Inspectez votre fondation, votre bardage et autour des tuyaux pour toute ouverture et scellez-les avec du mastic ou de la laine d&rsquo;acier.<\/span><\/li>\n<li style=\"font-weight: 400;\" aria-level=\"1\"><b>Conserver correctement les aliments<\/b><span style=\"font-weight: 400;\"> : Conservez les aliments dans des contenants herm\u00e9tiques et \u00e9liminez les miettes ou les d\u00e9versements sur les comptoirs et les sols.<\/span><\/li>\n<li style=\"font-weight: 400;\" aria-level=\"1\"><b>Sortir les poubelles r\u00e9guli\u00e8rement<\/b><span style=\"font-weight: 400;\"> : Ne laissez pas les poubelles d\u00e9border et devenir une source de nourriture pour les souris.<\/span><\/li>\n<\/ul>\n<h5>Y a-t-il des moyens naturels pour dissuader les souris ?<\/h5>\n<p><span style=\"font-weight: 400;\">Certaines personnes croient que des r\u00e9pulsifs naturels comme l&rsquo;huile de menthe poivr\u00e9e ou des feuilles assouplissantes pour s\u00e9cheuse peuvent dissuader les souris. Bien que l&rsquo;efficacit\u00e9 de ces m\u00e9thodes ne soit pas scientifiquement prouv\u00e9e, elles peuvent \u00eatre utiles en conjonction avec d&rsquo;autres mesures pr\u00e9ventives.<\/span><\/p>\n<h5>Est-il acceptable d&rsquo;utiliser du poison pour se d\u00e9barrasser des souris ?<\/h5>\n<p><span style=\"font-weight: 400;\">Les poisons peuvent \u00eatre dangereux pour les animaux de compagnie et les enfants s&rsquo;ils sont ing\u00e9r\u00e9s accidentellement. De plus, les souris peuvent mourir \u00e0 l&rsquo;int\u00e9rieur des murs ou des espaces de rampe, cr\u00e9ant une odeur d\u00e9sagr\u00e9able et attirant d&rsquo;autres charognards. Les entreprises professionnelles de contr\u00f4le de la faune \u00e9viteront d&rsquo;utiliser des poisons autant que possible en raison de ces risques.<\/span><\/p>\n<h5>Que dois-je faire si je vois une souris dans ma maison ?<\/h5>\n<p><span style=\"font-weight: 400;\">Si vous voyez une souris, restez calme et \u00e9vitez de la coincer. Si possible, scellez la pi\u00e8ce o\u00f9 vous avez vu la souris pour l&#8217;emp\u00eacher d&rsquo;entrer dans d&rsquo;autres zones de votre maison. Contactez une entreprise professionnelle de contr\u00f4le de la faune pour traiter le probl\u00e8me de mani\u00e8re s\u00fbre et efficace.<\/span><\/p>\n<h5>Comment puis-je trouver un professionnel de souris r\u00e9put\u00e9 ?<\/h5>\n<p><span style=\"font-weight: 400;\">Recherchez des entreprises qui sont autoris\u00e9es et assur\u00e9es, et qui ont de l&rsquo;exp\u00e9rience dans le traitement des souris dans votre r\u00e9gion. Demandez des r\u00e9f\u00e9rences et lisez les avis en ligne avant de prendre une d\u00e9cision.<\/span><\/p>\n<p><span style=\"font-weight: 400;\">En suivant ces conseils, vous pouvez vous d\u00e9barrasser des souris dans votre maison et les emp\u00eacher de revenir. N&rsquo;oubliez pas qu&rsquo;une entreprise professionnelle de contr\u00f4le de la faune peut fournir la solution la plus s\u00fbre et la plus efficace pour votre infestation de souris. Ici chez Aspen Wildlife Control, desservant Gatineau et Ottawa, nos techniciens exp\u00e9riment\u00e9s d\u00e9velopperont un plan personnalis\u00e9 pour capturer les souris de votre maison rapidement et humainement. Nous privil\u00e9gions les techniques de capture et les m\u00e9thodes de pi\u00e9geage humaines conformes aux r\u00e9glementations provinciales \u00e9tablies par l&rsquo;OMNRF et le MFFP. Nous recommanderons \u00e9galement des mesures pr\u00e9ventives pour sceller votre maison et pr\u00e9venir les infestations futures, vous offrant ainsi la tranquillit\u00e9 d&rsquo;esprit et une maison sans souris. Contactez Aspen Wildlife Control d\u00e8s aujourd&rsquo;hui pour une consultation gratuite !<\/span><\/p>\n<h5>Conseils suppl\u00e9mentaires<\/h5>\n<ul>\n<li style=\"font-weight: 400;\" aria-level=\"1\"><b>Maintenez votre sous-sol et votre grenier bien ventil\u00e9s et \u00e9clair\u00e9s<\/b><span style=\"font-weight: 400;\">. Les souris pr\u00e9f\u00e8rent les espaces sombres et humides.<\/span><\/li>\n<li style=\"font-weight: 400;\" aria-level=\"1\"><b>Rangez le bois de chauffage loin de votre maison<\/b><span style=\"font-weight: 400;\">. Cela \u00e9limine les sites potentiels de nidification pour les souris.<\/span><\/li>\n<li style=\"font-weight: 400;\" aria-level=\"1\"><b>Gardez votre pelouse et votre am\u00e9nagement paysager taill\u00e9s<\/b><span style=\"font-weight: 400;\">. Une v\u00e9g\u00e9tation envahissante peut fournir une couverture aux souris qui s&rsquo;approchent de votre maison.<\/span><\/li>\n<\/ul>\n<p><span style=\"font-weight: 400;\">En combinant les services professionnels de contr\u00f4le de la faune avec ces mesures pr\u00e9ventives, vous pouvez efficacement r\u00e9soudre et pr\u00e9venir les probl\u00e8mes de souris dans votre maison \u00e0 Gatineau ou \u00e0 Ottawa.<\/span><\/p>\n","protected":false},"excerpt":{"rendered":"<p>Les souris peuvent \u00eatre une v\u00e9ritable nuisance dans votre maison \u00e0 Gatineau ou \u00e0 Ottawa. Elles rongent les fils, laissent des excr\u00e9ments et peuvent m\u00eame propager des maladies. Si vous soup\u00e7onnez une infestation de souris, ne paniquez pas ! Voici les r\u00e9ponses \u00e0 10 questions fr\u00e9quemment pos\u00e9es sur la capture des souris : Quels sont&hellip; <a class=\"more-link\" href=\"https:\/\/aspenwildlifecontrol.com\/fr\/prestations-de-service\/souris\/faq-sur-les-infestations-des-souris\/\">Poursuivre la lecture <span class=\"screen-reader-text\">FAQ sur les infestations des souris<\/span><\/a><\/p>\n","protected":false},"author":1,"featured_media":0,"parent":976,"menu_order":0,"comment_status":"closed","ping_status":"closed","template":"","meta":{"_acf_changed":false,"footnotes":""},"class_list":["post-1055","page","type-page","status-publish","hentry","entry"],"acf":{"content":null,"cta_custom":"<h5>Services sur demande<\/h5>\r\nVous avez besoin de services\u00a0Souris\u00a0\u00e0 Ottawa-Gatineau ?\u00a0 <a href=\"https:\/\/aspenwildlifecontrol.com\/fr\/contact\/\">Contactez-nous<\/a>","schema":""},"yoast_head":"<!-- This site is optimized with the Yoast SEO Premium plugin v26.8 (Yoast SEO v27.5) - https:\/\/yoast.com\/product\/yoast-seo-premium-wordpress\/ -->\n<title>FAQ sur les infestations des souris | Aspen Wildlife Control<\/title>\n<meta name=\"description\" content=\"FAQ sur les infestations des souris \u00e0 Gatineau ou \u00e0 Ottawa. Comprendre les souris avec des solutions efficaces.\" \/>\n<meta name=\"robots\" content=\"index, follow, max-snippet:-1, max-image-preview:large, max-video-preview:-1\" \/>\n<link rel=\"canonical\" href=\"https:\/\/aspenwildlifecontrol.com\/fr\/prestations-de-service\/souris\/faq-sur-les-infestations-des-souris\/\" \/>\n<meta property=\"og:locale\" content=\"fr_FR\" \/>\n<meta property=\"og:type\" content=\"article\" \/>\n<meta property=\"og:title\" content=\"FAQ sur les infestations des souris\" \/>\n<meta property=\"og:description\" content=\"FAQ sur les infestations des souris \u00e0 Gatineau ou \u00e0 Ottawa. Comprendre les souris avec des solutions efficaces.\" \/>\n<meta property=\"og:url\" content=\"https:\/\/aspenwildlifecontrol.com\/fr\/prestations-de-service\/souris\/faq-sur-les-infestations-des-souris\/\" \/>\n<meta property=\"og:site_name\" content=\"Aspen Wildlife Control\" \/>\n<meta property=\"article:modified_time\" content=\"2025-02-11T15:16:26+00:00\" \/>\n<meta name=\"twitter:card\" content=\"summary_large_image\" \/>\n<meta name=\"twitter:label1\" content=\"Dur\u00e9e de lecture estim\u00e9e\" \/>\n\t<meta name=\"twitter:data1\" content=\"5 minutes\" \/>\n<script type=\"application\/ld+json\" class=\"yoast-schema-graph\">{\"@context\":\"https:\\\/\\\/schema.org\",\"@graph\":[{\"@type\":\"WebPage\",\"@id\":\"https:\\\/\\\/aspenwildlifecontrol.com\\\/fr\\\/prestations-de-service\\\/souris\\\/faq-sur-les-infestations-des-souris\\\/\",\"url\":\"https:\\\/\\\/aspenwildlifecontrol.com\\\/fr\\\/prestations-de-service\\\/souris\\\/faq-sur-les-infestations-des-souris\\\/\",\"name\":\"FAQ sur les infestations des souris | Aspen Wildlife Control\",\"isPartOf\":{\"@id\":\"https:\\\/\\\/aspenwildlifecontrol.com\\\/fr\\\/#website\"},\"datePublished\":\"2024-03-22T18:36:05+00:00\",\"dateModified\":\"2025-02-11T15:16:26+00:00\",\"description\":\"FAQ sur les infestations des souris \u00e0 Gatineau ou \u00e0 Ottawa. Comprendre les souris avec des solutions efficaces.\",\"breadcrumb\":{\"@id\":\"https:\\\/\\\/aspenwildlifecontrol.com\\\/fr\\\/prestations-de-service\\\/souris\\\/faq-sur-les-infestations-des-souris\\\/#breadcrumb\"},\"inLanguage\":\"fr-FR\",\"potentialAction\":[{\"@type\":\"ReadAction\",\"target\":[\"https:\\\/\\\/aspenwildlifecontrol.com\\\/fr\\\/prestations-de-service\\\/souris\\\/faq-sur-les-infestations-des-souris\\\/\"]}]},{\"@type\":\"BreadcrumbList\",\"@id\":\"https:\\\/\\\/aspenwildlifecontrol.com\\\/fr\\\/prestations-de-service\\\/souris\\\/faq-sur-les-infestations-des-souris\\\/#breadcrumb\",\"itemListElement\":[{\"@type\":\"ListItem\",\"position\":1,\"name\":\"Home\",\"item\":\"https:\\\/\\\/aspenwildlifecontrol.com\\\/fr\\\/\"},{\"@type\":\"ListItem\",\"position\":2,\"name\":\"Service control animal\",\"item\":\"https:\\\/\\\/aspenwildlifecontrol.com\\\/fr\\\/prestations-de-service\\\/\"},{\"@type\":\"ListItem\",\"position\":3,\"name\":\"Souris\",\"item\":\"https:\\\/\\\/aspenwildlifecontrol.com\\\/fr\\\/prestations-de-service\\\/souris\\\/\"},{\"@type\":\"ListItem\",\"position\":4,\"name\":\"FAQ sur les infestations des souris\"}]},{\"@type\":\"WebSite\",\"@id\":\"https:\\\/\\\/aspenwildlifecontrol.com\\\/fr\\\/#website\",\"url\":\"https:\\\/\\\/aspenwildlifecontrol.com\\\/fr\\\/\",\"name\":\"Aspen Wildlife Control\",\"description\":\"Fast, humane wildlife removal in Ottawa-Gatineau \u2014 guaranteed results, 24\\\/7 service\",\"potentialAction\":[{\"@type\":\"SearchAction\",\"target\":{\"@type\":\"EntryPoint\",\"urlTemplate\":\"https:\\\/\\\/aspenwildlifecontrol.com\\\/fr\\\/?s={search_term_string}\"},\"query-input\":{\"@type\":\"PropertyValueSpecification\",\"valueRequired\":true,\"valueName\":\"search_term_string\"}}],\"inLanguage\":\"fr-FR\"}]}<\/script>\n<!-- \/ Yoast SEO Premium plugin. -->","yoast_head_json":{"title":"FAQ sur les infestations des souris | Aspen Wildlife Control","description":"FAQ sur les infestations des souris \u00e0 Gatineau ou \u00e0 Ottawa. Comprendre les souris avec des solutions efficaces.","robots":{"index":"index","follow":"follow","max-snippet":"max-snippet:-1","max-image-preview":"max-image-preview:large","max-video-preview":"max-video-preview:-1"},"canonical":"https:\/\/aspenwildlifecontrol.com\/fr\/prestations-de-service\/souris\/faq-sur-les-infestations-des-souris\/","og_locale":"fr_FR","og_type":"article","og_title":"FAQ sur les infestations des souris","og_description":"FAQ sur les infestations des souris \u00e0 Gatineau ou \u00e0 Ottawa. Comprendre les souris avec des solutions efficaces.","og_url":"https:\/\/aspenwildlifecontrol.com\/fr\/prestations-de-service\/souris\/faq-sur-les-infestations-des-souris\/","og_site_name":"Aspen Wildlife Control","article_modified_time":"2025-02-11T15:16:26+00:00","twitter_card":"summary_large_image","twitter_misc":{"Dur\u00e9e de lecture estim\u00e9e":"5 minutes"},"schema":{"@context":"https:\/\/schema.org","@graph":[{"@type":"WebPage","@id":"https:\/\/aspenwildlifecontrol.com\/fr\/prestations-de-service\/souris\/faq-sur-les-infestations-des-souris\/","url":"https:\/\/aspenwildlifecontrol.com\/fr\/prestations-de-service\/souris\/faq-sur-les-infestations-des-souris\/","name":"FAQ sur les infestations des souris | Aspen Wildlife Control","isPartOf":{"@id":"https:\/\/aspenwildlifecontrol.com\/fr\/#website"},"datePublished":"2024-03-22T18:36:05+00:00","dateModified":"2025-02-11T15:16:26+00:00","description":"FAQ sur les infestations des souris \u00e0 Gatineau ou \u00e0 Ottawa. Comprendre les souris avec des solutions efficaces.","breadcrumb":{"@id":"https:\/\/aspenwildlifecontrol.com\/fr\/prestations-de-service\/souris\/faq-sur-les-infestations-des-souris\/#breadcrumb"},"inLanguage":"fr-FR","potentialAction":[{"@type":"ReadAction","target":["https:\/\/aspenwildlifecontrol.com\/fr\/prestations-de-service\/souris\/faq-sur-les-infestations-des-souris\/"]}]},{"@type":"BreadcrumbList","@id":"https:\/\/aspenwildlifecontrol.com\/fr\/prestations-de-service\/souris\/faq-sur-les-infestations-des-souris\/#breadcrumb","itemListElement":[{"@type":"ListItem","position":1,"name":"Home","item":"https:\/\/aspenwildlifecontrol.com\/fr\/"},{"@type":"ListItem","position":2,"name":"Service control animal","item":"https:\/\/aspenwildlifecontrol.com\/fr\/prestations-de-service\/"},{"@type":"ListItem","position":3,"name":"Souris","item":"https:\/\/aspenwildlifecontrol.com\/fr\/prestations-de-service\/souris\/"},{"@type":"ListItem","position":4,"name":"FAQ sur les infestations des souris"}]},{"@type":"WebSite","@id":"https:\/\/aspenwildlifecontrol.com\/fr\/#website","url":"https:\/\/aspenwildlifecontrol.com\/fr\/","name":"Aspen Wildlife Control","description":"Fast, humane wildlife removal in Ottawa-Gatineau \u2014 guaranteed results, 24\/7 service","potentialAction":[{"@type":"SearchAction","target":{"@type":"EntryPoint","urlTemplate":"https:\/\/aspenwildlifecontrol.com\/fr\/?s={search_term_string}"},"query-input":{"@type":"PropertyValueSpecification","valueRequired":true,"valueName":"search_term_string"}}],"inLanguage":"fr-FR"}]}},"_links":{"self":[{"href":"https:\/\/aspenwildlifecontrol.com\/fr\/wp-json\/wp\/v2\/pages\/1055","targetHints":{"allow":["GET"]}}],"collection":[{"href":"https:\/\/aspenwildlifecontrol.com\/fr\/wp-json\/wp\/v2\/pages"}],"about":[{"href":"https:\/\/aspenwildlifecontrol.com\/fr\/wp-json\/wp\/v2\/types\/page"}],"author":[{"embeddable":true,"href":"https:\/\/aspenwildlifecontrol.com\/fr\/wp-json\/wp\/v2\/users\/1"}],"replies":[{"embeddable":true,"href":"https:\/\/aspenwildlifecontrol.com\/fr\/wp-json\/wp\/v2\/comments?post=1055"}],"version-history":[{"count":3,"href":"https:\/\/aspenwildlifecontrol.com\/fr\/wp-json\/wp\/v2\/pages\/1055\/revisions"}],"predecessor-version":[{"id":3105,"href":"https:\/\/aspenwildlifecontrol.com\/fr\/wp-json\/wp\/v2\/pages\/1055\/revisions\/3105"}],"up":[{"embeddable":true,"href":"https:\/\/aspenwildlifecontrol.com\/fr\/wp-json\/wp\/v2\/pages\/976"}],"wp:attachment":[{"href":"https:\/\/aspenwildlifecontrol.com\/fr\/wp-json\/wp\/v2\/media?parent=1055"}],"curies":[{"name":"wp","href":"https:\/\/api.w.org\/{rel}","templated":true}]}}