{"id":1054,"date":"2024-03-22T14:20:53","date_gmt":"2024-03-22T18:20:53","guid":{"rendered":"https:\/\/aspenwildlifecontrol.com\/prestations-de-service\/souris\/comprendre-les-souris-dans-votre-maison-a-gatineau-ou-a-ottawa-biologie-et-comportement\/"},"modified":"2025-02-11T10:07:04","modified_gmt":"2025-02-11T15:07:04","slug":"comprendre-les-souris-dans-votre-maison-a-gatineau-ou-a-ottawa-biologie-et-comportement","status":"publish","type":"page","link":"https:\/\/aspenwildlifecontrol.com\/fr\/prestations-de-service\/souris\/comprendre-les-souris-dans-votre-maison-a-gatineau-ou-a-ottawa-biologie-et-comportement\/","title":{"rendered":"Comprendre les souris dans votre maison \u00e0 Gatineau ou \u00e0 Ottawa : Biologie et comportement"},"content":{"rendered":"<p><span style=\"font-weight: 400;\">Les souris sont des invit\u00e9s ind\u00e9sirables dans n&rsquo;importe quelle maison, et comprendre leur biologie et leur comportement est crucial pour une capture efficace. Voici un examen plus approfondi des souris couramment trouv\u00e9es \u00e0 Gatineau et \u00e0 Ottawa :<\/span><\/p>\n<h5><b>Souris domestique (Mus musculus) :<\/b><\/h5>\n<p><span style=\"font-weight: 400;\">Cette petite souris brune, mesurant de 3 \u00e0 4 pouces (7,5 \u00e0 10 cm) de longueur, est le type de souris le plus courant en Am\u00e9rique du Nord. Elles sont des cr\u00e9atures nocturnes, ce qui signifie qu&rsquo;elles sont plus actives la nuit, et peuvent se faufiler \u00e0 travers des ouvertures aussi petites qu&rsquo;un centime. Les souris domestiques sont d&rsquo;excellents grimpeurs et creuseurs, ce qui les rend habiles \u00e0 naviguer dans les maisons et \u00e0 trouver des sites de nidification.<\/span><\/p>\n<h5><b>Souris des champs (Peromyscus maniculatus) :<\/b><\/h5>\n<p><span style=\"font-weight: 400;\">L\u00e9g\u00e8rement plus grandes que la souris domestique, avec une longueur de corps de 4 \u00e0 8 pouces (10 \u00e0 20 cm) et un ventre blanc, la souris des champs est une autre esp\u00e8ce courante dans la r\u00e9gion de Gatineau-Ottawa. Contrairement aux souris domestiques, les souris des champs sont plus actives au cr\u00e9puscule et \u00e0 l&rsquo;aube et pr\u00e9f\u00e8rent les habitats naturels, bien qu&rsquo;elles puissent entrer dans les maisons \u00e0 la recherche de nourriture ou de refuge pendant les hivers rigoureux.<\/span><\/p>\n<h5><b>Alimentation et habitudes :<\/b><\/h5>\n<p><span style=\"font-weight: 400;\">Les souris sont des omnivores, se nourrissant d&rsquo;une vari\u00e9t\u00e9 de choses comme des graines, des c\u00e9r\u00e9ales, des insectes et des fruits. Elles sont attir\u00e9es par les miettes, la nourriture pour animaux domestiques et les d\u00e9chets, ce qui en fait un probl\u00e8me dans les maisons o\u00f9 ces sources de nourriture sont facilement accessibles. Les souris rongent constamment pour user leurs incisives qui poussent sans cesse, ce qui peut endommager les meubles, les fils et l&rsquo;isolation de votre maison.<\/span><\/p>\n<h5><b>Signes d&rsquo;une infestation de souris :<\/b><\/h5>\n<ul>\n<li style=\"font-weight: 400;\" aria-level=\"1\"><b>D\u00e9jections<\/b><span style=\"font-weight: 400;\"> : Petites, sombres et de la taille d&rsquo;un grain de riz, trouv\u00e9es dans les placards, les tiroirs ou le long des plinthes.<\/span><\/li>\n<li style=\"font-weight: 400;\" aria-level=\"1\"><b>Traces de rongement<\/b><span style=\"font-weight: 400;\"> : Preuves de mastication sur les emballages alimentaires, les pieds de meubles, les fils ou m\u00eame l&rsquo;isolation.<\/span><\/li>\n<li style=\"font-weight: 400;\" aria-level=\"1\"><b>Nids<\/b><span style=\"font-weight: 400;\"> : Papier d\u00e9chiquet\u00e9, tissu ou autres mat\u00e9riaux de nidification cach\u00e9s dans votre grenier, votre sous-sol ou derri\u00e8re les appareils.<\/span><\/li>\n<li style=\"font-weight: 400;\" aria-level=\"1\"><b>Observations<\/b><span style=\"font-weight: 400;\"> : Voir une souris qui se faufile sur le sol est un signe clair d&rsquo;une infestation.<\/span><\/li>\n<li style=\"font-weight: 400;\" aria-level=\"1\"><b>Bruit<\/b><span style=\"font-weight: 400;\"> : Bruits de grattage ou de couinement inhabituels provenant de l&rsquo;int\u00e9rieur de vos murs ou plafonds, indiquant une activit\u00e9 de souris.<\/span><\/li>\n<\/ul>\n<h5><b>Pourquoi les souris pr\u00e9sentent un risque pour la sant\u00e9 :<\/b><\/h5>\n<p><span style=\"font-weight: 400;\">Les souris peuvent v\u00e9hiculer des maladies comme le hantavirus et la salmonellose, qui peuvent \u00eatre transmises aux humains par contact avec leurs d\u00e9jections ou leur urine. Elles peuvent \u00e9galement d\u00e9clencher des allergies et de l&rsquo;asthme, surtout chez les enfants.<\/span><\/p>\n<h5><b>Si vous soup\u00e7onnez une infestation de souris :<\/b><\/h5>\n<p><span style=\"font-weight: 400;\">Si vous soup\u00e7onnez une infestation de souris dans votre maison \u00e0 Gatineau ou \u00e0 Ottawa, n&rsquo;attendez pas ! Contactez d\u00e8s aujourd&rsquo;hui Aspen Wildlife Control. Nos techniciens exp\u00e9riment\u00e9s \u00e9laboreront un plan personnalis\u00e9 pour capturer efficacement votre probl\u00e8me de souris et ce, en conformit\u00e9 avec les r\u00e9glementations provinciales, vous redonnant ainsi une maison s\u00fbre et saine.<\/span><\/p>\n","protected":false},"excerpt":{"rendered":"<p>Les souris sont des invit\u00e9s ind\u00e9sirables dans n&rsquo;importe quelle maison, et comprendre leur biologie et leur comportement est crucial pour une capture efficace. Voici un examen plus approfondi des souris couramment trouv\u00e9es \u00e0 Gatineau et \u00e0 Ottawa : Souris domestique (Mus musculus) : Cette petite souris brune, mesurant de 3 \u00e0 4 pouces (7,5 \u00e0&hellip; <a class=\"more-link\" href=\"https:\/\/aspenwildlifecontrol.com\/fr\/prestations-de-service\/souris\/comprendre-les-souris-dans-votre-maison-a-gatineau-ou-a-ottawa-biologie-et-comportement\/\">Poursuivre la lecture <span class=\"screen-reader-text\">Comprendre les souris dans votre maison \u00e0 Gatineau ou \u00e0 Ottawa : Biologie et comportement<\/span><\/a><\/p>\n","protected":false},"author":1,"featured_media":0,"parent":976,"menu_order":0,"comment_status":"closed","ping_status":"closed","template":"","meta":{"_acf_changed":false,"footnotes":""},"class_list":["post-1054","page","type-page","status-publish","hentry","entry"],"acf":[],"yoast_head":"<!-- This site is optimized with the Yoast SEO Premium plugin v26.8 (Yoast SEO v27.5) - https:\/\/yoast.com\/product\/yoast-seo-premium-wordpress\/ -->\n<title>Comprendre les souris | Aspen Wildlife Control Gatineau-Ottawa<\/title>\n<meta name=\"description\" content=\"Comprendre les souris dans votre maison \u00e0 Gatineau ou \u00e0 Ottawa : Biologie et comportement avec des solutions efficaces.\" \/>\n<meta name=\"robots\" content=\"index, follow, max-snippet:-1, max-image-preview:large, max-video-preview:-1\" \/>\n<link rel=\"canonical\" href=\"https:\/\/aspenwildlifecontrol.com\/fr\/prestations-de-service\/souris\/comprendre-les-souris-dans-votre-maison-a-gatineau-ou-a-ottawa-biologie-et-comportement\/\" \/>\n<meta property=\"og:locale\" content=\"fr_FR\" \/>\n<meta property=\"og:type\" content=\"article\" \/>\n<meta property=\"og:title\" content=\"Comprendre les souris dans votre maison \u00e0 Gatineau ou \u00e0 Ottawa : Biologie et comportement\" \/>\n<meta property=\"og:description\" content=\"Comprendre les souris dans votre maison \u00e0 Gatineau ou \u00e0 Ottawa : Biologie et comportement avec des solutions efficaces.\" \/>\n<meta property=\"og:url\" content=\"https:\/\/aspenwildlifecontrol.com\/fr\/prestations-de-service\/souris\/comprendre-les-souris-dans-votre-maison-a-gatineau-ou-a-ottawa-biologie-et-comportement\/\" \/>\n<meta property=\"og:site_name\" content=\"Aspen Wildlife Control\" \/>\n<meta property=\"article:modified_time\" content=\"2025-02-11T15:07:04+00:00\" \/>\n<meta name=\"twitter:card\" content=\"summary_large_image\" \/>\n<meta name=\"twitter:label1\" content=\"Dur\u00e9e de lecture estim\u00e9e\" \/>\n\t<meta name=\"twitter:data1\" content=\"3 minutes\" \/>\n<script type=\"application\/ld+json\" class=\"yoast-schema-graph\">{\"@context\":\"https:\\\/\\\/schema.org\",\"@graph\":[{\"@type\":\"WebPage\",\"@id\":\"https:\\\/\\\/aspenwildlifecontrol.com\\\/fr\\\/prestations-de-service\\\/souris\\\/comprendre-les-souris-dans-votre-maison-a-gatineau-ou-a-ottawa-biologie-et-comportement\\\/\",\"url\":\"https:\\\/\\\/aspenwildlifecontrol.com\\\/fr\\\/prestations-de-service\\\/souris\\\/comprendre-les-souris-dans-votre-maison-a-gatineau-ou-a-ottawa-biologie-et-comportement\\\/\",\"name\":\"Comprendre les souris | Aspen Wildlife Control Gatineau-Ottawa\",\"isPartOf\":{\"@id\":\"https:\\\/\\\/aspenwildlifecontrol.com\\\/fr\\\/#website\"},\"datePublished\":\"2024-03-22T18:20:53+00:00\",\"dateModified\":\"2025-02-11T15:07:04+00:00\",\"description\":\"Comprendre les souris dans votre maison \u00e0 Gatineau ou \u00e0 Ottawa : Biologie et comportement avec des solutions efficaces.\",\"breadcrumb\":{\"@id\":\"https:\\\/\\\/aspenwildlifecontrol.com\\\/fr\\\/prestations-de-service\\\/souris\\\/comprendre-les-souris-dans-votre-maison-a-gatineau-ou-a-ottawa-biologie-et-comportement\\\/#breadcrumb\"},\"inLanguage\":\"fr-FR\",\"potentialAction\":[{\"@type\":\"ReadAction\",\"target\":[\"https:\\\/\\\/aspenwildlifecontrol.com\\\/fr\\\/prestations-de-service\\\/souris\\\/comprendre-les-souris-dans-votre-maison-a-gatineau-ou-a-ottawa-biologie-et-comportement\\\/\"]}]},{\"@type\":\"BreadcrumbList\",\"@id\":\"https:\\\/\\\/aspenwildlifecontrol.com\\\/fr\\\/prestations-de-service\\\/souris\\\/comprendre-les-souris-dans-votre-maison-a-gatineau-ou-a-ottawa-biologie-et-comportement\\\/#breadcrumb\",\"itemListElement\":[{\"@type\":\"ListItem\",\"position\":1,\"name\":\"Home\",\"item\":\"https:\\\/\\\/aspenwildlifecontrol.com\\\/fr\\\/\"},{\"@type\":\"ListItem\",\"position\":2,\"name\":\"Service control animal\",\"item\":\"https:\\\/\\\/aspenwildlifecontrol.com\\\/fr\\\/prestations-de-service\\\/\"},{\"@type\":\"ListItem\",\"position\":3,\"name\":\"Souris\",\"item\":\"https:\\\/\\\/aspenwildlifecontrol.com\\\/fr\\\/prestations-de-service\\\/souris\\\/\"},{\"@type\":\"ListItem\",\"position\":4,\"name\":\"Comprendre les souris dans votre maison \u00e0 Gatineau ou \u00e0 Ottawa : Biologie et comportement\"}]},{\"@type\":\"WebSite\",\"@id\":\"https:\\\/\\\/aspenwildlifecontrol.com\\\/fr\\\/#website\",\"url\":\"https:\\\/\\\/aspenwildlifecontrol.com\\\/fr\\\/\",\"name\":\"Aspen Wildlife Control\",\"description\":\"Fast, humane wildlife removal in Ottawa-Gatineau \u2014 guaranteed results, 24\\\/7 service\",\"potentialAction\":[{\"@type\":\"SearchAction\",\"target\":{\"@type\":\"EntryPoint\",\"urlTemplate\":\"https:\\\/\\\/aspenwildlifecontrol.com\\\/fr\\\/?s={search_term_string}\"},\"query-input\":{\"@type\":\"PropertyValueSpecification\",\"valueRequired\":true,\"valueName\":\"search_term_string\"}}],\"inLanguage\":\"fr-FR\"}]}<\/script>\n<!-- \/ Yoast SEO Premium plugin. -->","yoast_head_json":{"title":"Comprendre les souris | Aspen Wildlife Control Gatineau-Ottawa","description":"Comprendre les souris dans votre maison \u00e0 Gatineau ou \u00e0 Ottawa : Biologie et comportement avec des solutions efficaces.","robots":{"index":"index","follow":"follow","max-snippet":"max-snippet:-1","max-image-preview":"max-image-preview:large","max-video-preview":"max-video-preview:-1"},"canonical":"https:\/\/aspenwildlifecontrol.com\/fr\/prestations-de-service\/souris\/comprendre-les-souris-dans-votre-maison-a-gatineau-ou-a-ottawa-biologie-et-comportement\/","og_locale":"fr_FR","og_type":"article","og_title":"Comprendre les souris dans votre maison \u00e0 Gatineau ou \u00e0 Ottawa : Biologie et comportement","og_description":"Comprendre les souris dans votre maison \u00e0 Gatineau ou \u00e0 Ottawa : Biologie et comportement avec des solutions efficaces.","og_url":"https:\/\/aspenwildlifecontrol.com\/fr\/prestations-de-service\/souris\/comprendre-les-souris-dans-votre-maison-a-gatineau-ou-a-ottawa-biologie-et-comportement\/","og_site_name":"Aspen Wildlife Control","article_modified_time":"2025-02-11T15:07:04+00:00","twitter_card":"summary_large_image","twitter_misc":{"Dur\u00e9e de lecture estim\u00e9e":"3 minutes"},"schema":{"@context":"https:\/\/schema.org","@graph":[{"@type":"WebPage","@id":"https:\/\/aspenwildlifecontrol.com\/fr\/prestations-de-service\/souris\/comprendre-les-souris-dans-votre-maison-a-gatineau-ou-a-ottawa-biologie-et-comportement\/","url":"https:\/\/aspenwildlifecontrol.com\/fr\/prestations-de-service\/souris\/comprendre-les-souris-dans-votre-maison-a-gatineau-ou-a-ottawa-biologie-et-comportement\/","name":"Comprendre les souris | Aspen Wildlife Control Gatineau-Ottawa","isPartOf":{"@id":"https:\/\/aspenwildlifecontrol.com\/fr\/#website"},"datePublished":"2024-03-22T18:20:53+00:00","dateModified":"2025-02-11T15:07:04+00:00","description":"Comprendre les souris dans votre maison \u00e0 Gatineau ou \u00e0 Ottawa : Biologie et comportement avec des solutions efficaces.","breadcrumb":{"@id":"https:\/\/aspenwildlifecontrol.com\/fr\/prestations-de-service\/souris\/comprendre-les-souris-dans-votre-maison-a-gatineau-ou-a-ottawa-biologie-et-comportement\/#breadcrumb"},"inLanguage":"fr-FR","potentialAction":[{"@type":"ReadAction","target":["https:\/\/aspenwildlifecontrol.com\/fr\/prestations-de-service\/souris\/comprendre-les-souris-dans-votre-maison-a-gatineau-ou-a-ottawa-biologie-et-comportement\/"]}]},{"@type":"BreadcrumbList","@id":"https:\/\/aspenwildlifecontrol.com\/fr\/prestations-de-service\/souris\/comprendre-les-souris-dans-votre-maison-a-gatineau-ou-a-ottawa-biologie-et-comportement\/#breadcrumb","itemListElement":[{"@type":"ListItem","position":1,"name":"Home","item":"https:\/\/aspenwildlifecontrol.com\/fr\/"},{"@type":"ListItem","position":2,"name":"Service control animal","item":"https:\/\/aspenwildlifecontrol.com\/fr\/prestations-de-service\/"},{"@type":"ListItem","position":3,"name":"Souris","item":"https:\/\/aspenwildlifecontrol.com\/fr\/prestations-de-service\/souris\/"},{"@type":"ListItem","position":4,"name":"Comprendre les souris dans votre maison \u00e0 Gatineau ou \u00e0 Ottawa : Biologie et comportement"}]},{"@type":"WebSite","@id":"https:\/\/aspenwildlifecontrol.com\/fr\/#website","url":"https:\/\/aspenwildlifecontrol.com\/fr\/","name":"Aspen Wildlife Control","description":"Fast, humane wildlife removal in Ottawa-Gatineau \u2014 guaranteed results, 24\/7 service","potentialAction":[{"@type":"SearchAction","target":{"@type":"EntryPoint","urlTemplate":"https:\/\/aspenwildlifecontrol.com\/fr\/?s={search_term_string}"},"query-input":{"@type":"PropertyValueSpecification","valueRequired":true,"valueName":"search_term_string"}}],"inLanguage":"fr-FR"}]}},"_links":{"self":[{"href":"https:\/\/aspenwildlifecontrol.com\/fr\/wp-json\/wp\/v2\/pages\/1054","targetHints":{"allow":["GET"]}}],"collection":[{"href":"https:\/\/aspenwildlifecontrol.com\/fr\/wp-json\/wp\/v2\/pages"}],"about":[{"href":"https:\/\/aspenwildlifecontrol.com\/fr\/wp-json\/wp\/v2\/types\/page"}],"author":[{"embeddable":true,"href":"https:\/\/aspenwildlifecontrol.com\/fr\/wp-json\/wp\/v2\/users\/1"}],"replies":[{"embeddable":true,"href":"https:\/\/aspenwildlifecontrol.com\/fr\/wp-json\/wp\/v2\/comments?post=1054"}],"version-history":[{"count":2,"href":"https:\/\/aspenwildlifecontrol.com\/fr\/wp-json\/wp\/v2\/pages\/1054\/revisions"}],"predecessor-version":[{"id":3101,"href":"https:\/\/aspenwildlifecontrol.com\/fr\/wp-json\/wp\/v2\/pages\/1054\/revisions\/3101"}],"up":[{"embeddable":true,"href":"https:\/\/aspenwildlifecontrol.com\/fr\/wp-json\/wp\/v2\/pages\/976"}],"wp:attachment":[{"href":"https:\/\/aspenwildlifecontrol.com\/fr\/wp-json\/wp\/v2\/media?parent=1054"}],"curies":[{"name":"wp","href":"https:\/\/api.w.org\/{rel}","templated":true}]}}