{"id":1044,"date":"2024-03-20T16:05:51","date_gmt":"2024-03-20T20:05:51","guid":{"rendered":"https:\/\/aspenwildlifecontrol.com\/prestations-de-service\/oiseaux\/gerer-les-oiseaux-indesirables-a-gatineau-ottawa-solutions-sures-et-efficaces\/"},"modified":"2025-02-10T15:26:22","modified_gmt":"2025-02-10T20:26:22","slug":"gerer-les-oiseaux-indesirables-a-gatineau-ottawa-solutions-sures-et-efficaces","status":"publish","type":"page","link":"https:\/\/aspenwildlifecontrol.com\/fr\/prestations-de-service\/oiseaux\/gerer-les-oiseaux-indesirables-a-gatineau-ottawa-solutions-sures-et-efficaces\/","title":{"rendered":"G\u00e9rer les oiseaux ind\u00e9sirables \u00e0 Gatineau &amp; Ottawa : solutions s\u00fbres et efficaces"},"content":{"rendered":"<p><span style=\"font-weight: 400;\">Le printemps apporte un ch\u0153ur de chants d&rsquo;oiseaux \u00e0 Gatineau et Ottawa, mais leur enthousiasme pour la nidification peut parfois les conduire \u00e0 des endroits non d\u00e9sir\u00e9s &#8211; votre maison. Cela peut cr\u00e9er un certain nombre de probl\u00e8mes, et Aspen Wildlife Control s&rsquo;engage \u00e0 les r\u00e9soudre de mani\u00e8re humaine et conform\u00e9ment aux r\u00e9glementations locales. Voici ce qui nous distingue :<\/span><\/p>\n<p>&nbsp;<\/p>\n<h5><b>Priorit\u00e9 \u00e0 la s\u00e9curit\u00e9 et au bien-\u00eatre des oiseaux :<\/b><\/h5>\n<ul>\n<li style=\"font-weight: 400;\" aria-level=\"1\"><b>Compr\u00e9hension des habitudes de nidification des oiseaux<\/b><span style=\"font-weight: 400;\"> : Nos techniciens sont hautement form\u00e9s pour identifier les esp\u00e8ces d&rsquo;oiseaux courantes dans la r\u00e9gion, telles que les moineaux, les \u00e9tourneaux, les pigeons, les pinsons et les grand pics. Cette connaissance nous permet d&rsquo;adapter notre approche pour minimiser les perturbations pendant les p\u00e9riodes de nidification.<\/span><\/li>\n<li style=\"font-weight: 400;\" aria-level=\"1\"><b>Techniques de capture respectueuses<\/b><span style=\"font-weight: 400;\"> : Nous privil\u00e9gions des m\u00e9thodes s\u00fbres et humaines conformes aux r\u00e9glementations \u00e9tablies par le Minist\u00e8re des For\u00eats, de la Faune et des Parcs (<a href=\"https:\/\/www.quebec.ca\/agriculture-environnement-et-ressources-naturelles\/faune\">MFFP<\/a>) au Qu\u00e9bec et le Minist\u00e8re du D\u00e9veloppement du Nord, des Mines, des Ressources Naturelles et des For\u00eats (<a href=\"https:\/\/www.ontario.ca\/page\/ministry-natural-resources-and-forestry\">OMNRF<\/a>) en Ontario. Nos m\u00e9thodes se concentrent sur la capture, permettant aux oiseaux de quitter votre propri\u00e9t\u00e9 mais les emp\u00eachant de revenir.<\/span><\/li>\n<\/ul>\n<p>&nbsp;<\/p>\n<h5><b>Techniques de capture pour des solutions \u00e0 long terme :<\/b><\/h5>\n<ul>\n<li style=\"font-weight: 400;\" aria-level=\"1\"><b>Portes unidirectionnelles<\/b><span style=\"font-weight: 400;\"> : Ces portes sp\u00e9cialis\u00e9es sont install\u00e9es \u00e0 des points d&rsquo;entr\u00e9e tels que les avant-toits, les \u00e9vents ou les chemin\u00e9es. Les oiseaux peuvent facilement sortir, mais la conception unidirectionnelle les emp\u00eache de revenir.<\/span><\/li>\n<li style=\"font-weight: 400;\" aria-level=\"1\"><b>Couloirs de l&rsquo;habitat<\/b><span style=\"font-weight: 400;\"> : Lorsque cela est possible, nous pouvons cr\u00e9er des couloirs de l&rsquo;habitat temporaires pour guider les oiseaux loin des sites de nidification et vers des endroits plus appropri\u00e9s.<\/span><\/li>\n<li style=\"font-weight: 400;\" aria-level=\"1\"><b>Modification de l&rsquo;habitat<\/b><span style=\"font-weight: 400;\"> : Dans certains cas, des modifications mineures autour de votre propri\u00e9t\u00e9, telles que le scellement de petites lacunes ou l&rsquo;enl\u00e8vement de mat\u00e9riaux de nidification, peuvent dissuader les oiseaux d&rsquo;\u00e9tablir des nids dans des endroits non d\u00e9sir\u00e9s. Nous veillerons \u00e0 ce que ces modifications soient conformes aux r\u00e9glementations provinciales sur la faune.<\/span><\/li>\n<\/ul>\n<h5><b>Capture en direct et d\u00e9placement :<\/b><\/h5>\n<p><span style=\"font-weight: 400;\">La capture en direct n&rsquo;est envisag\u00e9e qu&rsquo;en dernier recours et est conforme aux directives provinciales strictes \u00e9tablies par le <a href=\"https:\/\/www.quebec.ca\/agriculture-environnement-et-ressources-naturelles\/faune\">MFFP<\/a> et l&rsquo;<a href=\"https:\/\/www.ontario.ca\/page\/ministry-natural-resources-and-forestry\">OMNRF<\/a>. Les pi\u00e8ges sont plac\u00e9s strat\u00e9giquement et surveill\u00e9s r\u00e9guli\u00e8rement pour minimiser le stress sur les oiseaux. Les oiseaux captur\u00e9s sont ensuite replac\u00e9s dans des habitats appropri\u00e9s loin des r\u00e9sidences humaines, conform\u00e9ment aux protocoles provinciaux de r\u00e9installation de la faune.<\/span><\/p>\n<h5><b>Pr\u00e9venir les probl\u00e8mes futurs :<\/b><\/h5>\n<p><span style=\"font-weight: 400;\">Une fois les oiseaux enlev\u00e9s, nous identifierons et scellerons tous les points d&rsquo;entr\u00e9e en utilisant des mat\u00e9riaux durables pour pr\u00e9venir les futures invasions. Nous pouvons \u00e9galement fournir des recommandations sur la mani\u00e8re de minimiser les attractants autour de votre propri\u00e9t\u00e9, tels que les mangeoires pour oiseaux ou les sources de nourriture accessibles.<\/span><\/p>\n<h5><b>Pourquoi nous \u00e9vitons certaines m\u00e9thodes :<\/b><\/h5>\n<ul>\n<li style=\"font-weight: 400;\" aria-level=\"1\"><b>Techniques inhumaines<\/b><span style=\"font-weight: 400;\"> : Nous n&rsquo;utilisons jamais de m\u00e9thodes qui pourraient nuire aux oiseaux, telles que les r\u00e9pulsifs chimiques ou les poisons. Ces m\u00e9thodes sont non seulement cruelles, mais peuvent \u00e9galement \u00eatre inefficaces et perturber l&rsquo;\u00e9cosyst\u00e8me naturel.<\/span><\/li>\n<li style=\"font-weight: 400;\" aria-level=\"1\"><b>Focus sur des solutions \u00e0 long terme<\/b><span style=\"font-weight: 400;\"> : Notre approche va au-del\u00e0 de simplement \u00e9loigner les oiseaux. Nous traitons les raisons sous-jacentes de leur pr\u00e9sence et mettons en \u0153uvre des strat\u00e9gies pour pr\u00e9venir les probl\u00e8mes futurs.<\/span><\/li>\n<\/ul>\n<h5><b>La diff\u00e9rence Aspen Wildlife Control :<\/b><\/h5>\n<p><span style=\"font-weight: 400;\">En choisissant Aspen Wildlife Control, vous optez pour une entreprise d\u00e9di\u00e9e \u00e0 la capture s\u00fbre, humaine et conforme \u00e0 la r\u00e9glementation des oiseaux. Nos techniciens exp\u00e9riment\u00e9s travaillent de mani\u00e8re efficace et professionnelle pour r\u00e9soudre votre probl\u00e8me d&rsquo;oiseaux tout en respectant le bien-\u00eatre de ces r\u00e9sidents \u00e0 plumes.<\/span><\/p>\n<h3><b>Contactez Aspen Wildlife Control Aujourd&rsquo;hui !<\/b><\/h3>\n<p><span style=\"font-weight: 400;\">Retrouver votre tranquillit\u00e9 d\u2019esprit et laissez nos experts g\u00e9rer le processus de capture des oiseaux de mani\u00e8re humaine et efficace.<\/span><\/p>\n","protected":false},"excerpt":{"rendered":"<p>Le printemps apporte un ch\u0153ur de chants d&rsquo;oiseaux \u00e0 Gatineau et Ottawa, mais leur enthousiasme pour la nidification peut parfois les conduire \u00e0 des endroits non d\u00e9sir\u00e9s &#8211; votre maison. Cela peut cr\u00e9er un certain nombre de probl\u00e8mes, et Aspen Wildlife Control s&rsquo;engage \u00e0 les r\u00e9soudre de mani\u00e8re humaine et conform\u00e9ment aux r\u00e9glementations locales. Voici&hellip; <a class=\"more-link\" href=\"https:\/\/aspenwildlifecontrol.com\/fr\/prestations-de-service\/oiseaux\/gerer-les-oiseaux-indesirables-a-gatineau-ottawa-solutions-sures-et-efficaces\/\">Poursuivre la lecture <span class=\"screen-reader-text\">G\u00e9rer les oiseaux ind\u00e9sirables \u00e0 Gatineau &amp; Ottawa : solutions s\u00fbres et efficaces<\/span><\/a><\/p>\n","protected":false},"author":1,"featured_media":0,"parent":977,"menu_order":0,"comment_status":"closed","ping_status":"closed","template":"","meta":{"_acf_changed":false,"footnotes":""},"class_list":["post-1044","page","type-page","status-publish","hentry","entry"],"acf":[],"yoast_head":"<!-- This site is optimized with the Yoast SEO Premium plugin v26.8 (Yoast SEO v27.4) - https:\/\/yoast.com\/product\/yoast-seo-premium-wordpress\/ -->\n<title>G\u00e9rer les oiseaux ind\u00e9sirables \u00e0 Gatineau &amp; Ottawa : solutions s\u00fbres et efficaces | Aspen Wildlife Gatineau<\/title>\n<meta name=\"description\" content=\"G\u00e9rer les oiseaux ind\u00e9sirables \u00e0 Gatineau &amp; Ottawa : solutions s\u00fbres et efficaces. Aspen Wildlife Control \u00e0 Gatineau-Ottawa.\" \/>\n<meta name=\"robots\" content=\"index, follow, max-snippet:-1, max-image-preview:large, max-video-preview:-1\" \/>\n<link rel=\"canonical\" href=\"https:\/\/aspenwildlifecontrol.com\/fr\/prestations-de-service\/oiseaux\/gerer-les-oiseaux-indesirables-a-gatineau-ottawa-solutions-sures-et-efficaces\/\" \/>\n<meta property=\"og:locale\" content=\"fr_FR\" \/>\n<meta property=\"og:type\" content=\"article\" \/>\n<meta property=\"og:title\" content=\"G\u00e9rer les oiseaux ind\u00e9sirables \u00e0 Gatineau &amp; Ottawa : solutions s\u00fbres et efficaces\" \/>\n<meta property=\"og:description\" content=\"G\u00e9rer les oiseaux ind\u00e9sirables \u00e0 Gatineau &amp; Ottawa : solutions s\u00fbres et efficaces. Aspen Wildlife Control \u00e0 Gatineau-Ottawa.\" \/>\n<meta property=\"og:url\" content=\"https:\/\/aspenwildlifecontrol.com\/fr\/prestations-de-service\/oiseaux\/gerer-les-oiseaux-indesirables-a-gatineau-ottawa-solutions-sures-et-efficaces\/\" \/>\n<meta property=\"og:site_name\" content=\"Aspen Wildlife Control\" \/>\n<meta property=\"article:modified_time\" content=\"2025-02-10T20:26:22+00:00\" \/>\n<meta name=\"twitter:card\" content=\"summary_large_image\" \/>\n<meta name=\"twitter:label1\" content=\"Dur\u00e9e de lecture estim\u00e9e\" \/>\n\t<meta name=\"twitter:data1\" content=\"3 minutes\" \/>\n<script type=\"application\/ld+json\" class=\"yoast-schema-graph\">{\"@context\":\"https:\\\/\\\/schema.org\",\"@graph\":[{\"@type\":\"WebPage\",\"@id\":\"https:\\\/\\\/aspenwildlifecontrol.com\\\/fr\\\/prestations-de-service\\\/oiseaux\\\/gerer-les-oiseaux-indesirables-a-gatineau-ottawa-solutions-sures-et-efficaces\\\/\",\"url\":\"https:\\\/\\\/aspenwildlifecontrol.com\\\/fr\\\/prestations-de-service\\\/oiseaux\\\/gerer-les-oiseaux-indesirables-a-gatineau-ottawa-solutions-sures-et-efficaces\\\/\",\"name\":\"G\u00e9rer les oiseaux ind\u00e9sirables \u00e0 Gatineau &amp; Ottawa : solutions s\u00fbres et efficaces | Aspen Wildlife Gatineau\",\"isPartOf\":{\"@id\":\"https:\\\/\\\/aspenwildlifecontrol.com\\\/fr\\\/#website\"},\"datePublished\":\"2024-03-20T20:05:51+00:00\",\"dateModified\":\"2025-02-10T20:26:22+00:00\",\"description\":\"G\u00e9rer les oiseaux ind\u00e9sirables \u00e0 Gatineau & Ottawa : solutions s\u00fbres et efficaces. Aspen Wildlife Control \u00e0 Gatineau-Ottawa.\",\"breadcrumb\":{\"@id\":\"https:\\\/\\\/aspenwildlifecontrol.com\\\/fr\\\/prestations-de-service\\\/oiseaux\\\/gerer-les-oiseaux-indesirables-a-gatineau-ottawa-solutions-sures-et-efficaces\\\/#breadcrumb\"},\"inLanguage\":\"fr-FR\",\"potentialAction\":[{\"@type\":\"ReadAction\",\"target\":[\"https:\\\/\\\/aspenwildlifecontrol.com\\\/fr\\\/prestations-de-service\\\/oiseaux\\\/gerer-les-oiseaux-indesirables-a-gatineau-ottawa-solutions-sures-et-efficaces\\\/\"]}]},{\"@type\":\"BreadcrumbList\",\"@id\":\"https:\\\/\\\/aspenwildlifecontrol.com\\\/fr\\\/prestations-de-service\\\/oiseaux\\\/gerer-les-oiseaux-indesirables-a-gatineau-ottawa-solutions-sures-et-efficaces\\\/#breadcrumb\",\"itemListElement\":[{\"@type\":\"ListItem\",\"position\":1,\"name\":\"Home\",\"item\":\"https:\\\/\\\/aspenwildlifecontrol.com\\\/fr\\\/\"},{\"@type\":\"ListItem\",\"position\":2,\"name\":\"Service control animal\",\"item\":\"https:\\\/\\\/aspenwildlifecontrol.com\\\/fr\\\/prestations-de-service\\\/\"},{\"@type\":\"ListItem\",\"position\":3,\"name\":\"Oiseaux\",\"item\":\"https:\\\/\\\/aspenwildlifecontrol.com\\\/fr\\\/prestations-de-service\\\/oiseaux\\\/\"},{\"@type\":\"ListItem\",\"position\":4,\"name\":\"G\u00e9rer les oiseaux ind\u00e9sirables \u00e0 Gatineau &amp; Ottawa : solutions s\u00fbres et efficaces\"}]},{\"@type\":\"WebSite\",\"@id\":\"https:\\\/\\\/aspenwildlifecontrol.com\\\/fr\\\/#website\",\"url\":\"https:\\\/\\\/aspenwildlifecontrol.com\\\/fr\\\/\",\"name\":\"Aspen Wildlife Control\",\"description\":\"Fast, humane wildlife removal in Ottawa-Gatineau \u2014 guaranteed results, 24\\\/7 service\",\"potentialAction\":[{\"@type\":\"SearchAction\",\"target\":{\"@type\":\"EntryPoint\",\"urlTemplate\":\"https:\\\/\\\/aspenwildlifecontrol.com\\\/fr\\\/?s={search_term_string}\"},\"query-input\":{\"@type\":\"PropertyValueSpecification\",\"valueRequired\":true,\"valueName\":\"search_term_string\"}}],\"inLanguage\":\"fr-FR\"}]}<\/script>\n<!-- \/ Yoast SEO Premium plugin. -->","yoast_head_json":{"title":"G\u00e9rer les oiseaux ind\u00e9sirables \u00e0 Gatineau &amp; Ottawa : solutions s\u00fbres et efficaces | Aspen Wildlife Gatineau","description":"G\u00e9rer les oiseaux ind\u00e9sirables \u00e0 Gatineau & Ottawa : solutions s\u00fbres et efficaces. Aspen Wildlife Control \u00e0 Gatineau-Ottawa.","robots":{"index":"index","follow":"follow","max-snippet":"max-snippet:-1","max-image-preview":"max-image-preview:large","max-video-preview":"max-video-preview:-1"},"canonical":"https:\/\/aspenwildlifecontrol.com\/fr\/prestations-de-service\/oiseaux\/gerer-les-oiseaux-indesirables-a-gatineau-ottawa-solutions-sures-et-efficaces\/","og_locale":"fr_FR","og_type":"article","og_title":"G\u00e9rer les oiseaux ind\u00e9sirables \u00e0 Gatineau &amp; Ottawa : solutions s\u00fbres et efficaces","og_description":"G\u00e9rer les oiseaux ind\u00e9sirables \u00e0 Gatineau & Ottawa : solutions s\u00fbres et efficaces. Aspen Wildlife Control \u00e0 Gatineau-Ottawa.","og_url":"https:\/\/aspenwildlifecontrol.com\/fr\/prestations-de-service\/oiseaux\/gerer-les-oiseaux-indesirables-a-gatineau-ottawa-solutions-sures-et-efficaces\/","og_site_name":"Aspen Wildlife Control","article_modified_time":"2025-02-10T20:26:22+00:00","twitter_card":"summary_large_image","twitter_misc":{"Dur\u00e9e de lecture estim\u00e9e":"3 minutes"},"schema":{"@context":"https:\/\/schema.org","@graph":[{"@type":"WebPage","@id":"https:\/\/aspenwildlifecontrol.com\/fr\/prestations-de-service\/oiseaux\/gerer-les-oiseaux-indesirables-a-gatineau-ottawa-solutions-sures-et-efficaces\/","url":"https:\/\/aspenwildlifecontrol.com\/fr\/prestations-de-service\/oiseaux\/gerer-les-oiseaux-indesirables-a-gatineau-ottawa-solutions-sures-et-efficaces\/","name":"G\u00e9rer les oiseaux ind\u00e9sirables \u00e0 Gatineau &amp; Ottawa : solutions s\u00fbres et efficaces | Aspen Wildlife Gatineau","isPartOf":{"@id":"https:\/\/aspenwildlifecontrol.com\/fr\/#website"},"datePublished":"2024-03-20T20:05:51+00:00","dateModified":"2025-02-10T20:26:22+00:00","description":"G\u00e9rer les oiseaux ind\u00e9sirables \u00e0 Gatineau & Ottawa : solutions s\u00fbres et efficaces. Aspen Wildlife Control \u00e0 Gatineau-Ottawa.","breadcrumb":{"@id":"https:\/\/aspenwildlifecontrol.com\/fr\/prestations-de-service\/oiseaux\/gerer-les-oiseaux-indesirables-a-gatineau-ottawa-solutions-sures-et-efficaces\/#breadcrumb"},"inLanguage":"fr-FR","potentialAction":[{"@type":"ReadAction","target":["https:\/\/aspenwildlifecontrol.com\/fr\/prestations-de-service\/oiseaux\/gerer-les-oiseaux-indesirables-a-gatineau-ottawa-solutions-sures-et-efficaces\/"]}]},{"@type":"BreadcrumbList","@id":"https:\/\/aspenwildlifecontrol.com\/fr\/prestations-de-service\/oiseaux\/gerer-les-oiseaux-indesirables-a-gatineau-ottawa-solutions-sures-et-efficaces\/#breadcrumb","itemListElement":[{"@type":"ListItem","position":1,"name":"Home","item":"https:\/\/aspenwildlifecontrol.com\/fr\/"},{"@type":"ListItem","position":2,"name":"Service control animal","item":"https:\/\/aspenwildlifecontrol.com\/fr\/prestations-de-service\/"},{"@type":"ListItem","position":3,"name":"Oiseaux","item":"https:\/\/aspenwildlifecontrol.com\/fr\/prestations-de-service\/oiseaux\/"},{"@type":"ListItem","position":4,"name":"G\u00e9rer les oiseaux ind\u00e9sirables \u00e0 Gatineau &amp; Ottawa : solutions s\u00fbres et efficaces"}]},{"@type":"WebSite","@id":"https:\/\/aspenwildlifecontrol.com\/fr\/#website","url":"https:\/\/aspenwildlifecontrol.com\/fr\/","name":"Aspen Wildlife Control","description":"Fast, humane wildlife removal in Ottawa-Gatineau \u2014 guaranteed results, 24\/7 service","potentialAction":[{"@type":"SearchAction","target":{"@type":"EntryPoint","urlTemplate":"https:\/\/aspenwildlifecontrol.com\/fr\/?s={search_term_string}"},"query-input":{"@type":"PropertyValueSpecification","valueRequired":true,"valueName":"search_term_string"}}],"inLanguage":"fr-FR"}]}},"_links":{"self":[{"href":"https:\/\/aspenwildlifecontrol.com\/fr\/wp-json\/wp\/v2\/pages\/1044","targetHints":{"allow":["GET"]}}],"collection":[{"href":"https:\/\/aspenwildlifecontrol.com\/fr\/wp-json\/wp\/v2\/pages"}],"about":[{"href":"https:\/\/aspenwildlifecontrol.com\/fr\/wp-json\/wp\/v2\/types\/page"}],"author":[{"embeddable":true,"href":"https:\/\/aspenwildlifecontrol.com\/fr\/wp-json\/wp\/v2\/users\/1"}],"replies":[{"embeddable":true,"href":"https:\/\/aspenwildlifecontrol.com\/fr\/wp-json\/wp\/v2\/comments?post=1044"}],"version-history":[{"count":2,"href":"https:\/\/aspenwildlifecontrol.com\/fr\/wp-json\/wp\/v2\/pages\/1044\/revisions"}],"predecessor-version":[{"id":2957,"href":"https:\/\/aspenwildlifecontrol.com\/fr\/wp-json\/wp\/v2\/pages\/1044\/revisions\/2957"}],"up":[{"embeddable":true,"href":"https:\/\/aspenwildlifecontrol.com\/fr\/wp-json\/wp\/v2\/pages\/977"}],"wp:attachment":[{"href":"https:\/\/aspenwildlifecontrol.com\/fr\/wp-json\/wp\/v2\/media?parent=1044"}],"curies":[{"name":"wp","href":"https:\/\/api.w.org\/{rel}","templated":true}]}}