{"id":1043,"date":"2024-03-20T17:36:00","date_gmt":"2024-03-20T21:36:00","guid":{"rendered":"https:\/\/aspenwildlifecontrol.com\/prestations-de-service\/oiseaux\/signes-alarmants-les-oiseaux-pourraient-nicher-dans-votre-maison\/"},"modified":"2025-02-12T10:17:11","modified_gmt":"2025-02-12T15:17:11","slug":"signes-alarmants-les-oiseaux-pourraient-nicher-dans-votre-maison","status":"publish","type":"page","link":"https:\/\/aspenwildlifecontrol.com\/fr\/prestations-de-service\/oiseaux\/signes-alarmants-les-oiseaux-pourraient-nicher-dans-votre-maison\/","title":{"rendered":"Signes alarmants : Les oiseaux pourraient nicher dans votre maison"},"content":{"rendered":"<h5><b>Signes alarmants : Les oiseaux pourraient nicher dans votre maison<\/b><\/h5>\n<p><span style=\"font-weight: 400;\">Le printemps apporte de magnifiques m\u00e9lodies de nos amis \u00e0 plumes \u00e0 Gatineau et Ottawa. Cependant, leur enthousiasme pour la nidification peut parfois les pousser \u00e0 choisir des endroits non d\u00e9sir\u00e9s &#8211; votre maison. Voici ce qu&rsquo;il faut surveiller pour identifier une \u00e9ventuelle invasions d&rsquo;oiseaux :<\/span><\/p>\n<h5><b>Sons :<\/b><\/h5>\n<p><b>Tendez l&rsquo;oreille<\/b><span style=\"font-weight: 400;\"> : Des bruits de chant inhabituels, de hululement ou de battement d&rsquo;ailes, particuli\u00e8rement pr\u00e8s des avant-toits, des \u00e9vents ou des chemin\u00e9es pendant la journ\u00e9e, pourraient indiquer la pr\u00e9sence d&rsquo;oiseaux en nidification. Les oiseaux sont les plus actifs pendant les heures de lumi\u00e8re du jour, alors soyez attentif aux bruits provenant de ces zones.<\/span><\/p>\n<h5><b>Signes d&rsquo;activit\u00e9 :<\/b><\/h5>\n<ul>\n<li style=\"font-weight: 400;\" aria-level=\"1\"><b>Amis \u00e0 plumes<\/b><span style=\"font-weight: 400;\"> : Surveillez les oiseaux perch\u00e9s sur les toits, les rebords ou nichant sous les avant-toits. Leurs fientes et leurs plumes peuvent \u00e9galement \u00eatre des indices de leur pr\u00e9sence. Recherchez-les en train de construire des nids avec des brindilles, des feuilles ou d&rsquo;autres mat\u00e9riaux pr\u00e8s des sites potentiels de nidification.<\/span><\/li>\n<li style=\"font-weight: 400;\" aria-level=\"1\"><b>Dommages caus\u00e9s<\/b><span style=\"font-weight: 400;\"> : Inspectez les \u00e9vents, les soffites et les avant-toits pour rep\u00e9rer les signes d&rsquo;activit\u00e9 des oiseaux, tels que des d\u00e9g\u00e2ts de picorage. Les oiseaux peuvent \u00e9galement endommager le rev\u00eatement ou les bardeaux du toit \u00e0 la recherche de mat\u00e9riaux de nidification ou d&rsquo;insectes.<\/span><\/li>\n<\/ul>\n<h5><b>Ne laissez pas les oiseaux perturber votre s\u00e9r\u00e9nit\u00e9\u00a0<\/b><\/h5>\n<p><span style=\"font-weight: 400;\">Si vous soup\u00e7onnez une invasion d&rsquo;oiseaux, contactez Aspen Wildlife Control. Nous comprenons l&rsquo;importance de r\u00e9soudre les probl\u00e8mes d&rsquo;oiseaux de mani\u00e8re humaine et conform\u00e9ment aux r\u00e9glementations locales sur la faune. Nos techniciens exp\u00e9riment\u00e9s utilisent des m\u00e9thodes s\u00fbres et efficaces pour \u00e9loigner les oiseaux de votre propri\u00e9t\u00e9 et pr\u00e9venir les probl\u00e8mes futurs.<\/span><\/p>\n","protected":false},"excerpt":{"rendered":"<p>Signes alarmants : Les oiseaux pourraient nicher dans votre maison Le printemps apporte de magnifiques m\u00e9lodies de nos amis \u00e0 plumes \u00e0 Gatineau et Ottawa. Cependant, leur enthousiasme pour la nidification peut parfois les pousser \u00e0 choisir des endroits non d\u00e9sir\u00e9s &#8211; votre maison. Voici ce qu&rsquo;il faut surveiller pour identifier une \u00e9ventuelle invasions d&rsquo;oiseaux&hellip; <a class=\"more-link\" href=\"https:\/\/aspenwildlifecontrol.com\/fr\/prestations-de-service\/oiseaux\/signes-alarmants-les-oiseaux-pourraient-nicher-dans-votre-maison\/\">Poursuivre la lecture <span class=\"screen-reader-text\">Signes alarmants : Les oiseaux pourraient nicher dans votre maison<\/span><\/a><\/p>\n","protected":false},"author":1,"featured_media":0,"parent":977,"menu_order":0,"comment_status":"closed","ping_status":"closed","template":"","meta":{"_acf_changed":false,"footnotes":""},"class_list":["post-1043","page","type-page","status-publish","hentry","entry"],"acf":[],"yoast_head":"<!-- This site is optimized with the Yoast SEO Premium plugin v26.8 (Yoast SEO v27.4) - https:\/\/yoast.com\/product\/yoast-seo-premium-wordpress\/ -->\n<title>Signes alarmants : Les oiseaux pourraient nicher dans votre maison | Aspen Wildlife Gatineau<\/title>\n<meta name=\"description\" content=\"Signes alarmants : Les oiseaux pourraient nicher dans votre maisonAspen Wildlife Control \u00e0 Gatineau-Ottawa.\" \/>\n<meta name=\"robots\" content=\"index, follow, max-snippet:-1, max-image-preview:large, max-video-preview:-1\" \/>\n<link rel=\"canonical\" href=\"https:\/\/aspenwildlifecontrol.com\/fr\/prestations-de-service\/oiseaux\/signes-alarmants-les-oiseaux-pourraient-nicher-dans-votre-maison\/\" \/>\n<meta property=\"og:locale\" content=\"fr_FR\" \/>\n<meta property=\"og:type\" content=\"article\" \/>\n<meta property=\"og:title\" content=\"Signes alarmants : Les oiseaux pourraient nicher dans votre maison\" \/>\n<meta property=\"og:description\" content=\"Signes alarmants : Les oiseaux pourraient nicher dans votre maisonAspen Wildlife Control \u00e0 Gatineau-Ottawa.\" \/>\n<meta property=\"og:url\" content=\"https:\/\/aspenwildlifecontrol.com\/fr\/prestations-de-service\/oiseaux\/signes-alarmants-les-oiseaux-pourraient-nicher-dans-votre-maison\/\" \/>\n<meta property=\"og:site_name\" content=\"Aspen Wildlife Control\" \/>\n<meta property=\"article:modified_time\" content=\"2025-02-12T15:17:11+00:00\" \/>\n<meta name=\"twitter:card\" content=\"summary_large_image\" \/>\n<meta name=\"twitter:label1\" content=\"Dur\u00e9e de lecture estim\u00e9e\" \/>\n\t<meta name=\"twitter:data1\" content=\"2 minutes\" \/>\n<script type=\"application\/ld+json\" class=\"yoast-schema-graph\">{\"@context\":\"https:\\\/\\\/schema.org\",\"@graph\":[{\"@type\":\"WebPage\",\"@id\":\"https:\\\/\\\/aspenwildlifecontrol.com\\\/fr\\\/prestations-de-service\\\/oiseaux\\\/signes-alarmants-les-oiseaux-pourraient-nicher-dans-votre-maison\\\/\",\"url\":\"https:\\\/\\\/aspenwildlifecontrol.com\\\/fr\\\/prestations-de-service\\\/oiseaux\\\/signes-alarmants-les-oiseaux-pourraient-nicher-dans-votre-maison\\\/\",\"name\":\"Signes alarmants : Les oiseaux pourraient nicher dans votre maison | Aspen Wildlife Gatineau\",\"isPartOf\":{\"@id\":\"https:\\\/\\\/aspenwildlifecontrol.com\\\/fr\\\/#website\"},\"datePublished\":\"2024-03-20T21:36:00+00:00\",\"dateModified\":\"2025-02-12T15:17:11+00:00\",\"description\":\"Signes alarmants : Les oiseaux pourraient nicher dans votre maisonAspen Wildlife Control \u00e0 Gatineau-Ottawa.\",\"breadcrumb\":{\"@id\":\"https:\\\/\\\/aspenwildlifecontrol.com\\\/fr\\\/prestations-de-service\\\/oiseaux\\\/signes-alarmants-les-oiseaux-pourraient-nicher-dans-votre-maison\\\/#breadcrumb\"},\"inLanguage\":\"fr-FR\",\"potentialAction\":[{\"@type\":\"ReadAction\",\"target\":[\"https:\\\/\\\/aspenwildlifecontrol.com\\\/fr\\\/prestations-de-service\\\/oiseaux\\\/signes-alarmants-les-oiseaux-pourraient-nicher-dans-votre-maison\\\/\"]}]},{\"@type\":\"BreadcrumbList\",\"@id\":\"https:\\\/\\\/aspenwildlifecontrol.com\\\/fr\\\/prestations-de-service\\\/oiseaux\\\/signes-alarmants-les-oiseaux-pourraient-nicher-dans-votre-maison\\\/#breadcrumb\",\"itemListElement\":[{\"@type\":\"ListItem\",\"position\":1,\"name\":\"Home\",\"item\":\"https:\\\/\\\/aspenwildlifecontrol.com\\\/fr\\\/\"},{\"@type\":\"ListItem\",\"position\":2,\"name\":\"Service control animal\",\"item\":\"https:\\\/\\\/aspenwildlifecontrol.com\\\/fr\\\/prestations-de-service\\\/\"},{\"@type\":\"ListItem\",\"position\":3,\"name\":\"Oiseaux\",\"item\":\"https:\\\/\\\/aspenwildlifecontrol.com\\\/fr\\\/prestations-de-service\\\/oiseaux\\\/\"},{\"@type\":\"ListItem\",\"position\":4,\"name\":\"Signes alarmants : Les oiseaux pourraient nicher dans votre maison\"}]},{\"@type\":\"WebSite\",\"@id\":\"https:\\\/\\\/aspenwildlifecontrol.com\\\/fr\\\/#website\",\"url\":\"https:\\\/\\\/aspenwildlifecontrol.com\\\/fr\\\/\",\"name\":\"Aspen Wildlife Control\",\"description\":\"Fast, humane wildlife removal in Ottawa-Gatineau \u2014 guaranteed results, 24\\\/7 service\",\"potentialAction\":[{\"@type\":\"SearchAction\",\"target\":{\"@type\":\"EntryPoint\",\"urlTemplate\":\"https:\\\/\\\/aspenwildlifecontrol.com\\\/fr\\\/?s={search_term_string}\"},\"query-input\":{\"@type\":\"PropertyValueSpecification\",\"valueRequired\":true,\"valueName\":\"search_term_string\"}}],\"inLanguage\":\"fr-FR\"}]}<\/script>\n<!-- \/ Yoast SEO Premium plugin. -->","yoast_head_json":{"title":"Signes alarmants : Les oiseaux pourraient nicher dans votre maison | Aspen Wildlife Gatineau","description":"Signes alarmants : Les oiseaux pourraient nicher dans votre maisonAspen Wildlife Control \u00e0 Gatineau-Ottawa.","robots":{"index":"index","follow":"follow","max-snippet":"max-snippet:-1","max-image-preview":"max-image-preview:large","max-video-preview":"max-video-preview:-1"},"canonical":"https:\/\/aspenwildlifecontrol.com\/fr\/prestations-de-service\/oiseaux\/signes-alarmants-les-oiseaux-pourraient-nicher-dans-votre-maison\/","og_locale":"fr_FR","og_type":"article","og_title":"Signes alarmants : Les oiseaux pourraient nicher dans votre maison","og_description":"Signes alarmants : Les oiseaux pourraient nicher dans votre maisonAspen Wildlife Control \u00e0 Gatineau-Ottawa.","og_url":"https:\/\/aspenwildlifecontrol.com\/fr\/prestations-de-service\/oiseaux\/signes-alarmants-les-oiseaux-pourraient-nicher-dans-votre-maison\/","og_site_name":"Aspen Wildlife Control","article_modified_time":"2025-02-12T15:17:11+00:00","twitter_card":"summary_large_image","twitter_misc":{"Dur\u00e9e de lecture estim\u00e9e":"2 minutes"},"schema":{"@context":"https:\/\/schema.org","@graph":[{"@type":"WebPage","@id":"https:\/\/aspenwildlifecontrol.com\/fr\/prestations-de-service\/oiseaux\/signes-alarmants-les-oiseaux-pourraient-nicher-dans-votre-maison\/","url":"https:\/\/aspenwildlifecontrol.com\/fr\/prestations-de-service\/oiseaux\/signes-alarmants-les-oiseaux-pourraient-nicher-dans-votre-maison\/","name":"Signes alarmants : Les oiseaux pourraient nicher dans votre maison | Aspen Wildlife Gatineau","isPartOf":{"@id":"https:\/\/aspenwildlifecontrol.com\/fr\/#website"},"datePublished":"2024-03-20T21:36:00+00:00","dateModified":"2025-02-12T15:17:11+00:00","description":"Signes alarmants : Les oiseaux pourraient nicher dans votre maisonAspen Wildlife Control \u00e0 Gatineau-Ottawa.","breadcrumb":{"@id":"https:\/\/aspenwildlifecontrol.com\/fr\/prestations-de-service\/oiseaux\/signes-alarmants-les-oiseaux-pourraient-nicher-dans-votre-maison\/#breadcrumb"},"inLanguage":"fr-FR","potentialAction":[{"@type":"ReadAction","target":["https:\/\/aspenwildlifecontrol.com\/fr\/prestations-de-service\/oiseaux\/signes-alarmants-les-oiseaux-pourraient-nicher-dans-votre-maison\/"]}]},{"@type":"BreadcrumbList","@id":"https:\/\/aspenwildlifecontrol.com\/fr\/prestations-de-service\/oiseaux\/signes-alarmants-les-oiseaux-pourraient-nicher-dans-votre-maison\/#breadcrumb","itemListElement":[{"@type":"ListItem","position":1,"name":"Home","item":"https:\/\/aspenwildlifecontrol.com\/fr\/"},{"@type":"ListItem","position":2,"name":"Service control animal","item":"https:\/\/aspenwildlifecontrol.com\/fr\/prestations-de-service\/"},{"@type":"ListItem","position":3,"name":"Oiseaux","item":"https:\/\/aspenwildlifecontrol.com\/fr\/prestations-de-service\/oiseaux\/"},{"@type":"ListItem","position":4,"name":"Signes alarmants : Les oiseaux pourraient nicher dans votre maison"}]},{"@type":"WebSite","@id":"https:\/\/aspenwildlifecontrol.com\/fr\/#website","url":"https:\/\/aspenwildlifecontrol.com\/fr\/","name":"Aspen Wildlife Control","description":"Fast, humane wildlife removal in Ottawa-Gatineau \u2014 guaranteed results, 24\/7 service","potentialAction":[{"@type":"SearchAction","target":{"@type":"EntryPoint","urlTemplate":"https:\/\/aspenwildlifecontrol.com\/fr\/?s={search_term_string}"},"query-input":{"@type":"PropertyValueSpecification","valueRequired":true,"valueName":"search_term_string"}}],"inLanguage":"fr-FR"}]}},"_links":{"self":[{"href":"https:\/\/aspenwildlifecontrol.com\/fr\/wp-json\/wp\/v2\/pages\/1043","targetHints":{"allow":["GET"]}}],"collection":[{"href":"https:\/\/aspenwildlifecontrol.com\/fr\/wp-json\/wp\/v2\/pages"}],"about":[{"href":"https:\/\/aspenwildlifecontrol.com\/fr\/wp-json\/wp\/v2\/types\/page"}],"author":[{"embeddable":true,"href":"https:\/\/aspenwildlifecontrol.com\/fr\/wp-json\/wp\/v2\/users\/1"}],"replies":[{"embeddable":true,"href":"https:\/\/aspenwildlifecontrol.com\/fr\/wp-json\/wp\/v2\/comments?post=1043"}],"version-history":[{"count":2,"href":"https:\/\/aspenwildlifecontrol.com\/fr\/wp-json\/wp\/v2\/pages\/1043\/revisions"}],"predecessor-version":[{"id":3291,"href":"https:\/\/aspenwildlifecontrol.com\/fr\/wp-json\/wp\/v2\/pages\/1043\/revisions\/3291"}],"up":[{"embeddable":true,"href":"https:\/\/aspenwildlifecontrol.com\/fr\/wp-json\/wp\/v2\/pages\/977"}],"wp:attachment":[{"href":"https:\/\/aspenwildlifecontrol.com\/fr\/wp-json\/wp\/v2\/media?parent=1043"}],"curies":[{"name":"wp","href":"https:\/\/api.w.org\/{rel}","templated":true}]}}