{"id":1038,"date":"2024-03-19T18:05:07","date_gmt":"2024-03-19T22:05:07","guid":{"rendered":"https:\/\/aspenwildlifecontrol.com\/prestations-de-service\/ecureuils\/partager-votre-domicile-avec-les-rongeurs-de-gatineau-comportement-des-ecureuils-et-risques\/"},"modified":"2025-02-18T10:44:29","modified_gmt":"2025-02-18T15:44:29","slug":"partager-votre-domicile-avec-les-rongeurs-de-gatineau-comportement-des-ecureuils-et-risques","status":"publish","type":"page","link":"https:\/\/aspenwildlifecontrol.com\/fr\/prestations-de-service\/ecureuils\/partager-votre-domicile-avec-les-rongeurs-de-gatineau-comportement-des-ecureuils-et-risques\/","title":{"rendered":"Partager votre domicile avec les rongeurs de Gatineau : Comportement des \u00e9cureuils et risques"},"content":{"rendered":"<div class=\"et_pb_module et_pb_text et_pb_text_4 et_pb_text_align_left et_pb_bg_layout_light et_had_animation\">\n<div class=\"et_pb_text_inner\">\n<p><span style=\"font-weight: 400;\">Les \u00e9cureuils sont des rongeurs \u00e9nergiques et ing\u00e9nieux qui prosp\u00e8rent dans les paysages diversifi\u00e9s de l&rsquo;Am\u00e9rique du Nord, y compris dans les zones urbaines anim\u00e9es comme Gatineau. Comprendre leurs comportements naturels et leur adaptation aux environnements humains est crucial pour identifier une infestation potentielle et prot\u00e9ger votre propri\u00e9t\u00e9 et votre famille.<\/span><\/p>\n<h5><b>Identification de l&rsquo;activit\u00e9 des \u00e9cureuils :<\/b><\/h5>\n<ul>\n<li><b>Observations<\/b><span style=\"font-weight: 400;\"> : Ces rongeurs sont souvent aper\u00e7us en train de se pr\u00e9cipiter pendant la journ\u00e9e, \u00e0 la recherche de nourriture ou en se faufilant entre les arbres. La r\u00e9gion de Gatineau et d&rsquo;Ottawa compte trois types d&rsquo;\u00e9cureuils communs : l&rsquo;\u00e9cureuil gris de l&rsquo;Est, l&rsquo;\u00e9cureuil roux et l&rsquo;\u00e9cureuil noir. Les \u00e9cureuils gris de l&rsquo;Est sont plus grands et ont un pelage brun-gris\u00e2tre, tandis que les \u00e9cureuils roux sont plus petits et ont un pelage brun-roux avec un dessous blanc distinctif. Les \u00e9cureuils noirs, une variation m\u00e9lanistique de l&rsquo;\u00e9cureuil gris de l&rsquo;Est, ont un pelage noir lisse.<\/span><\/li>\n<li><b>Bruit<\/b><span style=\"font-weight: 400;\"> : Des bruits pendant le jour inhabituels comme des grattages, des battements ou des bruits de course dans votre grenier, vos murs ou derri\u00e8re les chemin\u00e9es peuvent \u00eatre des signes d&rsquo;une infestation d&rsquo;\u00e9cureuils.<\/span><\/li>\n<li><b>Excr\u00e9ments<\/b><span style=\"font-weight: 400;\"> : Des excr\u00e9ments de petite taille et de forme ovale (environ de la taille et de la forme d&rsquo;une cacahu\u00e8te) trouv\u00e9s pr\u00e8s des points d&rsquo;entr\u00e9e, dans le grenier (surtout autour de leurs nids) ou autour des espaces difficiles d\u2019acc\u00e8s peuvent indiquer une activit\u00e9 d&rsquo;\u00e9cureuil. Contrairement \u00e0 d&rsquo;autres envahisseurs potentiels, les excr\u00e9ments d&rsquo;\u00e9cureuils sont peu susceptibles d&rsquo;avoir une forte odeur.<\/span><\/li>\n<li style=\"font-weight: 400;\" aria-level=\"1\"><b>Dommages<\/b><span style=\"font-weight: 400;\"> : L&rsquo;isolation d\u00e9chir\u00e9e dans votre grenier, les points d&rsquo;entr\u00e9e m\u00e2ch\u00e9s autour de la ligne de toit, des \u00e9vents de soffite ou des avant-toits, ou des preuves de fils ou de tuyaux m\u00e2ch\u00e9s pourraient tous \u00eatre des signes d&rsquo;\u00e9cureuils dans votre maison. La disparition de la nourriture pour animaux de compagnie ou de restes de nourriture inhabituels dispers\u00e9s autour de votre propri\u00e9t\u00e9 peut \u00e9galement indiquer que les \u00e9cureuils recherchent des repas faciles.<\/span>\n<ul>\n<li style=\"list-style-type: none;\">\n<ul>\n<li style=\"list-style-type: none;\"><\/li>\n<\/ul>\n<\/li>\n<\/ul>\n<\/li>\n<\/ul>\n<h5><b>Les \u00e9cureuils de Gatineau : Les rongeurs agit\u00e9s de la ville<\/b><\/h5>\n<p><b>Habitudes naturelles<\/b><span style=\"font-weight: 400;\"> : Les \u00e9cureuils sont actifs pendant la journ\u00e9e, \u00e0 la recherche de nourriture et construisant des nids. Ils sont d&rsquo;excellents grimpeurs et sauteurs, utilisant leurs griffes ac\u00e9r\u00e9es et leurs comp\u00e9tences acrobatiques pour se d\u00e9placer dans les arbres et les branches. Leur alimentation naturelle se compose de noix, de graines, de fruits et d&rsquo;insectes.<\/span><\/p>\n<p><b>Adaptations urbaines<\/b><span style=\"font-weight: 400;\"> : L&rsquo;environnement urbain de Gatineau pr\u00e9sente \u00e0 la fois des d\u00e9fis et des opportunit\u00e9s pour les \u00e9cureuils. Alors que les sources de nourriture naturelle peuvent \u00eatre limit\u00e9es, les greniers peuvent devenir attractifs avec leur chaleur et leurs emplacements de nidification potentiels. Les mangeoires pour oiseaux et les poubelles d\u00e9bordantes peuvent \u00e9galement fournir des repas faciles.<\/span><\/p>\n<p><b>Changements saisonniers<\/b><span style=\"font-weight: 400;\"> : <\/span><\/p>\n<ul>\n<li><span style=\"font-weight: 400;\"><b>Automne<\/b> : \u00c0 l&rsquo;arriv\u00e9e de l&rsquo;automne et alors que les \u00e9cureuils se pr\u00e9parent pour l&rsquo;hiver, ils deviennent plus actifs, rassemblant et stockant des noix et des graines. Cette activit\u00e9 accrue peut entra\u00eener des rencontres plus fr\u00e9quentes avec eux autour de votre propri\u00e9t\u00e9.<\/span><\/li>\n<\/ul>\n<h5><b>Risques sanitaires et dommages mat\u00e9riels :<\/b><\/h5>\n<ul>\n<li><b>Porteurs de maladies<\/b><span style=\"font-weight: 400;\"> : Les \u00e9cureuils peuvent \u00eatre porteurs de maladies comme la rage et la leptospirose qui peuvent \u00eatre transmises aux humains et aux animaux de compagnie. \u00c9vitez tout contact direct avec les \u00e9cureuils et leurs excr\u00e9ments.<\/span><\/li>\n<li><b>Dommages potentiels<\/b><span style=\"font-weight: 400;\"> : Les ratons laveurs peuvent causer des dommages importants \u00e0 votre propri\u00e9t\u00e9 en cherchant de la nourriture et un abri. Ils peuvent d\u00e9chirer les soffites, les \u00e9crans de ventilation et les bardeaux de toiture pour entrer. Une fois \u00e0 l&rsquo;int\u00e9rieur, ils peuvent endommager l&rsquo;isolation, le c\u00e2blage \u00e9lectrique et les conduits d&rsquo;a\u00e9ration en explorant et en cr\u00e9ant leurs tani\u00e8res.<\/span><\/li>\n<\/ul>\n<h5><b>Rencontre avec un \u00e9cureuil :<\/b><\/h5>\n<ul>\n<li><b>\u00c9vitez tout contact direct<\/b><span style=\"font-weight: 400;\"> : Les \u00e9cureuils sont des animaux sauvages et ne doivent pas \u00eatre approch\u00e9s.<\/span><\/li>\n<\/ul>\n<h5><b>Pr\u00e9vention des infestations d&rsquo;\u00e9cureuils :<\/b><\/h5>\n<ul>\n<li style=\"font-weight: 400;\" aria-level=\"1\"><b>Scellez les points d&rsquo;entr\u00e9e<\/b><span style=\"font-weight: 400;\"> : La meilleure fa\u00e7on de pr\u00e9venir les infestations d&rsquo;\u00e9cureuils est de sceller tous les points d&rsquo;entr\u00e9e potentiels autour de votre maison. Cela inclut les espaces autour de votre ligne de toit, des \u00e9vents de soffite, des avant-toits, des chemin\u00e9es et de la fondation.<\/span><\/li>\n<li style=\"font-weight: 400;\" aria-level=\"1\"><b>\u00c9liminez les attractifs<span style=\"font-weight: 400;\"> : Gardez votre grenier et vos espaces difficiles d\u2019acc\u00e8s propres et exempts de sources de nourriture potentielles, comme les graines pour oiseaux ou la nourriture pour animaux de compagnie. Vous pouvez \u00e9galement tailler les branches d&rsquo;arbres qui pendent pr\u00e8s de votre maison, car elles peuvent fournir aux \u00e9cureuils un acc\u00e8s facile \u00e0 votre toit.<\/span><\/b><\/li>\n<\/ul>\n<p><span style=\"font-weight: 400;\">Vivre avec les \u00e9cureuils \u00e0 Gatineau n\u00e9cessite vigilance et mesures pr\u00e9ventives. Si vous soup\u00e7onnez une infestation d&rsquo;\u00e9cureuils, contactez une entreprise professionnelle de contr\u00f4le des animaux nuisibles pour traiter le probl\u00e8me de mani\u00e8re s\u00fbre et humaine.<\/span><\/p>\n<\/div>\n<\/div>\n","protected":false},"excerpt":{"rendered":"<p>Les \u00e9cureuils sont des rongeurs \u00e9nergiques et ing\u00e9nieux qui prosp\u00e8rent dans les paysages diversifi\u00e9s de l&rsquo;Am\u00e9rique du Nord, y compris dans les zones urbaines anim\u00e9es comme Gatineau. Comprendre leurs comportements naturels et leur adaptation aux environnements humains est crucial pour identifier une infestation potentielle et prot\u00e9ger votre propri\u00e9t\u00e9 et votre famille. Identification de l&rsquo;activit\u00e9 des&hellip; <a class=\"more-link\" href=\"https:\/\/aspenwildlifecontrol.com\/fr\/prestations-de-service\/ecureuils\/partager-votre-domicile-avec-les-rongeurs-de-gatineau-comportement-des-ecureuils-et-risques\/\">Poursuivre la lecture <span class=\"screen-reader-text\">Partager votre domicile avec les rongeurs de Gatineau : Comportement des \u00e9cureuils et risques<\/span><\/a><\/p>\n","protected":false},"author":1,"featured_media":0,"parent":974,"menu_order":0,"comment_status":"closed","ping_status":"closed","template":"","meta":{"_acf_changed":false,"footnotes":""},"class_list":["post-1038","page","type-page","status-publish","hentry","entry"],"acf":[],"yoast_head":"<!-- This site is optimized with the Yoast SEO Premium plugin v26.8 (Yoast SEO v27.5) - https:\/\/yoast.com\/product\/yoast-seo-premium-wordpress\/ -->\n<title>Comportement et Risques des \u00c9cureuils \u00e0 Gatineau | Aspen<\/title>\n<meta name=\"description\" content=\"Apprenez \u00e0 identifier les comportements des \u00e9cureuils et les risques pour votre domicile \u00e0 Gatineau. Solutions expertes avec Aspen Wildlife Control.\" \/>\n<meta name=\"robots\" content=\"index, follow, max-snippet:-1, max-image-preview:large, max-video-preview:-1\" \/>\n<link rel=\"canonical\" href=\"https:\/\/aspenwildlifecontrol.com\/fr\/prestations-de-service\/ecureuils\/partager-votre-domicile-avec-les-rongeurs-de-gatineau-comportement-des-ecureuils-et-risques\/\" \/>\n<meta property=\"og:locale\" content=\"fr_FR\" \/>\n<meta property=\"og:type\" content=\"article\" \/>\n<meta property=\"og:title\" content=\"Partager votre domicile avec les rongeurs de Gatineau : Comportement des \u00e9cureuils et risques\" \/>\n<meta property=\"og:description\" content=\"Apprenez \u00e0 identifier les comportements des \u00e9cureuils et les risques pour votre domicile \u00e0 Gatineau. Solutions expertes avec Aspen Wildlife Control.\" \/>\n<meta property=\"og:url\" content=\"https:\/\/aspenwildlifecontrol.com\/fr\/prestations-de-service\/ecureuils\/partager-votre-domicile-avec-les-rongeurs-de-gatineau-comportement-des-ecureuils-et-risques\/\" \/>\n<meta property=\"og:site_name\" content=\"Aspen Wildlife Control\" \/>\n<meta property=\"article:modified_time\" content=\"2025-02-18T15:44:29+00:00\" \/>\n<meta name=\"twitter:card\" content=\"summary_large_image\" \/>\n<meta name=\"twitter:label1\" content=\"Dur\u00e9e de lecture estim\u00e9e\" \/>\n\t<meta name=\"twitter:data1\" content=\"4 minutes\" \/>\n<script type=\"application\/ld+json\" class=\"yoast-schema-graph\">{\"@context\":\"https:\\\/\\\/schema.org\",\"@graph\":[{\"@type\":\"WebPage\",\"@id\":\"https:\\\/\\\/aspenwildlifecontrol.com\\\/fr\\\/prestations-de-service\\\/ecureuils\\\/partager-votre-domicile-avec-les-rongeurs-de-gatineau-comportement-des-ecureuils-et-risques\\\/\",\"url\":\"https:\\\/\\\/aspenwildlifecontrol.com\\\/fr\\\/prestations-de-service\\\/ecureuils\\\/partager-votre-domicile-avec-les-rongeurs-de-gatineau-comportement-des-ecureuils-et-risques\\\/\",\"name\":\"Comportement et Risques des \u00c9cureuils \u00e0 Gatineau | Aspen\",\"isPartOf\":{\"@id\":\"https:\\\/\\\/aspenwildlifecontrol.com\\\/fr\\\/#website\"},\"datePublished\":\"2024-03-19T22:05:07+00:00\",\"dateModified\":\"2025-02-18T15:44:29+00:00\",\"description\":\"Apprenez \u00e0 identifier les comportements des \u00e9cureuils et les risques pour votre domicile \u00e0 Gatineau. Solutions expertes avec Aspen Wildlife Control.\",\"breadcrumb\":{\"@id\":\"https:\\\/\\\/aspenwildlifecontrol.com\\\/fr\\\/prestations-de-service\\\/ecureuils\\\/partager-votre-domicile-avec-les-rongeurs-de-gatineau-comportement-des-ecureuils-et-risques\\\/#breadcrumb\"},\"inLanguage\":\"fr-FR\",\"potentialAction\":[{\"@type\":\"ReadAction\",\"target\":[\"https:\\\/\\\/aspenwildlifecontrol.com\\\/fr\\\/prestations-de-service\\\/ecureuils\\\/partager-votre-domicile-avec-les-rongeurs-de-gatineau-comportement-des-ecureuils-et-risques\\\/\"]}]},{\"@type\":\"BreadcrumbList\",\"@id\":\"https:\\\/\\\/aspenwildlifecontrol.com\\\/fr\\\/prestations-de-service\\\/ecureuils\\\/partager-votre-domicile-avec-les-rongeurs-de-gatineau-comportement-des-ecureuils-et-risques\\\/#breadcrumb\",\"itemListElement\":[{\"@type\":\"ListItem\",\"position\":1,\"name\":\"Home\",\"item\":\"https:\\\/\\\/aspenwildlifecontrol.com\\\/fr\\\/\"},{\"@type\":\"ListItem\",\"position\":2,\"name\":\"Service control animal\",\"item\":\"https:\\\/\\\/aspenwildlifecontrol.com\\\/fr\\\/prestations-de-service\\\/\"},{\"@type\":\"ListItem\",\"position\":3,\"name\":\"\u00c9cureuils\",\"item\":\"https:\\\/\\\/aspenwildlifecontrol.com\\\/fr\\\/prestations-de-service\\\/ecureuils\\\/\"},{\"@type\":\"ListItem\",\"position\":4,\"name\":\"Partager votre domicile avec les rongeurs de Gatineau : Comportement des \u00e9cureuils et risques\"}]},{\"@type\":\"WebSite\",\"@id\":\"https:\\\/\\\/aspenwildlifecontrol.com\\\/fr\\\/#website\",\"url\":\"https:\\\/\\\/aspenwildlifecontrol.com\\\/fr\\\/\",\"name\":\"Aspen Wildlife Control\",\"description\":\"Fast, humane wildlife removal in Ottawa-Gatineau \u2014 guaranteed results, 24\\\/7 service\",\"potentialAction\":[{\"@type\":\"SearchAction\",\"target\":{\"@type\":\"EntryPoint\",\"urlTemplate\":\"https:\\\/\\\/aspenwildlifecontrol.com\\\/fr\\\/?s={search_term_string}\"},\"query-input\":{\"@type\":\"PropertyValueSpecification\",\"valueRequired\":true,\"valueName\":\"search_term_string\"}}],\"inLanguage\":\"fr-FR\"}]}<\/script>\n<!-- \/ Yoast SEO Premium plugin. -->","yoast_head_json":{"title":"Comportement et Risques des \u00c9cureuils \u00e0 Gatineau | Aspen","description":"Apprenez \u00e0 identifier les comportements des \u00e9cureuils et les risques pour votre domicile \u00e0 Gatineau. Solutions expertes avec Aspen Wildlife Control.","robots":{"index":"index","follow":"follow","max-snippet":"max-snippet:-1","max-image-preview":"max-image-preview:large","max-video-preview":"max-video-preview:-1"},"canonical":"https:\/\/aspenwildlifecontrol.com\/fr\/prestations-de-service\/ecureuils\/partager-votre-domicile-avec-les-rongeurs-de-gatineau-comportement-des-ecureuils-et-risques\/","og_locale":"fr_FR","og_type":"article","og_title":"Partager votre domicile avec les rongeurs de Gatineau : Comportement des \u00e9cureuils et risques","og_description":"Apprenez \u00e0 identifier les comportements des \u00e9cureuils et les risques pour votre domicile \u00e0 Gatineau. Solutions expertes avec Aspen Wildlife Control.","og_url":"https:\/\/aspenwildlifecontrol.com\/fr\/prestations-de-service\/ecureuils\/partager-votre-domicile-avec-les-rongeurs-de-gatineau-comportement-des-ecureuils-et-risques\/","og_site_name":"Aspen Wildlife Control","article_modified_time":"2025-02-18T15:44:29+00:00","twitter_card":"summary_large_image","twitter_misc":{"Dur\u00e9e de lecture estim\u00e9e":"4 minutes"},"schema":{"@context":"https:\/\/schema.org","@graph":[{"@type":"WebPage","@id":"https:\/\/aspenwildlifecontrol.com\/fr\/prestations-de-service\/ecureuils\/partager-votre-domicile-avec-les-rongeurs-de-gatineau-comportement-des-ecureuils-et-risques\/","url":"https:\/\/aspenwildlifecontrol.com\/fr\/prestations-de-service\/ecureuils\/partager-votre-domicile-avec-les-rongeurs-de-gatineau-comportement-des-ecureuils-et-risques\/","name":"Comportement et Risques des \u00c9cureuils \u00e0 Gatineau | Aspen","isPartOf":{"@id":"https:\/\/aspenwildlifecontrol.com\/fr\/#website"},"datePublished":"2024-03-19T22:05:07+00:00","dateModified":"2025-02-18T15:44:29+00:00","description":"Apprenez \u00e0 identifier les comportements des \u00e9cureuils et les risques pour votre domicile \u00e0 Gatineau. Solutions expertes avec Aspen Wildlife Control.","breadcrumb":{"@id":"https:\/\/aspenwildlifecontrol.com\/fr\/prestations-de-service\/ecureuils\/partager-votre-domicile-avec-les-rongeurs-de-gatineau-comportement-des-ecureuils-et-risques\/#breadcrumb"},"inLanguage":"fr-FR","potentialAction":[{"@type":"ReadAction","target":["https:\/\/aspenwildlifecontrol.com\/fr\/prestations-de-service\/ecureuils\/partager-votre-domicile-avec-les-rongeurs-de-gatineau-comportement-des-ecureuils-et-risques\/"]}]},{"@type":"BreadcrumbList","@id":"https:\/\/aspenwildlifecontrol.com\/fr\/prestations-de-service\/ecureuils\/partager-votre-domicile-avec-les-rongeurs-de-gatineau-comportement-des-ecureuils-et-risques\/#breadcrumb","itemListElement":[{"@type":"ListItem","position":1,"name":"Home","item":"https:\/\/aspenwildlifecontrol.com\/fr\/"},{"@type":"ListItem","position":2,"name":"Service control animal","item":"https:\/\/aspenwildlifecontrol.com\/fr\/prestations-de-service\/"},{"@type":"ListItem","position":3,"name":"\u00c9cureuils","item":"https:\/\/aspenwildlifecontrol.com\/fr\/prestations-de-service\/ecureuils\/"},{"@type":"ListItem","position":4,"name":"Partager votre domicile avec les rongeurs de Gatineau : Comportement des \u00e9cureuils et risques"}]},{"@type":"WebSite","@id":"https:\/\/aspenwildlifecontrol.com\/fr\/#website","url":"https:\/\/aspenwildlifecontrol.com\/fr\/","name":"Aspen Wildlife Control","description":"Fast, humane wildlife removal in Ottawa-Gatineau \u2014 guaranteed results, 24\/7 service","potentialAction":[{"@type":"SearchAction","target":{"@type":"EntryPoint","urlTemplate":"https:\/\/aspenwildlifecontrol.com\/fr\/?s={search_term_string}"},"query-input":{"@type":"PropertyValueSpecification","valueRequired":true,"valueName":"search_term_string"}}],"inLanguage":"fr-FR"}]}},"_links":{"self":[{"href":"https:\/\/aspenwildlifecontrol.com\/fr\/wp-json\/wp\/v2\/pages\/1038","targetHints":{"allow":["GET"]}}],"collection":[{"href":"https:\/\/aspenwildlifecontrol.com\/fr\/wp-json\/wp\/v2\/pages"}],"about":[{"href":"https:\/\/aspenwildlifecontrol.com\/fr\/wp-json\/wp\/v2\/types\/page"}],"author":[{"embeddable":true,"href":"https:\/\/aspenwildlifecontrol.com\/fr\/wp-json\/wp\/v2\/users\/1"}],"replies":[{"embeddable":true,"href":"https:\/\/aspenwildlifecontrol.com\/fr\/wp-json\/wp\/v2\/comments?post=1038"}],"version-history":[{"count":2,"href":"https:\/\/aspenwildlifecontrol.com\/fr\/wp-json\/wp\/v2\/pages\/1038\/revisions"}],"predecessor-version":[{"id":2995,"href":"https:\/\/aspenwildlifecontrol.com\/fr\/wp-json\/wp\/v2\/pages\/1038\/revisions\/2995"}],"up":[{"embeddable":true,"href":"https:\/\/aspenwildlifecontrol.com\/fr\/wp-json\/wp\/v2\/pages\/974"}],"wp:attachment":[{"href":"https:\/\/aspenwildlifecontrol.com\/fr\/wp-json\/wp\/v2\/media?parent=1038"}],"curies":[{"name":"wp","href":"https:\/\/api.w.org\/{rel}","templated":true}]}}