{"id":1036,"date":"2024-03-19T17:35:02","date_gmt":"2024-03-19T21:35:02","guid":{"rendered":"https:\/\/aspenwildlifecontrol.com\/prestations-de-service\/ecureuils\/methodes-humaines-de-capture-des-ecureuils-priorite-a-la-securite-et-aux-solutions-a-long-terme\/"},"modified":"2026-01-14T16:12:47","modified_gmt":"2026-01-14T21:12:47","slug":"methodes-humaines-de-capture-des-ecureuils-priorite-a-la-securite-et-aux-solutions-a-long-terme","status":"publish","type":"page","link":"https:\/\/aspenwildlifecontrol.com\/fr\/prestations-de-service\/ecureuils\/methodes-humaines-de-capture-des-ecureuils-priorite-a-la-securite-et-aux-solutions-a-long-terme\/","title":{"rendered":"M\u00e9thodes humaines de contr\u00f4le des \u00e9cureuils : Priorit\u00e9 \u00e0 la s\u00e9curit\u00e9 et aux solutions \u00e0 long terme"},"content":{"rendered":"<p><span style=\"font-weight: 400;\">Chez Aspen Wildlife Control, nous comprenons les perturbations caus\u00e9es par les \u00e9cureuils dans votre grenier. Mais nous croyons \u00e9galement en la r\u00e9solution de ces probl\u00e8mes de mani\u00e8re humaine et efficace. Voici un aper\u00e7u de nos m\u00e9thodes qui privil\u00e9gient la s\u00e9curit\u00e9 des \u00e9cureuils, de votre famille et de votre propri\u00e9t\u00e9 :<\/span><\/p>\n<h5><b>D\u00e9termination de l&rsquo;\u00e2ge et de la maternit\u00e9 :<\/b><\/h5>\n<p><span style=\"font-weight: 400;\">Avant de mettre en \u0153uvre toute strat\u00e9gie de contr\u00f4le, nos techniciens qualifi\u00e9s donneront la priorit\u00e9 \u00e0 la s\u00e9curit\u00e9 et au bien-\u00eatre de toute prog\u00e9niture potentielle. Cela implique d&rsquo;\u00e9valuer la situation pour d\u00e9terminer l&rsquo;\u00e2ge de l&rsquo;\u00e9cureuil(s) impliqu\u00e9(s) et s&rsquo;il y a des b\u00e9b\u00e9s d\u00e9pendants pr\u00e9sents. Les r\u00e9glementations provinciales concernant le\u00a0contr\u00f4le diff\u00e8rent l\u00e9g\u00e8rement pour les m\u00e8res avec des jeunes, et nous respectons strictement ces lignes directrices \u00e9tablies par le minist\u00e8re du D\u00e9veloppement du Nord, des Mines, des Ressources Naturelles et des For\u00eats de l&rsquo;Ontario (<a href=\"https:\/\/www.ontario.ca\/page\/ministry-natural-resources-and-forestry\">OMNRF<\/a>) et le minist\u00e8re des For\u00eats, de la Faune et des Parcs du Qu\u00e9bec (<a href=\"https:\/\/www.quebec.ca\/agriculture-environnement-et-ressources-naturelles\/faune\">MFFP<\/a>).<\/span><\/p>\n<p>&nbsp;<\/p>\n<h5><b>Techniques de contr\u00f4le :<\/b><\/h5>\n<p><span style=\"font-weight: 400;\">Ces m\u00e9thodes permettent aux \u00e9cureuils de quitter votre propri\u00e9t\u00e9 par eux-m\u00eames, les emp\u00eachant de r\u00e9int\u00e9grer. Cette approche est privil\u00e9gi\u00e9e par l&rsquo;OMNRF et le MFFP pour son approche humaine. Voici quelques techniques d&rsquo;exclusion courantes :<\/span><\/p>\n<ul>\n<li style=\"font-weight: 400;\" aria-level=\"1\"><b>Portes unidirectionnelles<\/b><span style=\"font-weight: 400;\"> : Nous installons strat\u00e9giquement des portes unidirectionnelles \u00e0 des points d&rsquo;entr\u00e9e tels que les \u00e9vents de toit, les espaces de soffites ou les espaces difficiles d\u2019acc\u00e8s. Ces portes permettent aux \u00e9cureuils pi\u00e9g\u00e9s de sortir mais les emp\u00eachent de revenir.<\/span><\/li>\n<li style=\"font-weight: 400;\" aria-level=\"1\"><b>Chapeaux de chemin\u00e9e<\/b><span style=\"font-weight: 400;\"> : Les chemin\u00e9es sont un point d&rsquo;entr\u00e9e commun pour les \u00e9cureuils. Nous installerons un chapeau de chemin\u00e9e s\u00e9curis\u00e9 et prot\u00e9g\u00e9 contre la faune qui permet une ventilation ad\u00e9quate tout en emp\u00eachant les invit\u00e9s ind\u00e9sirables.<\/span><\/li>\n<li style=\"font-weight: 400;\" aria-level=\"1\"><b>Treillis m\u00e9tallique d&rsquo;exclusion<\/b> : Nous pouvons utiliser du treillis m\u00e9tallique robuste pour sceller les lacunes autour de votre toiture, des avant-toits ou d&rsquo;autres points d&rsquo;entr\u00e9e potentiels. Cela emp\u00eache l&rsquo;acc\u00e8s tout en permettant une ventilation ad\u00e9quate.<\/li>\n<\/ul>\n<h5><b>Contr\u00f4le vivante et relocalisation :<\/b><\/h5>\n<p><span style=\"font-weight: 400;\">Dans certaines situations, le\u00a0contr\u00f4le vivante peut \u00eatre n\u00e9cessaire. Nous n&rsquo;utilisons que des pi\u00e8ges approuv\u00e9s par l&rsquo;OMNRF et le MFFP et respectons toutes les r\u00e9glementations provinciales en mati\u00e8re de pi\u00e9geage. Nos pi\u00e8ges sont plac\u00e9s de mani\u00e8re strat\u00e9gique et surveill\u00e9s r\u00e9guli\u00e8rement pour minimiser le stress sur l&rsquo;animal.<\/span><\/p>\n<p><span style=\"font-weight: 400;\">Une fois contr\u00f4l\u00e9s, les \u00e9cureuils sont relocalis\u00e9s dans un habitat appropri\u00e9 loin des r\u00e9sidences humaines, suivant les directives provinciales en mati\u00e8re de relocalisation de la faune. Cela garantit \u00e0 l&rsquo;animal une chance de prosp\u00e9rer dans un environnement naturel.<\/span><\/p>\n<p>&nbsp;<\/p>\n<h5><b>Pourquoi nous n&rsquo;utilisons pas de poison ou d&rsquo;extermination :<\/b><\/h5>\n<p><span style=\"font-weight: 400;\">Empoisonner les \u00e9cureuils n&rsquo;est pas seulement inhumain, mais aussi dangereux et inefficace. Voici pourquoi nous \u00e9vitons ces m\u00e9thodes :<\/span><\/p>\n<p>&nbsp;<\/p>\n<ul>\n<li><b>Danger pour les animaux de compagnie et les enfants <\/b><span style=\"font-weight: 400;\">: Les poisons peuvent \u00eatre ing\u00e9r\u00e9s accidentellement par les animaux de compagnie ou les enfants curieux, entra\u00eenant des probl\u00e8mes de sant\u00e9 graves, voire la mort.<\/span><\/li>\n<li><b>Empoisonnement secondaire<\/b><span style=\"font-weight: 400;\"> : L&#8217;empoisonnement secondaire se produit lorsque un pr\u00e9dateur ou un charognard mange un animal empoisonn\u00e9, entra\u00eenant \u00e9galement sa mort. Cela peut perturber la cha\u00eene alimentaire naturelle et poser un risque pour les esp\u00e8ces en voie de disparition.<\/span><\/li>\n<li><b>Inefficacit\u00e9 pour des solutions \u00e0 long terme <\/b><span style=\"font-weight: 400;\">: L&#8217;empoisonnement ne fait que retirer l&rsquo;\u00e9cureuil imm\u00e9diat causant des probl\u00e8mes. Cela ne r\u00e9sout pas les attractifs qui ont attir\u00e9 l&rsquo;animal en premier lieu, laissant votre propri\u00e9t\u00e9 vuln\u00e9rable \u00e0 de futures infestations.<\/span><\/li>\n<\/ul>\n<p>&nbsp;<\/p>\n<h5><b>La diff\u00e9rence d&rsquo;Aspen Wildlife Control :<\/b><\/h5>\n<p><span style=\"font-weight: 400;\">Nous croyons en des solutions humaines et efficaces. Nos techniciens qualifi\u00e9s utiliseront une combinaison de techniques de contr\u00f4le pour garantir une r\u00e9solution compl\u00e8te et durable de votre probl\u00e8me d&rsquo;\u00e9cureuils. Nous fournirons \u00e9galement des recommandations pour aider \u00e0 pr\u00e9venir les futures infestations, vous donnant ainsi la tranquillit\u00e9 d&rsquo;esprit et prot\u00e9geant votre propri\u00e9t\u00e9.<\/span><\/p>\n<p><span style=\"font-weight: 400;\">Pour une consultation gratuite et une solution humaine \u00e0 votre probl\u00e8me d&rsquo;\u00e9cureuils, contactez Aspen Wildlife Control d\u00e8s aujourd&rsquo;hui !<\/span><\/p>\n","protected":false},"excerpt":{"rendered":"<p>Chez Aspen Wildlife Control, nous comprenons les perturbations caus\u00e9es par les \u00e9cureuils dans votre grenier. Mais nous croyons \u00e9galement en la r\u00e9solution de ces probl\u00e8mes de mani\u00e8re humaine et efficace. Voici un aper\u00e7u de nos m\u00e9thodes qui privil\u00e9gient la s\u00e9curit\u00e9 des \u00e9cureuils, de votre famille et de votre propri\u00e9t\u00e9 : D\u00e9termination de l&rsquo;\u00e2ge et de&hellip; <a class=\"more-link\" href=\"https:\/\/aspenwildlifecontrol.com\/fr\/prestations-de-service\/ecureuils\/methodes-humaines-de-capture-des-ecureuils-priorite-a-la-securite-et-aux-solutions-a-long-terme\/\">Poursuivre la lecture <span class=\"screen-reader-text\">M\u00e9thodes humaines de contr\u00f4le des \u00e9cureuils : Priorit\u00e9 \u00e0 la s\u00e9curit\u00e9 et aux solutions \u00e0 long terme<\/span><\/a><\/p>\n","protected":false},"author":1,"featured_media":0,"parent":974,"menu_order":0,"comment_status":"closed","ping_status":"closed","template":"","meta":{"_acf_changed":false,"footnotes":""},"class_list":["post-1036","page","type-page","status-publish","hentry","entry"],"acf":[],"yoast_head":"<!-- This site is optimized with the Yoast SEO Premium plugin v26.8 (Yoast SEO v27.5) - https:\/\/yoast.com\/product\/yoast-seo-premium-wordpress\/ -->\n<title>M\u00e9thodes Humaines de contr\u00f4le des \u00c9cureuils | Aspen Wildlife<\/title>\n<meta name=\"description\" content=\"D\u00e9couvrez des solutions s\u00e9curitaires et durables pour contr\u00f4le les \u00e9cureuils de mani\u00e8re humaine. Aspen Wildlife Control vous aide \u00e0 prot\u00e9ger.\" \/>\n<meta name=\"robots\" content=\"index, follow, max-snippet:-1, max-image-preview:large, max-video-preview:-1\" \/>\n<link rel=\"canonical\" href=\"https:\/\/aspenwildlifecontrol.com\/fr\/prestations-de-service\/ecureuils\/methodes-humaines-de-capture-des-ecureuils-priorite-a-la-securite-et-aux-solutions-a-long-terme\/\" \/>\n<meta property=\"og:locale\" content=\"fr_FR\" \/>\n<meta property=\"og:type\" content=\"article\" \/>\n<meta property=\"og:title\" content=\"M\u00e9thodes humaines de contr\u00f4le des \u00e9cureuils : Priorit\u00e9 \u00e0 la s\u00e9curit\u00e9 et aux solutions \u00e0 long terme\" \/>\n<meta property=\"og:description\" content=\"D\u00e9couvrez des solutions s\u00e9curitaires et durables pour contr\u00f4le les \u00e9cureuils de mani\u00e8re humaine. Aspen Wildlife Control vous aide \u00e0 prot\u00e9ger.\" \/>\n<meta property=\"og:url\" content=\"https:\/\/aspenwildlifecontrol.com\/fr\/prestations-de-service\/ecureuils\/methodes-humaines-de-capture-des-ecureuils-priorite-a-la-securite-et-aux-solutions-a-long-terme\/\" \/>\n<meta property=\"og:site_name\" content=\"Aspen Wildlife Control\" \/>\n<meta property=\"article:modified_time\" content=\"2026-01-14T21:12:47+00:00\" \/>\n<meta name=\"twitter:card\" content=\"summary_large_image\" \/>\n<meta name=\"twitter:label1\" content=\"Dur\u00e9e de lecture estim\u00e9e\" \/>\n\t<meta name=\"twitter:data1\" content=\"3 minutes\" \/>\n<script type=\"application\/ld+json\" class=\"yoast-schema-graph\">{\"@context\":\"https:\\\/\\\/schema.org\",\"@graph\":[{\"@type\":\"WebPage\",\"@id\":\"https:\\\/\\\/aspenwildlifecontrol.com\\\/fr\\\/prestations-de-service\\\/ecureuils\\\/methodes-humaines-de-capture-des-ecureuils-priorite-a-la-securite-et-aux-solutions-a-long-terme\\\/\",\"url\":\"https:\\\/\\\/aspenwildlifecontrol.com\\\/fr\\\/prestations-de-service\\\/ecureuils\\\/methodes-humaines-de-capture-des-ecureuils-priorite-a-la-securite-et-aux-solutions-a-long-terme\\\/\",\"name\":\"M\u00e9thodes Humaines de contr\u00f4le des \u00c9cureuils | Aspen Wildlife\",\"isPartOf\":{\"@id\":\"https:\\\/\\\/aspenwildlifecontrol.com\\\/fr\\\/#website\"},\"datePublished\":\"2024-03-19T21:35:02+00:00\",\"dateModified\":\"2026-01-14T21:12:47+00:00\",\"description\":\"D\u00e9couvrez des solutions s\u00e9curitaires et durables pour contr\u00f4le les \u00e9cureuils de mani\u00e8re humaine. Aspen Wildlife Control vous aide \u00e0 prot\u00e9ger.\",\"breadcrumb\":{\"@id\":\"https:\\\/\\\/aspenwildlifecontrol.com\\\/fr\\\/prestations-de-service\\\/ecureuils\\\/methodes-humaines-de-capture-des-ecureuils-priorite-a-la-securite-et-aux-solutions-a-long-terme\\\/#breadcrumb\"},\"inLanguage\":\"fr-FR\",\"potentialAction\":[{\"@type\":\"ReadAction\",\"target\":[\"https:\\\/\\\/aspenwildlifecontrol.com\\\/fr\\\/prestations-de-service\\\/ecureuils\\\/methodes-humaines-de-capture-des-ecureuils-priorite-a-la-securite-et-aux-solutions-a-long-terme\\\/\"]}]},{\"@type\":\"BreadcrumbList\",\"@id\":\"https:\\\/\\\/aspenwildlifecontrol.com\\\/fr\\\/prestations-de-service\\\/ecureuils\\\/methodes-humaines-de-capture-des-ecureuils-priorite-a-la-securite-et-aux-solutions-a-long-terme\\\/#breadcrumb\",\"itemListElement\":[{\"@type\":\"ListItem\",\"position\":1,\"name\":\"Home\",\"item\":\"https:\\\/\\\/aspenwildlifecontrol.com\\\/fr\\\/\"},{\"@type\":\"ListItem\",\"position\":2,\"name\":\"Service control animal\",\"item\":\"https:\\\/\\\/aspenwildlifecontrol.com\\\/fr\\\/prestations-de-service\\\/\"},{\"@type\":\"ListItem\",\"position\":3,\"name\":\"\u00c9cureuils\",\"item\":\"https:\\\/\\\/aspenwildlifecontrol.com\\\/fr\\\/prestations-de-service\\\/ecureuils\\\/\"},{\"@type\":\"ListItem\",\"position\":4,\"name\":\"M\u00e9thodes humaines de contr\u00f4le des \u00e9cureuils : Priorit\u00e9 \u00e0 la s\u00e9curit\u00e9 et aux solutions \u00e0 long terme\"}]},{\"@type\":\"WebSite\",\"@id\":\"https:\\\/\\\/aspenwildlifecontrol.com\\\/fr\\\/#website\",\"url\":\"https:\\\/\\\/aspenwildlifecontrol.com\\\/fr\\\/\",\"name\":\"Aspen Wildlife Control\",\"description\":\"Fast, humane wildlife removal in Ottawa-Gatineau \u2014 guaranteed results, 24\\\/7 service\",\"potentialAction\":[{\"@type\":\"SearchAction\",\"target\":{\"@type\":\"EntryPoint\",\"urlTemplate\":\"https:\\\/\\\/aspenwildlifecontrol.com\\\/fr\\\/?s={search_term_string}\"},\"query-input\":{\"@type\":\"PropertyValueSpecification\",\"valueRequired\":true,\"valueName\":\"search_term_string\"}}],\"inLanguage\":\"fr-FR\"}]}<\/script>\n<!-- \/ Yoast SEO Premium plugin. -->","yoast_head_json":{"title":"M\u00e9thodes Humaines de contr\u00f4le des \u00c9cureuils | Aspen Wildlife","description":"D\u00e9couvrez des solutions s\u00e9curitaires et durables pour contr\u00f4le les \u00e9cureuils de mani\u00e8re humaine. Aspen Wildlife Control vous aide \u00e0 prot\u00e9ger.","robots":{"index":"index","follow":"follow","max-snippet":"max-snippet:-1","max-image-preview":"max-image-preview:large","max-video-preview":"max-video-preview:-1"},"canonical":"https:\/\/aspenwildlifecontrol.com\/fr\/prestations-de-service\/ecureuils\/methodes-humaines-de-capture-des-ecureuils-priorite-a-la-securite-et-aux-solutions-a-long-terme\/","og_locale":"fr_FR","og_type":"article","og_title":"M\u00e9thodes humaines de contr\u00f4le des \u00e9cureuils : Priorit\u00e9 \u00e0 la s\u00e9curit\u00e9 et aux solutions \u00e0 long terme","og_description":"D\u00e9couvrez des solutions s\u00e9curitaires et durables pour contr\u00f4le les \u00e9cureuils de mani\u00e8re humaine. Aspen Wildlife Control vous aide \u00e0 prot\u00e9ger.","og_url":"https:\/\/aspenwildlifecontrol.com\/fr\/prestations-de-service\/ecureuils\/methodes-humaines-de-capture-des-ecureuils-priorite-a-la-securite-et-aux-solutions-a-long-terme\/","og_site_name":"Aspen Wildlife Control","article_modified_time":"2026-01-14T21:12:47+00:00","twitter_card":"summary_large_image","twitter_misc":{"Dur\u00e9e de lecture estim\u00e9e":"3 minutes"},"schema":{"@context":"https:\/\/schema.org","@graph":[{"@type":"WebPage","@id":"https:\/\/aspenwildlifecontrol.com\/fr\/prestations-de-service\/ecureuils\/methodes-humaines-de-capture-des-ecureuils-priorite-a-la-securite-et-aux-solutions-a-long-terme\/","url":"https:\/\/aspenwildlifecontrol.com\/fr\/prestations-de-service\/ecureuils\/methodes-humaines-de-capture-des-ecureuils-priorite-a-la-securite-et-aux-solutions-a-long-terme\/","name":"M\u00e9thodes Humaines de contr\u00f4le des \u00c9cureuils | Aspen Wildlife","isPartOf":{"@id":"https:\/\/aspenwildlifecontrol.com\/fr\/#website"},"datePublished":"2024-03-19T21:35:02+00:00","dateModified":"2026-01-14T21:12:47+00:00","description":"D\u00e9couvrez des solutions s\u00e9curitaires et durables pour contr\u00f4le les \u00e9cureuils de mani\u00e8re humaine. Aspen Wildlife Control vous aide \u00e0 prot\u00e9ger.","breadcrumb":{"@id":"https:\/\/aspenwildlifecontrol.com\/fr\/prestations-de-service\/ecureuils\/methodes-humaines-de-capture-des-ecureuils-priorite-a-la-securite-et-aux-solutions-a-long-terme\/#breadcrumb"},"inLanguage":"fr-FR","potentialAction":[{"@type":"ReadAction","target":["https:\/\/aspenwildlifecontrol.com\/fr\/prestations-de-service\/ecureuils\/methodes-humaines-de-capture-des-ecureuils-priorite-a-la-securite-et-aux-solutions-a-long-terme\/"]}]},{"@type":"BreadcrumbList","@id":"https:\/\/aspenwildlifecontrol.com\/fr\/prestations-de-service\/ecureuils\/methodes-humaines-de-capture-des-ecureuils-priorite-a-la-securite-et-aux-solutions-a-long-terme\/#breadcrumb","itemListElement":[{"@type":"ListItem","position":1,"name":"Home","item":"https:\/\/aspenwildlifecontrol.com\/fr\/"},{"@type":"ListItem","position":2,"name":"Service control animal","item":"https:\/\/aspenwildlifecontrol.com\/fr\/prestations-de-service\/"},{"@type":"ListItem","position":3,"name":"\u00c9cureuils","item":"https:\/\/aspenwildlifecontrol.com\/fr\/prestations-de-service\/ecureuils\/"},{"@type":"ListItem","position":4,"name":"M\u00e9thodes humaines de contr\u00f4le des \u00e9cureuils : Priorit\u00e9 \u00e0 la s\u00e9curit\u00e9 et aux solutions \u00e0 long terme"}]},{"@type":"WebSite","@id":"https:\/\/aspenwildlifecontrol.com\/fr\/#website","url":"https:\/\/aspenwildlifecontrol.com\/fr\/","name":"Aspen Wildlife Control","description":"Fast, humane wildlife removal in Ottawa-Gatineau \u2014 guaranteed results, 24\/7 service","potentialAction":[{"@type":"SearchAction","target":{"@type":"EntryPoint","urlTemplate":"https:\/\/aspenwildlifecontrol.com\/fr\/?s={search_term_string}"},"query-input":{"@type":"PropertyValueSpecification","valueRequired":true,"valueName":"search_term_string"}}],"inLanguage":"fr-FR"}]}},"_links":{"self":[{"href":"https:\/\/aspenwildlifecontrol.com\/fr\/wp-json\/wp\/v2\/pages\/1036","targetHints":{"allow":["GET"]}}],"collection":[{"href":"https:\/\/aspenwildlifecontrol.com\/fr\/wp-json\/wp\/v2\/pages"}],"about":[{"href":"https:\/\/aspenwildlifecontrol.com\/fr\/wp-json\/wp\/v2\/types\/page"}],"author":[{"embeddable":true,"href":"https:\/\/aspenwildlifecontrol.com\/fr\/wp-json\/wp\/v2\/users\/1"}],"replies":[{"embeddable":true,"href":"https:\/\/aspenwildlifecontrol.com\/fr\/wp-json\/wp\/v2\/comments?post=1036"}],"version-history":[{"count":4,"href":"https:\/\/aspenwildlifecontrol.com\/fr\/wp-json\/wp\/v2\/pages\/1036\/revisions"}],"predecessor-version":[{"id":4094,"href":"https:\/\/aspenwildlifecontrol.com\/fr\/wp-json\/wp\/v2\/pages\/1036\/revisions\/4094"}],"up":[{"embeddable":true,"href":"https:\/\/aspenwildlifecontrol.com\/fr\/wp-json\/wp\/v2\/pages\/974"}],"wp:attachment":[{"href":"https:\/\/aspenwildlifecontrol.com\/fr\/wp-json\/wp\/v2\/media?parent=1036"}],"curies":[{"name":"wp","href":"https:\/\/api.w.org\/{rel}","templated":true}]}}