{"id":1035,"date":"2024-03-19T17:18:12","date_gmt":"2024-03-19T21:18:12","guid":{"rendered":"https:\/\/aspenwildlifecontrol.com\/prestations-de-service\/ecureuils\/signes-dune-infestation-decureuils-dans-votre-maison\/"},"modified":"2025-02-18T10:45:15","modified_gmt":"2025-02-18T15:45:15","slug":"signes-dune-infestation-decureuils-dans-votre-maison","status":"publish","type":"page","link":"https:\/\/aspenwildlifecontrol.com\/fr\/prestations-de-service\/ecureuils\/signes-dune-infestation-decureuils-dans-votre-maison\/","title":{"rendered":"Signes d&rsquo;une infestation d&rsquo;\u00e9cureuils dans votre maison"},"content":{"rendered":"<p><span style=\"font-weight: 400;\">Les \u00e9cureuils peuvent sembler mignons et joueurs de loin, mais ils peuvent causer des ravages dans votre grenier ! Voici quelques signes r\u00e9v\u00e9lateurs que ces animaux nuisibles ont \u00e9lu domicile dans votre maison :<\/span><\/p>\n<h5><b>Bruits<\/b><span style=\"font-weight: 400;\"> :<\/span><\/h5>\n<p><b>\u00c9coutez le jour<\/b><span style=\"font-weight: 400;\">: Comme les \u00e9cureuils sont plus actifs pendant la journ\u00e9e, \u00e9coutez les bruits \u00e9tranges provenant de votre grenier, de vos murs ou derri\u00e8re les chemin\u00e9es pendant les heures de clart\u00e9. Cela pourrait inclure des bruits de grattage, de battement ou de course alors qu&rsquo;ils se d\u00e9placent, cherchent de la nourriture ou essaient de p\u00e9n\u00e9trer.<\/span><\/p>\n<h5><b>Excr\u00e9ments :<\/b><\/h5>\n<p><b>Recherchez de petits excr\u00e9ments ovales<\/b><span style=\"font-weight: 400;\"> : Gardez un \u0153il sur les excr\u00e9ments qui ont environ la taille et la forme d&rsquo;une cacahu\u00e8te, souvent regroup\u00e9s pr\u00e8s des points d&rsquo;entr\u00e9e, dans le grenier (particuli\u00e8rement pr\u00e8s de leurs nids) ou autour des espaces difficiles d\u2019acc\u00e8s. Contrairement \u00e0 d&rsquo;autres envahisseurs potentiels, les excr\u00e9ments d&rsquo;\u00e9cureuils sont peu susceptibles d&rsquo;avoir une forte odeur. La pr\u00e9sence d&rsquo;excr\u00e9ments confirme non seulement une infestation, mais aide \u00e9galement \u00e0 localiser les zones d&rsquo;activit\u00e9 \u00e0 l&rsquo;int\u00e9rieur de votre maison.<\/span><\/p>\n<h5><b>Dommages<\/b><span style=\"font-weight: 400;\"> :<\/span><\/h5>\n<ul>\n<li style=\"font-weight: 400;\" aria-level=\"1\"><b>Inspectez votre toit pour les points d&rsquo;entr\u00e9e<\/b><span style=\"font-weight: 400;\"> : Les \u00e9cureuils sont des rongeurs ing\u00e9nieux et peuvent causer des dommages importants \u00e0 votre propri\u00e9t\u00e9. Regardez autour de votre toiture et de vos avant-toits pour rep\u00e9rer les signes de panneaux de soffite d\u00e9chir\u00e9s, de bardeaux de toit endommag\u00e9s ou de trous rong\u00e9s &#8211; tous des signes de leurs tentatives pour entrer. Une fois \u00e0 l&rsquo;int\u00e9rieur, la destruction continue.<\/span><\/li>\n<li style=\"font-weight: 400;\" aria-level=\"1\"><b>Isolation d\u00e9chir\u00e9e<\/b><span style=\"font-weight: 400;\"> : L&rsquo;isolation d\u00e9chir\u00e9e ou d\u00e9chiquet\u00e9e dans le grenier est un signe clair d&rsquo;activit\u00e9 animale et pourrait indiquer des \u00e9cureuils \u00e0 la recherche de chaleur ou de mat\u00e9riaux de nidification.<\/span><\/li>\n<li style=\"font-weight: 400;\" aria-level=\"1\"><b>Fils rong\u00e9s<\/b> : Plus pr\u00e9occupant encore est le dommage potentiel aux fils \u00e9lectriques caus\u00e9 par leur mastication. Cela repr\u00e9sente un danger d&rsquo;incendie s\u00e9rieux et n\u00e9cessite une attention professionnelle imm\u00e9diate.<\/li>\n<\/ul>\n<h5><b>Empreintes<\/b><span style=\"font-weight: 400;\"> :<\/span><\/h5>\n<p><b>Empreintes de petites pattes<\/b><span style=\"font-weight: 400;\"> : Des empreintes de pattes \u00e0 cinq orteils, de la taille d&rsquo;une noix, trouv\u00e9es pr\u00e8s des points d&rsquo;entr\u00e9e potentiels ou des zones de nidification suspect\u00e9es peuvent \u00eatre un signe r\u00e9v\u00e9lateur d&rsquo;\u00e9cureuils. La pr\u00e9sence de ces empreintes aux c\u00f4t\u00e9s d&rsquo;autres empreintes animales peut aider \u00e0 l&rsquo;identification. Si vous n&rsquo;\u00eates pas s\u00fbr du type d&rsquo;animal qui laisse des traces, consultez un sp\u00e9cialiste de la capture d\u2019animaux nuisibles pour obtenir de l&rsquo;aide.<\/span><\/p>\n<h5><b>Autres Signes :<\/b><\/h5>\n<ul>\n<li style=\"font-weight: 400;\" aria-level=\"1\"><b>Nourriture manquante ou restes \u00e9parpill\u00e9s<\/b><span style=\"font-weight: 400;\"> : La disparition de la nourriture pour animaux de compagnie ou des restes de nourriture inhabituels \u00e9parpill\u00e9s autour de votre propri\u00e9t\u00e9 indique des \u00e9cureuils \u00e0 la recherche de repas faciles.<\/span><\/li>\n<li style=\"font-weight: 400;\" aria-level=\"1\"><b>Odeurs \u00e9tranges dans le grenier <\/b>: Une odeur \u00e9trange dans votre grenier ou vos espaces de rampant peut \u00e9galement \u00eatre un signe d&rsquo;activit\u00e9 d&rsquo;\u00e9cureuils. Leurs excr\u00e9ments et leur urine peuvent cr\u00e9er une l\u00e9g\u00e8re odeur musqu\u00e9e.<\/li>\n<\/ul>\n<p><b>N&rsquo;attendez pas<\/b><span style=\"font-weight: 400;\"> pour traiter une infestation d&rsquo;\u00e9cureuils ! Contactez Aspen Wildlife Control d\u00e8s aujourd&rsquo;hui pour des solutions de capture s\u00fbres et humaines.<\/span><\/p>\n","protected":false},"excerpt":{"rendered":"<p>Les \u00e9cureuils peuvent sembler mignons et joueurs de loin, mais ils peuvent causer des ravages dans votre grenier ! Voici quelques signes r\u00e9v\u00e9lateurs que ces animaux nuisibles ont \u00e9lu domicile dans votre maison : Bruits : \u00c9coutez le jour: Comme les \u00e9cureuils sont plus actifs pendant la journ\u00e9e, \u00e9coutez les bruits \u00e9tranges provenant de votre&hellip; <a class=\"more-link\" href=\"https:\/\/aspenwildlifecontrol.com\/fr\/prestations-de-service\/ecureuils\/signes-dune-infestation-decureuils-dans-votre-maison\/\">Poursuivre la lecture <span class=\"screen-reader-text\">Signes d&rsquo;une infestation d&rsquo;\u00e9cureuils dans votre maison<\/span><\/a><\/p>\n","protected":false},"author":1,"featured_media":0,"parent":974,"menu_order":0,"comment_status":"closed","ping_status":"closed","template":"","meta":{"_acf_changed":false,"footnotes":""},"class_list":["post-1035","page","type-page","status-publish","hentry","entry"],"acf":[],"yoast_head":"<!-- This site is optimized with the Yoast SEO Premium plugin v26.8 (Yoast SEO v27.4) - https:\/\/yoast.com\/product\/yoast-seo-premium-wordpress\/ -->\n<title>Signes d\u2019une Infestation d\u2019\u00c9cureuils dans Votre Maison | Aspen<\/title>\n<meta name=\"description\" content=\"D\u00e9couvrez les signes d\u2019une infestation d\u2019\u00e9cureuils et prot\u00e9gez votre maison avec Aspen Wildlife Control. Solutions efficaces et s\u00e9curitaires \u00e0 Gatineau et Ottawa.\" \/>\n<meta name=\"robots\" content=\"index, follow, max-snippet:-1, max-image-preview:large, max-video-preview:-1\" \/>\n<link rel=\"canonical\" href=\"https:\/\/aspenwildlifecontrol.com\/fr\/prestations-de-service\/ecureuils\/signes-dune-infestation-decureuils-dans-votre-maison\/\" \/>\n<meta property=\"og:locale\" content=\"fr_FR\" \/>\n<meta property=\"og:type\" content=\"article\" \/>\n<meta property=\"og:title\" content=\"Signes d&#039;une infestation d&#039;\u00e9cureuils dans votre maison\" \/>\n<meta property=\"og:description\" content=\"D\u00e9couvrez les signes d\u2019une infestation d\u2019\u00e9cureuils et prot\u00e9gez votre maison avec Aspen Wildlife Control. Solutions efficaces et s\u00e9curitaires \u00e0 Gatineau et Ottawa.\" \/>\n<meta property=\"og:url\" content=\"https:\/\/aspenwildlifecontrol.com\/fr\/prestations-de-service\/ecureuils\/signes-dune-infestation-decureuils-dans-votre-maison\/\" \/>\n<meta property=\"og:site_name\" content=\"Aspen Wildlife Control\" \/>\n<meta property=\"article:modified_time\" content=\"2025-02-18T15:45:15+00:00\" \/>\n<meta name=\"twitter:card\" content=\"summary_large_image\" \/>\n<meta name=\"twitter:label1\" content=\"Dur\u00e9e de lecture estim\u00e9e\" \/>\n\t<meta name=\"twitter:data1\" content=\"2 minutes\" \/>\n<script type=\"application\/ld+json\" class=\"yoast-schema-graph\">{\"@context\":\"https:\\\/\\\/schema.org\",\"@graph\":[{\"@type\":\"WebPage\",\"@id\":\"https:\\\/\\\/aspenwildlifecontrol.com\\\/fr\\\/prestations-de-service\\\/ecureuils\\\/signes-dune-infestation-decureuils-dans-votre-maison\\\/\",\"url\":\"https:\\\/\\\/aspenwildlifecontrol.com\\\/fr\\\/prestations-de-service\\\/ecureuils\\\/signes-dune-infestation-decureuils-dans-votre-maison\\\/\",\"name\":\"Signes d\u2019une Infestation d\u2019\u00c9cureuils dans Votre Maison | Aspen\",\"isPartOf\":{\"@id\":\"https:\\\/\\\/aspenwildlifecontrol.com\\\/fr\\\/#website\"},\"datePublished\":\"2024-03-19T21:18:12+00:00\",\"dateModified\":\"2025-02-18T15:45:15+00:00\",\"description\":\"D\u00e9couvrez les signes d\u2019une infestation d\u2019\u00e9cureuils et prot\u00e9gez votre maison avec Aspen Wildlife Control. Solutions efficaces et s\u00e9curitaires \u00e0 Gatineau et Ottawa.\",\"breadcrumb\":{\"@id\":\"https:\\\/\\\/aspenwildlifecontrol.com\\\/fr\\\/prestations-de-service\\\/ecureuils\\\/signes-dune-infestation-decureuils-dans-votre-maison\\\/#breadcrumb\"},\"inLanguage\":\"fr-FR\",\"potentialAction\":[{\"@type\":\"ReadAction\",\"target\":[\"https:\\\/\\\/aspenwildlifecontrol.com\\\/fr\\\/prestations-de-service\\\/ecureuils\\\/signes-dune-infestation-decureuils-dans-votre-maison\\\/\"]}]},{\"@type\":\"BreadcrumbList\",\"@id\":\"https:\\\/\\\/aspenwildlifecontrol.com\\\/fr\\\/prestations-de-service\\\/ecureuils\\\/signes-dune-infestation-decureuils-dans-votre-maison\\\/#breadcrumb\",\"itemListElement\":[{\"@type\":\"ListItem\",\"position\":1,\"name\":\"Home\",\"item\":\"https:\\\/\\\/aspenwildlifecontrol.com\\\/fr\\\/\"},{\"@type\":\"ListItem\",\"position\":2,\"name\":\"Service control animal\",\"item\":\"https:\\\/\\\/aspenwildlifecontrol.com\\\/fr\\\/prestations-de-service\\\/\"},{\"@type\":\"ListItem\",\"position\":3,\"name\":\"\u00c9cureuils\",\"item\":\"https:\\\/\\\/aspenwildlifecontrol.com\\\/fr\\\/prestations-de-service\\\/ecureuils\\\/\"},{\"@type\":\"ListItem\",\"position\":4,\"name\":\"Signes d&#8217;une infestation d&#8217;\u00e9cureuils dans votre maison\"}]},{\"@type\":\"WebSite\",\"@id\":\"https:\\\/\\\/aspenwildlifecontrol.com\\\/fr\\\/#website\",\"url\":\"https:\\\/\\\/aspenwildlifecontrol.com\\\/fr\\\/\",\"name\":\"Aspen Wildlife Control\",\"description\":\"Fast, humane wildlife removal in Ottawa-Gatineau \u2014 guaranteed results, 24\\\/7 service\",\"potentialAction\":[{\"@type\":\"SearchAction\",\"target\":{\"@type\":\"EntryPoint\",\"urlTemplate\":\"https:\\\/\\\/aspenwildlifecontrol.com\\\/fr\\\/?s={search_term_string}\"},\"query-input\":{\"@type\":\"PropertyValueSpecification\",\"valueRequired\":true,\"valueName\":\"search_term_string\"}}],\"inLanguage\":\"fr-FR\"}]}<\/script>\n<!-- \/ Yoast SEO Premium plugin. -->","yoast_head_json":{"title":"Signes d\u2019une Infestation d\u2019\u00c9cureuils dans Votre Maison | Aspen","description":"D\u00e9couvrez les signes d\u2019une infestation d\u2019\u00e9cureuils et prot\u00e9gez votre maison avec Aspen Wildlife Control. Solutions efficaces et s\u00e9curitaires \u00e0 Gatineau et Ottawa.","robots":{"index":"index","follow":"follow","max-snippet":"max-snippet:-1","max-image-preview":"max-image-preview:large","max-video-preview":"max-video-preview:-1"},"canonical":"https:\/\/aspenwildlifecontrol.com\/fr\/prestations-de-service\/ecureuils\/signes-dune-infestation-decureuils-dans-votre-maison\/","og_locale":"fr_FR","og_type":"article","og_title":"Signes d'une infestation d'\u00e9cureuils dans votre maison","og_description":"D\u00e9couvrez les signes d\u2019une infestation d\u2019\u00e9cureuils et prot\u00e9gez votre maison avec Aspen Wildlife Control. Solutions efficaces et s\u00e9curitaires \u00e0 Gatineau et Ottawa.","og_url":"https:\/\/aspenwildlifecontrol.com\/fr\/prestations-de-service\/ecureuils\/signes-dune-infestation-decureuils-dans-votre-maison\/","og_site_name":"Aspen Wildlife Control","article_modified_time":"2025-02-18T15:45:15+00:00","twitter_card":"summary_large_image","twitter_misc":{"Dur\u00e9e de lecture estim\u00e9e":"2 minutes"},"schema":{"@context":"https:\/\/schema.org","@graph":[{"@type":"WebPage","@id":"https:\/\/aspenwildlifecontrol.com\/fr\/prestations-de-service\/ecureuils\/signes-dune-infestation-decureuils-dans-votre-maison\/","url":"https:\/\/aspenwildlifecontrol.com\/fr\/prestations-de-service\/ecureuils\/signes-dune-infestation-decureuils-dans-votre-maison\/","name":"Signes d\u2019une Infestation d\u2019\u00c9cureuils dans Votre Maison | Aspen","isPartOf":{"@id":"https:\/\/aspenwildlifecontrol.com\/fr\/#website"},"datePublished":"2024-03-19T21:18:12+00:00","dateModified":"2025-02-18T15:45:15+00:00","description":"D\u00e9couvrez les signes d\u2019une infestation d\u2019\u00e9cureuils et prot\u00e9gez votre maison avec Aspen Wildlife Control. Solutions efficaces et s\u00e9curitaires \u00e0 Gatineau et Ottawa.","breadcrumb":{"@id":"https:\/\/aspenwildlifecontrol.com\/fr\/prestations-de-service\/ecureuils\/signes-dune-infestation-decureuils-dans-votre-maison\/#breadcrumb"},"inLanguage":"fr-FR","potentialAction":[{"@type":"ReadAction","target":["https:\/\/aspenwildlifecontrol.com\/fr\/prestations-de-service\/ecureuils\/signes-dune-infestation-decureuils-dans-votre-maison\/"]}]},{"@type":"BreadcrumbList","@id":"https:\/\/aspenwildlifecontrol.com\/fr\/prestations-de-service\/ecureuils\/signes-dune-infestation-decureuils-dans-votre-maison\/#breadcrumb","itemListElement":[{"@type":"ListItem","position":1,"name":"Home","item":"https:\/\/aspenwildlifecontrol.com\/fr\/"},{"@type":"ListItem","position":2,"name":"Service control animal","item":"https:\/\/aspenwildlifecontrol.com\/fr\/prestations-de-service\/"},{"@type":"ListItem","position":3,"name":"\u00c9cureuils","item":"https:\/\/aspenwildlifecontrol.com\/fr\/prestations-de-service\/ecureuils\/"},{"@type":"ListItem","position":4,"name":"Signes d&#8217;une infestation d&#8217;\u00e9cureuils dans votre maison"}]},{"@type":"WebSite","@id":"https:\/\/aspenwildlifecontrol.com\/fr\/#website","url":"https:\/\/aspenwildlifecontrol.com\/fr\/","name":"Aspen Wildlife Control","description":"Fast, humane wildlife removal in Ottawa-Gatineau \u2014 guaranteed results, 24\/7 service","potentialAction":[{"@type":"SearchAction","target":{"@type":"EntryPoint","urlTemplate":"https:\/\/aspenwildlifecontrol.com\/fr\/?s={search_term_string}"},"query-input":{"@type":"PropertyValueSpecification","valueRequired":true,"valueName":"search_term_string"}}],"inLanguage":"fr-FR"}]}},"_links":{"self":[{"href":"https:\/\/aspenwildlifecontrol.com\/fr\/wp-json\/wp\/v2\/pages\/1035","targetHints":{"allow":["GET"]}}],"collection":[{"href":"https:\/\/aspenwildlifecontrol.com\/fr\/wp-json\/wp\/v2\/pages"}],"about":[{"href":"https:\/\/aspenwildlifecontrol.com\/fr\/wp-json\/wp\/v2\/types\/page"}],"author":[{"embeddable":true,"href":"https:\/\/aspenwildlifecontrol.com\/fr\/wp-json\/wp\/v2\/users\/1"}],"replies":[{"embeddable":true,"href":"https:\/\/aspenwildlifecontrol.com\/fr\/wp-json\/wp\/v2\/comments?post=1035"}],"version-history":[{"count":2,"href":"https:\/\/aspenwildlifecontrol.com\/fr\/wp-json\/wp\/v2\/pages\/1035\/revisions"}],"predecessor-version":[{"id":2996,"href":"https:\/\/aspenwildlifecontrol.com\/fr\/wp-json\/wp\/v2\/pages\/1035\/revisions\/2996"}],"up":[{"embeddable":true,"href":"https:\/\/aspenwildlifecontrol.com\/fr\/wp-json\/wp\/v2\/pages\/974"}],"wp:attachment":[{"href":"https:\/\/aspenwildlifecontrol.com\/fr\/wp-json\/wp\/v2\/media?parent=1035"}],"curies":[{"name":"wp","href":"https:\/\/api.w.org\/{rel}","templated":true}]}}