{"id":1022,"date":"2024-02-23T00:01:39","date_gmt":"2024-02-23T05:01:39","guid":{"rendered":"https:\/\/aspenwildlifecontrol.com\/alerte-saisonniere\/oiseaux-alerte-printaniere\/"},"modified":"2025-02-10T15:20:13","modified_gmt":"2025-02-10T20:20:13","slug":"oiseaux-alerte-printaniere","status":"publish","type":"page","link":"https:\/\/aspenwildlifecontrol.com\/fr\/alerte-saisonniere\/oiseaux-alerte-printaniere\/","title":{"rendered":"Oiseaux &#8211; Alerte printani\u00e8re"},"content":{"rendered":"<h2>Prot\u00e9gez votre maison : Alerte printani\u00e8re pour les intrusions de oiseaux<\/h2>\n<h3><i><span style=\"font-weight: 400;\">ALERTE SAISONNI\u00c8RE AUX OISEAUX: \u00c9LEV\u00c9E<\/span><\/i><\/h3>\n<p><span style=\"font-weight: 400;\">Avec l&rsquo;arriv\u00e9e du printemps \u00e0 Ottawa-Gatineau, il est important de rester attentif aux \u00e9ventuelles intrusions d&rsquo;oiseaux dans les maisons. Bien que les oiseaux puissent apporter beaut\u00e9 et charme, leur pr\u00e9sence \u00e0 l&rsquo;int\u00e9rieur peut entra\u00eener du bruit, des d\u00e9sagr\u00e9ments et des dommages potentiels. Explorons comment identifier les signes d&rsquo;activit\u00e9 des oiseaux et pr\u00e9venir les intrusions.<\/span><\/p>\n<p><script type=\"application\/ld+json\">\n{\n    \"@context\": \"http:\/\/schema.org\",\n    \"@type\": \"Service\",\n    \"serviceType\": \"Squirrel removal\",\n    \"serviceOutput\": \"Squirrel exterminator, squirrel control\", \n    \"image\": \"http:\/\/aspenwildlifecontrol.com\/wp-content\/uploads\/2023\/02\/LogoPrincipal-1_Main.png\",\n    \"provider\": {\n        \"@type\": \"Organization\",\n                \"name\": \"Aspen Wildlife Control\",\n        \"additionalType\": \"http:\/\/aspenwildlifecontrol.com\/services\/squirrels\/\",\n        \"telephone\": \"819-968-0349\",\n        \"description\": \"For 25 years, Aspen Wildlife Control has been an expert in the art of animal wildlife control and a staple in the Ottawa-Gatineau area. Offering unparalleled service to preserve native species across Canada\u2019s capital region for over two decades.\"    },\n    \"areaServed\": \"https:\/\/www.wikidata.org\/wiki\/Q141844, https:\/\/www.wikidata.org\/wiki\/Q1930\",\n    \"description\": \"With spring in full swing, this is a crucial time for local squirrels. New mothers are caring for their second litters of the year and busily collecting leaves to build nests. To find food more efficiently during these warmer months, most species often become especially active just before sunrise or as dusk falls \u2013 so keep an eye out! Should you encounter any issues with our furry friends Aspen Wildlife Control can help \u2013 we\u2019re experts at safely removing them from homes around Ottawa-Gatineau.\",\n    \"name\": \"Squirrel removal\",\n    \"@id\": \"http:\/\/aspenwildlifecontrol.com\/services\/squirrels\/\"\n}\n<\/script><\/p>\n<h5><span style=\"font-weight: 400;\">Signes d&rsquo;intrusion<\/span><\/h5>\n<p><span style=\"font-weight: 400;\">Soyez attentif aux signes tels que les bruits de gazouillement, les nids dans des endroits inhabituels et les d\u00e9jections d&rsquo;oiseaux autour de votre propri\u00e9t\u00e9. Les oiseaux peuvent tenter de nicher dans les combles, les conduits d&rsquo;a\u00e9ration ou d&rsquo;autres zones abrit\u00e9es.<\/span><\/p>\n<h5><span style=\"font-weight: 400;\">Risques potentiels<\/span><\/h5>\n<p><span style=\"font-weight: 400;\">Les intrusions d&rsquo;oiseaux peuvent entra\u00eener des perturbations sonores, des d\u00e9sagr\u00e9ments dus aux d\u00e9jections et aux mat\u00e9riaux de nidification, ainsi que des dommages potentiels \u00e0 la propri\u00e9t\u00e9. De plus, certaines esp\u00e8ces d&rsquo;oiseaux peuvent transporter des parasites ou transmettre des maladies.<\/span><\/p>\n<h5><span style=\"font-weight: 400;\">Mesures pr\u00e9ventives<\/span><\/h5>\n<p><span style=\"font-weight: 400;\">Pour dissuader les oiseaux d&rsquo;entrer dans votre maison, envisagez d&rsquo;installer des \u00e9crans protecteurs sur les conduits d&rsquo;a\u00e9ration et de sceller les ouvertures. Taillez les branches d&rsquo;arbres pr\u00e8s de votre maison pour emp\u00eacher un acc\u00e8s facile. Maintenez les espaces ext\u00e9rieurs propres et \u00e9vitez de laisser des sources de nourriture accessibles.<\/span><\/p>\n<h3 style=\"text-align: center;\"><a href=\"https:\/\/aspenwildlifecontrol.com\/fr\/prestations-de-service\/oiseaux\/\"><span style=\"font-weight: 400;\">Assistance professionnelle pour le retrait des oiseaux:<br \/>\n<\/span><\/a><\/h3>\n<p><span style=\"font-weight: 400;\">Si vous rencontrez un probl\u00e8me d&rsquo;intrusion d&rsquo;oiseaux ou si vous avez besoin d&rsquo;aide pour g\u00e9rer la situation, contactez Aspen Wildlife Control. Notre \u00e9quipe d&rsquo;experts peut \u00e9valuer la situation, retirer en toute s\u00e9curit\u00e9 les oiseaux intrus, et mettre en place des mesures pr\u00e9ventives pour \u00e9viter les incidents futurs.<\/span><\/p>\n<p><span style=\"font-weight: 400;\">En restant vigilant et en prenant des mesures proactives, vous pouvez prot\u00e9ger votre maison contre les intrusions d&rsquo;oiseaux ce printemps. Pour une assistance professionnelle et la tranquillit\u00e9 d&rsquo;esprit, contactez Aspen Wildlife Control.<\/span><\/p>\n<div class=\"three-buttons2\">\n<p><!-- --><\/p>\n<div class=\"first-button\"><!-- --> Gatineau et environs <!-- --> <a href=\"tel:8199680349\"> (819) 968-0349 <\/a> <!-- --><\/div>\n<p><!-- --><\/p>\n<div class=\"second-button\"><!-- --> Ottawa<!-- --> <a href=\"tel:6136061190\"> (613) 606-1190 <\/a> <!-- --><\/div>\n<p><!-- --><\/p>\n<div class=\"third-button\"><!-- --> Demandez une soumission<!-- --> <a href=\"http:\/\/aspenwildlifecontrol.com\/fr\/contact\/\"> Quote Request <\/a> <!-- --><\/div>\n<p><!-- --><\/p>\n<\/div>\n","protected":false},"excerpt":{"rendered":"<p>Prot\u00e9gez votre maison : Alerte printani\u00e8re pour les intrusions de oiseaux ALERTE SAISONNI\u00c8RE AUX OISEAUX: \u00c9LEV\u00c9E Avec l&rsquo;arriv\u00e9e du printemps \u00e0 Ottawa-Gatineau, il est important de rester attentif aux \u00e9ventuelles intrusions d&rsquo;oiseaux dans les maisons. Bien que les oiseaux puissent apporter beaut\u00e9 et charme, leur pr\u00e9sence \u00e0 l&rsquo;int\u00e9rieur peut entra\u00eener du bruit, des d\u00e9sagr\u00e9ments et&hellip; <a class=\"more-link\" href=\"https:\/\/aspenwildlifecontrol.com\/fr\/alerte-saisonniere\/oiseaux-alerte-printaniere\/\">Poursuivre la lecture <span class=\"screen-reader-text\">Oiseaux &#8211; Alerte printani\u00e8re<\/span><\/a><\/p>\n","protected":false},"author":1,"featured_media":0,"parent":1018,"menu_order":0,"comment_status":"closed","ping_status":"closed","template":"","meta":{"_acf_changed":false,"footnotes":""},"class_list":["post-1022","page","type-page","status-publish","hentry","entry"],"acf":[],"yoast_head":"<!-- This site is optimized with the Yoast SEO Premium plugin v26.8 (Yoast SEO v27.4) - https:\/\/yoast.com\/product\/yoast-seo-premium-wordpress\/ -->\n<title>Oiseaux - Alerte printani\u00e8re - Aspen Wildlife Control<\/title>\n<meta name=\"description\" content=\"Le printemps est la haute saison pour les oiseaux. Appelez-nous si vous remarquez des signes d\u2019intrusion des oiseaux dans votre maison.\" \/>\n<meta name=\"robots\" content=\"index, follow, max-snippet:-1, max-image-preview:large, max-video-preview:-1\" \/>\n<link rel=\"canonical\" href=\"https:\/\/aspenwildlifecontrol.com\/fr\/alerte-saisonniere\/oiseaux-alerte-printaniere\/\" \/>\n<meta property=\"og:locale\" content=\"fr_FR\" \/>\n<meta property=\"og:type\" content=\"article\" \/>\n<meta property=\"og:title\" content=\"Oiseaux - Alerte printani\u00e8re\" \/>\n<meta property=\"og:description\" content=\"Le printemps est la haute saison pour les oiseaux. Appelez-nous si vous remarquez des signes d\u2019intrusion des oiseaux dans votre maison.\" \/>\n<meta property=\"og:url\" content=\"https:\/\/aspenwildlifecontrol.com\/fr\/alerte-saisonniere\/oiseaux-alerte-printaniere\/\" \/>\n<meta property=\"og:site_name\" content=\"Aspen Wildlife Control\" \/>\n<meta property=\"article:modified_time\" content=\"2025-02-10T20:20:13+00:00\" \/>\n<meta name=\"twitter:card\" content=\"summary_large_image\" \/>\n<meta name=\"twitter:label1\" content=\"Dur\u00e9e de lecture estim\u00e9e\" \/>\n\t<meta name=\"twitter:data1\" content=\"2 minutes\" \/>\n<script type=\"application\/ld+json\" class=\"yoast-schema-graph\">{\"@context\":\"https:\\\/\\\/schema.org\",\"@graph\":[{\"@type\":\"WebPage\",\"@id\":\"https:\\\/\\\/aspenwildlifecontrol.com\\\/fr\\\/alerte-saisonniere\\\/oiseaux-alerte-printaniere\\\/\",\"url\":\"https:\\\/\\\/aspenwildlifecontrol.com\\\/fr\\\/alerte-saisonniere\\\/oiseaux-alerte-printaniere\\\/\",\"name\":\"Oiseaux - Alerte printani\u00e8re - Aspen Wildlife Control\",\"isPartOf\":{\"@id\":\"https:\\\/\\\/aspenwildlifecontrol.com\\\/fr\\\/#website\"},\"datePublished\":\"2024-02-23T05:01:39+00:00\",\"dateModified\":\"2025-02-10T20:20:13+00:00\",\"description\":\"Le printemps est la haute saison pour les oiseaux. Appelez-nous si vous remarquez des signes d\u2019intrusion des oiseaux dans votre maison.\",\"breadcrumb\":{\"@id\":\"https:\\\/\\\/aspenwildlifecontrol.com\\\/fr\\\/alerte-saisonniere\\\/oiseaux-alerte-printaniere\\\/#breadcrumb\"},\"inLanguage\":\"fr-FR\",\"potentialAction\":[{\"@type\":\"ReadAction\",\"target\":[\"https:\\\/\\\/aspenwildlifecontrol.com\\\/fr\\\/alerte-saisonniere\\\/oiseaux-alerte-printaniere\\\/\"]}]},{\"@type\":\"BreadcrumbList\",\"@id\":\"https:\\\/\\\/aspenwildlifecontrol.com\\\/fr\\\/alerte-saisonniere\\\/oiseaux-alerte-printaniere\\\/#breadcrumb\",\"itemListElement\":[{\"@type\":\"ListItem\",\"position\":1,\"name\":\"Home\",\"item\":\"https:\\\/\\\/aspenwildlifecontrol.com\\\/fr\\\/\"},{\"@type\":\"ListItem\",\"position\":2,\"name\":\"Alerte saisonni\u00e8re\",\"item\":\"https:\\\/\\\/aspenwildlifecontrol.com\\\/fr\\\/alerte-saisonniere\\\/\"},{\"@type\":\"ListItem\",\"position\":3,\"name\":\"Oiseaux &#8211; Alerte printani\u00e8re\"}]},{\"@type\":\"WebSite\",\"@id\":\"https:\\\/\\\/aspenwildlifecontrol.com\\\/fr\\\/#website\",\"url\":\"https:\\\/\\\/aspenwildlifecontrol.com\\\/fr\\\/\",\"name\":\"Aspen Wildlife Control\",\"description\":\"Fast, humane wildlife removal in Ottawa-Gatineau \u2014 guaranteed results, 24\\\/7 service\",\"potentialAction\":[{\"@type\":\"SearchAction\",\"target\":{\"@type\":\"EntryPoint\",\"urlTemplate\":\"https:\\\/\\\/aspenwildlifecontrol.com\\\/fr\\\/?s={search_term_string}\"},\"query-input\":{\"@type\":\"PropertyValueSpecification\",\"valueRequired\":true,\"valueName\":\"search_term_string\"}}],\"inLanguage\":\"fr-FR\"}]}<\/script>\n<!-- \/ Yoast SEO Premium plugin. -->","yoast_head_json":{"title":"Oiseaux - Alerte printani\u00e8re - Aspen Wildlife Control","description":"Le printemps est la haute saison pour les oiseaux. Appelez-nous si vous remarquez des signes d\u2019intrusion des oiseaux dans votre maison.","robots":{"index":"index","follow":"follow","max-snippet":"max-snippet:-1","max-image-preview":"max-image-preview:large","max-video-preview":"max-video-preview:-1"},"canonical":"https:\/\/aspenwildlifecontrol.com\/fr\/alerte-saisonniere\/oiseaux-alerte-printaniere\/","og_locale":"fr_FR","og_type":"article","og_title":"Oiseaux - Alerte printani\u00e8re","og_description":"Le printemps est la haute saison pour les oiseaux. Appelez-nous si vous remarquez des signes d\u2019intrusion des oiseaux dans votre maison.","og_url":"https:\/\/aspenwildlifecontrol.com\/fr\/alerte-saisonniere\/oiseaux-alerte-printaniere\/","og_site_name":"Aspen Wildlife Control","article_modified_time":"2025-02-10T20:20:13+00:00","twitter_card":"summary_large_image","twitter_misc":{"Dur\u00e9e de lecture estim\u00e9e":"2 minutes"},"schema":{"@context":"https:\/\/schema.org","@graph":[{"@type":"WebPage","@id":"https:\/\/aspenwildlifecontrol.com\/fr\/alerte-saisonniere\/oiseaux-alerte-printaniere\/","url":"https:\/\/aspenwildlifecontrol.com\/fr\/alerte-saisonniere\/oiseaux-alerte-printaniere\/","name":"Oiseaux - Alerte printani\u00e8re - Aspen Wildlife Control","isPartOf":{"@id":"https:\/\/aspenwildlifecontrol.com\/fr\/#website"},"datePublished":"2024-02-23T05:01:39+00:00","dateModified":"2025-02-10T20:20:13+00:00","description":"Le printemps est la haute saison pour les oiseaux. Appelez-nous si vous remarquez des signes d\u2019intrusion des oiseaux dans votre maison.","breadcrumb":{"@id":"https:\/\/aspenwildlifecontrol.com\/fr\/alerte-saisonniere\/oiseaux-alerte-printaniere\/#breadcrumb"},"inLanguage":"fr-FR","potentialAction":[{"@type":"ReadAction","target":["https:\/\/aspenwildlifecontrol.com\/fr\/alerte-saisonniere\/oiseaux-alerte-printaniere\/"]}]},{"@type":"BreadcrumbList","@id":"https:\/\/aspenwildlifecontrol.com\/fr\/alerte-saisonniere\/oiseaux-alerte-printaniere\/#breadcrumb","itemListElement":[{"@type":"ListItem","position":1,"name":"Home","item":"https:\/\/aspenwildlifecontrol.com\/fr\/"},{"@type":"ListItem","position":2,"name":"Alerte saisonni\u00e8re","item":"https:\/\/aspenwildlifecontrol.com\/fr\/alerte-saisonniere\/"},{"@type":"ListItem","position":3,"name":"Oiseaux &#8211; Alerte printani\u00e8re"}]},{"@type":"WebSite","@id":"https:\/\/aspenwildlifecontrol.com\/fr\/#website","url":"https:\/\/aspenwildlifecontrol.com\/fr\/","name":"Aspen Wildlife Control","description":"Fast, humane wildlife removal in Ottawa-Gatineau \u2014 guaranteed results, 24\/7 service","potentialAction":[{"@type":"SearchAction","target":{"@type":"EntryPoint","urlTemplate":"https:\/\/aspenwildlifecontrol.com\/fr\/?s={search_term_string}"},"query-input":{"@type":"PropertyValueSpecification","valueRequired":true,"valueName":"search_term_string"}}],"inLanguage":"fr-FR"}]}},"_links":{"self":[{"href":"https:\/\/aspenwildlifecontrol.com\/fr\/wp-json\/wp\/v2\/pages\/1022","targetHints":{"allow":["GET"]}}],"collection":[{"href":"https:\/\/aspenwildlifecontrol.com\/fr\/wp-json\/wp\/v2\/pages"}],"about":[{"href":"https:\/\/aspenwildlifecontrol.com\/fr\/wp-json\/wp\/v2\/types\/page"}],"author":[{"embeddable":true,"href":"https:\/\/aspenwildlifecontrol.com\/fr\/wp-json\/wp\/v2\/users\/1"}],"replies":[{"embeddable":true,"href":"https:\/\/aspenwildlifecontrol.com\/fr\/wp-json\/wp\/v2\/comments?post=1022"}],"version-history":[{"count":2,"href":"https:\/\/aspenwildlifecontrol.com\/fr\/wp-json\/wp\/v2\/pages\/1022\/revisions"}],"predecessor-version":[{"id":2951,"href":"https:\/\/aspenwildlifecontrol.com\/fr\/wp-json\/wp\/v2\/pages\/1022\/revisions\/2951"}],"up":[{"embeddable":true,"href":"https:\/\/aspenwildlifecontrol.com\/fr\/wp-json\/wp\/v2\/pages\/1018"}],"wp:attachment":[{"href":"https:\/\/aspenwildlifecontrol.com\/fr\/wp-json\/wp\/v2\/media?parent=1022"}],"curies":[{"name":"wp","href":"https:\/\/api.w.org\/{rel}","templated":true}]}}