{"id":1021,"date":"2024-02-22T23:00:14","date_gmt":"2024-02-23T04:00:14","guid":{"rendered":"https:\/\/aspenwildlifecontrol.com\/rats-alerte-printaniere\/"},"modified":"2025-02-10T15:21:03","modified_gmt":"2025-02-10T20:21:03","slug":"rats-alerte-printaniere","status":"publish","type":"page","link":"https:\/\/aspenwildlifecontrol.com\/fr\/alerte-saisonniere\/rats-alerte-printaniere\/","title":{"rendered":"Rats &#8211; Alerte printani\u00e8re"},"content":{"rendered":"<h2>Prot\u00e9gez votre maison : Alerte printani\u00e8re pour les intrusions de rats<\/h2>\n<h3><i><span style=\"font-weight: 400;\">ALERTE SAISONNI\u00c8RE AUX RATS: TR\u00c8S \u00c9LEV\u00c9E<\/span><\/i><\/h3>\n<p><span style=\"font-weight: 400;\">Avec l&rsquo;arriv\u00e9e du printemps \u00e0 Ottawa-Gatineau, il est crucial de rester vigilant contre les \u00e9ventuelles intrusions de rats dans les maisons. Ces rongeurs peuvent causer des dommages importants et poser des risques pour la sant\u00e9 s&rsquo;ils ne sont pas contr\u00f4l\u00e9s. Explorons comment identifier les signes d&rsquo;activit\u00e9 des rats et pr\u00e9venir les infestations.<\/span><\/p>\n<p><script type=\"application\/ld+json\">\n{\n    \"@context\": \"http:\/\/schema.org\",\n    \"@type\": \"Service\",\n    \"serviceType\": \"Squirrel removal\",\n    \"serviceOutput\": \"Squirrel exterminator, squirrel control\", \n    \"image\": \"http:\/\/aspenwildlifecontrol.com\/wp-content\/uploads\/2023\/02\/LogoPrincipal-1_Main.png\",\n    \"provider\": {\n        \"@type\": \"Organization\",\n                \"name\": \"Aspen Wildlife Control\",\n        \"additionalType\": \"http:\/\/aspenwildlifecontrol.com\/services\/squirrels\/\",\n        \"telephone\": \"819-968-0349\",\n        \"description\": \"For 25 years, Aspen Wildlife Control has been an expert in the art of animal wildlife control and a staple in the Ottawa-Gatineau area. Offering unparalleled service to preserve native species across Canada\u2019s capital region for over two decades.\"    },\n    \"areaServed\": \"https:\/\/www.wikidata.org\/wiki\/Q141844, https:\/\/www.wikidata.org\/wiki\/Q1930\",\n    \"description\": \"With spring in full swing, this is a crucial time for local squirrels. New mothers are caring for their second litters of the year and busily collecting leaves to build nests. To find food more efficiently during these warmer months, most species often become especially active just before sunrise or as dusk falls \u2013 so keep an eye out! Should you encounter any issues with our furry friends Aspen Wildlife Control can help \u2013 we\u2019re experts at safely removing them from homes around Ottawa-Gatineau.\",\n    \"name\": \"Squirrel removal\",\n    \"@id\": \"http:\/\/aspenwildlifecontrol.com\/services\/squirrels\/\"\n}\n<\/script><\/p>\n<h5><span style=\"font-weight: 400;\">Signes d&rsquo;intrusion<\/span><\/h5>\n<p><span style=\"font-weight: 400;\">Soyez \u00e0 l&rsquo;aff\u00fbt de signes tels que des d\u00e9jections, des marques de rongement sur les murs ou les meubles, et des bruits de grattage, surtout la nuit. Les rats ont tendance \u00e0 nicher dans des endroits sombres et isol\u00e9s comme les combles, les sous-sols ou derri\u00e8re les appareils \u00e9lectrom\u00e9nagers.<\/span><\/p>\n<h5><span style=\"font-weight: 400;\">Risques potentiels<\/span><\/h5>\n<p><span style=\"font-weight: 400;\">Les rats peuvent transmettre des maladies par leurs d\u00e9jections et leur urine, ce qui repr\u00e9sente un risque pour la sant\u00e9 des occupants. Ils peuvent \u00e9galement causer des dommages structurels en rongeant les fils \u00e9lectriques, l&rsquo;isolation et le bois.<\/span><\/p>\n<h5><span style=\"font-weight: 400;\">Mesures pr\u00e9ventives<\/span><\/h5>\n<p><span style=\"font-weight: 400;\">Scellez les points d&rsquo;entr\u00e9e autour des portes, des fen\u00eatres et des ouvertures utilitaires pour emp\u00eacher les rats d&rsquo;entrer dans votre maison. Conservez les aliments dans des contenants herm\u00e9tiques, nettoyez les d\u00e9versements rapidement et sortez r\u00e9guli\u00e8rement les d\u00e9chets. Maintenez la propret\u00e9 en d\u00e9barrassant les zones o\u00f9 les rats pourraient se cacher et en passant r\u00e9guli\u00e8rement l&rsquo;aspirateur ou en balayant.<\/span><\/p>\n<h3 style=\"text-align: center;\"><a href=\"https:\/\/aspenwildlifecontrol.com\/fr\/prestations-de-service\/rats\/\"><span style=\"font-weight: 400;\">Assistance professionnelle pour le retrait des rats :<br \/>\n<\/span><\/a><\/h3>\n<p><span style=\"font-weight: 400;\">Si vous soup\u00e7onnez une infestation de rats ou si vous avez besoin d&rsquo;aide pour g\u00e9rer la situation, contactez Aspen Wildlife Control. Notre \u00e9quipe d&rsquo;experts peut effectuer des inspections approfondies, retirer en toute s\u00e9curit\u00e9 les rats de votre propri\u00e9t\u00e9 et mettre en place des mesures pr\u00e9ventives pour \u00e9viter les futures infestations.<\/span><\/p>\n<p><span style=\"font-weight: 400;\">En restant proactif et en agissant rapidement contre les intrusions de rats, vous pouvez prot\u00e9ger votre maison et votre famille contre les risques potentiels pour la sant\u00e9 et les dommages mat\u00e9riels ce printemps. Pour une assistance professionnelle et la tranquillit\u00e9 d&rsquo;esprit, contactez Aspen Wildlife Control.<\/span><\/p>\n<div class=\"three-buttons2\">\n<p><!-- --><\/p>\n<div class=\"first-button\"><!-- --> Gatineau et environs <!-- --> <a href=\"tel:8199680349\"> (819) 968-0349 <\/a> <!-- --><\/div>\n<p><!-- --><\/p>\n<div class=\"second-button\"><!-- --> Ottawa<!-- --> <a href=\"tel:6136061190\"> (613) 606-1190 <\/a> <!-- --><\/div>\n<p><!-- --><\/p>\n<div class=\"third-button\"><!-- --> Demandez une soumission<!-- --> <a href=\"http:\/\/aspenwildlifecontrol.com\/fr\/contact\/\"> Quote Request <\/a> <!-- --><\/div>\n<p><!-- --><\/p>\n<\/div>\n","protected":false},"excerpt":{"rendered":"<p>Prot\u00e9gez votre maison : Alerte printani\u00e8re pour les intrusions de rats ALERTE SAISONNI\u00c8RE AUX RATS: TR\u00c8S \u00c9LEV\u00c9E Avec l&rsquo;arriv\u00e9e du printemps \u00e0 Ottawa-Gatineau, il est crucial de rester vigilant contre les \u00e9ventuelles intrusions de rats dans les maisons. Ces rongeurs peuvent causer des dommages importants et poser des risques pour la sant\u00e9 s&rsquo;ils ne sont&hellip; <a class=\"more-link\" href=\"https:\/\/aspenwildlifecontrol.com\/fr\/alerte-saisonniere\/rats-alerte-printaniere\/\">Poursuivre la lecture <span class=\"screen-reader-text\">Rats &#8211; Alerte printani\u00e8re<\/span><\/a><\/p>\n","protected":false},"author":1,"featured_media":0,"parent":1018,"menu_order":0,"comment_status":"closed","ping_status":"closed","template":"","meta":{"_acf_changed":false,"footnotes":""},"class_list":["post-1021","page","type-page","status-publish","hentry","entry"],"acf":[],"yoast_head":"<!-- This site is optimized with the Yoast SEO Premium plugin v26.8 (Yoast SEO v27.4) - https:\/\/yoast.com\/product\/yoast-seo-premium-wordpress\/ -->\n<title>Rats - Alerte printani\u00e8re - Aspen Wildlife Control<\/title>\n<meta name=\"description\" content=\"Le printemps est la haute saison pour les rats. Appelez-nous si vous remarquez des signes d\u2019intrusion des rats dans votre maison.\" \/>\n<meta name=\"robots\" content=\"index, follow, max-snippet:-1, max-image-preview:large, max-video-preview:-1\" \/>\n<link rel=\"canonical\" href=\"https:\/\/aspenwildlifecontrol.com\/fr\/alerte-saisonniere\/rats-alerte-printaniere\/\" \/>\n<meta property=\"og:locale\" content=\"fr_FR\" \/>\n<meta property=\"og:type\" content=\"article\" \/>\n<meta property=\"og:title\" content=\"Rats - Alerte printani\u00e8re\" \/>\n<meta property=\"og:description\" content=\"Le printemps est la haute saison pour les rats. Appelez-nous si vous remarquez des signes d\u2019intrusion des rats dans votre maison.\" \/>\n<meta property=\"og:url\" content=\"https:\/\/aspenwildlifecontrol.com\/fr\/alerte-saisonniere\/rats-alerte-printaniere\/\" \/>\n<meta property=\"og:site_name\" content=\"Aspen Wildlife Control\" \/>\n<meta property=\"article:modified_time\" content=\"2025-02-10T20:21:03+00:00\" \/>\n<meta name=\"twitter:card\" content=\"summary_large_image\" \/>\n<meta name=\"twitter:label1\" content=\"Dur\u00e9e de lecture estim\u00e9e\" \/>\n\t<meta name=\"twitter:data1\" content=\"2 minutes\" \/>\n<script type=\"application\/ld+json\" class=\"yoast-schema-graph\">{\"@context\":\"https:\\\/\\\/schema.org\",\"@graph\":[{\"@type\":\"WebPage\",\"@id\":\"https:\\\/\\\/aspenwildlifecontrol.com\\\/fr\\\/alerte-saisonniere\\\/rats-alerte-printaniere\\\/\",\"url\":\"https:\\\/\\\/aspenwildlifecontrol.com\\\/fr\\\/alerte-saisonniere\\\/rats-alerte-printaniere\\\/\",\"name\":\"Rats - Alerte printani\u00e8re - Aspen Wildlife Control\",\"isPartOf\":{\"@id\":\"https:\\\/\\\/aspenwildlifecontrol.com\\\/fr\\\/#website\"},\"datePublished\":\"2024-02-23T04:00:14+00:00\",\"dateModified\":\"2025-02-10T20:21:03+00:00\",\"description\":\"Le printemps est la haute saison pour les rats. Appelez-nous si vous remarquez des signes d\u2019intrusion des rats dans votre maison.\",\"breadcrumb\":{\"@id\":\"https:\\\/\\\/aspenwildlifecontrol.com\\\/fr\\\/alerte-saisonniere\\\/rats-alerte-printaniere\\\/#breadcrumb\"},\"inLanguage\":\"fr-FR\",\"potentialAction\":[{\"@type\":\"ReadAction\",\"target\":[\"https:\\\/\\\/aspenwildlifecontrol.com\\\/fr\\\/alerte-saisonniere\\\/rats-alerte-printaniere\\\/\"]}]},{\"@type\":\"BreadcrumbList\",\"@id\":\"https:\\\/\\\/aspenwildlifecontrol.com\\\/fr\\\/alerte-saisonniere\\\/rats-alerte-printaniere\\\/#breadcrumb\",\"itemListElement\":[{\"@type\":\"ListItem\",\"position\":1,\"name\":\"Home\",\"item\":\"https:\\\/\\\/aspenwildlifecontrol.com\\\/fr\\\/\"},{\"@type\":\"ListItem\",\"position\":2,\"name\":\"Alerte saisonni\u00e8re\",\"item\":\"https:\\\/\\\/aspenwildlifecontrol.com\\\/fr\\\/alerte-saisonniere\\\/\"},{\"@type\":\"ListItem\",\"position\":3,\"name\":\"Rats &#8211; Alerte printani\u00e8re\"}]},{\"@type\":\"WebSite\",\"@id\":\"https:\\\/\\\/aspenwildlifecontrol.com\\\/fr\\\/#website\",\"url\":\"https:\\\/\\\/aspenwildlifecontrol.com\\\/fr\\\/\",\"name\":\"Aspen Wildlife Control\",\"description\":\"Fast, humane wildlife removal in Ottawa-Gatineau \u2014 guaranteed results, 24\\\/7 service\",\"potentialAction\":[{\"@type\":\"SearchAction\",\"target\":{\"@type\":\"EntryPoint\",\"urlTemplate\":\"https:\\\/\\\/aspenwildlifecontrol.com\\\/fr\\\/?s={search_term_string}\"},\"query-input\":{\"@type\":\"PropertyValueSpecification\",\"valueRequired\":true,\"valueName\":\"search_term_string\"}}],\"inLanguage\":\"fr-FR\"}]}<\/script>\n<!-- \/ Yoast SEO Premium plugin. -->","yoast_head_json":{"title":"Rats - Alerte printani\u00e8re - Aspen Wildlife Control","description":"Le printemps est la haute saison pour les rats. Appelez-nous si vous remarquez des signes d\u2019intrusion des rats dans votre maison.","robots":{"index":"index","follow":"follow","max-snippet":"max-snippet:-1","max-image-preview":"max-image-preview:large","max-video-preview":"max-video-preview:-1"},"canonical":"https:\/\/aspenwildlifecontrol.com\/fr\/alerte-saisonniere\/rats-alerte-printaniere\/","og_locale":"fr_FR","og_type":"article","og_title":"Rats - Alerte printani\u00e8re","og_description":"Le printemps est la haute saison pour les rats. Appelez-nous si vous remarquez des signes d\u2019intrusion des rats dans votre maison.","og_url":"https:\/\/aspenwildlifecontrol.com\/fr\/alerte-saisonniere\/rats-alerte-printaniere\/","og_site_name":"Aspen Wildlife Control","article_modified_time":"2025-02-10T20:21:03+00:00","twitter_card":"summary_large_image","twitter_misc":{"Dur\u00e9e de lecture estim\u00e9e":"2 minutes"},"schema":{"@context":"https:\/\/schema.org","@graph":[{"@type":"WebPage","@id":"https:\/\/aspenwildlifecontrol.com\/fr\/alerte-saisonniere\/rats-alerte-printaniere\/","url":"https:\/\/aspenwildlifecontrol.com\/fr\/alerte-saisonniere\/rats-alerte-printaniere\/","name":"Rats - Alerte printani\u00e8re - Aspen Wildlife Control","isPartOf":{"@id":"https:\/\/aspenwildlifecontrol.com\/fr\/#website"},"datePublished":"2024-02-23T04:00:14+00:00","dateModified":"2025-02-10T20:21:03+00:00","description":"Le printemps est la haute saison pour les rats. Appelez-nous si vous remarquez des signes d\u2019intrusion des rats dans votre maison.","breadcrumb":{"@id":"https:\/\/aspenwildlifecontrol.com\/fr\/alerte-saisonniere\/rats-alerte-printaniere\/#breadcrumb"},"inLanguage":"fr-FR","potentialAction":[{"@type":"ReadAction","target":["https:\/\/aspenwildlifecontrol.com\/fr\/alerte-saisonniere\/rats-alerte-printaniere\/"]}]},{"@type":"BreadcrumbList","@id":"https:\/\/aspenwildlifecontrol.com\/fr\/alerte-saisonniere\/rats-alerte-printaniere\/#breadcrumb","itemListElement":[{"@type":"ListItem","position":1,"name":"Home","item":"https:\/\/aspenwildlifecontrol.com\/fr\/"},{"@type":"ListItem","position":2,"name":"Alerte saisonni\u00e8re","item":"https:\/\/aspenwildlifecontrol.com\/fr\/alerte-saisonniere\/"},{"@type":"ListItem","position":3,"name":"Rats &#8211; Alerte printani\u00e8re"}]},{"@type":"WebSite","@id":"https:\/\/aspenwildlifecontrol.com\/fr\/#website","url":"https:\/\/aspenwildlifecontrol.com\/fr\/","name":"Aspen Wildlife Control","description":"Fast, humane wildlife removal in Ottawa-Gatineau \u2014 guaranteed results, 24\/7 service","potentialAction":[{"@type":"SearchAction","target":{"@type":"EntryPoint","urlTemplate":"https:\/\/aspenwildlifecontrol.com\/fr\/?s={search_term_string}"},"query-input":{"@type":"PropertyValueSpecification","valueRequired":true,"valueName":"search_term_string"}}],"inLanguage":"fr-FR"}]}},"_links":{"self":[{"href":"https:\/\/aspenwildlifecontrol.com\/fr\/wp-json\/wp\/v2\/pages\/1021","targetHints":{"allow":["GET"]}}],"collection":[{"href":"https:\/\/aspenwildlifecontrol.com\/fr\/wp-json\/wp\/v2\/pages"}],"about":[{"href":"https:\/\/aspenwildlifecontrol.com\/fr\/wp-json\/wp\/v2\/types\/page"}],"author":[{"embeddable":true,"href":"https:\/\/aspenwildlifecontrol.com\/fr\/wp-json\/wp\/v2\/users\/1"}],"replies":[{"embeddable":true,"href":"https:\/\/aspenwildlifecontrol.com\/fr\/wp-json\/wp\/v2\/comments?post=1021"}],"version-history":[{"count":2,"href":"https:\/\/aspenwildlifecontrol.com\/fr\/wp-json\/wp\/v2\/pages\/1021\/revisions"}],"predecessor-version":[{"id":2952,"href":"https:\/\/aspenwildlifecontrol.com\/fr\/wp-json\/wp\/v2\/pages\/1021\/revisions\/2952"}],"up":[{"embeddable":true,"href":"https:\/\/aspenwildlifecontrol.com\/fr\/wp-json\/wp\/v2\/pages\/1018"}],"wp:attachment":[{"href":"https:\/\/aspenwildlifecontrol.com\/fr\/wp-json\/wp\/v2\/media?parent=1021"}],"curies":[{"name":"wp","href":"https:\/\/api.w.org\/{rel}","templated":true}]}}