{"id":1019,"date":"2024-02-22T22:41:13","date_gmt":"2024-02-23T03:41:13","guid":{"rendered":"https:\/\/aspenwildlifecontrol.com\/ecureuil-alerte-saisonniere\/"},"modified":"2025-02-10T15:19:14","modified_gmt":"2025-02-10T20:19:14","slug":"ecureuil-alerte-saisonniere","status":"publish","type":"page","link":"https:\/\/aspenwildlifecontrol.com\/fr\/alerte-saisonniere\/ecureuil-alerte-saisonniere\/","title":{"rendered":"\u00c9cureuil &#8211; alerte saisonni\u00e8re"},"content":{"rendered":"<h2>Prot\u00e9gez votre maison : alerte saisonni\u00e8re pour les intrusions d&rsquo;\u00e9cureuils<\/h2>\n<h3><i><span style=\"font-weight: 400;\">ALERTE SAISONNI\u00c8RE AUX \u00c9CUREUILS : TR\u00c8S \u00c9LEV\u00c9E<\/span><\/i><\/h3>\n<p><span style=\"font-weight: 400;\">Alors que le printemps arrive \u00e0 Ottawa-Gatineau, il apporte avec lui le potentiel d&rsquo;intrusions d&rsquo;\u00e9cureuils dans les maisons. Bien que ces rongeurs \u00e0 fourrure semblent inoffensives, leur pr\u00e9sence peut entra\u00eener des dommages co\u00fbteux et des risques pour la sant\u00e9. Il est essentiel d&rsquo;adopter une approche proactive pour prot\u00e9ger votre propri\u00e9t\u00e9.<\/span><\/p>\n<p><script type=\"application\/ld+json\">\n{\n    \"@context\": \"http:\/\/schema.org\",\n    \"@type\": \"Service\",\n    \"serviceType\": \"Squirrel removal\",\n    \"serviceOutput\": \"Squirrel exterminator, squirrel control\", \n    \"image\": \"http:\/\/aspenwildlifecontrol.com\/wp-content\/uploads\/2023\/02\/LogoPrincipal-1_Main.png\",\n    \"provider\": {\n        \"@type\": \"Organization\",\n                \"name\": \"Aspen Wildlife Control\",\n        \"additionalType\": \"http:\/\/aspenwildlifecontrol.com\/services\/squirrels\/\",\n        \"telephone\": \"819-968-0349\",\n        \"description\": \"For 25 years, Aspen Wildlife Control has been an expert in the art of animal wildlife control and a staple in the Ottawa-Gatineau area. Offering unparalleled service to preserve native species across Canada\u2019s capital region for over two decades.\"    },\n    \"areaServed\": \"https:\/\/www.wikidata.org\/wiki\/Q141844, https:\/\/www.wikidata.org\/wiki\/Q1930\",\n    \"description\": \"With spring in full swing, this is a crucial time for local squirrels. New mothers are caring for their second litters of the year and busily collecting leaves to build nests. To find food more efficiently during these warmer months, most species often become especially active just before sunrise or as dusk falls \u2013 so keep an eye out! Should you encounter any issues with our furry friends Aspen Wildlife Control can help \u2013 we\u2019re experts at safely removing them from homes around Ottawa-Gatineau.\",\n    \"name\": \"Squirrel removal\",\n    \"@id\": \"http:\/\/aspenwildlifecontrol.com\/services\/squirrels\/\"\n}\n<\/script><\/p>\n<h5><span style=\"font-weight: 400;\">Signes d&rsquo;intrusion<\/span><\/h5>\n<p><span style=\"font-weight: 400;\">Soyez attentif aux bruits de grattage, aux trous rong\u00e9s et aux d\u00e9jections, indiquant l&rsquo;activit\u00e9 des \u00e9cureuils. Ces signes peuvent \u00eatre particuli\u00e8rement courants dans les combles, les sous-sols et les espaces d\u2019entreposage.<\/span><\/p>\n<h5><span style=\"font-weight: 400;\">Risques potentiels\u00a0<\/span><\/h5>\n<p><span style=\"font-weight: 400;\">Les \u00e9cureuils peuvent causer des dommages structurels en rongeant le bois et les fils \u00e9lectriques. Leurs d\u00e9jections peuvent \u00e9galement pr\u00e9senter des risques pour la sant\u00e9, entra\u00eenant des probl\u00e8mes respiratoires. De plus, les infestations non contr\u00f4l\u00e9es peuvent rapidement s&rsquo;aggraver, intensifiant le probl\u00e8me.<\/span><\/p>\n<h5><span style=\"font-weight: 400;\">Mesures pr\u00e9ventives<\/span><\/h5>\n<p><span style=\"font-weight: 400;\">Scellez les points d&rsquo;entr\u00e9e, taillez les branches d&rsquo;arbres pr\u00e8s de votre maison et s\u00e9curisez les sources de nourriture ext\u00e9rieures pour dissuader les \u00e9cureuils. Une inspection et un entretien r\u00e9guliers peuvent aider \u00e0 pr\u00e9venir les intrusions.<\/span><\/p>\n<h2><\/h2>\n<h3 style=\"text-align: center;\"><a href=\"https:\/\/aspenwildlifecontrol.com\/fr\/prestations-de-service\/ecureuils\/\"><span style=\"font-weight: 400;\">Assistance professionnelle pour la capture d&rsquo;\u00e9cureuils<\/span><\/a><\/h3>\n<p><span style=\"font-weight: 400;\">Si vous soup\u00e7onnez une intrusion d&rsquo;\u00e9cureuils ou si vous avez besoin de conseils d&rsquo;experts, contactez Aspen Wildlife Control pour obtenir une assistance professionnelle pour la capture d&rsquo;\u00e9cureuils. Notre \u00e9quipe exp\u00e9riment\u00e9e peut retirer en toute s\u00e9curit\u00e9 les \u00e9cureuils de votre propri\u00e9t\u00e9 et mettre en place des mesures pr\u00e9ventives pour att\u00e9nuer les futures intrusions.<\/span><\/p>\n<p><span style=\"font-weight: 400;\">En restant vigilant et en prenant des mesures proactives, vous pouvez prot\u00e9ger votre maison des intrusions d&rsquo;\u00e9cureuils ce printemps. N&rsquo;h\u00e9sitez pas \u00e0 contacter Aspen Wildlife Control pour obtenir une assistance professionnelle et garantir un environnement de vie sans animaux nuisibles.<\/span><\/p>\n<div class=\"three-buttons2\">\n<p><!-- --><\/p>\n<div class=\"first-button\"><!-- --> Gatineau et environs <!-- --> <a href=\"tel:8199680349\"> (819) 968-0349 <\/a> <!-- --><\/div>\n<p><!-- --><\/p>\n<div class=\"second-button\"><!-- --> Ottawa<!-- --> <a href=\"tel:6136061190\"> (613) 606-1190 <\/a> <!-- --><\/div>\n<p><!-- --><\/p>\n<div class=\"third-button\"><!-- --> Demandez une soumission<!-- --> <a href=\"http:\/\/aspenwildlifecontrol.com\/fr\/contact\/\"> Quote Request <\/a> <!-- --><\/div>\n<p><!-- --><\/p>\n<\/div>\n","protected":false},"excerpt":{"rendered":"<p>Prot\u00e9gez votre maison : alerte saisonni\u00e8re pour les intrusions d&rsquo;\u00e9cureuils ALERTE SAISONNI\u00c8RE AUX \u00c9CUREUILS : TR\u00c8S \u00c9LEV\u00c9E Alors que le printemps arrive \u00e0 Ottawa-Gatineau, il apporte avec lui le potentiel d&rsquo;intrusions d&rsquo;\u00e9cureuils dans les maisons. Bien que ces rongeurs \u00e0 fourrure semblent inoffensives, leur pr\u00e9sence peut entra\u00eener des dommages co\u00fbteux et des risques pour la&hellip; <a class=\"more-link\" href=\"https:\/\/aspenwildlifecontrol.com\/fr\/alerte-saisonniere\/ecureuil-alerte-saisonniere\/\">Poursuivre la lecture <span class=\"screen-reader-text\">\u00c9cureuil &#8211; alerte saisonni\u00e8re<\/span><\/a><\/p>\n","protected":false},"author":1,"featured_media":0,"parent":1018,"menu_order":0,"comment_status":"closed","ping_status":"closed","template":"","meta":{"_acf_changed":false,"footnotes":""},"class_list":["post-1019","page","type-page","status-publish","hentry","entry"],"acf":[],"yoast_head":"<!-- This site is optimized with the Yoast SEO Premium plugin v26.8 (Yoast SEO v27.4) - https:\/\/yoast.com\/product\/yoast-seo-premium-wordpress\/ -->\n<title>\u00c9cureuil - alerte saisonni\u00e8re - Aspen Wildlife Control<\/title>\n<meta name=\"description\" content=\"Le printemps est la haute saison pour les \u00e9cureuils. Appelez-nous si vous remarquez des signes d\u2019intrusion d&#039;\u00e9cureuils dans votre maison.\" \/>\n<meta name=\"robots\" content=\"index, follow, max-snippet:-1, max-image-preview:large, max-video-preview:-1\" \/>\n<link rel=\"canonical\" href=\"https:\/\/aspenwildlifecontrol.com\/fr\/alerte-saisonniere\/ecureuil-alerte-saisonniere\/\" \/>\n<meta property=\"og:locale\" content=\"fr_FR\" \/>\n<meta property=\"og:type\" content=\"article\" \/>\n<meta property=\"og:title\" content=\"\u00c9cureuil - alerte saisonni\u00e8re\" \/>\n<meta property=\"og:description\" content=\"Le printemps est la haute saison pour les \u00e9cureuils. Appelez-nous si vous remarquez des signes d\u2019intrusion d&#039;\u00e9cureuils dans votre maison.\" \/>\n<meta property=\"og:url\" content=\"https:\/\/aspenwildlifecontrol.com\/fr\/alerte-saisonniere\/ecureuil-alerte-saisonniere\/\" \/>\n<meta property=\"og:site_name\" content=\"Aspen Wildlife Control\" \/>\n<meta property=\"article:modified_time\" content=\"2025-02-10T20:19:14+00:00\" \/>\n<meta name=\"twitter:card\" content=\"summary_large_image\" \/>\n<meta name=\"twitter:label1\" content=\"Dur\u00e9e de lecture estim\u00e9e\" \/>\n\t<meta name=\"twitter:data1\" content=\"2 minutes\" \/>\n<script type=\"application\/ld+json\" class=\"yoast-schema-graph\">{\"@context\":\"https:\\\/\\\/schema.org\",\"@graph\":[{\"@type\":\"WebPage\",\"@id\":\"https:\\\/\\\/aspenwildlifecontrol.com\\\/fr\\\/alerte-saisonniere\\\/ecureuil-alerte-saisonniere\\\/\",\"url\":\"https:\\\/\\\/aspenwildlifecontrol.com\\\/fr\\\/alerte-saisonniere\\\/ecureuil-alerte-saisonniere\\\/\",\"name\":\"\u00c9cureuil - alerte saisonni\u00e8re - Aspen Wildlife Control\",\"isPartOf\":{\"@id\":\"https:\\\/\\\/aspenwildlifecontrol.com\\\/fr\\\/#website\"},\"datePublished\":\"2024-02-23T03:41:13+00:00\",\"dateModified\":\"2025-02-10T20:19:14+00:00\",\"description\":\"Le printemps est la haute saison pour les \u00e9cureuils. Appelez-nous si vous remarquez des signes d\u2019intrusion d'\u00e9cureuils dans votre maison.\",\"breadcrumb\":{\"@id\":\"https:\\\/\\\/aspenwildlifecontrol.com\\\/fr\\\/alerte-saisonniere\\\/ecureuil-alerte-saisonniere\\\/#breadcrumb\"},\"inLanguage\":\"fr-FR\",\"potentialAction\":[{\"@type\":\"ReadAction\",\"target\":[\"https:\\\/\\\/aspenwildlifecontrol.com\\\/fr\\\/alerte-saisonniere\\\/ecureuil-alerte-saisonniere\\\/\"]}]},{\"@type\":\"BreadcrumbList\",\"@id\":\"https:\\\/\\\/aspenwildlifecontrol.com\\\/fr\\\/alerte-saisonniere\\\/ecureuil-alerte-saisonniere\\\/#breadcrumb\",\"itemListElement\":[{\"@type\":\"ListItem\",\"position\":1,\"name\":\"Home\",\"item\":\"https:\\\/\\\/aspenwildlifecontrol.com\\\/fr\\\/\"},{\"@type\":\"ListItem\",\"position\":2,\"name\":\"Alerte saisonni\u00e8re\",\"item\":\"https:\\\/\\\/aspenwildlifecontrol.com\\\/fr\\\/alerte-saisonniere\\\/\"},{\"@type\":\"ListItem\",\"position\":3,\"name\":\"\u00c9cureuil &#8211; alerte saisonni\u00e8re\"}]},{\"@type\":\"WebSite\",\"@id\":\"https:\\\/\\\/aspenwildlifecontrol.com\\\/fr\\\/#website\",\"url\":\"https:\\\/\\\/aspenwildlifecontrol.com\\\/fr\\\/\",\"name\":\"Aspen Wildlife Control\",\"description\":\"Fast, humane wildlife removal in Ottawa-Gatineau \u2014 guaranteed results, 24\\\/7 service\",\"potentialAction\":[{\"@type\":\"SearchAction\",\"target\":{\"@type\":\"EntryPoint\",\"urlTemplate\":\"https:\\\/\\\/aspenwildlifecontrol.com\\\/fr\\\/?s={search_term_string}\"},\"query-input\":{\"@type\":\"PropertyValueSpecification\",\"valueRequired\":true,\"valueName\":\"search_term_string\"}}],\"inLanguage\":\"fr-FR\"}]}<\/script>\n<!-- \/ Yoast SEO Premium plugin. -->","yoast_head_json":{"title":"\u00c9cureuil - alerte saisonni\u00e8re - Aspen Wildlife Control","description":"Le printemps est la haute saison pour les \u00e9cureuils. Appelez-nous si vous remarquez des signes d\u2019intrusion d'\u00e9cureuils dans votre maison.","robots":{"index":"index","follow":"follow","max-snippet":"max-snippet:-1","max-image-preview":"max-image-preview:large","max-video-preview":"max-video-preview:-1"},"canonical":"https:\/\/aspenwildlifecontrol.com\/fr\/alerte-saisonniere\/ecureuil-alerte-saisonniere\/","og_locale":"fr_FR","og_type":"article","og_title":"\u00c9cureuil - alerte saisonni\u00e8re","og_description":"Le printemps est la haute saison pour les \u00e9cureuils. Appelez-nous si vous remarquez des signes d\u2019intrusion d'\u00e9cureuils dans votre maison.","og_url":"https:\/\/aspenwildlifecontrol.com\/fr\/alerte-saisonniere\/ecureuil-alerte-saisonniere\/","og_site_name":"Aspen Wildlife Control","article_modified_time":"2025-02-10T20:19:14+00:00","twitter_card":"summary_large_image","twitter_misc":{"Dur\u00e9e de lecture estim\u00e9e":"2 minutes"},"schema":{"@context":"https:\/\/schema.org","@graph":[{"@type":"WebPage","@id":"https:\/\/aspenwildlifecontrol.com\/fr\/alerte-saisonniere\/ecureuil-alerte-saisonniere\/","url":"https:\/\/aspenwildlifecontrol.com\/fr\/alerte-saisonniere\/ecureuil-alerte-saisonniere\/","name":"\u00c9cureuil - alerte saisonni\u00e8re - Aspen Wildlife Control","isPartOf":{"@id":"https:\/\/aspenwildlifecontrol.com\/fr\/#website"},"datePublished":"2024-02-23T03:41:13+00:00","dateModified":"2025-02-10T20:19:14+00:00","description":"Le printemps est la haute saison pour les \u00e9cureuils. Appelez-nous si vous remarquez des signes d\u2019intrusion d'\u00e9cureuils dans votre maison.","breadcrumb":{"@id":"https:\/\/aspenwildlifecontrol.com\/fr\/alerte-saisonniere\/ecureuil-alerte-saisonniere\/#breadcrumb"},"inLanguage":"fr-FR","potentialAction":[{"@type":"ReadAction","target":["https:\/\/aspenwildlifecontrol.com\/fr\/alerte-saisonniere\/ecureuil-alerte-saisonniere\/"]}]},{"@type":"BreadcrumbList","@id":"https:\/\/aspenwildlifecontrol.com\/fr\/alerte-saisonniere\/ecureuil-alerte-saisonniere\/#breadcrumb","itemListElement":[{"@type":"ListItem","position":1,"name":"Home","item":"https:\/\/aspenwildlifecontrol.com\/fr\/"},{"@type":"ListItem","position":2,"name":"Alerte saisonni\u00e8re","item":"https:\/\/aspenwildlifecontrol.com\/fr\/alerte-saisonniere\/"},{"@type":"ListItem","position":3,"name":"\u00c9cureuil &#8211; alerte saisonni\u00e8re"}]},{"@type":"WebSite","@id":"https:\/\/aspenwildlifecontrol.com\/fr\/#website","url":"https:\/\/aspenwildlifecontrol.com\/fr\/","name":"Aspen Wildlife Control","description":"Fast, humane wildlife removal in Ottawa-Gatineau \u2014 guaranteed results, 24\/7 service","potentialAction":[{"@type":"SearchAction","target":{"@type":"EntryPoint","urlTemplate":"https:\/\/aspenwildlifecontrol.com\/fr\/?s={search_term_string}"},"query-input":{"@type":"PropertyValueSpecification","valueRequired":true,"valueName":"search_term_string"}}],"inLanguage":"fr-FR"}]}},"_links":{"self":[{"href":"https:\/\/aspenwildlifecontrol.com\/fr\/wp-json\/wp\/v2\/pages\/1019","targetHints":{"allow":["GET"]}}],"collection":[{"href":"https:\/\/aspenwildlifecontrol.com\/fr\/wp-json\/wp\/v2\/pages"}],"about":[{"href":"https:\/\/aspenwildlifecontrol.com\/fr\/wp-json\/wp\/v2\/types\/page"}],"author":[{"embeddable":true,"href":"https:\/\/aspenwildlifecontrol.com\/fr\/wp-json\/wp\/v2\/users\/1"}],"replies":[{"embeddable":true,"href":"https:\/\/aspenwildlifecontrol.com\/fr\/wp-json\/wp\/v2\/comments?post=1019"}],"version-history":[{"count":2,"href":"https:\/\/aspenwildlifecontrol.com\/fr\/wp-json\/wp\/v2\/pages\/1019\/revisions"}],"predecessor-version":[{"id":2948,"href":"https:\/\/aspenwildlifecontrol.com\/fr\/wp-json\/wp\/v2\/pages\/1019\/revisions\/2948"}],"up":[{"embeddable":true,"href":"https:\/\/aspenwildlifecontrol.com\/fr\/wp-json\/wp\/v2\/pages\/1018"}],"wp:attachment":[{"href":"https:\/\/aspenwildlifecontrol.com\/fr\/wp-json\/wp\/v2\/media?parent=1019"}],"curies":[{"name":"wp","href":"https:\/\/api.w.org\/{rel}","templated":true}]}}