{"id":1018,"date":"2024-02-22T23:15:42","date_gmt":"2024-02-23T04:15:42","guid":{"rendered":"https:\/\/aspenwildlifecontrol.com\/alerte-saisonniere\/"},"modified":"2025-02-12T10:02:12","modified_gmt":"2025-02-12T15:02:12","slug":"alerte-saisonniere","status":"publish","type":"page","link":"https:\/\/aspenwildlifecontrol.com\/fr\/alerte-saisonniere\/","title":{"rendered":"Alerte saisonni\u00e8re"},"content":{"rendered":"<h2><b>Alerte saisonni\u00e8re du printemps<\/b><\/h2>\n<h4>Intrusions de \u00e9cureuils, souris, rats et oiseaux dans les maisons \u00e0 Ottawa-Gatineau<\/h4>\n<p><span style=\"font-weight: 400;\">Avec l&rsquo;arriv\u00e9e du printemps \u00e0 Ottawa-Gatineau, il est essentiel d&rsquo;\u00eatre conscient des intrusions potentielles de divers animaux nuisibles tels que les \u00e9cureuils, les souris, les rats et les oiseaux dans les maisons. Ces animaux peuvent causer des dommages et poser des risques pour la sant\u00e9 de votre famille. Comprendre comment pr\u00e9venir et g\u00e9rer ces intrusions est crucial pour prot\u00e9ger votre propri\u00e9t\u00e9.<\/span><\/p>\n<p><script type=\"application\/ld+json\">\n{\n    \"@context\": \"http:\/\/schema.org\",\n    \"@type\": \"Service\",\n    \"serviceType\": \"skunk Removal\",\n    \"serviceOutput\": \"skunk exterminator\", \n    \"image\": \"http:\/\/aspenwildlifecontrol.com\/wp-content\/uploads\/2023\/02\/LogoPrincipal-1_Main.png\",\n    \"provider\": {\n        \"@type\": \"Organization\",\n                \"name\": \"Aspen Wildlife Control\",\n        \"additionalType\": \"http:\/\/aspenwildlifecontrol.com\/services\/skunks\",\n        \"telephone\": \"819 9680349\",\n        \"description\": \"Aspen Wildlife Control has the expertise needed to help you and your local wildlife coexist. With over 25 years of experience in animal management, our team is dedicated to providing professional services throughout Ottawa, Gatineau and surrounding areas within the national capital region. We specialize in humanely removing pests from residential properties so that people can live peacefully with their environment.\"    },\n    \"areaServed\": \"https:\/\/www.wikidata.org\/wiki\/Q141844, https:\/\/www.wikidata.org\/wiki\/Q1930\",\n    \"description\": \"If it's spring or summer in Ottawa-Gatineau, be on the lookout: skunks are out and about! Aspen Wildlife Control is here to help protect your home and property from potential intrusions. But beware \u2013 these nocturnal creatures can react defensively when startled by children or pets so contact us immediately if you're dealing with a pesky problem. We specialize in fast, efficient skunk removal solutions that keep both humans and animals safe.\",\n    \"name\": \"Skunk removal\",\n    \"@id\": \"http:\/\/aspenwildlifecontrol.com\/services\/skunks\"\n}\n<\/script><\/p>\n<h5><span style=\"font-weight: 400;\">Identifier les signes d&rsquo;intrusion<\/span><\/h5>\n<p><span style=\"font-weight: 400;\">Restez attentif aux signes suivants indiquent la pr\u00e9sence d\u2019animaux nuisibles dans votre maison :<\/span><\/p>\n<p>&nbsp;<\/p>\n<ol>\n<li style=\"list-style-type: none;\">\n<ol>\n<li style=\"list-style-type: none;\">\n<ol>\n<li style=\"font-weight: 400;\" aria-level=\"1\"><span style=\"font-weight: 400;\"><span style=\"font-weight: 400;\">Bruits \u00e9tranges : Des bruits de grattage, de course ou de gazouillis inhabituels provenant des murs, des plafonds ou des combles.<\/span><\/span>&nbsp;<\/li>\n<li style=\"font-weight: 400;\" aria-level=\"1\"><span style=\"font-weight: 400;\"><span style=\"font-weight: 400;\">Dommages visibles : Des trous rong\u00e9s dans les murs, l&rsquo;isolation ou les fils \u00e9lectriques.<\/span><\/span>&nbsp;<\/li>\n<li style=\"font-weight: 400;\" aria-level=\"1\"><span style=\"font-weight: 400;\"><span style=\"font-weight: 400;\">D\u00e9jections : De petits excr\u00e9ments dans les combles, les sous-sols ou les zones d\u2019entreposage.<\/span><\/span>&nbsp;<\/li>\n<li style=\"font-weight: 400;\" aria-level=\"1\"><span style=\"font-weight: 400;\">Mat\u00e9riaux de nidification : Accumulation de feuilles, de brindilles ou de d\u00e9bris dans les coins cach\u00e9s.<\/span><\/li>\n<\/ol>\n<\/li>\n<\/ol>\n<\/li>\n<\/ol>\n<p>&nbsp;<\/p>\n<h3 style=\"text-align: center;\">Contr\u00f4le et \u00e9limination des infestations saisonni\u00e8res<\/h3>\n<h5 style=\"text-align: center;\"><span style=\"font-weight: 400;\">Capture d&rsquo;\u00e9cureuils<\/span><\/h5>\n<p><span style=\"font-weight: 400;\">Les \u00e9cureuils ont des alertes saisonni\u00e8res au printemps en raison de leur recherche d&rsquo;abri. Ils peuvent s&rsquo;introduire dans les maisons, causant des dommages et des risques pour la sant\u00e9.<\/span><\/p>\n<h5 style=\"text-align: center;\"><span style=\"font-weight: 400;\">Capture de souris<\/span><\/h5>\n<p><span style=\"font-weight: 400;\">Les souris ont des alertes saisonni\u00e8res au printemps en raison de leur activit\u00e9 accrue \u00e0 la recherche de nourriture et d&rsquo;abri. Elles peuvent envahir les maisons, causant des dommages et des risques pour la sant\u00e9.<\/span><\/p>\n<h5 style=\"text-align: center;\"><span style=\"font-weight: 400;\">Capture de rats<\/span><\/h5>\n<p><span style=\"font-weight: 400;\">Les rats deviennent des nuisibles au printemps car ils cherchent abri et sources de nourriture, envahissant \u00e9ventuellement les maisons. Leur pr\u00e9sence pose des risques pour la sant\u00e9 et des dommages mat\u00e9riels.<\/span><\/p>\n<h5 style=\"text-align: center;\"><span style=\"font-weight: 400;\">Capture d&rsquo;oiseaux<\/span><\/h5>\n<p><span style=\"font-weight: 400;\">Les oiseaux ont des alertes saisonni\u00e8res au printemps en raison de leurs comportements de nidification, qui peuvent conduire \u00e0 des intrusions dans les maisons. Leur pr\u00e9sence peut causer du bruit et de la salet\u00e9.<\/span><\/p>\n<h4><span style=\"font-weight: 400;\">Risques potentiels<\/span><\/h4>\n<p><span style=\"font-weight: 400;\">Permettre \u00e0 ces animaux nuisibles de s\u2019installer dans votre maison peut entra\u00eener plusieurs risques :<\/span><\/p>\n<ol>\n<li style=\"font-weight: 400;\" aria-level=\"1\"><span style=\"font-weight: 400;\"><span style=\"font-weight: 400;\">Dommages structurels : Les \u00e9cureuils, les souris, les rats et les oiseaux peuvent causer des dommages aux structures, aux fils \u00e9lectriques et \u00e0 l&rsquo;isolation.<\/span><\/span>&nbsp;<\/li>\n<li style=\"font-weight: 400;\" aria-level=\"1\"><span style=\"font-weight: 400;\"><span style=\"font-weight: 400;\">Pr\u00e9occupations sanitaires : Les d\u00e9jections d&rsquo;animaux peuvent transporter des maladies telles que la leptospirose et la salmonellose, posant des risques pour la sant\u00e9 des occupants. De plus, les particules en suspension provenant des nids peuvent d\u00e9clencher des probl\u00e8mes respiratoires.<\/span><\/span>&nbsp;<\/li>\n<li style=\"font-weight: 400;\" aria-level=\"1\"><span style=\"font-weight: 400;\"><span style=\"font-weight: 400;\">Infestation rapide : Ces animaux nuisibles peuvent se reproduire rapidement, ce qui peut entra\u00eener une infestation importante si elle n&rsquo;est pas ma\u00eetris\u00e9e.<\/span><\/span>&nbsp;<\/li>\n<li style=\"font-weight: 400;\" aria-level=\"1\"><span style=\"font-weight: 400;\">Perturbation et bruit : La pr\u00e9sence de nuisibles peut perturber votre tranquillit\u00e9 avec des bruits de grattage, de couinement ou de gazouillis constants.<\/span><\/li>\n<\/ol>\n<h4>Assistance professionnelle<\/h4>\n<p><span style=\"font-weight: 400;\">Si vous soup\u00e7onnez une infestation d\u2019animaux nuisibles ou si vous avez besoin d&rsquo;aide pour g\u00e9rer la situation, contactez Aspen Wildlife Control. Notre \u00e9quipe de professionnels peut \u00e9valuer votre propri\u00e9t\u00e9, capturer les nuisibles en toute s\u00e9curit\u00e9 et mettre en place des mesures pr\u00e9ventives pour prot\u00e9ger votre maison.<\/span><\/p>\n<p><span style=\"font-weight: 400;\">En restant vigilant et en mettant en \u0153uvre des mesures pr\u00e9ventives, vous pouvez prot\u00e9ger efficacement votre maison contre les intrusions d&rsquo;\u00e9cureuils, de souris, de rats et d&rsquo;oiseaux \u00e0 Ottawa-Gatineau pendant la saison du printemps. Pour toute assistance suppl\u00e9mentaire ou toute question, n&rsquo;h\u00e9sitez pas \u00e0 contacter Aspen Wildlife Control.<\/span><\/p>\n","protected":false},"excerpt":{"rendered":"<p>Alerte saisonni\u00e8re du printemps Intrusions de \u00e9cureuils, souris, rats et oiseaux dans les maisons \u00e0 Ottawa-Gatineau Avec l&rsquo;arriv\u00e9e du printemps \u00e0 Ottawa-Gatineau, il est essentiel d&rsquo;\u00eatre conscient des intrusions potentielles de divers animaux nuisibles tels que les \u00e9cureuils, les souris, les rats et les oiseaux dans les maisons. Ces animaux peuvent causer des dommages et&hellip; <a class=\"more-link\" href=\"https:\/\/aspenwildlifecontrol.com\/fr\/alerte-saisonniere\/\">Poursuivre la lecture <span class=\"screen-reader-text\">Alerte saisonni\u00e8re<\/span><\/a><\/p>\n","protected":false},"author":1,"featured_media":0,"parent":0,"menu_order":0,"comment_status":"closed","ping_status":"closed","template":"","meta":{"_acf_changed":false,"footnotes":""},"class_list":["post-1018","page","type-page","status-publish","hentry","entry"],"acf":[],"yoast_head":"<!-- This site is optimized with the Yoast SEO Premium plugin v26.8 (Yoast SEO v27.4) - https:\/\/yoast.com\/product\/yoast-seo-premium-wordpress\/ -->\n<title>Alerte saisonni\u00e8re - Aspen Wildlife Control<\/title>\n<meta name=\"description\" content=\"Plusieurs animaux ont une activit\u00e9 et une pr\u00e9sence accrues pendant les mois les plus chauds. Pr\u00e9parez-vous \u00e0 une infestation. Faites appel \u00e0 un professionnel.\" \/>\n<meta name=\"robots\" content=\"index, follow, max-snippet:-1, max-image-preview:large, max-video-preview:-1\" \/>\n<link rel=\"canonical\" href=\"https:\/\/aspenwildlifecontrol.com\/fr\/alerte-saisonniere\/\" \/>\n<meta property=\"og:locale\" content=\"fr_FR\" \/>\n<meta property=\"og:type\" content=\"article\" \/>\n<meta property=\"og:title\" content=\"Alerte saisonni\u00e8re\" \/>\n<meta property=\"og:description\" content=\"Plusieurs animaux ont une activit\u00e9 et une pr\u00e9sence accrues pendant les mois les plus chauds. Pr\u00e9parez-vous \u00e0 une infestation. Faites appel \u00e0 un professionnel.\" \/>\n<meta property=\"og:url\" content=\"https:\/\/aspenwildlifecontrol.com\/fr\/alerte-saisonniere\/\" \/>\n<meta property=\"og:site_name\" content=\"Aspen Wildlife Control\" \/>\n<meta property=\"article:modified_time\" content=\"2025-02-12T15:02:12+00:00\" \/>\n<meta name=\"twitter:card\" content=\"summary_large_image\" \/>\n<meta name=\"twitter:label1\" content=\"Dur\u00e9e de lecture estim\u00e9e\" \/>\n\t<meta name=\"twitter:data1\" content=\"3 minutes\" \/>\n<script type=\"application\/ld+json\" class=\"yoast-schema-graph\">{\"@context\":\"https:\\\/\\\/schema.org\",\"@graph\":[{\"@type\":\"WebPage\",\"@id\":\"https:\\\/\\\/aspenwildlifecontrol.com\\\/fr\\\/alerte-saisonniere\\\/\",\"url\":\"https:\\\/\\\/aspenwildlifecontrol.com\\\/fr\\\/alerte-saisonniere\\\/\",\"name\":\"Alerte saisonni\u00e8re - Aspen Wildlife Control\",\"isPartOf\":{\"@id\":\"https:\\\/\\\/aspenwildlifecontrol.com\\\/fr\\\/#website\"},\"datePublished\":\"2024-02-23T04:15:42+00:00\",\"dateModified\":\"2025-02-12T15:02:12+00:00\",\"description\":\"Plusieurs animaux ont une activit\u00e9 et une pr\u00e9sence accrues pendant les mois les plus chauds. Pr\u00e9parez-vous \u00e0 une infestation. Faites appel \u00e0 un professionnel.\",\"breadcrumb\":{\"@id\":\"https:\\\/\\\/aspenwildlifecontrol.com\\\/fr\\\/alerte-saisonniere\\\/#breadcrumb\"},\"inLanguage\":\"fr-FR\",\"potentialAction\":[{\"@type\":\"ReadAction\",\"target\":[\"https:\\\/\\\/aspenwildlifecontrol.com\\\/fr\\\/alerte-saisonniere\\\/\"]}]},{\"@type\":\"BreadcrumbList\",\"@id\":\"https:\\\/\\\/aspenwildlifecontrol.com\\\/fr\\\/alerte-saisonniere\\\/#breadcrumb\",\"itemListElement\":[{\"@type\":\"ListItem\",\"position\":1,\"name\":\"Home\",\"item\":\"https:\\\/\\\/aspenwildlifecontrol.com\\\/fr\\\/\"},{\"@type\":\"ListItem\",\"position\":2,\"name\":\"Alerte saisonni\u00e8re\"}]},{\"@type\":\"WebSite\",\"@id\":\"https:\\\/\\\/aspenwildlifecontrol.com\\\/fr\\\/#website\",\"url\":\"https:\\\/\\\/aspenwildlifecontrol.com\\\/fr\\\/\",\"name\":\"Aspen Wildlife Control\",\"description\":\"Fast, humane wildlife removal in Ottawa-Gatineau \u2014 guaranteed results, 24\\\/7 service\",\"potentialAction\":[{\"@type\":\"SearchAction\",\"target\":{\"@type\":\"EntryPoint\",\"urlTemplate\":\"https:\\\/\\\/aspenwildlifecontrol.com\\\/fr\\\/?s={search_term_string}\"},\"query-input\":{\"@type\":\"PropertyValueSpecification\",\"valueRequired\":true,\"valueName\":\"search_term_string\"}}],\"inLanguage\":\"fr-FR\"}]}<\/script>\n<!-- \/ Yoast SEO Premium plugin. -->","yoast_head_json":{"title":"Alerte saisonni\u00e8re - Aspen Wildlife Control","description":"Plusieurs animaux ont une activit\u00e9 et une pr\u00e9sence accrues pendant les mois les plus chauds. Pr\u00e9parez-vous \u00e0 une infestation. Faites appel \u00e0 un professionnel.","robots":{"index":"index","follow":"follow","max-snippet":"max-snippet:-1","max-image-preview":"max-image-preview:large","max-video-preview":"max-video-preview:-1"},"canonical":"https:\/\/aspenwildlifecontrol.com\/fr\/alerte-saisonniere\/","og_locale":"fr_FR","og_type":"article","og_title":"Alerte saisonni\u00e8re","og_description":"Plusieurs animaux ont une activit\u00e9 et une pr\u00e9sence accrues pendant les mois les plus chauds. Pr\u00e9parez-vous \u00e0 une infestation. Faites appel \u00e0 un professionnel.","og_url":"https:\/\/aspenwildlifecontrol.com\/fr\/alerte-saisonniere\/","og_site_name":"Aspen Wildlife Control","article_modified_time":"2025-02-12T15:02:12+00:00","twitter_card":"summary_large_image","twitter_misc":{"Dur\u00e9e de lecture estim\u00e9e":"3 minutes"},"schema":{"@context":"https:\/\/schema.org","@graph":[{"@type":"WebPage","@id":"https:\/\/aspenwildlifecontrol.com\/fr\/alerte-saisonniere\/","url":"https:\/\/aspenwildlifecontrol.com\/fr\/alerte-saisonniere\/","name":"Alerte saisonni\u00e8re - Aspen Wildlife Control","isPartOf":{"@id":"https:\/\/aspenwildlifecontrol.com\/fr\/#website"},"datePublished":"2024-02-23T04:15:42+00:00","dateModified":"2025-02-12T15:02:12+00:00","description":"Plusieurs animaux ont une activit\u00e9 et une pr\u00e9sence accrues pendant les mois les plus chauds. Pr\u00e9parez-vous \u00e0 une infestation. Faites appel \u00e0 un professionnel.","breadcrumb":{"@id":"https:\/\/aspenwildlifecontrol.com\/fr\/alerte-saisonniere\/#breadcrumb"},"inLanguage":"fr-FR","potentialAction":[{"@type":"ReadAction","target":["https:\/\/aspenwildlifecontrol.com\/fr\/alerte-saisonniere\/"]}]},{"@type":"BreadcrumbList","@id":"https:\/\/aspenwildlifecontrol.com\/fr\/alerte-saisonniere\/#breadcrumb","itemListElement":[{"@type":"ListItem","position":1,"name":"Home","item":"https:\/\/aspenwildlifecontrol.com\/fr\/"},{"@type":"ListItem","position":2,"name":"Alerte saisonni\u00e8re"}]},{"@type":"WebSite","@id":"https:\/\/aspenwildlifecontrol.com\/fr\/#website","url":"https:\/\/aspenwildlifecontrol.com\/fr\/","name":"Aspen Wildlife Control","description":"Fast, humane wildlife removal in Ottawa-Gatineau \u2014 guaranteed results, 24\/7 service","potentialAction":[{"@type":"SearchAction","target":{"@type":"EntryPoint","urlTemplate":"https:\/\/aspenwildlifecontrol.com\/fr\/?s={search_term_string}"},"query-input":{"@type":"PropertyValueSpecification","valueRequired":true,"valueName":"search_term_string"}}],"inLanguage":"fr-FR"}]}},"_links":{"self":[{"href":"https:\/\/aspenwildlifecontrol.com\/fr\/wp-json\/wp\/v2\/pages\/1018","targetHints":{"allow":["GET"]}}],"collection":[{"href":"https:\/\/aspenwildlifecontrol.com\/fr\/wp-json\/wp\/v2\/pages"}],"about":[{"href":"https:\/\/aspenwildlifecontrol.com\/fr\/wp-json\/wp\/v2\/types\/page"}],"author":[{"embeddable":true,"href":"https:\/\/aspenwildlifecontrol.com\/fr\/wp-json\/wp\/v2\/users\/1"}],"replies":[{"embeddable":true,"href":"https:\/\/aspenwildlifecontrol.com\/fr\/wp-json\/wp\/v2\/comments?post=1018"}],"version-history":[{"count":3,"href":"https:\/\/aspenwildlifecontrol.com\/fr\/wp-json\/wp\/v2\/pages\/1018\/revisions"}],"predecessor-version":[{"id":3268,"href":"https:\/\/aspenwildlifecontrol.com\/fr\/wp-json\/wp\/v2\/pages\/1018\/revisions\/3268"}],"wp:attachment":[{"href":"https:\/\/aspenwildlifecontrol.com\/fr\/wp-json\/wp\/v2\/media?parent=1018"}],"curies":[{"name":"wp","href":"https:\/\/api.w.org\/{rel}","templated":true}]}}