{"id":1011,"date":"2023-07-24T17:52:47","date_gmt":"2023-07-24T21:52:47","guid":{"rendered":"https:\/\/aspenwildlifecontrol.com\/villes-desservies\/gatineau\/"},"modified":"2026-03-16T10:57:27","modified_gmt":"2026-03-16T14:57:27","slug":"gatineau","status":"publish","type":"page","link":"https:\/\/aspenwildlifecontrol.com\/fr\/villes-desservies\/gatineau\/","title":{"rendered":"Gatineau"},"content":{"rendered":"<h2>Besoin d\u2019un service de contr\u00f4le des animaux nuisibles \u00e0 Gatineau ?<\/h2>\n<p><span style=\"font-weight: 400;\">Les experts d\u2019Aspen Wildlife Control poss\u00e8dent l\u2019exp\u00e9rience n\u00e9cessaire pour vous aider \u00e0 cohabiter de fa\u00e7on s\u00e9curitaire avec la faune locale. Forte de plus de 25 ans d\u2019expertise en contr\u00f4le animalier, notre \u00e9quipe offre des services professionnels \u00e0 Gatineau et dans les secteurs environnants de la r\u00e9gion de la capitale nationale. Nous sommes sp\u00e9cialis\u00e9s dans des solutions humaines de contr\u00f4le des nuisibles pour les r\u00e9sidences et les commerces, afin que chacun puisse vivre en harmonie avec son environnement.<\/span><\/p>\n<h2>Entreprise de confiance pour le contr\u00f4le de la faune sauvage et des nuisibles \u00e0 Gatineau<\/h2>\n<p><span style=\"font-weight: 400;\">Vincent Leclerc consacre sa carri\u00e8re \u00e0 la protection de l\u2019environnement et \u00e0 la s\u00e9curit\u00e9 publique dans la r\u00e9gion de la capitale du Canada. Gr\u00e2ce \u00e0 son expertise approfondie en gestion de la faune sauvage et en lutte contre les nuisibles, il intervient pour contr\u00f4ler les esp\u00e8ces courantes susceptibles d\u2019endommager les propri\u00e9t\u00e9s ou de repr\u00e9senter un risque pour la population. Acteur engag\u00e9 dans les efforts de conservation, Vincent veille \u00e0 prot\u00e9ger les communaut\u00e9s tout en pr\u00e9servant les \u00e9cosyst\u00e8mes locaux pour les g\u00e9n\u00e9rations futures.<\/span><\/p>\n<h2>Services de retrait d\u2019animaux sauvages et de nuisibles \u00e0 Gatineau<\/h2>\n<p><span style=\"font-weight: 400;\">Notre entreprise propose des solutions professionnelles et humaines pour le retrait s\u00e9curitaire de diverses esp\u00e8ces animales \u00e0 Gatineau :<\/span><\/p>\n<ul>\n<li style=\"font-weight: 400;\" aria-level=\"1\"><a href=\"https:\/\/aspenwildlifecontrol.com\/fr\/prestations-de-service\/ratons-laveurs\/\"><span style=\"font-weight: 400;\">Ratons laveurs<\/span><\/a><\/li>\n<li style=\"font-weight: 400;\" aria-level=\"1\"><a href=\"https:\/\/aspenwildlifecontrol.com\/fr\/prestations-de-service\/ecureuils\/\"><span style=\"font-weight: 400;\">\u00c9cureuils<\/span><\/a><\/li>\n<li style=\"font-weight: 400;\" aria-level=\"1\"><a href=\"https:\/\/aspenwildlifecontrol.com\/fr\/prestations-de-service\/moufettes\/\"><span style=\"font-weight: 400;\">Moufettes<\/span><\/a><\/li>\n<li style=\"font-weight: 400;\" aria-level=\"1\"><a href=\"https:\/\/aspenwildlifecontrol.com\/fr\/prestations-de-service\/oiseaux\/\"><span style=\"font-weight: 400;\">Oiseaux<\/span><\/a><\/li>\n<li style=\"font-weight: 400;\" aria-level=\"1\"><a href=\"https:\/\/aspenwildlifecontrol.com\/fr\/prestations-de-service\/marmottes\/\"><span style=\"font-weight: 400;\">Marmottes<\/span><\/a><\/li>\n<li style=\"font-weight: 400;\" aria-level=\"1\"><a href=\"https:\/\/aspenwildlifecontrol.com\/fr\/prestations-de-service\/guepes\/\"><span style=\"font-weight: 400;\">Gu\u00eapes<\/span><\/a><\/li>\n<li style=\"font-weight: 400;\" aria-level=\"1\"><a href=\"https:\/\/aspenwildlifecontrol.com\/fr\/prestations-de-service\/chauve-souris\/\"><span style=\"font-weight: 400;\">Chauves-souris<\/span><\/a><\/li>\n<li style=\"font-weight: 400;\" aria-level=\"1\"><a href=\"https:\/\/aspenwildlifecontrol.com\/fr\/prestations-de-service\/souris\/\"><span style=\"font-weight: 400;\">Souris<\/span><\/a><\/li>\n<li style=\"font-weight: 400;\" aria-level=\"1\"><a href=\"https:\/\/aspenwildlifecontrol.com\/fr\/prestations-de-service\/rats\/\"><span style=\"font-weight: 400;\">Rats<\/span><\/a><\/li>\n<li style=\"font-weight: 400;\" aria-level=\"1\"><a href=\"https:\/\/aspenwildlifecontrol.com\/fr\/prestations-de-service\/souris-des-champs\/\"><span style=\"font-weight: 400;\">Campagnols<\/span><\/a><\/li>\n<\/ul>\n<h2>Notre processus de contr\u00f4le des animaux sauvages<\/h2>\n<p><span style=\"font-weight: 400;\">Notre m\u00e9thode d\u2019intervention est sp\u00e9cialement con\u00e7ue pour assurer une gestion efficace et respectueuse de toute infestation \u00e0 Gatineau.<\/span><\/p>\n<p>1. \u00c9valuer et intervenir<\/p>\n<p><span style=\"font-weight: 400;\">Toute intervention d\u00e9bute par un diagnostic pr\u00e9cis. Nos professionnels qualifi\u00e9s effectuent une inspection compl\u00e8te de votre r\u00e9sidence ou de votre propri\u00e9t\u00e9 afin d\u2019\u00e9valuer :<\/span><\/p>\n<ul>\n<li style=\"font-weight: 400;\" aria-level=\"1\"><span style=\"font-weight: 400;\">Quelle esp\u00e8ce est en cause ?<\/span><\/li>\n<li style=\"font-weight: 400;\" aria-level=\"1\"><span style=\"font-weight: 400;\">O\u00f9 et quand se situe le point d\u2019entr\u00e9e ?<\/span><\/li>\n<li style=\"font-weight: 400;\" aria-level=\"1\"><span style=\"font-weight: 400;\">Existe-t-il un point de retour potentiel ?<\/span><\/li>\n<li style=\"font-weight: 400;\" aria-level=\"1\"><span style=\"font-weight: 400;\">Quels sont les risques de dommages ou de contamination ?<\/span><\/li>\n<\/ul>\n<p><span style=\"font-weight: 400;\">Une fois l\u2019analyse compl\u00e9t\u00e9e, notre technicien vous pr\u00e9sente ses conclusions et \u00e9labore un plan d\u2019action adapt\u00e9 \u00e0 votre situation particuli\u00e8re, en tenant compte du comportement de l\u2019animal et des caract\u00e9ristiques de votre b\u00e2timent.<\/span><\/p>\n<p>2. Assainir et s\u00e9curiser<\/p>\n<p><span style=\"font-weight: 400;\">Lorsque la faune s\u2019installe en milieu urbain, il est essentiel de traiter les dommages caus\u00e9s lors de son intrusion. Notre \u00e9quipe exp\u00e9riment\u00e9e prend en charge l\u2019animal et intervient \u00e9galement pour nettoyer les zones contamin\u00e9es et r\u00e9parer les dommages li\u00e9s \u00e0 sa pr\u00e9sence \u2014 assurant ainsi la s\u00e9curit\u00e9 de votre habitation, tant pour ses occupants que pour l\u2019environnement.<\/span><\/p>\n<p><span style=\"font-weight: 400;\">Une isolation de grenier endommag\u00e9e ou d\u00e9plac\u00e9e peut entra\u00eener une hausse des co\u00fbts \u00e9nerg\u00e9tiques ainsi que des risques sanitaires li\u00e9s \u00e0 l\u2019accumulation d\u2019urine et d\u2019excr\u00e9ments. Prot\u00e9ger votre propri\u00e9t\u00e9 contre ces dangers est essentiel pour la sant\u00e9 de votre famille et la protection de votre investissement.<\/span><\/p>\n<h2>Pr\u00e9vention et protection \u00e0 long terme<\/h2>\n<p><span style=\"font-weight: 400;\">Une fois le probl\u00e8me imm\u00e9diat r\u00e9solu, nous mettons en place des mesures de pr\u00e9vention afin d\u2019emp\u00eacher le retour des nuisibles. Le scellement des points d\u2019acc\u00e8s, le renforcement des zones vuln\u00e9rables et les inspections de suivi font partie des actions d\u00e9ploy\u00e9es pour prot\u00e9ger votre propri\u00e9t\u00e9 \u00e0 Gatineau tout au long de l\u2019ann\u00e9e.<\/span><\/p>\n<h2>Service rapide et local \u00e0 Gatineau<\/h2>\n<p><span style=\"font-weight: 400;\">Lorsque vous faites face \u00e0 un probl\u00e8me li\u00e9 aux animaux sauvages, Aspen Wildlife Control est pr\u00eat \u00e0 intervenir. Notre \u00e9quipe locale dessert fi\u00e8rement Gatineau et les municipalit\u00e9s avoisinantes, ce qui nous permet d\u2019offrir une intervention rapide et une solution efficace. Avec notre expertise, une r\u00e9solution rapide est \u00e0 port\u00e9e de main.<\/span><\/p>\n<h2>Un animal nuisible vous cause des soucis \u00e0 Gatineau ?<\/h2>\n<p><span style=\"font-weight: 400;\">Nous sommes l\u00e0 pour vous aider.<\/span><\/p>\n<p><span style=\"font-weight: 400;\">Appelez-nous d\u00e8s aujourd\u2019hui au<\/span><a href=\"tel:+1819 968-0349\"> <b>819 968-0349<\/b><\/a><span style=\"font-weight: 400;\"> pour b\u00e9n\u00e9ficier de nos services professionnels de contr\u00f4le d\u2019animaux nuisibles.<\/span><\/p>\n","protected":false},"excerpt":{"rendered":"<p>Besoin d\u2019un service de contr\u00f4le des animaux nuisibles \u00e0 Gatineau ? Les experts d\u2019Aspen Wildlife Control poss\u00e8dent l\u2019exp\u00e9rience n\u00e9cessaire pour vous aider \u00e0 cohabiter de fa\u00e7on s\u00e9curitaire avec la faune locale. Forte de plus de 25 ans d\u2019expertise en contr\u00f4le animalier, notre \u00e9quipe offre des services professionnels \u00e0 Gatineau et dans les secteurs environnants de&hellip; <a class=\"more-link\" href=\"https:\/\/aspenwildlifecontrol.com\/fr\/villes-desservies\/gatineau\/\">Poursuivre la lecture <span class=\"screen-reader-text\">Gatineau<\/span><\/a><\/p>\n","protected":false},"author":1,"featured_media":0,"parent":971,"menu_order":0,"comment_status":"closed","ping_status":"closed","template":"","meta":{"_acf_changed":false,"footnotes":""},"class_list":["post-1011","page","type-page","status-publish","hentry","entry"],"acf":[],"yoast_head":"<!-- This site is optimized with the Yoast SEO Premium plugin v26.8 (Yoast SEO v27.4) - https:\/\/yoast.com\/product\/yoast-seo-premium-wordpress\/ -->\n<title>Gatineau | Aspen Wildlife Control | Capture de ratons laveurs<\/title>\n<meta name=\"description\" content=\"Gatineau: nos services de contr\u00f4le animalier desservent Gatineau-Ottawa et les environs. Solutions expertes pour une coexistence pacifique.\" \/>\n<meta name=\"robots\" content=\"index, follow, max-snippet:-1, max-image-preview:large, max-video-preview:-1\" \/>\n<link rel=\"canonical\" href=\"https:\/\/aspenwildlifecontrol.com\/fr\/villes-desservies\/gatineau\/\" \/>\n<meta property=\"og:locale\" content=\"fr_FR\" \/>\n<meta property=\"og:type\" content=\"article\" \/>\n<meta property=\"og:title\" content=\"Gatineau\" \/>\n<meta property=\"og:description\" content=\"Gatineau: nos services de contr\u00f4le animalier desservent Gatineau-Ottawa et les environs. Solutions expertes pour une coexistence pacifique.\" \/>\n<meta property=\"og:url\" content=\"https:\/\/aspenwildlifecontrol.com\/fr\/villes-desservies\/gatineau\/\" \/>\n<meta property=\"og:site_name\" content=\"Aspen Wildlife Control\" \/>\n<meta property=\"article:modified_time\" content=\"2026-03-16T14:57:27+00:00\" \/>\n<meta name=\"twitter:card\" content=\"summary_large_image\" \/>\n<meta name=\"twitter:label1\" content=\"Dur\u00e9e de lecture estim\u00e9e\" \/>\n\t<meta name=\"twitter:data1\" content=\"3 minutes\" \/>\n<script type=\"application\/ld+json\" class=\"yoast-schema-graph\">{\"@context\":\"https:\\\/\\\/schema.org\",\"@graph\":[{\"@type\":\"WebPage\",\"@id\":\"https:\\\/\\\/aspenwildlifecontrol.com\\\/fr\\\/villes-desservies\\\/gatineau\\\/\",\"url\":\"https:\\\/\\\/aspenwildlifecontrol.com\\\/fr\\\/villes-desservies\\\/gatineau\\\/\",\"name\":\"Gatineau | Aspen Wildlife Control | Capture de ratons laveurs\",\"isPartOf\":{\"@id\":\"https:\\\/\\\/aspenwildlifecontrol.com\\\/fr\\\/#website\"},\"datePublished\":\"2023-07-24T21:52:47+00:00\",\"dateModified\":\"2026-03-16T14:57:27+00:00\",\"description\":\"Gatineau: nos services de contr\u00f4le animalier desservent Gatineau-Ottawa et les environs. Solutions expertes pour une coexistence pacifique.\",\"breadcrumb\":{\"@id\":\"https:\\\/\\\/aspenwildlifecontrol.com\\\/fr\\\/villes-desservies\\\/gatineau\\\/#breadcrumb\"},\"inLanguage\":\"fr-FR\",\"potentialAction\":[{\"@type\":\"ReadAction\",\"target\":[\"https:\\\/\\\/aspenwildlifecontrol.com\\\/fr\\\/villes-desservies\\\/gatineau\\\/\"]}]},{\"@type\":\"BreadcrumbList\",\"@id\":\"https:\\\/\\\/aspenwildlifecontrol.com\\\/fr\\\/villes-desservies\\\/gatineau\\\/#breadcrumb\",\"itemListElement\":[{\"@type\":\"ListItem\",\"position\":1,\"name\":\"Home\",\"item\":\"https:\\\/\\\/aspenwildlifecontrol.com\\\/fr\\\/\"},{\"@type\":\"ListItem\",\"position\":2,\"name\":\"Villes desservies\",\"item\":\"https:\\\/\\\/aspenwildlifecontrol.com\\\/fr\\\/areas-of-services\\\/\"},{\"@type\":\"ListItem\",\"position\":3,\"name\":\"Gatineau\"}]},{\"@type\":\"WebSite\",\"@id\":\"https:\\\/\\\/aspenwildlifecontrol.com\\\/fr\\\/#website\",\"url\":\"https:\\\/\\\/aspenwildlifecontrol.com\\\/fr\\\/\",\"name\":\"Aspen Wildlife Control\",\"description\":\"Fast, humane wildlife removal in Ottawa-Gatineau \u2014 guaranteed results, 24\\\/7 service\",\"potentialAction\":[{\"@type\":\"SearchAction\",\"target\":{\"@type\":\"EntryPoint\",\"urlTemplate\":\"https:\\\/\\\/aspenwildlifecontrol.com\\\/fr\\\/?s={search_term_string}\"},\"query-input\":{\"@type\":\"PropertyValueSpecification\",\"valueRequired\":true,\"valueName\":\"search_term_string\"}}],\"inLanguage\":\"fr-FR\"}]}<\/script>\n<!-- \/ Yoast SEO Premium plugin. -->","yoast_head_json":{"title":"Gatineau | Aspen Wildlife Control | Capture de ratons laveurs","description":"Gatineau: nos services de contr\u00f4le animalier desservent Gatineau-Ottawa et les environs. Solutions expertes pour une coexistence pacifique.","robots":{"index":"index","follow":"follow","max-snippet":"max-snippet:-1","max-image-preview":"max-image-preview:large","max-video-preview":"max-video-preview:-1"},"canonical":"https:\/\/aspenwildlifecontrol.com\/fr\/villes-desservies\/gatineau\/","og_locale":"fr_FR","og_type":"article","og_title":"Gatineau","og_description":"Gatineau: nos services de contr\u00f4le animalier desservent Gatineau-Ottawa et les environs. Solutions expertes pour une coexistence pacifique.","og_url":"https:\/\/aspenwildlifecontrol.com\/fr\/villes-desservies\/gatineau\/","og_site_name":"Aspen Wildlife Control","article_modified_time":"2026-03-16T14:57:27+00:00","twitter_card":"summary_large_image","twitter_misc":{"Dur\u00e9e de lecture estim\u00e9e":"3 minutes"},"schema":{"@context":"https:\/\/schema.org","@graph":[{"@type":"WebPage","@id":"https:\/\/aspenwildlifecontrol.com\/fr\/villes-desservies\/gatineau\/","url":"https:\/\/aspenwildlifecontrol.com\/fr\/villes-desservies\/gatineau\/","name":"Gatineau | Aspen Wildlife Control | Capture de ratons laveurs","isPartOf":{"@id":"https:\/\/aspenwildlifecontrol.com\/fr\/#website"},"datePublished":"2023-07-24T21:52:47+00:00","dateModified":"2026-03-16T14:57:27+00:00","description":"Gatineau: nos services de contr\u00f4le animalier desservent Gatineau-Ottawa et les environs. Solutions expertes pour une coexistence pacifique.","breadcrumb":{"@id":"https:\/\/aspenwildlifecontrol.com\/fr\/villes-desservies\/gatineau\/#breadcrumb"},"inLanguage":"fr-FR","potentialAction":[{"@type":"ReadAction","target":["https:\/\/aspenwildlifecontrol.com\/fr\/villes-desservies\/gatineau\/"]}]},{"@type":"BreadcrumbList","@id":"https:\/\/aspenwildlifecontrol.com\/fr\/villes-desservies\/gatineau\/#breadcrumb","itemListElement":[{"@type":"ListItem","position":1,"name":"Home","item":"https:\/\/aspenwildlifecontrol.com\/fr\/"},{"@type":"ListItem","position":2,"name":"Villes desservies","item":"https:\/\/aspenwildlifecontrol.com\/fr\/areas-of-services\/"},{"@type":"ListItem","position":3,"name":"Gatineau"}]},{"@type":"WebSite","@id":"https:\/\/aspenwildlifecontrol.com\/fr\/#website","url":"https:\/\/aspenwildlifecontrol.com\/fr\/","name":"Aspen Wildlife Control","description":"Fast, humane wildlife removal in Ottawa-Gatineau \u2014 guaranteed results, 24\/7 service","potentialAction":[{"@type":"SearchAction","target":{"@type":"EntryPoint","urlTemplate":"https:\/\/aspenwildlifecontrol.com\/fr\/?s={search_term_string}"},"query-input":{"@type":"PropertyValueSpecification","valueRequired":true,"valueName":"search_term_string"}}],"inLanguage":"fr-FR"}]}},"_links":{"self":[{"href":"https:\/\/aspenwildlifecontrol.com\/fr\/wp-json\/wp\/v2\/pages\/1011","targetHints":{"allow":["GET"]}}],"collection":[{"href":"https:\/\/aspenwildlifecontrol.com\/fr\/wp-json\/wp\/v2\/pages"}],"about":[{"href":"https:\/\/aspenwildlifecontrol.com\/fr\/wp-json\/wp\/v2\/types\/page"}],"author":[{"embeddable":true,"href":"https:\/\/aspenwildlifecontrol.com\/fr\/wp-json\/wp\/v2\/users\/1"}],"replies":[{"embeddable":true,"href":"https:\/\/aspenwildlifecontrol.com\/fr\/wp-json\/wp\/v2\/comments?post=1011"}],"version-history":[{"count":11,"href":"https:\/\/aspenwildlifecontrol.com\/fr\/wp-json\/wp\/v2\/pages\/1011\/revisions"}],"predecessor-version":[{"id":4675,"href":"https:\/\/aspenwildlifecontrol.com\/fr\/wp-json\/wp\/v2\/pages\/1011\/revisions\/4675"}],"up":[{"embeddable":true,"href":"https:\/\/aspenwildlifecontrol.com\/fr\/wp-json\/wp\/v2\/pages\/971"}],"wp:attachment":[{"href":"https:\/\/aspenwildlifecontrol.com\/fr\/wp-json\/wp\/v2\/media?parent=1011"}],"curies":[{"name":"wp","href":"https:\/\/api.w.org\/{rel}","templated":true}]}}