{"id":1008,"date":"2023-02-28T20:40:42","date_gmt":"2023-03-01T01:40:42","guid":{"rendered":"https:\/\/aspenwildlifecontrol.com\/prestations-de-service\/guepes\/pourquoi-les-guepes-entrent-elles-dans-ma-maison\/"},"modified":"2025-02-11T09:04:32","modified_gmt":"2025-02-11T14:04:32","slug":"pourquoi-les-guepes-entrent-elles-dans-ma-maison","status":"publish","type":"page","link":"https:\/\/aspenwildlifecontrol.com\/fr\/prestations-de-service\/guepes\/pourquoi-les-guepes-entrent-elles-dans-ma-maison\/","title":{"rendered":"Pourquoi les gu\u00eapes entrent-elles dans ma maison ?"},"content":{"rendered":"<p><span style=\"font-weight: 400;\">Les gu\u00eapes adorent se r\u00e9galer de friandises sucr\u00e9es et de tout ce qui d\u00e9gage un ar\u00f4me piquant. Les aspirantes reines gu\u00eapes recherchent souvent des endroits abrit\u00e9s, comme des couloirs sombres, des branches d&rsquo;arbres ou des arbustes feuillus, pour y construire leur demeure. <\/span><\/p>\n<h5><strong>Quoi faire pour \u00e9viter que des gu\u00eapes s\u2019installent chez moi?<\/strong><\/h5>\n<p><span style=\"font-weight: 400;\">Profitez du grand air et assurez-vous de garder votre nourriture \u00e0 l&rsquo;abri de tout visiteur ind\u00e9sirable ! Veillez \u00e0 ne pas cr\u00e9er de d\u00e9sordre pendant que vous mangez afin d&rsquo;\u00e9viter que les gu\u00eapes ne viennent chercher des friandises. Procurez-vous une bo\u00eete herm\u00e9tique ou une poubelle si n\u00e9cessaire, surtout si vous la laissez dehors. Ainsi, vous vous assurez un environnement propre \u00e0 chaque fois &#8211; plus de miettes sur votre terrasse.<\/span><\/p>\n<h5><strong>Les gu\u00eapes peuvent-elles causer des dommages?<\/strong><\/h5>\n<p><span style=\"font-weight: 400;\">Les gu\u00eapes peuvent \u00eatre incroyablement mena\u00e7antes pour les humains, car elles d\u00e9fendent farouchement leur nid \u00e0 tout prix. Lorsqu&rsquo;elles sont provoqu\u00e9es, ces cr\u00e9atures n&rsquo;h\u00e9sitent pas \u00e0 lancer une attaque &#8211; la piq\u00fbre de l&rsquo;une d&rsquo;entre elles est particuli\u00e8rement dangereuse pour les personnes allergiques, car elle peut s&rsquo;av\u00e9rer fatale ! Plus inqui\u00e9tant encore, les gu\u00eapes ont la capacit\u00e9 de piquer plusieurs fois, contrairement aux abeilles qui ne peuvent le faire qu&rsquo;une seule fois.<\/span><\/p>\n<h5><strong>Oh non! Un nid de gu\u00eapes se trouve sur ma propri\u00e9t\u00e9!<\/strong><\/h5>\n<div class=\"et_pb_module et_pb_text et_pb_text_6 et_pb_text_align_left et_pb_bg_layout_light et_had_animation\">\n<div class=\"et_pb_text_inner\">\n<p><span style=\"font-weight: 400;\">Laissez les gu\u00eapes dormir. \u00c0 l&rsquo;automne, le nid et ses habitants se sont \u00e9teints paisiblement, ce qui fait de cette arri\u00e8re-saison un moment s\u00fbr pour retirer les nids ind\u00e9sirables sans crainte de se faire piquer.<\/span><\/p>\n<p><span style=\"font-weight: 400;\">Si vous vous trouvez dans la situation malheureuse de devoir faire face \u00e0 un nid de gu\u00eapes ind\u00e9sirable, n&rsquo;ayez crainte ! Apr\u00e8s avoir rev\u00eatu des v\u00eatements de protection et vous \u00eatre arm\u00e9 d&rsquo;un filet de s\u00e9curit\u00e9, il est temps d&rsquo;agir. Assurez-vous d&rsquo;attendre le coucher du soleil, lorsque l&rsquo;activit\u00e9 a ralenti, avant de tenter de l&rsquo;enlever ; \u00e0 l&rsquo;aide d&rsquo;un sac ou d&rsquo;un r\u00e9cipient, couvrez et coupez soigneusement la tige \u00e0 laquelle il est suspendu avant de le placer dans votre cong\u00e9lateur pendant la nuit &#8211; au moins 48 heures devraient suffire \u00e0 le d\u00e9barrasser une fois pour toutes.<\/span><\/p>\n<p><span style=\"font-weight: 400;\">Vous \u00eates aux prises avec un nid inaccessible sur votre propri\u00e9t\u00e9 ? N&rsquo;y allez pas seul &#8211; contactez-nous et laissez les professionnels s&rsquo;en occuper. Contactez-nous d\u00e8s aujourd&rsquo;hui pour une \u00e9limination s\u00fbre et sans tracas.<\/span><\/p>\n<\/div>\n<\/div>\n","protected":false},"excerpt":{"rendered":"<p>Les gu\u00eapes adorent se r\u00e9galer de friandises sucr\u00e9es et de tout ce qui d\u00e9gage un ar\u00f4me piquant. Les aspirantes reines gu\u00eapes recherchent souvent des endroits abrit\u00e9s, comme des couloirs sombres, des branches d&rsquo;arbres ou des arbustes feuillus, pour y construire leur demeure. Quoi faire pour \u00e9viter que des gu\u00eapes s\u2019installent chez moi? Profitez du grand&hellip; <a class=\"more-link\" href=\"https:\/\/aspenwildlifecontrol.com\/fr\/prestations-de-service\/guepes\/pourquoi-les-guepes-entrent-elles-dans-ma-maison\/\">Poursuivre la lecture <span class=\"screen-reader-text\">Pourquoi les gu\u00eapes entrent-elles dans ma maison ?<\/span><\/a><\/p>\n","protected":false},"author":1,"featured_media":0,"parent":2945,"menu_order":0,"comment_status":"closed","ping_status":"closed","template":"","meta":{"_acf_changed":false,"footnotes":""},"class_list":["post-1008","page","type-page","status-publish","hentry","entry"],"acf":{"content":null,"cta_custom":"<h5>Vous avez un probl\u00e8me d'abeilles?<\/h5>\r\nVous avez besoin de services d'enl\u00e8vement de abeilles \u00e0 Ottawa-Gatineau ?\u00a0 <a href=\"https:\/\/aspenwildlifecontrol.com\/fr\/contact\/\">Contactez-nous<\/a>","schema":""},"yoast_head":"<!-- This site is optimized with the Yoast SEO Premium plugin v26.8 (Yoast SEO v27.5) - https:\/\/yoast.com\/product\/yoast-seo-premium-wordpress\/ -->\n<title>Pourquoi les gu\u00eapes entrent-elles dans ma maison | Aspen<\/title>\n<meta name=\"description\" content=\"D\u00e9couvrez les raisons de la pr\u00e9sence des gu\u00eapes avec Aspen Wildlife Control \u00e0 Gatineau-Ottawa. Solutions de pr\u00e9vention expertes.\" \/>\n<meta name=\"robots\" content=\"index, follow, max-snippet:-1, max-image-preview:large, max-video-preview:-1\" \/>\n<link rel=\"canonical\" href=\"https:\/\/aspenwildlifecontrol.com\/fr\/prestations-de-service\/guepes\/pourquoi-les-guepes-entrent-elles-dans-ma-maison\/\" \/>\n<meta property=\"og:locale\" content=\"fr_FR\" \/>\n<meta property=\"og:type\" content=\"article\" \/>\n<meta property=\"og:title\" content=\"Pourquoi les gu\u00eapes entrent-elles dans ma maison ?\" \/>\n<meta property=\"og:description\" content=\"D\u00e9couvrez les raisons de la pr\u00e9sence des gu\u00eapes avec Aspen Wildlife Control \u00e0 Gatineau-Ottawa. Solutions de pr\u00e9vention expertes.\" \/>\n<meta property=\"og:url\" content=\"https:\/\/aspenwildlifecontrol.com\/fr\/prestations-de-service\/guepes\/pourquoi-les-guepes-entrent-elles-dans-ma-maison\/\" \/>\n<meta property=\"og:site_name\" content=\"Aspen Wildlife Control\" \/>\n<meta property=\"article:modified_time\" content=\"2025-02-11T14:04:32+00:00\" \/>\n<meta name=\"twitter:card\" content=\"summary_large_image\" \/>\n<meta name=\"twitter:label1\" content=\"Dur\u00e9e de lecture estim\u00e9e\" \/>\n\t<meta name=\"twitter:data1\" content=\"2 minutes\" \/>\n<script type=\"application\/ld+json\" class=\"yoast-schema-graph\">{\"@context\":\"https:\\\/\\\/schema.org\",\"@graph\":[{\"@type\":\"WebPage\",\"@id\":\"https:\\\/\\\/aspenwildlifecontrol.com\\\/fr\\\/prestations-de-service\\\/guepes\\\/pourquoi-les-guepes-entrent-elles-dans-ma-maison\\\/\",\"url\":\"https:\\\/\\\/aspenwildlifecontrol.com\\\/fr\\\/prestations-de-service\\\/guepes\\\/pourquoi-les-guepes-entrent-elles-dans-ma-maison\\\/\",\"name\":\"Pourquoi les gu\u00eapes entrent-elles dans ma maison | Aspen\",\"isPartOf\":{\"@id\":\"https:\\\/\\\/aspenwildlifecontrol.com\\\/fr\\\/#website\"},\"datePublished\":\"2023-03-01T01:40:42+00:00\",\"dateModified\":\"2025-02-11T14:04:32+00:00\",\"description\":\"D\u00e9couvrez les raisons de la pr\u00e9sence des gu\u00eapes avec Aspen Wildlife Control \u00e0 Gatineau-Ottawa. Solutions de pr\u00e9vention expertes.\",\"breadcrumb\":{\"@id\":\"https:\\\/\\\/aspenwildlifecontrol.com\\\/fr\\\/prestations-de-service\\\/guepes\\\/pourquoi-les-guepes-entrent-elles-dans-ma-maison\\\/#breadcrumb\"},\"inLanguage\":\"fr-FR\",\"potentialAction\":[{\"@type\":\"ReadAction\",\"target\":[\"https:\\\/\\\/aspenwildlifecontrol.com\\\/fr\\\/prestations-de-service\\\/guepes\\\/pourquoi-les-guepes-entrent-elles-dans-ma-maison\\\/\"]}]},{\"@type\":\"BreadcrumbList\",\"@id\":\"https:\\\/\\\/aspenwildlifecontrol.com\\\/fr\\\/prestations-de-service\\\/guepes\\\/pourquoi-les-guepes-entrent-elles-dans-ma-maison\\\/#breadcrumb\",\"itemListElement\":[{\"@type\":\"ListItem\",\"position\":1,\"name\":\"Home\",\"item\":\"https:\\\/\\\/aspenwildlifecontrol.com\\\/fr\\\/\"},{\"@type\":\"ListItem\",\"position\":2,\"name\":\"Service control animal\",\"item\":\"https:\\\/\\\/aspenwildlifecontrol.com\\\/fr\\\/prestations-de-service\\\/\"},{\"@type\":\"ListItem\",\"position\":3,\"name\":\"Gu\u00eapes\",\"item\":\"https:\\\/\\\/aspenwildlifecontrol.com\\\/fr\\\/prestations-de-service\\\/guepes\\\/\"},{\"@type\":\"ListItem\",\"position\":4,\"name\":\"Pourquoi les gu\u00eapes entrent-elles dans ma maison ?\"}]},{\"@type\":\"WebSite\",\"@id\":\"https:\\\/\\\/aspenwildlifecontrol.com\\\/fr\\\/#website\",\"url\":\"https:\\\/\\\/aspenwildlifecontrol.com\\\/fr\\\/\",\"name\":\"Aspen Wildlife Control\",\"description\":\"Fast, humane wildlife removal in Ottawa-Gatineau \u2014 guaranteed results, 24\\\/7 service\",\"potentialAction\":[{\"@type\":\"SearchAction\",\"target\":{\"@type\":\"EntryPoint\",\"urlTemplate\":\"https:\\\/\\\/aspenwildlifecontrol.com\\\/fr\\\/?s={search_term_string}\"},\"query-input\":{\"@type\":\"PropertyValueSpecification\",\"valueRequired\":true,\"valueName\":\"search_term_string\"}}],\"inLanguage\":\"fr-FR\"}]}<\/script>\n<!-- \/ Yoast SEO Premium plugin. -->","yoast_head_json":{"title":"Pourquoi les gu\u00eapes entrent-elles dans ma maison | Aspen","description":"D\u00e9couvrez les raisons de la pr\u00e9sence des gu\u00eapes avec Aspen Wildlife Control \u00e0 Gatineau-Ottawa. Solutions de pr\u00e9vention expertes.","robots":{"index":"index","follow":"follow","max-snippet":"max-snippet:-1","max-image-preview":"max-image-preview:large","max-video-preview":"max-video-preview:-1"},"canonical":"https:\/\/aspenwildlifecontrol.com\/fr\/prestations-de-service\/guepes\/pourquoi-les-guepes-entrent-elles-dans-ma-maison\/","og_locale":"fr_FR","og_type":"article","og_title":"Pourquoi les gu\u00eapes entrent-elles dans ma maison ?","og_description":"D\u00e9couvrez les raisons de la pr\u00e9sence des gu\u00eapes avec Aspen Wildlife Control \u00e0 Gatineau-Ottawa. Solutions de pr\u00e9vention expertes.","og_url":"https:\/\/aspenwildlifecontrol.com\/fr\/prestations-de-service\/guepes\/pourquoi-les-guepes-entrent-elles-dans-ma-maison\/","og_site_name":"Aspen Wildlife Control","article_modified_time":"2025-02-11T14:04:32+00:00","twitter_card":"summary_large_image","twitter_misc":{"Dur\u00e9e de lecture estim\u00e9e":"2 minutes"},"schema":{"@context":"https:\/\/schema.org","@graph":[{"@type":"WebPage","@id":"https:\/\/aspenwildlifecontrol.com\/fr\/prestations-de-service\/guepes\/pourquoi-les-guepes-entrent-elles-dans-ma-maison\/","url":"https:\/\/aspenwildlifecontrol.com\/fr\/prestations-de-service\/guepes\/pourquoi-les-guepes-entrent-elles-dans-ma-maison\/","name":"Pourquoi les gu\u00eapes entrent-elles dans ma maison | Aspen","isPartOf":{"@id":"https:\/\/aspenwildlifecontrol.com\/fr\/#website"},"datePublished":"2023-03-01T01:40:42+00:00","dateModified":"2025-02-11T14:04:32+00:00","description":"D\u00e9couvrez les raisons de la pr\u00e9sence des gu\u00eapes avec Aspen Wildlife Control \u00e0 Gatineau-Ottawa. Solutions de pr\u00e9vention expertes.","breadcrumb":{"@id":"https:\/\/aspenwildlifecontrol.com\/fr\/prestations-de-service\/guepes\/pourquoi-les-guepes-entrent-elles-dans-ma-maison\/#breadcrumb"},"inLanguage":"fr-FR","potentialAction":[{"@type":"ReadAction","target":["https:\/\/aspenwildlifecontrol.com\/fr\/prestations-de-service\/guepes\/pourquoi-les-guepes-entrent-elles-dans-ma-maison\/"]}]},{"@type":"BreadcrumbList","@id":"https:\/\/aspenwildlifecontrol.com\/fr\/prestations-de-service\/guepes\/pourquoi-les-guepes-entrent-elles-dans-ma-maison\/#breadcrumb","itemListElement":[{"@type":"ListItem","position":1,"name":"Home","item":"https:\/\/aspenwildlifecontrol.com\/fr\/"},{"@type":"ListItem","position":2,"name":"Service control animal","item":"https:\/\/aspenwildlifecontrol.com\/fr\/prestations-de-service\/"},{"@type":"ListItem","position":3,"name":"Gu\u00eapes","item":"https:\/\/aspenwildlifecontrol.com\/fr\/prestations-de-service\/guepes\/"},{"@type":"ListItem","position":4,"name":"Pourquoi les gu\u00eapes entrent-elles dans ma maison ?"}]},{"@type":"WebSite","@id":"https:\/\/aspenwildlifecontrol.com\/fr\/#website","url":"https:\/\/aspenwildlifecontrol.com\/fr\/","name":"Aspen Wildlife Control","description":"Fast, humane wildlife removal in Ottawa-Gatineau \u2014 guaranteed results, 24\/7 service","potentialAction":[{"@type":"SearchAction","target":{"@type":"EntryPoint","urlTemplate":"https:\/\/aspenwildlifecontrol.com\/fr\/?s={search_term_string}"},"query-input":{"@type":"PropertyValueSpecification","valueRequired":true,"valueName":"search_term_string"}}],"inLanguage":"fr-FR"}]}},"_links":{"self":[{"href":"https:\/\/aspenwildlifecontrol.com\/fr\/wp-json\/wp\/v2\/pages\/1008","targetHints":{"allow":["GET"]}}],"collection":[{"href":"https:\/\/aspenwildlifecontrol.com\/fr\/wp-json\/wp\/v2\/pages"}],"about":[{"href":"https:\/\/aspenwildlifecontrol.com\/fr\/wp-json\/wp\/v2\/types\/page"}],"author":[{"embeddable":true,"href":"https:\/\/aspenwildlifecontrol.com\/fr\/wp-json\/wp\/v2\/users\/1"}],"replies":[{"embeddable":true,"href":"https:\/\/aspenwildlifecontrol.com\/fr\/wp-json\/wp\/v2\/comments?post=1008"}],"version-history":[{"count":3,"href":"https:\/\/aspenwildlifecontrol.com\/fr\/wp-json\/wp\/v2\/pages\/1008\/revisions"}],"predecessor-version":[{"id":3019,"href":"https:\/\/aspenwildlifecontrol.com\/fr\/wp-json\/wp\/v2\/pages\/1008\/revisions\/3019"}],"up":[{"embeddable":true,"href":"https:\/\/aspenwildlifecontrol.com\/fr\/wp-json\/wp\/v2\/pages\/2945"}],"wp:attachment":[{"href":"https:\/\/aspenwildlifecontrol.com\/fr\/wp-json\/wp\/v2\/media?parent=1008"}],"curies":[{"name":"wp","href":"https:\/\/api.w.org\/{rel}","templated":true}]}}