{"id":1007,"date":"2023-02-28T20:35:33","date_gmt":"2023-03-01T01:35:33","guid":{"rendered":"https:\/\/aspenwildlifecontrol.com\/prestations-de-service\/guepes\/faits-concernant-les-guepes\/"},"modified":"2025-02-11T09:04:05","modified_gmt":"2025-02-11T14:04:05","slug":"faits-concernant-les-guepes","status":"publish","type":"page","link":"https:\/\/aspenwildlifecontrol.com\/fr\/prestations-de-service\/guepes\/faits-concernant-les-guepes\/","title":{"rendered":"Faits concernant les gu\u00eapes"},"content":{"rendered":"<div class=\"et_pb_module et_pb_text et_pb_text_0 et_pb_text_align_left et_pb_bg_layout_light et_had_animation\">\n<div class=\"et_pb_text_inner\">\n<p><b>Classe<\/b><span style=\"font-weight: 400;\"> Insecta<\/span><\/p>\n<p><b>Familly:<\/b><span style=\"font-weight: 400;\"> Vespidae<\/span><\/p>\n<p><b>Ordre<\/b><span style=\"font-weight: 400;\"> Hym\u00e9nopt\u00e8re<\/span><\/p>\n<p><b>Dur\u00e9e de vie :\u00a0<\/b><\/p>\n<p><span style=\"font-weight: 400;\">Reine : 1 an<\/span><\/p>\n<p><span style=\"font-weight: 400;\">M\u00e2le reproducteur : quelques jours<\/span><\/p>\n<p><span style=\"font-weight: 400;\">Femelles ouvri\u00e8res : 22 jours<\/span><\/p>\n<\/div>\n<\/div>\n<h5><strong>Reproduction<\/strong><\/h5>\n<p><span style=\"font-weight: 400;\">Le printemps est une p\u00e9riode d&rsquo;amour et de mort pour les colonies d&rsquo;insectes. Lorsque les m\u00e2les et les femelles s&rsquo;accouplent, les m\u00e2les sont destin\u00e9s \u00e0 p\u00e9rir peu apr\u00e8s &#8211; laissant derri\u00e8re eux une seule femelle reproductrice qui pondra tous les \u0153ufs n\u00e9cessaires \u00e0 la cr\u00e9ation de sa colonie.<\/span><\/p>\n<h5><strong>R\u00e9gime alimentaire<\/strong><\/h5>\n<div class=\"et_pb_module et_pb_text et_pb_text_4 et_pb_text_align_left et_pb_bg_layout_light et_had_animation\">\n<div class=\"et_pb_text_inner\">\n<p><span style=\"font-weight: 400;\">Les gu\u00eapes sociales sont des pr\u00e9dateurs qui fournissent une grande quantit\u00e9 de nourriture \u00e0 leurs larves en pleine croissance. La laborieuse gu\u00eape chasseuse passera ses journ\u00e9es \u00e0 chasser de petits insectes pour nourrir la g\u00e9n\u00e9ration suivante, tandis que les adultes s&rsquo;int\u00e9ressent davantage aux friandises riches en glucides.<\/span><\/p>\n<ul>\n<li style=\"font-weight: 400;\" aria-level=\"1\"><span style=\"font-weight: 400;\">Sucre<\/span><\/li>\n<li style=\"font-weight: 400;\" aria-level=\"1\"><span style=\"font-weight: 400;\">Fruits en d\u00e9composition<\/span><\/li>\n<li style=\"font-weight: 400;\" aria-level=\"1\"><span style=\"font-weight: 400;\">Miel<\/span><\/li>\n<li style=\"font-weight: 400;\" aria-level=\"1\"><span style=\"font-weight: 400;\">Autres insectes<\/span><\/li>\n<\/ul>\n<\/div>\n<\/div>\n<h5><strong>Habitat<\/strong><\/h5>\n<p><span style=\"font-weight: 400;\">Une foule de gu\u00eapes peut devenir le pire ennemi d&rsquo;un propri\u00e9taire, en utilisant du papier et de la boue pour construire des nids autour de la maison &#8211; un spectacle importun qui n&rsquo;est pas seulement inesth\u00e9tique mais potentiellement dangereux.<\/span><\/p>\n<h5><strong>Pourquoi les gu\u00eapes tournent-elles autour de la viande?<\/strong><\/h5>\n<p><span style=\"font-weight: 400;\">Les gu\u00eapes adultes fournissent une forme unique de nourriture \u00e0 leurs petits : de la viande ! Dans la nature, on peut les voir chasser de petits insectes qui serviront ensuite de nourriture \u00e0 leurs larves.<\/span><\/p>\n<h5><strong>Est-ce que les gu\u00eapes produisent du miel?<\/strong><\/h5>\n<p><span style=\"font-weight: 400;\">Contrairement \u00e0 la croyance populaire, de nombreuses esp\u00e8ces de gu\u00eapes ne sont pas responsables de la production du miel sucr\u00e9 que nous appr\u00e9cions souvent &#8211; seulement quelques chanceux.<\/span><\/p>\n<h5><strong>Est-ce que toutes les gu\u00eapes vivent en colonie?<\/strong><\/h5>\n<p><span style=\"font-weight: 400;\">Les gu\u00eapes sont de toutes formes et de toutes tailles, avec deux sous-familles distinctes : les gu\u00eapes solitaires qui pr\u00e9f\u00e8rent faire cavalier seul, et les gu\u00eapes sociales qui forment de vastes colonies.<\/span><\/p>\n<h5><strong>Est-ce que les gu\u00eapes meurent en hiver?<\/strong><\/h5>\n<p><span style=\"font-weight: 400;\">Chaque \u00e9t\u00e9, le destin de milliers de personnes est en jeu. Apr\u00e8s des mois de dur labeur pour construire leurs colonies et s&rsquo;assurer des provisions pour l&rsquo;hiver, la plupart seront perdus \u00e0 l&rsquo;automne &#8211; seuls quelques individus chanceux capables de porter les g\u00e9n\u00e9rations futures s&rsquo;en sortent indemnes. Au printemps, cependant, ces survivants sp\u00e9ciaux retrouveront la foi dans le cycle de la vie en recommen\u00e7ant avec une vigueur renouvel\u00e9e.<\/span><\/p>\n<h5><strong>Est-ce que les gu\u00eapes piquent?<\/strong><\/h5>\n<p><span style=\"font-weight: 400;\">Les gu\u00eapes ne sont certainement pas les habitants les plus populaires de nos jardins, mais elles peuvent \u00eatre utiles pour prot\u00e9ger d&rsquo;autres esp\u00e8ces. Malheureusement, leur piq\u00fbre est un risque que beaucoup essaient d&rsquo;\u00e9viter &#8211; surtout s&rsquo;ils sont allergiques ! Une r\u00e9action grave peut s&rsquo;av\u00e9rer fatale, il est donc important de consulter imm\u00e9diatement un m\u00e9decin en cas de signes tels qu&rsquo;un gonflement ou des \u00e9tourdissements. Pour un soulagement imm\u00e9diat de la douleur caus\u00e9e par les piq\u00fbres, l&rsquo;application de glace peut aider \u00e0 att\u00e9nuer votre inconfort.<\/span><\/p>\n","protected":false},"excerpt":{"rendered":"<p>Classe Insecta Familly: Vespidae Ordre Hym\u00e9nopt\u00e8re Dur\u00e9e de vie :\u00a0 Reine : 1 an M\u00e2le reproducteur : quelques jours Femelles ouvri\u00e8res : 22 jours Reproduction Le printemps est une p\u00e9riode d&rsquo;amour et de mort pour les colonies d&rsquo;insectes. Lorsque les m\u00e2les et les femelles s&rsquo;accouplent, les m\u00e2les sont destin\u00e9s \u00e0 p\u00e9rir peu apr\u00e8s &#8211; laissant&hellip; <a class=\"more-link\" href=\"https:\/\/aspenwildlifecontrol.com\/fr\/prestations-de-service\/guepes\/faits-concernant-les-guepes\/\">Poursuivre la lecture <span class=\"screen-reader-text\">Faits concernant les gu\u00eapes<\/span><\/a><\/p>\n","protected":false},"author":1,"featured_media":0,"parent":2945,"menu_order":0,"comment_status":"closed","ping_status":"closed","template":"","meta":{"_acf_changed":false,"footnotes":""},"class_list":["post-1007","page","type-page","status-publish","hentry","entry"],"acf":[],"yoast_head":"<!-- This site is optimized with the Yoast SEO Premium plugin v26.8 (Yoast SEO v27.4) - https:\/\/yoast.com\/product\/yoast-seo-premium-wordpress\/ -->\n<title>Faits concernant les gu\u00eapes | Aspen Wildlife Control \u00e0 Gatineau<\/title>\n<meta name=\"description\" content=\"Explorez les faits sur les gu\u00eapes avec Aspen Wildlife Control \u00e0 Gatineau-Ottawa. Expertise sur ces insectes piqueurs.\" \/>\n<meta name=\"robots\" content=\"index, follow, max-snippet:-1, max-image-preview:large, max-video-preview:-1\" \/>\n<link rel=\"canonical\" href=\"https:\/\/aspenwildlifecontrol.com\/fr\/prestations-de-service\/guepes\/faits-concernant-les-guepes\/\" \/>\n<meta property=\"og:locale\" content=\"fr_FR\" \/>\n<meta property=\"og:type\" content=\"article\" \/>\n<meta property=\"og:title\" content=\"Faits concernant les gu\u00eapes\" \/>\n<meta property=\"og:description\" content=\"Explorez les faits sur les gu\u00eapes avec Aspen Wildlife Control \u00e0 Gatineau-Ottawa. Expertise sur ces insectes piqueurs.\" \/>\n<meta property=\"og:url\" content=\"https:\/\/aspenwildlifecontrol.com\/fr\/prestations-de-service\/guepes\/faits-concernant-les-guepes\/\" \/>\n<meta property=\"og:site_name\" content=\"Aspen Wildlife Control\" \/>\n<meta property=\"article:modified_time\" content=\"2025-02-11T14:04:05+00:00\" \/>\n<meta name=\"twitter:card\" content=\"summary_large_image\" \/>\n<meta name=\"twitter:label1\" content=\"Dur\u00e9e de lecture estim\u00e9e\" \/>\n\t<meta name=\"twitter:data1\" content=\"2 minutes\" \/>\n<script type=\"application\/ld+json\" class=\"yoast-schema-graph\">{\"@context\":\"https:\\\/\\\/schema.org\",\"@graph\":[{\"@type\":\"WebPage\",\"@id\":\"https:\\\/\\\/aspenwildlifecontrol.com\\\/fr\\\/prestations-de-service\\\/guepes\\\/faits-concernant-les-guepes\\\/\",\"url\":\"https:\\\/\\\/aspenwildlifecontrol.com\\\/fr\\\/prestations-de-service\\\/guepes\\\/faits-concernant-les-guepes\\\/\",\"name\":\"Faits concernant les gu\u00eapes | Aspen Wildlife Control \u00e0 Gatineau\",\"isPartOf\":{\"@id\":\"https:\\\/\\\/aspenwildlifecontrol.com\\\/fr\\\/#website\"},\"datePublished\":\"2023-03-01T01:35:33+00:00\",\"dateModified\":\"2025-02-11T14:04:05+00:00\",\"description\":\"Explorez les faits sur les gu\u00eapes avec Aspen Wildlife Control \u00e0 Gatineau-Ottawa. Expertise sur ces insectes piqueurs.\",\"breadcrumb\":{\"@id\":\"https:\\\/\\\/aspenwildlifecontrol.com\\\/fr\\\/prestations-de-service\\\/guepes\\\/faits-concernant-les-guepes\\\/#breadcrumb\"},\"inLanguage\":\"fr-FR\",\"potentialAction\":[{\"@type\":\"ReadAction\",\"target\":[\"https:\\\/\\\/aspenwildlifecontrol.com\\\/fr\\\/prestations-de-service\\\/guepes\\\/faits-concernant-les-guepes\\\/\"]}]},{\"@type\":\"BreadcrumbList\",\"@id\":\"https:\\\/\\\/aspenwildlifecontrol.com\\\/fr\\\/prestations-de-service\\\/guepes\\\/faits-concernant-les-guepes\\\/#breadcrumb\",\"itemListElement\":[{\"@type\":\"ListItem\",\"position\":1,\"name\":\"Home\",\"item\":\"https:\\\/\\\/aspenwildlifecontrol.com\\\/fr\\\/\"},{\"@type\":\"ListItem\",\"position\":2,\"name\":\"Service control animal\",\"item\":\"https:\\\/\\\/aspenwildlifecontrol.com\\\/fr\\\/prestations-de-service\\\/\"},{\"@type\":\"ListItem\",\"position\":3,\"name\":\"Gu\u00eapes\",\"item\":\"https:\\\/\\\/aspenwildlifecontrol.com\\\/fr\\\/prestations-de-service\\\/guepes\\\/\"},{\"@type\":\"ListItem\",\"position\":4,\"name\":\"Faits concernant les gu\u00eapes\"}]},{\"@type\":\"WebSite\",\"@id\":\"https:\\\/\\\/aspenwildlifecontrol.com\\\/fr\\\/#website\",\"url\":\"https:\\\/\\\/aspenwildlifecontrol.com\\\/fr\\\/\",\"name\":\"Aspen Wildlife Control\",\"description\":\"Fast, humane wildlife removal in Ottawa-Gatineau \u2014 guaranteed results, 24\\\/7 service\",\"potentialAction\":[{\"@type\":\"SearchAction\",\"target\":{\"@type\":\"EntryPoint\",\"urlTemplate\":\"https:\\\/\\\/aspenwildlifecontrol.com\\\/fr\\\/?s={search_term_string}\"},\"query-input\":{\"@type\":\"PropertyValueSpecification\",\"valueRequired\":true,\"valueName\":\"search_term_string\"}}],\"inLanguage\":\"fr-FR\"}]}<\/script>\n<!-- \/ Yoast SEO Premium plugin. -->","yoast_head_json":{"title":"Faits concernant les gu\u00eapes | Aspen Wildlife Control \u00e0 Gatineau","description":"Explorez les faits sur les gu\u00eapes avec Aspen Wildlife Control \u00e0 Gatineau-Ottawa. Expertise sur ces insectes piqueurs.","robots":{"index":"index","follow":"follow","max-snippet":"max-snippet:-1","max-image-preview":"max-image-preview:large","max-video-preview":"max-video-preview:-1"},"canonical":"https:\/\/aspenwildlifecontrol.com\/fr\/prestations-de-service\/guepes\/faits-concernant-les-guepes\/","og_locale":"fr_FR","og_type":"article","og_title":"Faits concernant les gu\u00eapes","og_description":"Explorez les faits sur les gu\u00eapes avec Aspen Wildlife Control \u00e0 Gatineau-Ottawa. Expertise sur ces insectes piqueurs.","og_url":"https:\/\/aspenwildlifecontrol.com\/fr\/prestations-de-service\/guepes\/faits-concernant-les-guepes\/","og_site_name":"Aspen Wildlife Control","article_modified_time":"2025-02-11T14:04:05+00:00","twitter_card":"summary_large_image","twitter_misc":{"Dur\u00e9e de lecture estim\u00e9e":"2 minutes"},"schema":{"@context":"https:\/\/schema.org","@graph":[{"@type":"WebPage","@id":"https:\/\/aspenwildlifecontrol.com\/fr\/prestations-de-service\/guepes\/faits-concernant-les-guepes\/","url":"https:\/\/aspenwildlifecontrol.com\/fr\/prestations-de-service\/guepes\/faits-concernant-les-guepes\/","name":"Faits concernant les gu\u00eapes | Aspen Wildlife Control \u00e0 Gatineau","isPartOf":{"@id":"https:\/\/aspenwildlifecontrol.com\/fr\/#website"},"datePublished":"2023-03-01T01:35:33+00:00","dateModified":"2025-02-11T14:04:05+00:00","description":"Explorez les faits sur les gu\u00eapes avec Aspen Wildlife Control \u00e0 Gatineau-Ottawa. Expertise sur ces insectes piqueurs.","breadcrumb":{"@id":"https:\/\/aspenwildlifecontrol.com\/fr\/prestations-de-service\/guepes\/faits-concernant-les-guepes\/#breadcrumb"},"inLanguage":"fr-FR","potentialAction":[{"@type":"ReadAction","target":["https:\/\/aspenwildlifecontrol.com\/fr\/prestations-de-service\/guepes\/faits-concernant-les-guepes\/"]}]},{"@type":"BreadcrumbList","@id":"https:\/\/aspenwildlifecontrol.com\/fr\/prestations-de-service\/guepes\/faits-concernant-les-guepes\/#breadcrumb","itemListElement":[{"@type":"ListItem","position":1,"name":"Home","item":"https:\/\/aspenwildlifecontrol.com\/fr\/"},{"@type":"ListItem","position":2,"name":"Service control animal","item":"https:\/\/aspenwildlifecontrol.com\/fr\/prestations-de-service\/"},{"@type":"ListItem","position":3,"name":"Gu\u00eapes","item":"https:\/\/aspenwildlifecontrol.com\/fr\/prestations-de-service\/guepes\/"},{"@type":"ListItem","position":4,"name":"Faits concernant les gu\u00eapes"}]},{"@type":"WebSite","@id":"https:\/\/aspenwildlifecontrol.com\/fr\/#website","url":"https:\/\/aspenwildlifecontrol.com\/fr\/","name":"Aspen Wildlife Control","description":"Fast, humane wildlife removal in Ottawa-Gatineau \u2014 guaranteed results, 24\/7 service","potentialAction":[{"@type":"SearchAction","target":{"@type":"EntryPoint","urlTemplate":"https:\/\/aspenwildlifecontrol.com\/fr\/?s={search_term_string}"},"query-input":{"@type":"PropertyValueSpecification","valueRequired":true,"valueName":"search_term_string"}}],"inLanguage":"fr-FR"}]}},"_links":{"self":[{"href":"https:\/\/aspenwildlifecontrol.com\/fr\/wp-json\/wp\/v2\/pages\/1007","targetHints":{"allow":["GET"]}}],"collection":[{"href":"https:\/\/aspenwildlifecontrol.com\/fr\/wp-json\/wp\/v2\/pages"}],"about":[{"href":"https:\/\/aspenwildlifecontrol.com\/fr\/wp-json\/wp\/v2\/types\/page"}],"author":[{"embeddable":true,"href":"https:\/\/aspenwildlifecontrol.com\/fr\/wp-json\/wp\/v2\/users\/1"}],"replies":[{"embeddable":true,"href":"https:\/\/aspenwildlifecontrol.com\/fr\/wp-json\/wp\/v2\/comments?post=1007"}],"version-history":[{"count":2,"href":"https:\/\/aspenwildlifecontrol.com\/fr\/wp-json\/wp\/v2\/pages\/1007\/revisions"}],"predecessor-version":[{"id":3016,"href":"https:\/\/aspenwildlifecontrol.com\/fr\/wp-json\/wp\/v2\/pages\/1007\/revisions\/3016"}],"up":[{"embeddable":true,"href":"https:\/\/aspenwildlifecontrol.com\/fr\/wp-json\/wp\/v2\/pages\/2945"}],"wp:attachment":[{"href":"https:\/\/aspenwildlifecontrol.com\/fr\/wp-json\/wp\/v2\/media?parent=1007"}],"curies":[{"name":"wp","href":"https:\/\/api.w.org\/{rel}","templated":true}]}}