{"id":1006,"date":"2023-02-28T20:29:58","date_gmt":"2023-03-01T01:29:58","guid":{"rendered":"https:\/\/aspenwildlifecontrol.com\/prestations-de-service\/guepes\/comment-les-abeilles-penetrent-elles-dans-ma-maison\/"},"modified":"2025-02-11T09:02:19","modified_gmt":"2025-02-11T14:02:19","slug":"comment-les-abeilles-penetrent-elles-dans-ma-maison","status":"publish","type":"page","link":"https:\/\/aspenwildlifecontrol.com\/fr\/prestations-de-service\/guepes\/comment-les-abeilles-penetrent-elles-dans-ma-maison\/","title":{"rendered":"Comment les abeilles p\u00e9n\u00e8trent-elles dans ma maison ?"},"content":{"rendered":"<div class=\"et_pb_module et_pb_text et_pb_text_0 et_pb_text_align_left et_pb_bg_layout_light et_had_animation\">\n<div class=\"et_pb_text_inner\">\n<p><span style=\"font-weight: 400;\">Les petites abeilles sont toujours en mouvement, mais quel est leur endroit pr\u00e9f\u00e9r\u00e9? Vous serez peut-\u00eatre surpris d&rsquo;apprendre que la destination pr\u00e9f\u00e9r\u00e9e d&rsquo;une abeille pour construire sa ruche pourrait en fait se trouver dans votre salon! Les chemin\u00e9es offrent un abri id\u00e9al en raison de la chaleur et de la protection qu&rsquo;elles procurent.<\/span><\/p>\n<p><span style=\"font-weight: 400;\">Si ce n&rsquo;est pas le cas, elles trouvent souvent du r\u00e9confort dans les bouches d&rsquo;a\u00e9ration ou les fissures des goutti\u00e8res et autres espaces de votre maison.<\/span><\/p>\n<p><span style=\"font-weight: 400;\">Gardez donc l&rsquo;\u0153il ouvert car on ne sait jamais quand des pollinisateurs accueillants et actifs peuvent s&rsquo;installer chez vous.<\/span><\/p>\n<\/div>\n<\/div>\n<h5><strong>Est-ce que les abeilles sont dangereuses?<\/strong><\/h5>\n<p><span style=\"font-weight: 400;\">On croit souvent \u00e0 tort que les abeilles sont une esp\u00e8ce agressive, mais en r\u00e9alit\u00e9, ces cr\u00e9atures incroyables pr\u00e9f\u00e8rent recueillir du nectar plut\u00f4t que de faire du mal. Elles ne se servent de leur dard comme d&rsquo;une arme que pour prot\u00e9ger la s\u00e9curit\u00e9 de leur ruche, m\u00eame si elles doivent pour cela se sacrifier. Apr\u00e8s tout, lorsqu&rsquo;une abeille utilise son dard et injecte du venin dans la peau de sa victime, une partie de l&rsquo;abdomen et des organes internes y restent incrust\u00e9s de fa\u00e7on permanente; ce qui appelle au plus grand respect chaque fois que nous rencontrons ces pr\u00e9cieuses ruches dans nos maisons.<\/span><\/p>\n<h5><strong>Pourquoi les abeilles installent leur ruche dans ma maison?<\/strong><\/h5>\n<p><span style=\"font-weight: 400;\">Bien que les abeilles nous apportent de grands avantages, il arrive qu&rsquo;une colonie de ces cr\u00e9atures s&rsquo;installe dans nos espaces les plus priv\u00e9s. Elles sont connues pour aimer les endroits sombres et abrit\u00e9s ; donc si vous vous retrouvez un jour avec un invit\u00e9 inattendu bourdonnant autour de votre maison, elles ont peut-\u00eatre d\u00e9cid\u00e9 que c&rsquo;\u00e9tait l&rsquo;endroit parfait pour construire leur ruche!<\/span><\/p>\n<h5><strong>Pourquoi enlever la ruche de ma maison?<\/strong><\/h5>\n<p><span style=\"font-weight: 400;\">Le doux parfum du miel peut attirer plus que les abeilles &#8211; des insectes et des animaux potentiellement destructeurs peuvent \u00e9galement \u00eatre attir\u00e9s par la ruche. De plus, son seul poids peut causer des dommages consid\u00e9rables \u00e0 toute structure sur laquelle il se pose.\u00a0<\/span><\/p>\n<p><span style=\"font-weight: 400;\">Notre environnement d\u00e9pend des abeilles, il est donc crucial que toute ruche dans votre maison soit retir\u00e9e d\u00e8s que possible. Laissez les experts s&rsquo;occuper de cette t\u00e2che importante &#8211; contactez-nous d\u00e8s aujourd&rsquo;hui!<\/span><\/p>\n<p>&nbsp;<\/p>\n","protected":false},"excerpt":{"rendered":"<p>Les petites abeilles sont toujours en mouvement, mais quel est leur endroit pr\u00e9f\u00e9r\u00e9? Vous serez peut-\u00eatre surpris d&rsquo;apprendre que la destination pr\u00e9f\u00e9r\u00e9e d&rsquo;une abeille pour construire sa ruche pourrait en fait se trouver dans votre salon! Les chemin\u00e9es offrent un abri id\u00e9al en raison de la chaleur et de la protection qu&rsquo;elles procurent. Si ce&hellip; <a class=\"more-link\" href=\"https:\/\/aspenwildlifecontrol.com\/fr\/prestations-de-service\/guepes\/comment-les-abeilles-penetrent-elles-dans-ma-maison\/\">Poursuivre la lecture <span class=\"screen-reader-text\">Comment les abeilles p\u00e9n\u00e8trent-elles dans ma maison ?<\/span><\/a><\/p>\n","protected":false},"author":1,"featured_media":0,"parent":2945,"menu_order":0,"comment_status":"closed","ping_status":"closed","template":"","meta":{"_acf_changed":false,"footnotes":""},"class_list":["post-1006","page","type-page","status-publish","hentry","entry"],"acf":{"content":null,"cta_custom":"<h5>Vous avez un probl\u00e8me d'abeilles?<\/h5>\r\nVous avez besoin de services d'enl\u00e8vement de abeilles \u00e0 Ottawa-Gatineau ?\u00a0 <a href=\"https:\/\/aspenwildlifecontrol.com\/fr\/contact\/\">Contactez-nous<\/a>","schema":""},"yoast_head":"<!-- This site is optimized with the Yoast SEO Premium plugin v26.8 (Yoast SEO v27.5) - https:\/\/yoast.com\/product\/yoast-seo-premium-wordpress\/ -->\n<title>Comment les abeilles p\u00e9n\u00e8trent-elles dans ma maison | Aspen<\/title>\n<meta name=\"description\" content=\"Comprenez les m\u00e9thodes d&#039;entr\u00e9e des abeilles avec Aspen Wildlife Control \u00e0 Gatineau-Ottawa. Solutions pour pr\u00e9vention efficace.\" \/>\n<meta name=\"robots\" content=\"index, follow, max-snippet:-1, max-image-preview:large, max-video-preview:-1\" \/>\n<link rel=\"canonical\" href=\"https:\/\/aspenwildlifecontrol.com\/fr\/prestations-de-service\/guepes\/comment-les-abeilles-penetrent-elles-dans-ma-maison\/\" \/>\n<meta property=\"og:locale\" content=\"fr_FR\" \/>\n<meta property=\"og:type\" content=\"article\" \/>\n<meta property=\"og:title\" content=\"Comment les abeilles p\u00e9n\u00e8trent-elles dans ma maison ?\" \/>\n<meta property=\"og:description\" content=\"Comprenez les m\u00e9thodes d&#039;entr\u00e9e des abeilles avec Aspen Wildlife Control \u00e0 Gatineau-Ottawa. Solutions pour pr\u00e9vention efficace.\" \/>\n<meta property=\"og:url\" content=\"https:\/\/aspenwildlifecontrol.com\/fr\/prestations-de-service\/guepes\/comment-les-abeilles-penetrent-elles-dans-ma-maison\/\" \/>\n<meta property=\"og:site_name\" content=\"Aspen Wildlife Control\" \/>\n<meta property=\"article:modified_time\" content=\"2025-02-11T14:02:19+00:00\" \/>\n<meta name=\"twitter:card\" content=\"summary_large_image\" \/>\n<meta name=\"twitter:label1\" content=\"Dur\u00e9e de lecture estim\u00e9e\" \/>\n\t<meta name=\"twitter:data1\" content=\"2 minutes\" \/>\n<script type=\"application\/ld+json\" class=\"yoast-schema-graph\">{\"@context\":\"https:\\\/\\\/schema.org\",\"@graph\":[{\"@type\":\"WebPage\",\"@id\":\"https:\\\/\\\/aspenwildlifecontrol.com\\\/fr\\\/prestations-de-service\\\/guepes\\\/comment-les-abeilles-penetrent-elles-dans-ma-maison\\\/\",\"url\":\"https:\\\/\\\/aspenwildlifecontrol.com\\\/fr\\\/prestations-de-service\\\/guepes\\\/comment-les-abeilles-penetrent-elles-dans-ma-maison\\\/\",\"name\":\"Comment les abeilles p\u00e9n\u00e8trent-elles dans ma maison | Aspen\",\"isPartOf\":{\"@id\":\"https:\\\/\\\/aspenwildlifecontrol.com\\\/fr\\\/#website\"},\"datePublished\":\"2023-03-01T01:29:58+00:00\",\"dateModified\":\"2025-02-11T14:02:19+00:00\",\"description\":\"Comprenez les m\u00e9thodes d'entr\u00e9e des abeilles avec Aspen Wildlife Control \u00e0 Gatineau-Ottawa. Solutions pour pr\u00e9vention efficace.\",\"breadcrumb\":{\"@id\":\"https:\\\/\\\/aspenwildlifecontrol.com\\\/fr\\\/prestations-de-service\\\/guepes\\\/comment-les-abeilles-penetrent-elles-dans-ma-maison\\\/#breadcrumb\"},\"inLanguage\":\"fr-FR\",\"potentialAction\":[{\"@type\":\"ReadAction\",\"target\":[\"https:\\\/\\\/aspenwildlifecontrol.com\\\/fr\\\/prestations-de-service\\\/guepes\\\/comment-les-abeilles-penetrent-elles-dans-ma-maison\\\/\"]}]},{\"@type\":\"BreadcrumbList\",\"@id\":\"https:\\\/\\\/aspenwildlifecontrol.com\\\/fr\\\/prestations-de-service\\\/guepes\\\/comment-les-abeilles-penetrent-elles-dans-ma-maison\\\/#breadcrumb\",\"itemListElement\":[{\"@type\":\"ListItem\",\"position\":1,\"name\":\"Home\",\"item\":\"https:\\\/\\\/aspenwildlifecontrol.com\\\/fr\\\/\"},{\"@type\":\"ListItem\",\"position\":2,\"name\":\"Service control animal\",\"item\":\"https:\\\/\\\/aspenwildlifecontrol.com\\\/fr\\\/prestations-de-service\\\/\"},{\"@type\":\"ListItem\",\"position\":3,\"name\":\"Gu\u00eapes\",\"item\":\"https:\\\/\\\/aspenwildlifecontrol.com\\\/fr\\\/prestations-de-service\\\/guepes\\\/\"},{\"@type\":\"ListItem\",\"position\":4,\"name\":\"Comment les abeilles p\u00e9n\u00e8trent-elles dans ma maison ?\"}]},{\"@type\":\"WebSite\",\"@id\":\"https:\\\/\\\/aspenwildlifecontrol.com\\\/fr\\\/#website\",\"url\":\"https:\\\/\\\/aspenwildlifecontrol.com\\\/fr\\\/\",\"name\":\"Aspen Wildlife Control\",\"description\":\"Fast, humane wildlife removal in Ottawa-Gatineau \u2014 guaranteed results, 24\\\/7 service\",\"potentialAction\":[{\"@type\":\"SearchAction\",\"target\":{\"@type\":\"EntryPoint\",\"urlTemplate\":\"https:\\\/\\\/aspenwildlifecontrol.com\\\/fr\\\/?s={search_term_string}\"},\"query-input\":{\"@type\":\"PropertyValueSpecification\",\"valueRequired\":true,\"valueName\":\"search_term_string\"}}],\"inLanguage\":\"fr-FR\"}]}<\/script>\n<!-- \/ Yoast SEO Premium plugin. -->","yoast_head_json":{"title":"Comment les abeilles p\u00e9n\u00e8trent-elles dans ma maison | Aspen","description":"Comprenez les m\u00e9thodes d'entr\u00e9e des abeilles avec Aspen Wildlife Control \u00e0 Gatineau-Ottawa. Solutions pour pr\u00e9vention efficace.","robots":{"index":"index","follow":"follow","max-snippet":"max-snippet:-1","max-image-preview":"max-image-preview:large","max-video-preview":"max-video-preview:-1"},"canonical":"https:\/\/aspenwildlifecontrol.com\/fr\/prestations-de-service\/guepes\/comment-les-abeilles-penetrent-elles-dans-ma-maison\/","og_locale":"fr_FR","og_type":"article","og_title":"Comment les abeilles p\u00e9n\u00e8trent-elles dans ma maison ?","og_description":"Comprenez les m\u00e9thodes d'entr\u00e9e des abeilles avec Aspen Wildlife Control \u00e0 Gatineau-Ottawa. Solutions pour pr\u00e9vention efficace.","og_url":"https:\/\/aspenwildlifecontrol.com\/fr\/prestations-de-service\/guepes\/comment-les-abeilles-penetrent-elles-dans-ma-maison\/","og_site_name":"Aspen Wildlife Control","article_modified_time":"2025-02-11T14:02:19+00:00","twitter_card":"summary_large_image","twitter_misc":{"Dur\u00e9e de lecture estim\u00e9e":"2 minutes"},"schema":{"@context":"https:\/\/schema.org","@graph":[{"@type":"WebPage","@id":"https:\/\/aspenwildlifecontrol.com\/fr\/prestations-de-service\/guepes\/comment-les-abeilles-penetrent-elles-dans-ma-maison\/","url":"https:\/\/aspenwildlifecontrol.com\/fr\/prestations-de-service\/guepes\/comment-les-abeilles-penetrent-elles-dans-ma-maison\/","name":"Comment les abeilles p\u00e9n\u00e8trent-elles dans ma maison | Aspen","isPartOf":{"@id":"https:\/\/aspenwildlifecontrol.com\/fr\/#website"},"datePublished":"2023-03-01T01:29:58+00:00","dateModified":"2025-02-11T14:02:19+00:00","description":"Comprenez les m\u00e9thodes d'entr\u00e9e des abeilles avec Aspen Wildlife Control \u00e0 Gatineau-Ottawa. Solutions pour pr\u00e9vention efficace.","breadcrumb":{"@id":"https:\/\/aspenwildlifecontrol.com\/fr\/prestations-de-service\/guepes\/comment-les-abeilles-penetrent-elles-dans-ma-maison\/#breadcrumb"},"inLanguage":"fr-FR","potentialAction":[{"@type":"ReadAction","target":["https:\/\/aspenwildlifecontrol.com\/fr\/prestations-de-service\/guepes\/comment-les-abeilles-penetrent-elles-dans-ma-maison\/"]}]},{"@type":"BreadcrumbList","@id":"https:\/\/aspenwildlifecontrol.com\/fr\/prestations-de-service\/guepes\/comment-les-abeilles-penetrent-elles-dans-ma-maison\/#breadcrumb","itemListElement":[{"@type":"ListItem","position":1,"name":"Home","item":"https:\/\/aspenwildlifecontrol.com\/fr\/"},{"@type":"ListItem","position":2,"name":"Service control animal","item":"https:\/\/aspenwildlifecontrol.com\/fr\/prestations-de-service\/"},{"@type":"ListItem","position":3,"name":"Gu\u00eapes","item":"https:\/\/aspenwildlifecontrol.com\/fr\/prestations-de-service\/guepes\/"},{"@type":"ListItem","position":4,"name":"Comment les abeilles p\u00e9n\u00e8trent-elles dans ma maison ?"}]},{"@type":"WebSite","@id":"https:\/\/aspenwildlifecontrol.com\/fr\/#website","url":"https:\/\/aspenwildlifecontrol.com\/fr\/","name":"Aspen Wildlife Control","description":"Fast, humane wildlife removal in Ottawa-Gatineau \u2014 guaranteed results, 24\/7 service","potentialAction":[{"@type":"SearchAction","target":{"@type":"EntryPoint","urlTemplate":"https:\/\/aspenwildlifecontrol.com\/fr\/?s={search_term_string}"},"query-input":{"@type":"PropertyValueSpecification","valueRequired":true,"valueName":"search_term_string"}}],"inLanguage":"fr-FR"}]}},"_links":{"self":[{"href":"https:\/\/aspenwildlifecontrol.com\/fr\/wp-json\/wp\/v2\/pages\/1006","targetHints":{"allow":["GET"]}}],"collection":[{"href":"https:\/\/aspenwildlifecontrol.com\/fr\/wp-json\/wp\/v2\/pages"}],"about":[{"href":"https:\/\/aspenwildlifecontrol.com\/fr\/wp-json\/wp\/v2\/types\/page"}],"author":[{"embeddable":true,"href":"https:\/\/aspenwildlifecontrol.com\/fr\/wp-json\/wp\/v2\/users\/1"}],"replies":[{"embeddable":true,"href":"https:\/\/aspenwildlifecontrol.com\/fr\/wp-json\/wp\/v2\/comments?post=1006"}],"version-history":[{"count":4,"href":"https:\/\/aspenwildlifecontrol.com\/fr\/wp-json\/wp\/v2\/pages\/1006\/revisions"}],"predecessor-version":[{"id":3013,"href":"https:\/\/aspenwildlifecontrol.com\/fr\/wp-json\/wp\/v2\/pages\/1006\/revisions\/3013"}],"up":[{"embeddable":true,"href":"https:\/\/aspenwildlifecontrol.com\/fr\/wp-json\/wp\/v2\/pages\/2945"}],"wp:attachment":[{"href":"https:\/\/aspenwildlifecontrol.com\/fr\/wp-json\/wp\/v2\/media?parent=1006"}],"curies":[{"name":"wp","href":"https:\/\/api.w.org\/{rel}","templated":true}]}}