{"id":1005,"date":"2023-02-28T20:22:54","date_gmt":"2023-03-01T01:22:54","guid":{"rendered":"https:\/\/aspenwildlifecontrol.com\/prestations-de-service\/guepes\/faits-concernant-les-abeilles\/"},"modified":"2025-02-11T08:58:23","modified_gmt":"2025-02-11T13:58:23","slug":"faits-concernant-les-abeilles","status":"publish","type":"page","link":"https:\/\/aspenwildlifecontrol.com\/fr\/prestations-de-service\/guepes\/faits-concernant-les-abeilles\/","title":{"rendered":"Faits concernant les abeilles"},"content":{"rendered":"<div class=\"et_pb_module et_pb_text et_pb_text_0 et_pb_text_align_left et_pb_bg_layout_light et_had_animation\">\n<div class=\"et_pb_text_inner\">\n<p><b>Nom scientifique<\/b> <i><span style=\"font-weight: 400;\">Apis mellifera<\/span><\/i><\/p>\n<p><b>Classe<\/b><span style=\"font-weight: 400;\"> Insectes<\/span><\/p>\n<p><b>Familly:<\/b><span style=\"font-weight: 400;\"> Apid\u00e9s<\/span><\/p>\n<p><b>Ordre<\/b><span style=\"font-weight: 400;\"> Hym\u00e9nopt\u00e8re<\/span><\/p>\n<p><b>Dur\u00e9e de vie : <\/b><span style=\"font-weight: 400;\">Reine : de 4 \u00e0 5 ans<\/span><\/p>\n<p><span style=\"font-weight: 400;\">M\u00e2le (faux-bourdon) : environ 50 jours<\/span><\/p>\n<p><span style=\"font-weight: 400;\">Ouvri\u00e8re : de 35 \u00e0 45 jours<\/span><\/p>\n<\/div>\n<\/div>\n<h5><strong>Reproduction<\/strong><\/h5>\n<p><span style=\"font-weight: 400;\">Pour une reine d&rsquo;abeille, l&rsquo;accouplement est une affaire a\u00e9rienne. Lorsque les conditions sont r\u00e9unies et que le ciel se remplit de possibilit\u00e9s, elles s&rsquo;envolent \u00e0 la recherche de leur \u00e2me s\u0153ur &#8211; des bourdons m\u00e2les d&rsquo;autres colonies qui rendent possible la f\u00e9condation en plein vol. Le voyage peut \u00eatre court, mais ses effets sont durables ; apr\u00e8s avoir offert \u00e0 son compagnon le cadeau ultime de la vie, la femelle continue \u00e0 construire des g\u00e9n\u00e9rations de nouvelles abeilles, tandis que lui dispara\u00eet rapidement dans les m\u00e9moires.<\/span><\/p>\n<h5><strong>R\u00e9gime alimentaire<\/strong><\/h5>\n<div class=\"et_pb_module et_pb_text et_pb_text_4 et_pb_text_align_left et_pb_bg_layout_light et_had_animation\">\n<div class=\"et_pb_text_inner\">\n<p><span style=\"font-weight: 400;\">En bourdonnant parmi les fleurs, les abeilles recueillent avec soin le nectar sucr\u00e9 et le pollen riche en noix qui constituent leur alimentation. Ces importants pollinisateurs utilisent \u00e9galement cette pr\u00e9cieuse cargaison pour produire un d\u00e9licieux miel!<\/span><\/p>\n<ul>\n<li style=\"font-weight: 400;\" aria-level=\"1\"><span style=\"font-weight: 400;\">Nectar<\/span><\/li>\n<li style=\"font-weight: 400;\" aria-level=\"1\"><span style=\"font-weight: 400;\">Pollen<\/span><\/li>\n<\/ul>\n<\/div>\n<\/div>\n<h5><strong>Habitat<\/strong><\/h5>\n<p><span style=\"font-weight: 400;\">Les abeilles sauvages se donnent beaucoup de mal pour choisir l&rsquo;endroit id\u00e9al pour leur ruche, pr\u00e9f\u00e9rant les crevasses secr\u00e8tes cach\u00e9es en hauteur ou m\u00eame les branches dans la nature. Pr\u00e9f\u00e9rant les environnements ruraux aux villes et aux villages, ces esp\u00e8ces non domestiqu\u00e9es trouvent leur r\u00e9confort loin de la civilisation.<\/span><\/p>\n<h5><strong>Est-ce que les abeilles piquent?<\/strong><\/h5>\n<p><span style=\"font-weight: 400;\">Les abeilles ont la remarquable capacit\u00e9 de se d\u00e9fendre et de d\u00e9fendre leurs ruches, mais uniquement si elles sentent une r\u00e9elle menace. Malheureusement, cet acte de bravoure co\u00fbteux signifie que ces braves insectes doivent sacrifier leur propre vie en \u00e9change de leur s\u00e9curit\u00e9.<\/span><\/p>\n<h5><strong>Pourquoi les abeilles sont en danger?<\/strong><\/h5>\n<div class=\"et_pb_module et_pb_text et_pb_text_10 et_pb_text_align_left et_pb_bg_layout_light et_had_animation\">\n<div class=\"et_pb_text_inner\">\n<p><span style=\"font-weight: 400;\">Les scientifiques ont propos\u00e9 plusieurs raisons pour expliquer la r\u00e9duction alarmante du nombre d\u2019abeilles. La plupart de ces explications ont en commun l\u2019homme. Les raisons sont les suivantes :\u00a0<\/span><\/p>\n<ul>\n<li style=\"font-weight: 400;\" aria-level=\"1\"><span style=\"font-weight: 400;\">L\u2019apparition de nouveaux types de champignons qui rendent malades les abeilles;<\/span><\/li>\n<li style=\"font-weight: 400;\" aria-level=\"1\"><span style=\"font-weight: 400;\">La r\u00e9duction de la diversit\u00e9 chez de nombreuses esp\u00e8ces de fleurs sauvages;<\/span><\/li>\n<\/ul>\n<\/div>\n<\/div>\n","protected":false},"excerpt":{"rendered":"<p>Nom scientifique Apis mellifera Classe Insectes Familly: Apid\u00e9s Ordre Hym\u00e9nopt\u00e8re Dur\u00e9e de vie : Reine : de 4 \u00e0 5 ans M\u00e2le (faux-bourdon) : environ 50 jours Ouvri\u00e8re : de 35 \u00e0 45 jours Reproduction Pour une reine d&rsquo;abeille, l&rsquo;accouplement est une affaire a\u00e9rienne. Lorsque les conditions sont r\u00e9unies et que le ciel se remplit&hellip; <a class=\"more-link\" href=\"https:\/\/aspenwildlifecontrol.com\/fr\/prestations-de-service\/guepes\/faits-concernant-les-abeilles\/\">Poursuivre la lecture <span class=\"screen-reader-text\">Faits concernant les abeilles<\/span><\/a><\/p>\n","protected":false},"author":1,"featured_media":0,"parent":2945,"menu_order":0,"comment_status":"closed","ping_status":"closed","template":"","meta":{"_acf_changed":false,"footnotes":""},"class_list":["post-1005","page","type-page","status-publish","hentry","entry"],"acf":{"content":null,"cta_custom":"<h5>Vous avez un probl\u00e8me d'abeilles ?<\/h5>\r\nVous avez besoin de services d'enl\u00e8vement de abeilles \u00e0 Ottawa-Gatineau ?\u00a0 <a href=\"https:\/\/aspenwildlifecontrol.com\/fr\/contact\/\"><span style=\"font-weight: 400;\">Contactez-nous<\/span><\/a>","schema":""},"yoast_head":"<!-- This site is optimized with the Yoast SEO Premium plugin v26.8 (Yoast SEO v27.5) - https:\/\/yoast.com\/product\/yoast-seo-premium-wordpress\/ -->\n<title>Faits concernant les abeilles | Aspen Wildlife Control \u00e0 Gatineau<\/title>\n<meta name=\"description\" content=\"D\u00e9couvrez des faits int\u00e9ressants sur les abeilles avec Aspen Wildlife Control \u00e0 Gatineau-Ottawa. Expertise sur ces pollinisateurs essentiels.\" \/>\n<meta name=\"robots\" content=\"index, follow, max-snippet:-1, max-image-preview:large, max-video-preview:-1\" \/>\n<link rel=\"canonical\" href=\"https:\/\/aspenwildlifecontrol.com\/fr\/prestations-de-service\/guepes\/faits-concernant-les-abeilles\/\" \/>\n<meta property=\"og:locale\" content=\"fr_FR\" \/>\n<meta property=\"og:type\" content=\"article\" \/>\n<meta property=\"og:title\" content=\"Faits concernant les abeilles\" \/>\n<meta property=\"og:description\" content=\"D\u00e9couvrez des faits int\u00e9ressants sur les abeilles avec Aspen Wildlife Control \u00e0 Gatineau-Ottawa. Expertise sur ces pollinisateurs essentiels.\" \/>\n<meta property=\"og:url\" content=\"https:\/\/aspenwildlifecontrol.com\/fr\/prestations-de-service\/guepes\/faits-concernant-les-abeilles\/\" \/>\n<meta property=\"og:site_name\" content=\"Aspen Wildlife Control\" \/>\n<meta property=\"article:modified_time\" content=\"2025-02-11T13:58:23+00:00\" \/>\n<meta name=\"twitter:card\" content=\"summary_large_image\" \/>\n<meta name=\"twitter:label1\" content=\"Dur\u00e9e de lecture estim\u00e9e\" \/>\n\t<meta name=\"twitter:data1\" content=\"2 minutes\" \/>\n<script type=\"application\/ld+json\" class=\"yoast-schema-graph\">{\"@context\":\"https:\\\/\\\/schema.org\",\"@graph\":[{\"@type\":\"WebPage\",\"@id\":\"https:\\\/\\\/aspenwildlifecontrol.com\\\/fr\\\/prestations-de-service\\\/guepes\\\/faits-concernant-les-abeilles\\\/\",\"url\":\"https:\\\/\\\/aspenwildlifecontrol.com\\\/fr\\\/prestations-de-service\\\/guepes\\\/faits-concernant-les-abeilles\\\/\",\"name\":\"Faits concernant les abeilles | Aspen Wildlife Control \u00e0 Gatineau\",\"isPartOf\":{\"@id\":\"https:\\\/\\\/aspenwildlifecontrol.com\\\/fr\\\/#website\"},\"datePublished\":\"2023-03-01T01:22:54+00:00\",\"dateModified\":\"2025-02-11T13:58:23+00:00\",\"description\":\"D\u00e9couvrez des faits int\u00e9ressants sur les abeilles avec Aspen Wildlife Control \u00e0 Gatineau-Ottawa. Expertise sur ces pollinisateurs essentiels.\",\"breadcrumb\":{\"@id\":\"https:\\\/\\\/aspenwildlifecontrol.com\\\/fr\\\/prestations-de-service\\\/guepes\\\/faits-concernant-les-abeilles\\\/#breadcrumb\"},\"inLanguage\":\"fr-FR\",\"potentialAction\":[{\"@type\":\"ReadAction\",\"target\":[\"https:\\\/\\\/aspenwildlifecontrol.com\\\/fr\\\/prestations-de-service\\\/guepes\\\/faits-concernant-les-abeilles\\\/\"]}]},{\"@type\":\"BreadcrumbList\",\"@id\":\"https:\\\/\\\/aspenwildlifecontrol.com\\\/fr\\\/prestations-de-service\\\/guepes\\\/faits-concernant-les-abeilles\\\/#breadcrumb\",\"itemListElement\":[{\"@type\":\"ListItem\",\"position\":1,\"name\":\"Home\",\"item\":\"https:\\\/\\\/aspenwildlifecontrol.com\\\/fr\\\/\"},{\"@type\":\"ListItem\",\"position\":2,\"name\":\"Service control animal\",\"item\":\"https:\\\/\\\/aspenwildlifecontrol.com\\\/fr\\\/prestations-de-service\\\/\"},{\"@type\":\"ListItem\",\"position\":3,\"name\":\"Gu\u00eapes\",\"item\":\"https:\\\/\\\/aspenwildlifecontrol.com\\\/fr\\\/prestations-de-service\\\/guepes\\\/\"},{\"@type\":\"ListItem\",\"position\":4,\"name\":\"Faits concernant les abeilles\"}]},{\"@type\":\"WebSite\",\"@id\":\"https:\\\/\\\/aspenwildlifecontrol.com\\\/fr\\\/#website\",\"url\":\"https:\\\/\\\/aspenwildlifecontrol.com\\\/fr\\\/\",\"name\":\"Aspen Wildlife Control\",\"description\":\"Fast, humane wildlife removal in Ottawa-Gatineau \u2014 guaranteed results, 24\\\/7 service\",\"potentialAction\":[{\"@type\":\"SearchAction\",\"target\":{\"@type\":\"EntryPoint\",\"urlTemplate\":\"https:\\\/\\\/aspenwildlifecontrol.com\\\/fr\\\/?s={search_term_string}\"},\"query-input\":{\"@type\":\"PropertyValueSpecification\",\"valueRequired\":true,\"valueName\":\"search_term_string\"}}],\"inLanguage\":\"fr-FR\"}]}<\/script>\n<!-- \/ Yoast SEO Premium plugin. -->","yoast_head_json":{"title":"Faits concernant les abeilles | Aspen Wildlife Control \u00e0 Gatineau","description":"D\u00e9couvrez des faits int\u00e9ressants sur les abeilles avec Aspen Wildlife Control \u00e0 Gatineau-Ottawa. Expertise sur ces pollinisateurs essentiels.","robots":{"index":"index","follow":"follow","max-snippet":"max-snippet:-1","max-image-preview":"max-image-preview:large","max-video-preview":"max-video-preview:-1"},"canonical":"https:\/\/aspenwildlifecontrol.com\/fr\/prestations-de-service\/guepes\/faits-concernant-les-abeilles\/","og_locale":"fr_FR","og_type":"article","og_title":"Faits concernant les abeilles","og_description":"D\u00e9couvrez des faits int\u00e9ressants sur les abeilles avec Aspen Wildlife Control \u00e0 Gatineau-Ottawa. Expertise sur ces pollinisateurs essentiels.","og_url":"https:\/\/aspenwildlifecontrol.com\/fr\/prestations-de-service\/guepes\/faits-concernant-les-abeilles\/","og_site_name":"Aspen Wildlife Control","article_modified_time":"2025-02-11T13:58:23+00:00","twitter_card":"summary_large_image","twitter_misc":{"Dur\u00e9e de lecture estim\u00e9e":"2 minutes"},"schema":{"@context":"https:\/\/schema.org","@graph":[{"@type":"WebPage","@id":"https:\/\/aspenwildlifecontrol.com\/fr\/prestations-de-service\/guepes\/faits-concernant-les-abeilles\/","url":"https:\/\/aspenwildlifecontrol.com\/fr\/prestations-de-service\/guepes\/faits-concernant-les-abeilles\/","name":"Faits concernant les abeilles | Aspen Wildlife Control \u00e0 Gatineau","isPartOf":{"@id":"https:\/\/aspenwildlifecontrol.com\/fr\/#website"},"datePublished":"2023-03-01T01:22:54+00:00","dateModified":"2025-02-11T13:58:23+00:00","description":"D\u00e9couvrez des faits int\u00e9ressants sur les abeilles avec Aspen Wildlife Control \u00e0 Gatineau-Ottawa. Expertise sur ces pollinisateurs essentiels.","breadcrumb":{"@id":"https:\/\/aspenwildlifecontrol.com\/fr\/prestations-de-service\/guepes\/faits-concernant-les-abeilles\/#breadcrumb"},"inLanguage":"fr-FR","potentialAction":[{"@type":"ReadAction","target":["https:\/\/aspenwildlifecontrol.com\/fr\/prestations-de-service\/guepes\/faits-concernant-les-abeilles\/"]}]},{"@type":"BreadcrumbList","@id":"https:\/\/aspenwildlifecontrol.com\/fr\/prestations-de-service\/guepes\/faits-concernant-les-abeilles\/#breadcrumb","itemListElement":[{"@type":"ListItem","position":1,"name":"Home","item":"https:\/\/aspenwildlifecontrol.com\/fr\/"},{"@type":"ListItem","position":2,"name":"Service control animal","item":"https:\/\/aspenwildlifecontrol.com\/fr\/prestations-de-service\/"},{"@type":"ListItem","position":3,"name":"Gu\u00eapes","item":"https:\/\/aspenwildlifecontrol.com\/fr\/prestations-de-service\/guepes\/"},{"@type":"ListItem","position":4,"name":"Faits concernant les abeilles"}]},{"@type":"WebSite","@id":"https:\/\/aspenwildlifecontrol.com\/fr\/#website","url":"https:\/\/aspenwildlifecontrol.com\/fr\/","name":"Aspen Wildlife Control","description":"Fast, humane wildlife removal in Ottawa-Gatineau \u2014 guaranteed results, 24\/7 service","potentialAction":[{"@type":"SearchAction","target":{"@type":"EntryPoint","urlTemplate":"https:\/\/aspenwildlifecontrol.com\/fr\/?s={search_term_string}"},"query-input":{"@type":"PropertyValueSpecification","valueRequired":true,"valueName":"search_term_string"}}],"inLanguage":"fr-FR"}]}},"_links":{"self":[{"href":"https:\/\/aspenwildlifecontrol.com\/fr\/wp-json\/wp\/v2\/pages\/1005","targetHints":{"allow":["GET"]}}],"collection":[{"href":"https:\/\/aspenwildlifecontrol.com\/fr\/wp-json\/wp\/v2\/pages"}],"about":[{"href":"https:\/\/aspenwildlifecontrol.com\/fr\/wp-json\/wp\/v2\/types\/page"}],"author":[{"embeddable":true,"href":"https:\/\/aspenwildlifecontrol.com\/fr\/wp-json\/wp\/v2\/users\/1"}],"replies":[{"embeddable":true,"href":"https:\/\/aspenwildlifecontrol.com\/fr\/wp-json\/wp\/v2\/comments?post=1005"}],"version-history":[{"count":3,"href":"https:\/\/aspenwildlifecontrol.com\/fr\/wp-json\/wp\/v2\/pages\/1005\/revisions"}],"predecessor-version":[{"id":3008,"href":"https:\/\/aspenwildlifecontrol.com\/fr\/wp-json\/wp\/v2\/pages\/1005\/revisions\/3008"}],"up":[{"embeddable":true,"href":"https:\/\/aspenwildlifecontrol.com\/fr\/wp-json\/wp\/v2\/pages\/2945"}],"wp:attachment":[{"href":"https:\/\/aspenwildlifecontrol.com\/fr\/wp-json\/wp\/v2\/media?parent=1005"}],"curies":[{"name":"wp","href":"https:\/\/api.w.org\/{rel}","templated":true}]}}