{"id":1004,"date":"2023-02-28T19:51:34","date_gmt":"2023-03-01T00:51:34","guid":{"rendered":"https:\/\/aspenwildlifecontrol.com\/prestations-de-service\/moufettes\/pourquoi-les-moufettes-vivent-elles-pres-de-chez-moi\/"},"modified":"2025-02-11T09:12:43","modified_gmt":"2025-02-11T14:12:43","slug":"pourquoi-les-moufettes-vivent-elles-pres-de-chez-moi","status":"publish","type":"page","link":"https:\/\/aspenwildlifecontrol.com\/fr\/prestations-de-service\/moufettes\/pourquoi-les-moufettes-vivent-elles-pres-de-chez-moi\/","title":{"rendered":"Pourquoi les moufettes vivent-elles pr\u00e8s de chez moi ?"},"content":{"rendered":"<div class=\"et_pb_module et_pb_text et_pb_text_0 et_pb_text_align_left et_pb_bg_layout_light et_had_animation\">\n<div class=\"et_pb_text_inner\">\n<p><span style=\"font-weight: 400;\">Les zones urbanis\u00e9es offrent aux moufettes tout ce dont elles ont besoin pour prosp\u00e9rer : abri, nourriture, atmosph\u00e8re calme et protection. Lorsque le temps se r\u00e9chauffe, fin mai et d\u00e9but juin, ces cr\u00e9atures nocturnes deviennent des m\u00e8res tr\u00e8s actives, cr\u00e9ant des tani\u00e8res pour leurs petits et s&rsquo;occupant d&rsquo;eux avec diligence jusqu&rsquo;\u00e0 leur ind\u00e9pendance en juillet.<\/span><\/p>\n<p><span style=\"font-weight: 400;\">Les mamans moufettes sont farouchement protectrices de leurs petits et feront tout ce qu&rsquo;il faut pour les r\u00e9unir ! Si une famille de mouffettes a \u00e9lu domicile pr\u00e8s de chez vous, il ne suffit pas d&rsquo;\u00e9loigner la m\u00e8re &#8211; elle n&rsquo;abandonnera pas ses petits pour de bon. Heureusement, nous avons quelques conseils qui peuvent vous aider \u00e0 r\u00e9soudre cette situation malodorante sans causer de dommages. <\/span><\/p>\n<\/div>\n<\/div>\n<h5><strong>Quoi faire et ne pas faire<\/strong><\/h5>\n<div class=\"et_pb_module et_pb_text et_pb_text_2 et_pb_text_align_left et_pb_bg_layout_light et_had_animation\">\n<div class=\"et_pb_text_inner\">\n<p><span style=\"font-weight: 400;\">Pour \u00e9loigner la moufette, un moyen infaillible est de cr\u00e9er un environnement domestique qui ne lui convient pas ; remplissez-le de lumi\u00e8re et de bruit, et donnez-lui une impression d&rsquo;ins\u00e9curit\u00e9.<\/span><\/p>\n<p><span style=\"font-weight: 400;\">Lorsque vous avez affaire \u00e0 des animaux dans votre maison, n&rsquo;oubliez pas qu&rsquo;il existe de nombreuses solutions de compassion ! Ne pensez pas seulement \u00e0 des pi\u00e8ges ou \u00e0 des portes \u00e0 sens unique &#8211; cela pourrait laisser les b\u00e9b\u00e9s p\u00e9rir sans les soins de leur m\u00e8re. Il existe une meilleure solution.<\/span><\/p>\n<p><span style=\"font-weight: 400;\">Aspen Wildlife Control est l\u00e0 pour s&rsquo;occuper de votre visiteur ind\u00e9sirable, la mouffette. Nos techniciens hautement qualifi\u00e9s s&rsquo;engagent \u00e0 faire tout leur possible pour r\u00e9soudre le probl\u00e8me et r\u00e9tablir la paix dans votre maison.<\/span><\/p>\n<\/div>\n<\/div>\n","protected":false},"excerpt":{"rendered":"<p>Les zones urbanis\u00e9es offrent aux moufettes tout ce dont elles ont besoin pour prosp\u00e9rer : abri, nourriture, atmosph\u00e8re calme et protection. Lorsque le temps se r\u00e9chauffe, fin mai et d\u00e9but juin, ces cr\u00e9atures nocturnes deviennent des m\u00e8res tr\u00e8s actives, cr\u00e9ant des tani\u00e8res pour leurs petits et s&rsquo;occupant d&rsquo;eux avec diligence jusqu&rsquo;\u00e0 leur ind\u00e9pendance en juillet.&hellip; <a class=\"more-link\" href=\"https:\/\/aspenwildlifecontrol.com\/fr\/prestations-de-service\/moufettes\/pourquoi-les-moufettes-vivent-elles-pres-de-chez-moi\/\">Poursuivre la lecture <span class=\"screen-reader-text\">Pourquoi les moufettes vivent-elles pr\u00e8s de chez moi ?<\/span><\/a><\/p>\n","protected":false},"author":1,"featured_media":0,"parent":978,"menu_order":0,"comment_status":"closed","ping_status":"closed","template":"","meta":{"_acf_changed":false,"footnotes":""},"class_list":["post-1004","page","type-page","status-publish","hentry","entry"],"acf":[],"yoast_head":"<!-- This site is optimized with the Yoast SEO Premium plugin v26.8 (Yoast SEO v27.4) - https:\/\/yoast.com\/product\/yoast-seo-premium-wordpress\/ -->\n<title>Pourquoi les moufettes vivent-elles pr\u00e8s de chez moi | Aspen<\/title>\n<meta name=\"description\" content=\"Comprenez pourquoi les moufettes s&#039;installent pr\u00e8s de chez vous avec Aspen Wildlife Control \u00e0 Gatineau-Ottawa. Solutions de pr\u00e9vention.\" \/>\n<meta name=\"robots\" content=\"index, follow, max-snippet:-1, max-image-preview:large, max-video-preview:-1\" \/>\n<link rel=\"canonical\" href=\"https:\/\/aspenwildlifecontrol.com\/fr\/prestations-de-service\/moufettes\/pourquoi-les-moufettes-vivent-elles-pres-de-chez-moi\/\" \/>\n<meta property=\"og:locale\" content=\"fr_FR\" \/>\n<meta property=\"og:type\" content=\"article\" \/>\n<meta property=\"og:title\" content=\"Pourquoi les moufettes vivent-elles pr\u00e8s de chez moi ?\" \/>\n<meta property=\"og:description\" content=\"Comprenez pourquoi les moufettes s&#039;installent pr\u00e8s de chez vous avec Aspen Wildlife Control \u00e0 Gatineau-Ottawa. Solutions de pr\u00e9vention.\" \/>\n<meta property=\"og:url\" content=\"https:\/\/aspenwildlifecontrol.com\/fr\/prestations-de-service\/moufettes\/pourquoi-les-moufettes-vivent-elles-pres-de-chez-moi\/\" \/>\n<meta property=\"og:site_name\" content=\"Aspen Wildlife Control\" \/>\n<meta property=\"article:modified_time\" content=\"2025-02-11T14:12:43+00:00\" \/>\n<meta name=\"twitter:card\" content=\"summary_large_image\" \/>\n<meta name=\"twitter:label1\" content=\"Dur\u00e9e de lecture estim\u00e9e\" \/>\n\t<meta name=\"twitter:data1\" content=\"2 minutes\" \/>\n<script type=\"application\/ld+json\" class=\"yoast-schema-graph\">{\"@context\":\"https:\\\/\\\/schema.org\",\"@graph\":[{\"@type\":\"WebPage\",\"@id\":\"https:\\\/\\\/aspenwildlifecontrol.com\\\/fr\\\/prestations-de-service\\\/moufettes\\\/pourquoi-les-moufettes-vivent-elles-pres-de-chez-moi\\\/\",\"url\":\"https:\\\/\\\/aspenwildlifecontrol.com\\\/fr\\\/prestations-de-service\\\/moufettes\\\/pourquoi-les-moufettes-vivent-elles-pres-de-chez-moi\\\/\",\"name\":\"Pourquoi les moufettes vivent-elles pr\u00e8s de chez moi | Aspen\",\"isPartOf\":{\"@id\":\"https:\\\/\\\/aspenwildlifecontrol.com\\\/fr\\\/#website\"},\"datePublished\":\"2023-03-01T00:51:34+00:00\",\"dateModified\":\"2025-02-11T14:12:43+00:00\",\"description\":\"Comprenez pourquoi les moufettes s'installent pr\u00e8s de chez vous avec Aspen Wildlife Control \u00e0 Gatineau-Ottawa. Solutions de pr\u00e9vention.\",\"breadcrumb\":{\"@id\":\"https:\\\/\\\/aspenwildlifecontrol.com\\\/fr\\\/prestations-de-service\\\/moufettes\\\/pourquoi-les-moufettes-vivent-elles-pres-de-chez-moi\\\/#breadcrumb\"},\"inLanguage\":\"fr-FR\",\"potentialAction\":[{\"@type\":\"ReadAction\",\"target\":[\"https:\\\/\\\/aspenwildlifecontrol.com\\\/fr\\\/prestations-de-service\\\/moufettes\\\/pourquoi-les-moufettes-vivent-elles-pres-de-chez-moi\\\/\"]}]},{\"@type\":\"BreadcrumbList\",\"@id\":\"https:\\\/\\\/aspenwildlifecontrol.com\\\/fr\\\/prestations-de-service\\\/moufettes\\\/pourquoi-les-moufettes-vivent-elles-pres-de-chez-moi\\\/#breadcrumb\",\"itemListElement\":[{\"@type\":\"ListItem\",\"position\":1,\"name\":\"Home\",\"item\":\"https:\\\/\\\/aspenwildlifecontrol.com\\\/fr\\\/\"},{\"@type\":\"ListItem\",\"position\":2,\"name\":\"Service control animal\",\"item\":\"https:\\\/\\\/aspenwildlifecontrol.com\\\/fr\\\/prestations-de-service\\\/\"},{\"@type\":\"ListItem\",\"position\":3,\"name\":\"Moufettes\",\"item\":\"https:\\\/\\\/aspenwildlifecontrol.com\\\/fr\\\/prestations-de-service\\\/moufettes\\\/\"},{\"@type\":\"ListItem\",\"position\":4,\"name\":\"Pourquoi les moufettes vivent-elles pr\u00e8s de chez moi ?\"}]},{\"@type\":\"WebSite\",\"@id\":\"https:\\\/\\\/aspenwildlifecontrol.com\\\/fr\\\/#website\",\"url\":\"https:\\\/\\\/aspenwildlifecontrol.com\\\/fr\\\/\",\"name\":\"Aspen Wildlife Control\",\"description\":\"Fast, humane wildlife removal in Ottawa-Gatineau \u2014 guaranteed results, 24\\\/7 service\",\"potentialAction\":[{\"@type\":\"SearchAction\",\"target\":{\"@type\":\"EntryPoint\",\"urlTemplate\":\"https:\\\/\\\/aspenwildlifecontrol.com\\\/fr\\\/?s={search_term_string}\"},\"query-input\":{\"@type\":\"PropertyValueSpecification\",\"valueRequired\":true,\"valueName\":\"search_term_string\"}}],\"inLanguage\":\"fr-FR\"}]}<\/script>\n<!-- \/ Yoast SEO Premium plugin. -->","yoast_head_json":{"title":"Pourquoi les moufettes vivent-elles pr\u00e8s de chez moi | Aspen","description":"Comprenez pourquoi les moufettes s'installent pr\u00e8s de chez vous avec Aspen Wildlife Control \u00e0 Gatineau-Ottawa. Solutions de pr\u00e9vention.","robots":{"index":"index","follow":"follow","max-snippet":"max-snippet:-1","max-image-preview":"max-image-preview:large","max-video-preview":"max-video-preview:-1"},"canonical":"https:\/\/aspenwildlifecontrol.com\/fr\/prestations-de-service\/moufettes\/pourquoi-les-moufettes-vivent-elles-pres-de-chez-moi\/","og_locale":"fr_FR","og_type":"article","og_title":"Pourquoi les moufettes vivent-elles pr\u00e8s de chez moi ?","og_description":"Comprenez pourquoi les moufettes s'installent pr\u00e8s de chez vous avec Aspen Wildlife Control \u00e0 Gatineau-Ottawa. Solutions de pr\u00e9vention.","og_url":"https:\/\/aspenwildlifecontrol.com\/fr\/prestations-de-service\/moufettes\/pourquoi-les-moufettes-vivent-elles-pres-de-chez-moi\/","og_site_name":"Aspen Wildlife Control","article_modified_time":"2025-02-11T14:12:43+00:00","twitter_card":"summary_large_image","twitter_misc":{"Dur\u00e9e de lecture estim\u00e9e":"2 minutes"},"schema":{"@context":"https:\/\/schema.org","@graph":[{"@type":"WebPage","@id":"https:\/\/aspenwildlifecontrol.com\/fr\/prestations-de-service\/moufettes\/pourquoi-les-moufettes-vivent-elles-pres-de-chez-moi\/","url":"https:\/\/aspenwildlifecontrol.com\/fr\/prestations-de-service\/moufettes\/pourquoi-les-moufettes-vivent-elles-pres-de-chez-moi\/","name":"Pourquoi les moufettes vivent-elles pr\u00e8s de chez moi | Aspen","isPartOf":{"@id":"https:\/\/aspenwildlifecontrol.com\/fr\/#website"},"datePublished":"2023-03-01T00:51:34+00:00","dateModified":"2025-02-11T14:12:43+00:00","description":"Comprenez pourquoi les moufettes s'installent pr\u00e8s de chez vous avec Aspen Wildlife Control \u00e0 Gatineau-Ottawa. Solutions de pr\u00e9vention.","breadcrumb":{"@id":"https:\/\/aspenwildlifecontrol.com\/fr\/prestations-de-service\/moufettes\/pourquoi-les-moufettes-vivent-elles-pres-de-chez-moi\/#breadcrumb"},"inLanguage":"fr-FR","potentialAction":[{"@type":"ReadAction","target":["https:\/\/aspenwildlifecontrol.com\/fr\/prestations-de-service\/moufettes\/pourquoi-les-moufettes-vivent-elles-pres-de-chez-moi\/"]}]},{"@type":"BreadcrumbList","@id":"https:\/\/aspenwildlifecontrol.com\/fr\/prestations-de-service\/moufettes\/pourquoi-les-moufettes-vivent-elles-pres-de-chez-moi\/#breadcrumb","itemListElement":[{"@type":"ListItem","position":1,"name":"Home","item":"https:\/\/aspenwildlifecontrol.com\/fr\/"},{"@type":"ListItem","position":2,"name":"Service control animal","item":"https:\/\/aspenwildlifecontrol.com\/fr\/prestations-de-service\/"},{"@type":"ListItem","position":3,"name":"Moufettes","item":"https:\/\/aspenwildlifecontrol.com\/fr\/prestations-de-service\/moufettes\/"},{"@type":"ListItem","position":4,"name":"Pourquoi les moufettes vivent-elles pr\u00e8s de chez moi ?"}]},{"@type":"WebSite","@id":"https:\/\/aspenwildlifecontrol.com\/fr\/#website","url":"https:\/\/aspenwildlifecontrol.com\/fr\/","name":"Aspen Wildlife Control","description":"Fast, humane wildlife removal in Ottawa-Gatineau \u2014 guaranteed results, 24\/7 service","potentialAction":[{"@type":"SearchAction","target":{"@type":"EntryPoint","urlTemplate":"https:\/\/aspenwildlifecontrol.com\/fr\/?s={search_term_string}"},"query-input":{"@type":"PropertyValueSpecification","valueRequired":true,"valueName":"search_term_string"}}],"inLanguage":"fr-FR"}]}},"_links":{"self":[{"href":"https:\/\/aspenwildlifecontrol.com\/fr\/wp-json\/wp\/v2\/pages\/1004","targetHints":{"allow":["GET"]}}],"collection":[{"href":"https:\/\/aspenwildlifecontrol.com\/fr\/wp-json\/wp\/v2\/pages"}],"about":[{"href":"https:\/\/aspenwildlifecontrol.com\/fr\/wp-json\/wp\/v2\/types\/page"}],"author":[{"embeddable":true,"href":"https:\/\/aspenwildlifecontrol.com\/fr\/wp-json\/wp\/v2\/users\/1"}],"replies":[{"embeddable":true,"href":"https:\/\/aspenwildlifecontrol.com\/fr\/wp-json\/wp\/v2\/comments?post=1004"}],"version-history":[{"count":2,"href":"https:\/\/aspenwildlifecontrol.com\/fr\/wp-json\/wp\/v2\/pages\/1004\/revisions"}],"predecessor-version":[{"id":3035,"href":"https:\/\/aspenwildlifecontrol.com\/fr\/wp-json\/wp\/v2\/pages\/1004\/revisions\/3035"}],"up":[{"embeddable":true,"href":"https:\/\/aspenwildlifecontrol.com\/fr\/wp-json\/wp\/v2\/pages\/978"}],"wp:attachment":[{"href":"https:\/\/aspenwildlifecontrol.com\/fr\/wp-json\/wp\/v2\/media?parent=1004"}],"curies":[{"name":"wp","href":"https:\/\/api.w.org\/{rel}","templated":true}]}}