{"id":1003,"date":"2023-02-28T19:47:28","date_gmt":"2023-03-01T00:47:28","guid":{"rendered":"https:\/\/aspenwildlifecontrol.com\/prestations-de-service\/moufettes\/comment-se-debarrasser-dune-moufette\/"},"modified":"2025-02-11T09:09:07","modified_gmt":"2025-02-11T14:09:07","slug":"comment-se-debarrasser-dune-moufette","status":"publish","type":"page","link":"https:\/\/aspenwildlifecontrol.com\/fr\/prestations-de-service\/moufettes\/comment-se-debarrasser-dune-moufette\/","title":{"rendered":"Comment se d\u00e9barrasser d&rsquo;une moufette"},"content":{"rendered":"<div class=\"et_pb_module et_pb_text et_pb_text_0 et_pb_text_align_left et_pb_bg_layout_light et_had_animation\">\n<div class=\"et_pb_text_inner\">\n<p><span style=\"font-weight: 400;\">Pr\u00e9parez-vous \u00e0 rendre votre maison aussi peu attrayante que possible ! Si une moufette a \u00e9lu domicile chez vous, il vous faudra trois jours de perturbation et de d\u00e9sordre &#8211; pensez aux lumi\u00e8res qui clignotent toute la nuit, \u00e0 la musique \u00e0 fond et aux odeurs \u00e2pres qui flottent dans l&rsquo;air. Vous pourrez ainsi l&rsquo;amadouer sans lui faire de mal et vous assurer que ce visiteur ind\u00e9sirable ne reviendra plus jamais.<\/span><\/p>\n<p><span style=\"font-weight: 400;\">Bien qu&rsquo;il puisse \u00eatre frustrant de voir des animaux s&rsquo;installer dans votre maison, il existe des moyens compatissants de les expulser sans sacrifier leur bien-\u00eatre. Par exemple, \u00e9vitez de poser des pi\u00e8ges ou des sorties \u00e0 sens unique, car la m\u00e8re ne pourrait pas revenir et s&rsquo;occuper de ses petits qui p\u00e9rirent s\u00fbrement \u00e0 cause de la n\u00e9gligence.<\/span><\/p>\n<\/div>\n<\/div>\n<h5><strong>Les moufettes d\u00e9testent la lumi\u00e8re trop forte<\/strong><\/h5>\n<p><span style=\"font-weight: 400;\">Pour assurer la s\u00e9curit\u00e9 de ses habitants, une lumi\u00e8re puissante devrait \u00eatre plac\u00e9e \u00e0 l&rsquo;entr\u00e9e de tout abri pour mouffettes. Bien que cela puisse sembler fastidieux, il s&rsquo;agit d&rsquo;une \u00e9tape absolument essentielle pour prot\u00e9ger ces fascinants animaux nocturnes et leur environnement des risques d&rsquo;incendie.<\/span><\/p>\n<h5><strong>La voix humaine est mena\u00e7ante pour la moufette<\/strong><\/h5>\n<p><span style=\"font-weight: 400;\">Pour faire fuir les moufettes, installez une radio qui diffuse des voix et des bavardages. Comme ces cr\u00e9atures n&rsquo;aiment pas les m\u00e9lodies mais consid\u00e8rent les bavardages humains comme une alerte \u00e0 l&rsquo;intrusion, c&rsquo;est le rem\u00e8de sonore id\u00e9al ! Si vous avez des amis \u00e0 fourrure \u00e0 la maison, \u00e9vitez les r\u00e9pulsifs \u00e0 ultrasons &#8211; contentez-vous de la bonne vieille radio locale.<\/span><\/p>\n<h5><strong>Certaines odeurs \u00e9loignent les moufettes<\/strong><\/h5>\n<div class=\"et_pb_module et_pb_text et_pb_text_6 et_pb_text_align_left et_pb_bg_layout_light et_had_animation\">\n<div class=\"et_pb_text_inner\">\n<p><span style=\"font-weight: 400;\">Dites adieu aux mouffettes ind\u00e9sirables avec une solution simple et humaine que notre \u00e9quipe d&rsquo;experts peut vous offrir. \u00c9loignez-les en utilisant des odeurs comme le vinaigre de cidre de pomme, l&rsquo;ammoniac, les boules de naphtaline ou les cheveux humains pr\u00e8s de l&rsquo;abri<\/span><\/p>\n<p><span style=\"font-weight: 400;\">&#8211; les odeurs d\u00e9sagr\u00e9ables les inciteront \u00e0 quitter leur petit coin de paradis \u00e0 vos d\u00e9pens ! Contactez-nous d\u00e8s maintenant pour obtenir de l&rsquo;aide afin de vous d\u00e9barrasser rapidement et sans douleur de ces satan\u00e9es bestioles.<\/span><\/p>\n<\/div>\n<\/div>\n","protected":false},"excerpt":{"rendered":"<p>Pr\u00e9parez-vous \u00e0 rendre votre maison aussi peu attrayante que possible ! Si une moufette a \u00e9lu domicile chez vous, il vous faudra trois jours de perturbation et de d\u00e9sordre &#8211; pensez aux lumi\u00e8res qui clignotent toute la nuit, \u00e0 la musique \u00e0 fond et aux odeurs \u00e2pres qui flottent dans l&rsquo;air. Vous pourrez ainsi l&rsquo;amadouer&hellip; <a class=\"more-link\" href=\"https:\/\/aspenwildlifecontrol.com\/fr\/prestations-de-service\/moufettes\/comment-se-debarrasser-dune-moufette\/\">Poursuivre la lecture <span class=\"screen-reader-text\">Comment se d\u00e9barrasser d&rsquo;une moufette<\/span><\/a><\/p>\n","protected":false},"author":1,"featured_media":0,"parent":978,"menu_order":0,"comment_status":"closed","ping_status":"closed","template":"","meta":{"_acf_changed":false,"footnotes":""},"class_list":["post-1003","page","type-page","status-publish","hentry","entry"],"acf":[],"yoast_head":"<!-- This site is optimized with the Yoast SEO Premium plugin v26.8 (Yoast SEO v27.5) - https:\/\/yoast.com\/product\/yoast-seo-premium-wordpress\/ -->\n<title>Comment se d\u00e9barrasser d&#039;une moufette | Aspen Wildlife Gatineau<\/title>\n<meta name=\"description\" content=\"Capturer les moufettes en toute s\u00e9curit\u00e9 avec Aspen Wildlife Control \u00e0 Gatineau-Ottawa. Solutions professionnelles et respectueuses.\" \/>\n<meta name=\"robots\" content=\"index, follow, max-snippet:-1, max-image-preview:large, max-video-preview:-1\" \/>\n<link rel=\"canonical\" href=\"https:\/\/aspenwildlifecontrol.com\/fr\/prestations-de-service\/moufettes\/comment-se-debarrasser-dune-moufette\/\" \/>\n<meta property=\"og:locale\" content=\"fr_FR\" \/>\n<meta property=\"og:type\" content=\"article\" \/>\n<meta property=\"og:title\" content=\"Comment se d\u00e9barrasser d&#039;une moufette\" \/>\n<meta property=\"og:description\" content=\"Capturer les moufettes en toute s\u00e9curit\u00e9 avec Aspen Wildlife Control \u00e0 Gatineau-Ottawa. Solutions professionnelles et respectueuses.\" \/>\n<meta property=\"og:url\" content=\"https:\/\/aspenwildlifecontrol.com\/fr\/prestations-de-service\/moufettes\/comment-se-debarrasser-dune-moufette\/\" \/>\n<meta property=\"og:site_name\" content=\"Aspen Wildlife Control\" \/>\n<meta property=\"article:modified_time\" content=\"2025-02-11T14:09:07+00:00\" \/>\n<meta name=\"twitter:card\" content=\"summary_large_image\" \/>\n<meta name=\"twitter:label1\" content=\"Dur\u00e9e de lecture estim\u00e9e\" \/>\n\t<meta name=\"twitter:data1\" content=\"2 minutes\" \/>\n<script type=\"application\/ld+json\" class=\"yoast-schema-graph\">{\"@context\":\"https:\\\/\\\/schema.org\",\"@graph\":[{\"@type\":\"WebPage\",\"@id\":\"https:\\\/\\\/aspenwildlifecontrol.com\\\/fr\\\/prestations-de-service\\\/moufettes\\\/comment-se-debarrasser-dune-moufette\\\/\",\"url\":\"https:\\\/\\\/aspenwildlifecontrol.com\\\/fr\\\/prestations-de-service\\\/moufettes\\\/comment-se-debarrasser-dune-moufette\\\/\",\"name\":\"Comment se d\u00e9barrasser d'une moufette | Aspen Wildlife Gatineau\",\"isPartOf\":{\"@id\":\"https:\\\/\\\/aspenwildlifecontrol.com\\\/fr\\\/#website\"},\"datePublished\":\"2023-03-01T00:47:28+00:00\",\"dateModified\":\"2025-02-11T14:09:07+00:00\",\"description\":\"Capturer les moufettes en toute s\u00e9curit\u00e9 avec Aspen Wildlife Control \u00e0 Gatineau-Ottawa. Solutions professionnelles et respectueuses.\",\"breadcrumb\":{\"@id\":\"https:\\\/\\\/aspenwildlifecontrol.com\\\/fr\\\/prestations-de-service\\\/moufettes\\\/comment-se-debarrasser-dune-moufette\\\/#breadcrumb\"},\"inLanguage\":\"fr-FR\",\"potentialAction\":[{\"@type\":\"ReadAction\",\"target\":[\"https:\\\/\\\/aspenwildlifecontrol.com\\\/fr\\\/prestations-de-service\\\/moufettes\\\/comment-se-debarrasser-dune-moufette\\\/\"]}]},{\"@type\":\"BreadcrumbList\",\"@id\":\"https:\\\/\\\/aspenwildlifecontrol.com\\\/fr\\\/prestations-de-service\\\/moufettes\\\/comment-se-debarrasser-dune-moufette\\\/#breadcrumb\",\"itemListElement\":[{\"@type\":\"ListItem\",\"position\":1,\"name\":\"Home\",\"item\":\"https:\\\/\\\/aspenwildlifecontrol.com\\\/fr\\\/\"},{\"@type\":\"ListItem\",\"position\":2,\"name\":\"Service control animal\",\"item\":\"https:\\\/\\\/aspenwildlifecontrol.com\\\/fr\\\/prestations-de-service\\\/\"},{\"@type\":\"ListItem\",\"position\":3,\"name\":\"Moufettes\",\"item\":\"https:\\\/\\\/aspenwildlifecontrol.com\\\/fr\\\/prestations-de-service\\\/moufettes\\\/\"},{\"@type\":\"ListItem\",\"position\":4,\"name\":\"Comment se d\u00e9barrasser d&#8217;une moufette\"}]},{\"@type\":\"WebSite\",\"@id\":\"https:\\\/\\\/aspenwildlifecontrol.com\\\/fr\\\/#website\",\"url\":\"https:\\\/\\\/aspenwildlifecontrol.com\\\/fr\\\/\",\"name\":\"Aspen Wildlife Control\",\"description\":\"Fast, humane wildlife removal in Ottawa-Gatineau \u2014 guaranteed results, 24\\\/7 service\",\"potentialAction\":[{\"@type\":\"SearchAction\",\"target\":{\"@type\":\"EntryPoint\",\"urlTemplate\":\"https:\\\/\\\/aspenwildlifecontrol.com\\\/fr\\\/?s={search_term_string}\"},\"query-input\":{\"@type\":\"PropertyValueSpecification\",\"valueRequired\":true,\"valueName\":\"search_term_string\"}}],\"inLanguage\":\"fr-FR\"}]}<\/script>\n<!-- \/ Yoast SEO Premium plugin. -->","yoast_head_json":{"title":"Comment se d\u00e9barrasser d'une moufette | Aspen Wildlife Gatineau","description":"Capturer les moufettes en toute s\u00e9curit\u00e9 avec Aspen Wildlife Control \u00e0 Gatineau-Ottawa. Solutions professionnelles et respectueuses.","robots":{"index":"index","follow":"follow","max-snippet":"max-snippet:-1","max-image-preview":"max-image-preview:large","max-video-preview":"max-video-preview:-1"},"canonical":"https:\/\/aspenwildlifecontrol.com\/fr\/prestations-de-service\/moufettes\/comment-se-debarrasser-dune-moufette\/","og_locale":"fr_FR","og_type":"article","og_title":"Comment se d\u00e9barrasser d'une moufette","og_description":"Capturer les moufettes en toute s\u00e9curit\u00e9 avec Aspen Wildlife Control \u00e0 Gatineau-Ottawa. Solutions professionnelles et respectueuses.","og_url":"https:\/\/aspenwildlifecontrol.com\/fr\/prestations-de-service\/moufettes\/comment-se-debarrasser-dune-moufette\/","og_site_name":"Aspen Wildlife Control","article_modified_time":"2025-02-11T14:09:07+00:00","twitter_card":"summary_large_image","twitter_misc":{"Dur\u00e9e de lecture estim\u00e9e":"2 minutes"},"schema":{"@context":"https:\/\/schema.org","@graph":[{"@type":"WebPage","@id":"https:\/\/aspenwildlifecontrol.com\/fr\/prestations-de-service\/moufettes\/comment-se-debarrasser-dune-moufette\/","url":"https:\/\/aspenwildlifecontrol.com\/fr\/prestations-de-service\/moufettes\/comment-se-debarrasser-dune-moufette\/","name":"Comment se d\u00e9barrasser d'une moufette | Aspen Wildlife Gatineau","isPartOf":{"@id":"https:\/\/aspenwildlifecontrol.com\/fr\/#website"},"datePublished":"2023-03-01T00:47:28+00:00","dateModified":"2025-02-11T14:09:07+00:00","description":"Capturer les moufettes en toute s\u00e9curit\u00e9 avec Aspen Wildlife Control \u00e0 Gatineau-Ottawa. Solutions professionnelles et respectueuses.","breadcrumb":{"@id":"https:\/\/aspenwildlifecontrol.com\/fr\/prestations-de-service\/moufettes\/comment-se-debarrasser-dune-moufette\/#breadcrumb"},"inLanguage":"fr-FR","potentialAction":[{"@type":"ReadAction","target":["https:\/\/aspenwildlifecontrol.com\/fr\/prestations-de-service\/moufettes\/comment-se-debarrasser-dune-moufette\/"]}]},{"@type":"BreadcrumbList","@id":"https:\/\/aspenwildlifecontrol.com\/fr\/prestations-de-service\/moufettes\/comment-se-debarrasser-dune-moufette\/#breadcrumb","itemListElement":[{"@type":"ListItem","position":1,"name":"Home","item":"https:\/\/aspenwildlifecontrol.com\/fr\/"},{"@type":"ListItem","position":2,"name":"Service control animal","item":"https:\/\/aspenwildlifecontrol.com\/fr\/prestations-de-service\/"},{"@type":"ListItem","position":3,"name":"Moufettes","item":"https:\/\/aspenwildlifecontrol.com\/fr\/prestations-de-service\/moufettes\/"},{"@type":"ListItem","position":4,"name":"Comment se d\u00e9barrasser d&#8217;une moufette"}]},{"@type":"WebSite","@id":"https:\/\/aspenwildlifecontrol.com\/fr\/#website","url":"https:\/\/aspenwildlifecontrol.com\/fr\/","name":"Aspen Wildlife Control","description":"Fast, humane wildlife removal in Ottawa-Gatineau \u2014 guaranteed results, 24\/7 service","potentialAction":[{"@type":"SearchAction","target":{"@type":"EntryPoint","urlTemplate":"https:\/\/aspenwildlifecontrol.com\/fr\/?s={search_term_string}"},"query-input":{"@type":"PropertyValueSpecification","valueRequired":true,"valueName":"search_term_string"}}],"inLanguage":"fr-FR"}]}},"_links":{"self":[{"href":"https:\/\/aspenwildlifecontrol.com\/fr\/wp-json\/wp\/v2\/pages\/1003","targetHints":{"allow":["GET"]}}],"collection":[{"href":"https:\/\/aspenwildlifecontrol.com\/fr\/wp-json\/wp\/v2\/pages"}],"about":[{"href":"https:\/\/aspenwildlifecontrol.com\/fr\/wp-json\/wp\/v2\/types\/page"}],"author":[{"embeddable":true,"href":"https:\/\/aspenwildlifecontrol.com\/fr\/wp-json\/wp\/v2\/users\/1"}],"replies":[{"embeddable":true,"href":"https:\/\/aspenwildlifecontrol.com\/fr\/wp-json\/wp\/v2\/comments?post=1003"}],"version-history":[{"count":2,"href":"https:\/\/aspenwildlifecontrol.com\/fr\/wp-json\/wp\/v2\/pages\/1003\/revisions"}],"predecessor-version":[{"id":3028,"href":"https:\/\/aspenwildlifecontrol.com\/fr\/wp-json\/wp\/v2\/pages\/1003\/revisions\/3028"}],"up":[{"embeddable":true,"href":"https:\/\/aspenwildlifecontrol.com\/fr\/wp-json\/wp\/v2\/pages\/978"}],"wp:attachment":[{"href":"https:\/\/aspenwildlifecontrol.com\/fr\/wp-json\/wp\/v2\/media?parent=1003"}],"curies":[{"name":"wp","href":"https:\/\/api.w.org\/{rel}","templated":true}]}}