{"id":1002,"date":"2023-02-28T19:36:32","date_gmt":"2023-03-01T00:36:32","guid":{"rendered":"https:\/\/aspenwildlifecontrol.com\/prestations-de-service\/moufettes\/faits-sur-les-moufettes\/"},"modified":"2025-02-11T09:10:51","modified_gmt":"2025-02-11T14:10:51","slug":"faits-sur-les-moufettes","status":"publish","type":"page","link":"https:\/\/aspenwildlifecontrol.com\/fr\/prestations-de-service\/moufettes\/faits-sur-les-moufettes\/","title":{"rendered":"Faits sur les moufettes"},"content":{"rendered":"<div class=\"et_pb_module et_pb_text et_pb_text_0 et_pb_text_align_left et_pb_bg_layout_light et_had_animation\">\n<div class=\"et_pb_text_inner\">\n<p><b>Nom scientifique <\/b><span style=\"font-weight: 400;\">Mephitis Mephitis<\/span><\/p>\n<p><b>Classe<\/b><span style=\"font-weight: 400;\"> Mammif\u00e8re<\/span><\/p>\n<p><b>Famille<\/b><span style=\"font-weight: 400;\"> M\u00e9phitid\u00e9s<\/span><\/p>\n<p><b>Ordre<\/b><span style=\"font-weight: 400;\"> Carnivores<\/span><\/p>\n<p><b>Dur\u00e9e de vie :<\/b><\/p>\n<p><span style=\"font-weight: 400;\">Les moufettes ont une dur\u00e9e de vie \u00e9tonnamment longue en captivit\u00e9, certaines vivant jusqu&rsquo;\u00e0 15 ans &#8211; <\/span><\/p>\n<p><span style=\"font-weight: 400;\">soit cinq fois plus que leur dur\u00e9e de vie moyenne de trois ans dans la nature.<\/span><\/p>\n<\/div>\n<\/div>\n<h5><strong>Reproduction<\/strong><\/h5>\n<p><span style=\"font-weight: 400;\">Pendant les jours froids de la fin f\u00e9vrier et du mois de mars, les moufettes entament leur rituel annuel de s\u00e9duction \u00e0 la recherche d&rsquo;un partenaire. Apr\u00e8s de douces promesses faites sous un ciel \u00e9toil\u00e9, des port\u00e9es de quatre \u00e0 six petits naissent 42 \u00e0 63 jours plus tard dans la chaleur bienfaisante du printemps.<\/span><\/p>\n<h5><strong>R\u00e9gime alimentaire<\/strong><\/h5>\n<div class=\"et_pb_module et_pb_text et_pb_text_4 et_pb_text_align_left et_pb_bg_layout_light et_had_animation\">\n<div class=\"et_pb_text_inner\">\n<p><span style=\"font-weight: 400;\">Actives au cr\u00e9puscule, les moufettes sont des omnivores, c\u2019est-\u00e0-dire qu\u2019elle se nourrit d\u2019\u00e0 peu pr\u00e8s tout ce qu\u2019elle peut trouver :<\/span><\/p>\n<ul>\n<li style=\"font-weight: 400;\" aria-level=\"1\"><span style=\"font-weight: 400;\">Rongeurs<\/span><\/li>\n<li style=\"font-weight: 400;\" aria-level=\"1\"><span style=\"font-weight: 400;\">Miel<\/span><\/li>\n<li style=\"font-weight: 400;\" aria-level=\"1\"><span style=\"font-weight: 400;\">Oeufs<\/span><\/li>\n<li style=\"font-weight: 400;\" aria-level=\"1\"><span style=\"font-weight: 400;\">Charognes<\/span><\/li>\n<li style=\"font-weight: 400;\" aria-level=\"1\"><span style=\"font-weight: 400;\">Insects;<\/span><\/li>\n<li style=\"font-weight: 400;\" aria-level=\"1\"><span style=\"font-weight: 400;\">Berries;<\/span><\/li>\n<li style=\"font-weight: 400;\" aria-level=\"1\"><span style=\"font-weight: 400;\">D\u00e9chets m\u00e9nagers<\/span><\/li>\n<\/ul>\n<\/div>\n<\/div>\n<h5><strong>Habitat<\/strong><\/h5>\n<p><span style=\"font-weight: 400;\">Les moufettes se d\u00e9placent dans toute l&rsquo;Am\u00e9rique du Nord, sans qu&rsquo;aucune zone ne soit exclue de leur domaine &#8211; on les trouve dans les for\u00eats, les r\u00e9gions agricoles et m\u00eame les villes ! Elle est l&rsquo;un des mammif\u00e8res les plus r\u00e9pandus sur le continent.<\/span><\/p>\n<h5><strong>Pourquoi les moufettes puent?<\/strong><\/h5>\n<p><span style=\"font-weight: 400;\">Les moufettes sont loin d&rsquo;\u00eatre timides, car elles disposent d&rsquo;un moyen de d\u00e9fense unique contre les pr\u00e9dateurs : un m\u00e9lange odorif\u00e9rant qu&rsquo;elles peuvent pulv\u00e9riser jusqu&rsquo;\u00e0 6 m\u00e8tres de distance. Ce mammif\u00e8re montre sa puissance en avertissant d&rsquo;abord la menace imminente en levant la queue et en tapant du pied avant d&rsquo;expulser de puissants jets d&rsquo;a\u00e9rosol odorant jusqu&rsquo;\u00e0 cinq fois de suite.<\/span><\/p>\n<h5><strong>Quand les moufettes hibernent-elles? <\/strong><\/h5>\n<p><span style=\"font-weight: 400;\">Les moufettes sont de remarquables petites cr\u00e9atures qui vont \u00e0 l&rsquo;encontre de la tendance des autres animaux en hiver. Refusant d&rsquo;hiberner, elles endurent des conditions difficiles en ralentissant leur m\u00e9tabolisme et en restant actives m\u00eame lorsque les temp\u00e9ratures ext\u00e9rieures baissent.<\/span><\/p>\n<h5><strong>Est-ce que les b\u00e9b\u00e9s moufettes peuvent aussi arroser leurs ennemis?<\/strong><\/h5>\n<p><span style=\"font-weight: 400;\">\u00c0 l&rsquo;\u00e2ge tendre de 6-7 semaines, les b\u00e9b\u00e9s mouffettes sont d\u00e9j\u00e0 dot\u00e9s d&rsquo;un m\u00e9canisme de d\u00e9fense impressionnant : ils peuvent asperger leurs adversaires pour \u00e9carter toute menace potentielle.<\/span><\/p>\n<h5><strong>Est-ce que les moufettes sortent le jour?<\/strong><\/h5>\n<p><span style=\"font-weight: 400;\">Les moufettes s&rsquo;animent au cr\u00e9puscule, ce qui ajoute une touche unique \u00e0 leurs manigances nocturnes.<\/span><\/p>\n<h5><strong>Comment enlever l\u2019odeur de moufette si on se fait arroser?<\/strong><\/h5>\n<p><span style=\"font-weight: 400;\">En 1993, un chimiste g\u00e9n\u00e9reux a d\u00e9couvert le secret de l&rsquo;\u00e9limination des mauvaises odeurs &#8211; et ce n&rsquo;\u00e9tait pas du jus de tomate ! Plut\u00f4t que de profiter de sa d\u00e9couverte, il a choisi de la partager avec tout le monde. La recette est la suivante :<\/span><\/p>\n<ul>\n<li style=\"font-weight: 400;\" aria-level=\"1\"><span style=\"font-weight: 400;\">30 mL de liquide \u00e0 vaisselle<\/span><\/li>\n<li style=\"font-weight: 400;\" aria-level=\"1\"><span style=\"font-weight: 400;\">\u00bc tasse de bicarbonate de soude<\/span><\/li>\n<li style=\"font-weight: 400;\" aria-level=\"1\"><span style=\"font-weight: 400;\">1 L de peroxyde d\u2019hydrog\u00e8ne 3 %<\/span><\/li>\n<\/ul>\n","protected":false},"excerpt":{"rendered":"<p>Nom scientifique Mephitis Mephitis Classe Mammif\u00e8re Famille M\u00e9phitid\u00e9s Ordre Carnivores Dur\u00e9e de vie : Les moufettes ont une dur\u00e9e de vie \u00e9tonnamment longue en captivit\u00e9, certaines vivant jusqu&rsquo;\u00e0 15 ans &#8211; soit cinq fois plus que leur dur\u00e9e de vie moyenne de trois ans dans la nature. Reproduction Pendant les jours froids de la fin&hellip; <a class=\"more-link\" href=\"https:\/\/aspenwildlifecontrol.com\/fr\/prestations-de-service\/moufettes\/faits-sur-les-moufettes\/\">Poursuivre la lecture <span class=\"screen-reader-text\">Faits sur les moufettes<\/span><\/a><\/p>\n","protected":false},"author":1,"featured_media":0,"parent":978,"menu_order":0,"comment_status":"closed","ping_status":"closed","template":"","meta":{"_acf_changed":false,"footnotes":""},"class_list":["post-1002","page","type-page","status-publish","hentry","entry"],"acf":[],"yoast_head":"<!-- This site is optimized with the Yoast SEO Premium plugin v26.8 (Yoast SEO v27.5) - https:\/\/yoast.com\/product\/yoast-seo-premium-wordpress\/ -->\n<title>Faits sur les moufettes | Aspen Wildlife Control Gatineau-Ottawa<\/title>\n<meta name=\"description\" content=\"D\u00e9couvrez des faits int\u00e9ressants sur les moufettes avec Aspen Wildlife Control \u00e0 Gatineau-Ottawa. Expertise sur ces animaux nuisibles.\" \/>\n<meta name=\"robots\" content=\"index, follow, max-snippet:-1, max-image-preview:large, max-video-preview:-1\" \/>\n<link rel=\"canonical\" href=\"https:\/\/aspenwildlifecontrol.com\/fr\/prestations-de-service\/moufettes\/faits-sur-les-moufettes\/\" \/>\n<meta property=\"og:locale\" content=\"fr_FR\" \/>\n<meta property=\"og:type\" content=\"article\" \/>\n<meta property=\"og:title\" content=\"Faits sur les moufettes\" \/>\n<meta property=\"og:description\" content=\"D\u00e9couvrez des faits int\u00e9ressants sur les moufettes avec Aspen Wildlife Control \u00e0 Gatineau-Ottawa. Expertise sur ces animaux nuisibles.\" \/>\n<meta property=\"og:url\" content=\"https:\/\/aspenwildlifecontrol.com\/fr\/prestations-de-service\/moufettes\/faits-sur-les-moufettes\/\" \/>\n<meta property=\"og:site_name\" content=\"Aspen Wildlife Control\" \/>\n<meta property=\"article:modified_time\" content=\"2025-02-11T14:10:51+00:00\" \/>\n<meta name=\"twitter:card\" content=\"summary_large_image\" \/>\n<meta name=\"twitter:label1\" content=\"Dur\u00e9e de lecture estim\u00e9e\" \/>\n\t<meta name=\"twitter:data1\" content=\"2 minutes\" \/>\n<script type=\"application\/ld+json\" class=\"yoast-schema-graph\">{\"@context\":\"https:\\\/\\\/schema.org\",\"@graph\":[{\"@type\":\"WebPage\",\"@id\":\"https:\\\/\\\/aspenwildlifecontrol.com\\\/fr\\\/prestations-de-service\\\/moufettes\\\/faits-sur-les-moufettes\\\/\",\"url\":\"https:\\\/\\\/aspenwildlifecontrol.com\\\/fr\\\/prestations-de-service\\\/moufettes\\\/faits-sur-les-moufettes\\\/\",\"name\":\"Faits sur les moufettes | Aspen Wildlife Control Gatineau-Ottawa\",\"isPartOf\":{\"@id\":\"https:\\\/\\\/aspenwildlifecontrol.com\\\/fr\\\/#website\"},\"datePublished\":\"2023-03-01T00:36:32+00:00\",\"dateModified\":\"2025-02-11T14:10:51+00:00\",\"description\":\"D\u00e9couvrez des faits int\u00e9ressants sur les moufettes avec Aspen Wildlife Control \u00e0 Gatineau-Ottawa. Expertise sur ces animaux nuisibles.\",\"breadcrumb\":{\"@id\":\"https:\\\/\\\/aspenwildlifecontrol.com\\\/fr\\\/prestations-de-service\\\/moufettes\\\/faits-sur-les-moufettes\\\/#breadcrumb\"},\"inLanguage\":\"fr-FR\",\"potentialAction\":[{\"@type\":\"ReadAction\",\"target\":[\"https:\\\/\\\/aspenwildlifecontrol.com\\\/fr\\\/prestations-de-service\\\/moufettes\\\/faits-sur-les-moufettes\\\/\"]}]},{\"@type\":\"BreadcrumbList\",\"@id\":\"https:\\\/\\\/aspenwildlifecontrol.com\\\/fr\\\/prestations-de-service\\\/moufettes\\\/faits-sur-les-moufettes\\\/#breadcrumb\",\"itemListElement\":[{\"@type\":\"ListItem\",\"position\":1,\"name\":\"Home\",\"item\":\"https:\\\/\\\/aspenwildlifecontrol.com\\\/fr\\\/\"},{\"@type\":\"ListItem\",\"position\":2,\"name\":\"Service control animal\",\"item\":\"https:\\\/\\\/aspenwildlifecontrol.com\\\/fr\\\/prestations-de-service\\\/\"},{\"@type\":\"ListItem\",\"position\":3,\"name\":\"Moufettes\",\"item\":\"https:\\\/\\\/aspenwildlifecontrol.com\\\/fr\\\/prestations-de-service\\\/moufettes\\\/\"},{\"@type\":\"ListItem\",\"position\":4,\"name\":\"Faits sur les moufettes\"}]},{\"@type\":\"WebSite\",\"@id\":\"https:\\\/\\\/aspenwildlifecontrol.com\\\/fr\\\/#website\",\"url\":\"https:\\\/\\\/aspenwildlifecontrol.com\\\/fr\\\/\",\"name\":\"Aspen Wildlife Control\",\"description\":\"Fast, humane wildlife removal in Ottawa-Gatineau \u2014 guaranteed results, 24\\\/7 service\",\"potentialAction\":[{\"@type\":\"SearchAction\",\"target\":{\"@type\":\"EntryPoint\",\"urlTemplate\":\"https:\\\/\\\/aspenwildlifecontrol.com\\\/fr\\\/?s={search_term_string}\"},\"query-input\":{\"@type\":\"PropertyValueSpecification\",\"valueRequired\":true,\"valueName\":\"search_term_string\"}}],\"inLanguage\":\"fr-FR\"}]}<\/script>\n<!-- \/ Yoast SEO Premium plugin. -->","yoast_head_json":{"title":"Faits sur les moufettes | Aspen Wildlife Control Gatineau-Ottawa","description":"D\u00e9couvrez des faits int\u00e9ressants sur les moufettes avec Aspen Wildlife Control \u00e0 Gatineau-Ottawa. Expertise sur ces animaux nuisibles.","robots":{"index":"index","follow":"follow","max-snippet":"max-snippet:-1","max-image-preview":"max-image-preview:large","max-video-preview":"max-video-preview:-1"},"canonical":"https:\/\/aspenwildlifecontrol.com\/fr\/prestations-de-service\/moufettes\/faits-sur-les-moufettes\/","og_locale":"fr_FR","og_type":"article","og_title":"Faits sur les moufettes","og_description":"D\u00e9couvrez des faits int\u00e9ressants sur les moufettes avec Aspen Wildlife Control \u00e0 Gatineau-Ottawa. Expertise sur ces animaux nuisibles.","og_url":"https:\/\/aspenwildlifecontrol.com\/fr\/prestations-de-service\/moufettes\/faits-sur-les-moufettes\/","og_site_name":"Aspen Wildlife Control","article_modified_time":"2025-02-11T14:10:51+00:00","twitter_card":"summary_large_image","twitter_misc":{"Dur\u00e9e de lecture estim\u00e9e":"2 minutes"},"schema":{"@context":"https:\/\/schema.org","@graph":[{"@type":"WebPage","@id":"https:\/\/aspenwildlifecontrol.com\/fr\/prestations-de-service\/moufettes\/faits-sur-les-moufettes\/","url":"https:\/\/aspenwildlifecontrol.com\/fr\/prestations-de-service\/moufettes\/faits-sur-les-moufettes\/","name":"Faits sur les moufettes | Aspen Wildlife Control Gatineau-Ottawa","isPartOf":{"@id":"https:\/\/aspenwildlifecontrol.com\/fr\/#website"},"datePublished":"2023-03-01T00:36:32+00:00","dateModified":"2025-02-11T14:10:51+00:00","description":"D\u00e9couvrez des faits int\u00e9ressants sur les moufettes avec Aspen Wildlife Control \u00e0 Gatineau-Ottawa. Expertise sur ces animaux nuisibles.","breadcrumb":{"@id":"https:\/\/aspenwildlifecontrol.com\/fr\/prestations-de-service\/moufettes\/faits-sur-les-moufettes\/#breadcrumb"},"inLanguage":"fr-FR","potentialAction":[{"@type":"ReadAction","target":["https:\/\/aspenwildlifecontrol.com\/fr\/prestations-de-service\/moufettes\/faits-sur-les-moufettes\/"]}]},{"@type":"BreadcrumbList","@id":"https:\/\/aspenwildlifecontrol.com\/fr\/prestations-de-service\/moufettes\/faits-sur-les-moufettes\/#breadcrumb","itemListElement":[{"@type":"ListItem","position":1,"name":"Home","item":"https:\/\/aspenwildlifecontrol.com\/fr\/"},{"@type":"ListItem","position":2,"name":"Service control animal","item":"https:\/\/aspenwildlifecontrol.com\/fr\/prestations-de-service\/"},{"@type":"ListItem","position":3,"name":"Moufettes","item":"https:\/\/aspenwildlifecontrol.com\/fr\/prestations-de-service\/moufettes\/"},{"@type":"ListItem","position":4,"name":"Faits sur les moufettes"}]},{"@type":"WebSite","@id":"https:\/\/aspenwildlifecontrol.com\/fr\/#website","url":"https:\/\/aspenwildlifecontrol.com\/fr\/","name":"Aspen Wildlife Control","description":"Fast, humane wildlife removal in Ottawa-Gatineau \u2014 guaranteed results, 24\/7 service","potentialAction":[{"@type":"SearchAction","target":{"@type":"EntryPoint","urlTemplate":"https:\/\/aspenwildlifecontrol.com\/fr\/?s={search_term_string}"},"query-input":{"@type":"PropertyValueSpecification","valueRequired":true,"valueName":"search_term_string"}}],"inLanguage":"fr-FR"}]}},"_links":{"self":[{"href":"https:\/\/aspenwildlifecontrol.com\/fr\/wp-json\/wp\/v2\/pages\/1002","targetHints":{"allow":["GET"]}}],"collection":[{"href":"https:\/\/aspenwildlifecontrol.com\/fr\/wp-json\/wp\/v2\/pages"}],"about":[{"href":"https:\/\/aspenwildlifecontrol.com\/fr\/wp-json\/wp\/v2\/types\/page"}],"author":[{"embeddable":true,"href":"https:\/\/aspenwildlifecontrol.com\/fr\/wp-json\/wp\/v2\/users\/1"}],"replies":[{"embeddable":true,"href":"https:\/\/aspenwildlifecontrol.com\/fr\/wp-json\/wp\/v2\/comments?post=1002"}],"version-history":[{"count":2,"href":"https:\/\/aspenwildlifecontrol.com\/fr\/wp-json\/wp\/v2\/pages\/1002\/revisions"}],"predecessor-version":[{"id":3031,"href":"https:\/\/aspenwildlifecontrol.com\/fr\/wp-json\/wp\/v2\/pages\/1002\/revisions\/3031"}],"up":[{"embeddable":true,"href":"https:\/\/aspenwildlifecontrol.com\/fr\/wp-json\/wp\/v2\/pages\/978"}],"wp:attachment":[{"href":"https:\/\/aspenwildlifecontrol.com\/fr\/wp-json\/wp\/v2\/media?parent=1002"}],"curies":[{"name":"wp","href":"https:\/\/api.w.org\/{rel}","templated":true}]}}