{"id":1001,"date":"2023-02-28T18:46:47","date_gmt":"2023-02-28T23:46:47","guid":{"rendered":"https:\/\/aspenwildlifecontrol.com\/prestations-de-service\/souris\/pourquoi-les-souris-vivent-elles-dans-ma-maison\/"},"modified":"2025-02-11T10:22:32","modified_gmt":"2025-02-11T15:22:32","slug":"pourquoi-les-souris-vivent-elles-dans-ma-maison","status":"publish","type":"page","link":"https:\/\/aspenwildlifecontrol.com\/fr\/prestations-de-service\/souris\/pourquoi-les-souris-vivent-elles-dans-ma-maison\/","title":{"rendered":"Pourquoi les souris vivent-elles dans ma maison ?"},"content":{"rendered":"<p>Minuscules mais puissantes, les souris courent partout \u00e0 la recherche de nourriture et d&rsquo;un refuge contre leurs pr\u00e9dateurs implacables. L&rsquo;automne est particuli\u00e8rement tra\u00eetre avec l&rsquo;arriv\u00e9e des temp\u00e9ratures plus froides &#8211; elles se r\u00e9fugient dans les habitations humaines pour \u00e9chapper au froid de l&rsquo;hiver. Malheureusement, ces petites cr\u00e9atures \u00e0 fourrure rec\u00e8lent un sombre secret : les souris sylvestres sont porteuses d&rsquo;un hantavirus qui peut \u00eatre mortel s&rsquo;il est contract\u00e9 par l&rsquo;homme, provoquant de graves infections pulmonaires comme la pneumonie.<\/p>\n<h5><strong>Comment reconna\u00eetre que des souris se trouvent \u00e0 l\u2019int\u00e9rieur de ma maison?<\/strong><\/h5>\n<div class=\"et_pb_module et_pb_text et_pb_text_2 et_pb_text_align_left et_pb_bg_layout_light et_had_animation\">\n<div class=\"et_pb_text_inner\">\n<p>De nombreux indices peuvent vous laisser croire que des souris ont envahi votre maison :<\/p>\n<ul>\n<li>Des bruits de grattements et de trottinements dans les murs la nuit;<\/li>\n<li>Des objets rong\u00e9s ou mordill\u00e9s;<\/li>\n<li>Des emballages d\u2019aliments endommag\u00e9s;<\/li>\n<li>La pr\u00e9sence d\u2019excr\u00e9ments et d\u2019urine;<\/li>\n<li>Des traces de pattes de souris dans la poussi\u00e8re;<\/li>\n<li>Des trous ou des terriers dans les fondations ou autour de votre maison.<\/li>\n<\/ul>\n<p>Si vous rep\u00e9rez l&rsquo;un de ces signes r\u00e9v\u00e9lateurs, n&rsquo;attendez pas : les souris sont r\u00e9put\u00e9es pour leur rapidit\u00e9 de reproduction et peuvent cr\u00e9er une v\u00e9ritable infestation en un rien de temps !<\/p>\n<\/div>\n<\/div>\n<h5><strong>Quoi faire en cas de pr\u00e9sence de souris?<\/strong><\/h5>\n<div class=\"et_pb_module et_pb_text et_pb_text_4 et_pb_text_align_left et_pb_bg_layout_light et_had_animation\">\n<div class=\"et_pb_text_inner\">\n<p>La chasse aux nuisibles autour de votre maison peut \u00eatre d\u00e9licate, mais avec une large gamme de pi\u00e8ges et de produits sur le march\u00e9, il y a certainement une option pour tout le monde. Pour ceux qui souhaitent utiliser un app\u00e2t dans leur pi\u00e8ge, essayez le beurre de cacahu\u00e8te &#8211; sa texture collante et son odeur forte le rendront irr\u00e9sistible !<\/p>\n<p>Chez Aspen Wildlife Control, nous comprenons qu&rsquo;avoir des invit\u00e9s ind\u00e9sirables dans votre maison peut \u00eatre stressant. C&rsquo;est pourquoi notre \u00e9quipe de techniciens est l\u00e0 pour vous aider ! Nous garantissons une solution humaine pour que ces animaux ind\u00e9sirables n&rsquo;aient pas l&rsquo;occasion de se mettre \u00e0 l&rsquo;aise &#8211; sans que vous ayez \u00e0 prendre des mesures radicales. Laissez-nous nous en occuper et ayez l&rsquo;esprit tranquille en sachant que vous \u00eates entre de bonnes mains !<\/p>\n<\/div>\n<\/div>\n","protected":false},"excerpt":{"rendered":"<p>Minuscules mais puissantes, les souris courent partout \u00e0 la recherche de nourriture et d&rsquo;un refuge contre leurs pr\u00e9dateurs implacables. L&rsquo;automne est particuli\u00e8rement tra\u00eetre avec l&rsquo;arriv\u00e9e des temp\u00e9ratures plus froides &#8211; elles se r\u00e9fugient dans les habitations humaines pour \u00e9chapper au froid de l&rsquo;hiver. Malheureusement, ces petites cr\u00e9atures \u00e0 fourrure rec\u00e8lent un sombre secret : les&hellip; <a class=\"more-link\" href=\"https:\/\/aspenwildlifecontrol.com\/fr\/prestations-de-service\/souris\/pourquoi-les-souris-vivent-elles-dans-ma-maison\/\">Poursuivre la lecture <span class=\"screen-reader-text\">Pourquoi les souris vivent-elles dans ma maison ?<\/span><\/a><\/p>\n","protected":false},"author":1,"featured_media":0,"parent":976,"menu_order":0,"comment_status":"closed","ping_status":"closed","template":"","meta":{"_acf_changed":false,"footnotes":""},"class_list":["post-1001","page","type-page","status-publish","hentry","entry"],"acf":{"content":null,"cta_custom":"<h5>Services sur demande<\/h5>\r\nVous avez besoin de services\u00a0Souris\u00a0\u00e0 Ottawa-Gatineau ?\u00a0 <a href=\"https:\/\/aspenwildlifecontrol.com\/fr\/contact\/\">Contactez-nous<\/a>","schema":""},"yoast_head":"<!-- This site is optimized with the Yoast SEO Premium plugin v26.8 (Yoast SEO v27.5) - https:\/\/yoast.com\/product\/yoast-seo-premium-wordpress\/ -->\n<title>Pourquoi les souris vivent-elles dans ma maison | Aspen Wildlife<\/title>\n<meta name=\"description\" content=\"D\u00e9couvrez pourquoi les souris choisissent votre maison avec notre service de contr\u00f4le animalier \u00e0 Gatineau-Ottawa.\" \/>\n<meta name=\"robots\" content=\"index, follow, max-snippet:-1, max-image-preview:large, max-video-preview:-1\" \/>\n<link rel=\"canonical\" href=\"https:\/\/aspenwildlifecontrol.com\/fr\/prestations-de-service\/souris\/pourquoi-les-souris-vivent-elles-dans-ma-maison\/\" \/>\n<meta property=\"og:locale\" content=\"fr_FR\" \/>\n<meta property=\"og:type\" content=\"article\" \/>\n<meta property=\"og:title\" content=\"Pourquoi les souris vivent-elles dans ma maison ?\" \/>\n<meta property=\"og:description\" content=\"D\u00e9couvrez pourquoi les souris choisissent votre maison avec notre service de contr\u00f4le animalier \u00e0 Gatineau-Ottawa.\" \/>\n<meta property=\"og:url\" content=\"https:\/\/aspenwildlifecontrol.com\/fr\/prestations-de-service\/souris\/pourquoi-les-souris-vivent-elles-dans-ma-maison\/\" \/>\n<meta property=\"og:site_name\" content=\"Aspen Wildlife Control\" \/>\n<meta property=\"article:modified_time\" content=\"2025-02-11T15:22:32+00:00\" \/>\n<meta name=\"twitter:card\" content=\"summary_large_image\" \/>\n<meta name=\"twitter:label1\" content=\"Dur\u00e9e de lecture estim\u00e9e\" \/>\n\t<meta name=\"twitter:data1\" content=\"2 minutes\" \/>\n<script type=\"application\/ld+json\" class=\"yoast-schema-graph\">{\"@context\":\"https:\\\/\\\/schema.org\",\"@graph\":[{\"@type\":\"WebPage\",\"@id\":\"https:\\\/\\\/aspenwildlifecontrol.com\\\/fr\\\/prestations-de-service\\\/souris\\\/pourquoi-les-souris-vivent-elles-dans-ma-maison\\\/\",\"url\":\"https:\\\/\\\/aspenwildlifecontrol.com\\\/fr\\\/prestations-de-service\\\/souris\\\/pourquoi-les-souris-vivent-elles-dans-ma-maison\\\/\",\"name\":\"Pourquoi les souris vivent-elles dans ma maison | Aspen Wildlife\",\"isPartOf\":{\"@id\":\"https:\\\/\\\/aspenwildlifecontrol.com\\\/fr\\\/#website\"},\"datePublished\":\"2023-02-28T23:46:47+00:00\",\"dateModified\":\"2025-02-11T15:22:32+00:00\",\"description\":\"D\u00e9couvrez pourquoi les souris choisissent votre maison avec notre service de contr\u00f4le animalier \u00e0 Gatineau-Ottawa.\",\"breadcrumb\":{\"@id\":\"https:\\\/\\\/aspenwildlifecontrol.com\\\/fr\\\/prestations-de-service\\\/souris\\\/pourquoi-les-souris-vivent-elles-dans-ma-maison\\\/#breadcrumb\"},\"inLanguage\":\"fr-FR\",\"potentialAction\":[{\"@type\":\"ReadAction\",\"target\":[\"https:\\\/\\\/aspenwildlifecontrol.com\\\/fr\\\/prestations-de-service\\\/souris\\\/pourquoi-les-souris-vivent-elles-dans-ma-maison\\\/\"]}]},{\"@type\":\"BreadcrumbList\",\"@id\":\"https:\\\/\\\/aspenwildlifecontrol.com\\\/fr\\\/prestations-de-service\\\/souris\\\/pourquoi-les-souris-vivent-elles-dans-ma-maison\\\/#breadcrumb\",\"itemListElement\":[{\"@type\":\"ListItem\",\"position\":1,\"name\":\"Home\",\"item\":\"https:\\\/\\\/aspenwildlifecontrol.com\\\/fr\\\/\"},{\"@type\":\"ListItem\",\"position\":2,\"name\":\"Service control animal\",\"item\":\"https:\\\/\\\/aspenwildlifecontrol.com\\\/fr\\\/prestations-de-service\\\/\"},{\"@type\":\"ListItem\",\"position\":3,\"name\":\"Souris\",\"item\":\"https:\\\/\\\/aspenwildlifecontrol.com\\\/fr\\\/prestations-de-service\\\/souris\\\/\"},{\"@type\":\"ListItem\",\"position\":4,\"name\":\"Pourquoi les souris vivent-elles dans ma maison ?\"}]},{\"@type\":\"WebSite\",\"@id\":\"https:\\\/\\\/aspenwildlifecontrol.com\\\/fr\\\/#website\",\"url\":\"https:\\\/\\\/aspenwildlifecontrol.com\\\/fr\\\/\",\"name\":\"Aspen Wildlife Control\",\"description\":\"Fast, humane wildlife removal in Ottawa-Gatineau \u2014 guaranteed results, 24\\\/7 service\",\"potentialAction\":[{\"@type\":\"SearchAction\",\"target\":{\"@type\":\"EntryPoint\",\"urlTemplate\":\"https:\\\/\\\/aspenwildlifecontrol.com\\\/fr\\\/?s={search_term_string}\"},\"query-input\":{\"@type\":\"PropertyValueSpecification\",\"valueRequired\":true,\"valueName\":\"search_term_string\"}}],\"inLanguage\":\"fr-FR\"}]}<\/script>\n<!-- \/ Yoast SEO Premium plugin. -->","yoast_head_json":{"title":"Pourquoi les souris vivent-elles dans ma maison | Aspen Wildlife","description":"D\u00e9couvrez pourquoi les souris choisissent votre maison avec notre service de contr\u00f4le animalier \u00e0 Gatineau-Ottawa.","robots":{"index":"index","follow":"follow","max-snippet":"max-snippet:-1","max-image-preview":"max-image-preview:large","max-video-preview":"max-video-preview:-1"},"canonical":"https:\/\/aspenwildlifecontrol.com\/fr\/prestations-de-service\/souris\/pourquoi-les-souris-vivent-elles-dans-ma-maison\/","og_locale":"fr_FR","og_type":"article","og_title":"Pourquoi les souris vivent-elles dans ma maison ?","og_description":"D\u00e9couvrez pourquoi les souris choisissent votre maison avec notre service de contr\u00f4le animalier \u00e0 Gatineau-Ottawa.","og_url":"https:\/\/aspenwildlifecontrol.com\/fr\/prestations-de-service\/souris\/pourquoi-les-souris-vivent-elles-dans-ma-maison\/","og_site_name":"Aspen Wildlife Control","article_modified_time":"2025-02-11T15:22:32+00:00","twitter_card":"summary_large_image","twitter_misc":{"Dur\u00e9e de lecture estim\u00e9e":"2 minutes"},"schema":{"@context":"https:\/\/schema.org","@graph":[{"@type":"WebPage","@id":"https:\/\/aspenwildlifecontrol.com\/fr\/prestations-de-service\/souris\/pourquoi-les-souris-vivent-elles-dans-ma-maison\/","url":"https:\/\/aspenwildlifecontrol.com\/fr\/prestations-de-service\/souris\/pourquoi-les-souris-vivent-elles-dans-ma-maison\/","name":"Pourquoi les souris vivent-elles dans ma maison | Aspen Wildlife","isPartOf":{"@id":"https:\/\/aspenwildlifecontrol.com\/fr\/#website"},"datePublished":"2023-02-28T23:46:47+00:00","dateModified":"2025-02-11T15:22:32+00:00","description":"D\u00e9couvrez pourquoi les souris choisissent votre maison avec notre service de contr\u00f4le animalier \u00e0 Gatineau-Ottawa.","breadcrumb":{"@id":"https:\/\/aspenwildlifecontrol.com\/fr\/prestations-de-service\/souris\/pourquoi-les-souris-vivent-elles-dans-ma-maison\/#breadcrumb"},"inLanguage":"fr-FR","potentialAction":[{"@type":"ReadAction","target":["https:\/\/aspenwildlifecontrol.com\/fr\/prestations-de-service\/souris\/pourquoi-les-souris-vivent-elles-dans-ma-maison\/"]}]},{"@type":"BreadcrumbList","@id":"https:\/\/aspenwildlifecontrol.com\/fr\/prestations-de-service\/souris\/pourquoi-les-souris-vivent-elles-dans-ma-maison\/#breadcrumb","itemListElement":[{"@type":"ListItem","position":1,"name":"Home","item":"https:\/\/aspenwildlifecontrol.com\/fr\/"},{"@type":"ListItem","position":2,"name":"Service control animal","item":"https:\/\/aspenwildlifecontrol.com\/fr\/prestations-de-service\/"},{"@type":"ListItem","position":3,"name":"Souris","item":"https:\/\/aspenwildlifecontrol.com\/fr\/prestations-de-service\/souris\/"},{"@type":"ListItem","position":4,"name":"Pourquoi les souris vivent-elles dans ma maison ?"}]},{"@type":"WebSite","@id":"https:\/\/aspenwildlifecontrol.com\/fr\/#website","url":"https:\/\/aspenwildlifecontrol.com\/fr\/","name":"Aspen Wildlife Control","description":"Fast, humane wildlife removal in Ottawa-Gatineau \u2014 guaranteed results, 24\/7 service","potentialAction":[{"@type":"SearchAction","target":{"@type":"EntryPoint","urlTemplate":"https:\/\/aspenwildlifecontrol.com\/fr\/?s={search_term_string}"},"query-input":{"@type":"PropertyValueSpecification","valueRequired":true,"valueName":"search_term_string"}}],"inLanguage":"fr-FR"}]}},"_links":{"self":[{"href":"https:\/\/aspenwildlifecontrol.com\/fr\/wp-json\/wp\/v2\/pages\/1001","targetHints":{"allow":["GET"]}}],"collection":[{"href":"https:\/\/aspenwildlifecontrol.com\/fr\/wp-json\/wp\/v2\/pages"}],"about":[{"href":"https:\/\/aspenwildlifecontrol.com\/fr\/wp-json\/wp\/v2\/types\/page"}],"author":[{"embeddable":true,"href":"https:\/\/aspenwildlifecontrol.com\/fr\/wp-json\/wp\/v2\/users\/1"}],"replies":[{"embeddable":true,"href":"https:\/\/aspenwildlifecontrol.com\/fr\/wp-json\/wp\/v2\/comments?post=1001"}],"version-history":[{"count":2,"href":"https:\/\/aspenwildlifecontrol.com\/fr\/wp-json\/wp\/v2\/pages\/1001\/revisions"}],"predecessor-version":[{"id":3120,"href":"https:\/\/aspenwildlifecontrol.com\/fr\/wp-json\/wp\/v2\/pages\/1001\/revisions\/3120"}],"up":[{"embeddable":true,"href":"https:\/\/aspenwildlifecontrol.com\/fr\/wp-json\/wp\/v2\/pages\/976"}],"wp:attachment":[{"href":"https:\/\/aspenwildlifecontrol.com\/fr\/wp-json\/wp\/v2\/media?parent=1001"}],"curies":[{"name":"wp","href":"https:\/\/api.w.org\/{rel}","templated":true}]}}