{"id":1000,"date":"2023-02-28T18:39:45","date_gmt":"2023-02-28T23:39:45","guid":{"rendered":"https:\/\/aspenwildlifecontrol.com\/prestations-de-service\/souris\/comment-les-souris-entrent-elles-dans-les-maisons\/"},"modified":"2025-02-11T10:06:00","modified_gmt":"2025-02-11T15:06:00","slug":"comment-les-souris-entrent-elles-dans-les-maisons","status":"publish","type":"page","link":"https:\/\/aspenwildlifecontrol.com\/fr\/prestations-de-service\/souris\/comment-les-souris-entrent-elles-dans-les-maisons\/","title":{"rendered":"Comment les souris entrent-elles dans les maisons ?"},"content":{"rendered":"<p>Aussi ing\u00e9nieuses qu&rsquo;elles soient, les souris sont pr\u00eates \u00e0 tout pour se prot\u00e9ger. Alors que ces pr\u00e9dateurs peuvent faire du bruit \u00e0 l&rsquo;ext\u00e9rieur, le courageux rongeur n&rsquo;a aucun probl\u00e8me : tout ce qui lui barre la route est un trou plus petit que la taille de deux pi\u00e8ces de 25 cents ! La plupart des maisons sont donc vuln\u00e9rables et de nombreux propri\u00e9taires ont une mauvaise surprise lorsque ces petites cr\u00e9atures sournoises trouvent leur chemin \u00e0 l&rsquo;int\u00e9rieur.<\/p>\n<h5><strong>Par des espaces suffisamment grands autour de la maison<\/strong><\/h5>\n<div class=\"et_pb_module et_pb_text et_pb_text_2 et_pb_text_align_left et_pb_bg_layout_light et_had_animation\">\n<div class=\"et_pb_text_inner\">\n<p>Surveillez les espaces autour de votre porte &#8211; s&rsquo;il y a trop d&rsquo;espace entre elle et le sol, vous risquez de vous retrouver avec des invit\u00e9s ind\u00e9sirables ! L&rsquo;installation de coupe-froid permet non seulement d&rsquo;\u00e9loigner les rongeurs, mais aussi de r\u00e9duire les factures d&rsquo;\u00e9nergie.<\/p>\n<p>Les souris peuvent \u00eatre intelligentes lorsqu&rsquo;il s&rsquo;agit de se faufiler dans votre maison, alors n&rsquo;oubliez pas ces satan\u00e9es fen\u00eatres ! Veillez \u00e0 ce que le calfeutrage soit en parfait \u00e9tat &#8211; non seulement il vous aidera \u00e0 \u00e9loigner les bestioles ind\u00e9sirables, mais vous optimisez \u00e9galement l&rsquo;efficacit\u00e9 \u00e9nerg\u00e9tique et \u00e9conomiserez sur les factures de chauffage.<\/p>\n<p>Tenir les souris \u00e0 l&rsquo;\u00e9cart de votre maison peut sembler \u00eatre une t\u00e2che ardue &#8211; heureusement, il existe une solution facile ! Pour \u00e9viter qu&rsquo;elles ne p\u00e9n\u00e8trent dans votre maison, il est essentiel de colmater les fissures ou les trous dans les fondations. Pour les zones o\u00f9 des tuyaux passent, utilisez de la laine d&rsquo;acier comme premi\u00e8re ligne de d\u00e9fense avant de calfeutrer, afin de vous assurer qu&rsquo;ils n&rsquo;ont pas d&rsquo;endroit confortable pour s&rsquo;installer.<\/p>\n<p>Si vous avez un grenier, il est important de le prot\u00e9ger contre les visiteurs ind\u00e9sirables. Les souris peuvent se faufiler dans les coins et recoins des bouches d&rsquo;a\u00e9ration des s\u00e8che-linge, des conduits d&rsquo;\u00e9vacuation des combles et des espaces situ\u00e9s \u00e0 la jonction entre le toit et le toit-terrasse. Assurez-vous donc que ces espaces sont ferm\u00e9s \u00e0 l&rsquo;aide d&rsquo;un grillage m\u00e9tallique s\u00e9curis\u00e9 !<\/p>\n<\/div>\n<\/div>\n<h5><strong>Ce qui attirent les souris<\/strong><\/h5>\n<div class=\"et_pb_module et_pb_text et_pb_text_4 et_pb_text_align_left et_pb_bg_layout_light et_had_animation\">\n<div class=\"et_pb_text_inner\">\n<p>Les souris peuvent s&rsquo;approprier de nombreux endroits autour de votre maison. Les restes de bois dans la cour ou un tas de bois de chauffage sont des lieux de nidification parfaits, mais veillez \u00e0 les sur\u00e9lever du sol si vous voulez les \u00e9loigner.<\/p>\n<p>Vos d\u00e9chets n&rsquo;attirent pas seulement les regards &#8211; ils peuvent aussi attirer des cr\u00e9atures \u00e0 quatre pattes ! Gardez vos d\u00e9chets alimentaires en s\u00e9curit\u00e9 en vous assurant que les joints de vos poubelles et de vos bacs \u00e0 compostage sont bien ferm\u00e9s. Si vous avez un compost fait maison, n&rsquo;oubliez pas de renforcer sa fondation avec du grillage pour une protection suppl\u00e9mentaire contre les rongeurs curieux qui cherchent \u00e0 se nourrir.<\/p>\n<p>Ne laissez pas quelques petites gouttes vous co\u00fbter cher ! Une petite fuite peut offrir aux souris l&rsquo;oasis id\u00e9ale pour s&rsquo;installer, il est donc important de s&rsquo;assurer que vos robinets et vos drains sont en parfait \u00e9tat. En effectuant des r\u00e9parations mineures maintenant, vous pourrez \u00e9viter une infestation plus tard.<\/p>\n<p>Pour emp\u00eacher les souris d&rsquo;entrer dans la maison, il est essentiel de mettre en place d&rsquo;excellentes pratiques d&rsquo;hygi\u00e8ne dans votre cuisine ! Veillez \u00e0 ce que tous les aliments soient conserv\u00e9s \u00e0 l&rsquo;abri dans des r\u00e9cipients herm\u00e9tiques (verre, m\u00e9tal ou plastique). De cette fa\u00e7on, vous vous assurez que seuls les visiteurs bienvenus se sentent chez eux.<\/p>\n<\/div>\n<\/div>\n<h5><strong>Et si les souris sont d\u00e9j\u00e0 \u00e0 l\u2019int\u00e9rieur?<\/strong><\/h5>\n<div class=\"et_pb_module et_pb_text et_pb_text_6 et_pb_text_align_left et_pb_bg_layout_light et_had_animation\">\n<div class=\"et_pb_text_inner\">\n<p>Si vous soup\u00e7onnez des souris d&rsquo;avoir envahi votre maison, ne les bloquez pas ! Cela pourrait aggraver le probl\u00e8me, car les rongeurs pi\u00e9g\u00e9s ne pourraient pas s&rsquo;\u00e9chapper. Prenez plut\u00f4t des mesures pr\u00e9ventives et faites en sorte qu&rsquo;ils ne puissent plus entrer.<\/p>\n<p>Notre \u00e9quipe d&rsquo;experts exp\u00e9riment\u00e9s et comp\u00e9tents s&rsquo;engage \u00e0 vous aider <a href=\"http:\/\/aspenwildlifecontrol.com\/fr\/contact\/\">contactez-nous\u00a0<\/a> d\u00e8s aujourd&rsquo;hui!<\/p>\n<\/div>\n<\/div>\n","protected":false},"excerpt":{"rendered":"<p>Aussi ing\u00e9nieuses qu&rsquo;elles soient, les souris sont pr\u00eates \u00e0 tout pour se prot\u00e9ger. Alors que ces pr\u00e9dateurs peuvent faire du bruit \u00e0 l&rsquo;ext\u00e9rieur, le courageux rongeur n&rsquo;a aucun probl\u00e8me : tout ce qui lui barre la route est un trou plus petit que la taille de deux pi\u00e8ces de 25 cents ! La plupart des&hellip; <a class=\"more-link\" href=\"https:\/\/aspenwildlifecontrol.com\/fr\/prestations-de-service\/souris\/comment-les-souris-entrent-elles-dans-les-maisons\/\">Poursuivre la lecture <span class=\"screen-reader-text\">Comment les souris entrent-elles dans les maisons ?<\/span><\/a><\/p>\n","protected":false},"author":1,"featured_media":0,"parent":976,"menu_order":0,"comment_status":"closed","ping_status":"closed","template":"","meta":{"_acf_changed":false,"footnotes":""},"class_list":["post-1000","page","type-page","status-publish","hentry","entry"],"acf":{"content":null,"cta_custom":"<h5>Services sur demande<\/h5>\r\nVous avez besoin de services\u00a0Souris\u00a0\u00e0 Ottawa-Gatineau ?\u00a0 <a href=\"https:\/\/aspenwildlifecontrol.com\/fr\/contact\/\">Contactez-nous<\/a>","schema":""},"yoast_head":"<!-- This site is optimized with the Yoast SEO Premium plugin v26.8 (Yoast SEO v27.5) - https:\/\/yoast.com\/product\/yoast-seo-premium-wordpress\/ -->\n<title>Comment les souris entrent-elles dans les maisons | Aspen Wildlife<\/title>\n<meta name=\"description\" content=\"D\u00e9couvrez comment les souris p\u00e9n\u00e8trent dans les maisons. Service de contr\u00f4le animalier \u00e0 Gatineau-Ottawa avec Aspen Wildlife.\" \/>\n<meta name=\"robots\" content=\"index, follow, max-snippet:-1, max-image-preview:large, max-video-preview:-1\" \/>\n<link rel=\"canonical\" href=\"https:\/\/aspenwildlifecontrol.com\/fr\/prestations-de-service\/souris\/comment-les-souris-entrent-elles-dans-les-maisons\/\" \/>\n<meta property=\"og:locale\" content=\"fr_FR\" \/>\n<meta property=\"og:type\" content=\"article\" \/>\n<meta property=\"og:title\" content=\"Comment les souris entrent-elles dans les maisons ?\" \/>\n<meta property=\"og:description\" content=\"D\u00e9couvrez comment les souris p\u00e9n\u00e8trent dans les maisons. Service de contr\u00f4le animalier \u00e0 Gatineau-Ottawa avec Aspen Wildlife.\" \/>\n<meta property=\"og:url\" content=\"https:\/\/aspenwildlifecontrol.com\/fr\/prestations-de-service\/souris\/comment-les-souris-entrent-elles-dans-les-maisons\/\" \/>\n<meta property=\"og:site_name\" content=\"Aspen Wildlife Control\" \/>\n<meta property=\"article:modified_time\" content=\"2025-02-11T15:06:00+00:00\" \/>\n<meta name=\"twitter:card\" content=\"summary_large_image\" \/>\n<meta name=\"twitter:label1\" content=\"Dur\u00e9e de lecture estim\u00e9e\" \/>\n\t<meta name=\"twitter:data1\" content=\"3 minutes\" \/>\n<script type=\"application\/ld+json\" class=\"yoast-schema-graph\">{\"@context\":\"https:\\\/\\\/schema.org\",\"@graph\":[{\"@type\":\"WebPage\",\"@id\":\"https:\\\/\\\/aspenwildlifecontrol.com\\\/fr\\\/prestations-de-service\\\/souris\\\/comment-les-souris-entrent-elles-dans-les-maisons\\\/\",\"url\":\"https:\\\/\\\/aspenwildlifecontrol.com\\\/fr\\\/prestations-de-service\\\/souris\\\/comment-les-souris-entrent-elles-dans-les-maisons\\\/\",\"name\":\"Comment les souris entrent-elles dans les maisons | Aspen Wildlife\",\"isPartOf\":{\"@id\":\"https:\\\/\\\/aspenwildlifecontrol.com\\\/fr\\\/#website\"},\"datePublished\":\"2023-02-28T23:39:45+00:00\",\"dateModified\":\"2025-02-11T15:06:00+00:00\",\"description\":\"D\u00e9couvrez comment les souris p\u00e9n\u00e8trent dans les maisons. Service de contr\u00f4le animalier \u00e0 Gatineau-Ottawa avec Aspen Wildlife.\",\"breadcrumb\":{\"@id\":\"https:\\\/\\\/aspenwildlifecontrol.com\\\/fr\\\/prestations-de-service\\\/souris\\\/comment-les-souris-entrent-elles-dans-les-maisons\\\/#breadcrumb\"},\"inLanguage\":\"fr-FR\",\"potentialAction\":[{\"@type\":\"ReadAction\",\"target\":[\"https:\\\/\\\/aspenwildlifecontrol.com\\\/fr\\\/prestations-de-service\\\/souris\\\/comment-les-souris-entrent-elles-dans-les-maisons\\\/\"]}]},{\"@type\":\"BreadcrumbList\",\"@id\":\"https:\\\/\\\/aspenwildlifecontrol.com\\\/fr\\\/prestations-de-service\\\/souris\\\/comment-les-souris-entrent-elles-dans-les-maisons\\\/#breadcrumb\",\"itemListElement\":[{\"@type\":\"ListItem\",\"position\":1,\"name\":\"Home\",\"item\":\"https:\\\/\\\/aspenwildlifecontrol.com\\\/fr\\\/\"},{\"@type\":\"ListItem\",\"position\":2,\"name\":\"Service control animal\",\"item\":\"https:\\\/\\\/aspenwildlifecontrol.com\\\/fr\\\/prestations-de-service\\\/\"},{\"@type\":\"ListItem\",\"position\":3,\"name\":\"Souris\",\"item\":\"https:\\\/\\\/aspenwildlifecontrol.com\\\/fr\\\/prestations-de-service\\\/souris\\\/\"},{\"@type\":\"ListItem\",\"position\":4,\"name\":\"Comment les souris entrent-elles dans les maisons ?\"}]},{\"@type\":\"WebSite\",\"@id\":\"https:\\\/\\\/aspenwildlifecontrol.com\\\/fr\\\/#website\",\"url\":\"https:\\\/\\\/aspenwildlifecontrol.com\\\/fr\\\/\",\"name\":\"Aspen Wildlife Control\",\"description\":\"Fast, humane wildlife removal in Ottawa-Gatineau \u2014 guaranteed results, 24\\\/7 service\",\"potentialAction\":[{\"@type\":\"SearchAction\",\"target\":{\"@type\":\"EntryPoint\",\"urlTemplate\":\"https:\\\/\\\/aspenwildlifecontrol.com\\\/fr\\\/?s={search_term_string}\"},\"query-input\":{\"@type\":\"PropertyValueSpecification\",\"valueRequired\":true,\"valueName\":\"search_term_string\"}}],\"inLanguage\":\"fr-FR\"}]}<\/script>\n<!-- \/ Yoast SEO Premium plugin. -->","yoast_head_json":{"title":"Comment les souris entrent-elles dans les maisons | Aspen Wildlife","description":"D\u00e9couvrez comment les souris p\u00e9n\u00e8trent dans les maisons. Service de contr\u00f4le animalier \u00e0 Gatineau-Ottawa avec Aspen Wildlife.","robots":{"index":"index","follow":"follow","max-snippet":"max-snippet:-1","max-image-preview":"max-image-preview:large","max-video-preview":"max-video-preview:-1"},"canonical":"https:\/\/aspenwildlifecontrol.com\/fr\/prestations-de-service\/souris\/comment-les-souris-entrent-elles-dans-les-maisons\/","og_locale":"fr_FR","og_type":"article","og_title":"Comment les souris entrent-elles dans les maisons ?","og_description":"D\u00e9couvrez comment les souris p\u00e9n\u00e8trent dans les maisons. Service de contr\u00f4le animalier \u00e0 Gatineau-Ottawa avec Aspen Wildlife.","og_url":"https:\/\/aspenwildlifecontrol.com\/fr\/prestations-de-service\/souris\/comment-les-souris-entrent-elles-dans-les-maisons\/","og_site_name":"Aspen Wildlife Control","article_modified_time":"2025-02-11T15:06:00+00:00","twitter_card":"summary_large_image","twitter_misc":{"Dur\u00e9e de lecture estim\u00e9e":"3 minutes"},"schema":{"@context":"https:\/\/schema.org","@graph":[{"@type":"WebPage","@id":"https:\/\/aspenwildlifecontrol.com\/fr\/prestations-de-service\/souris\/comment-les-souris-entrent-elles-dans-les-maisons\/","url":"https:\/\/aspenwildlifecontrol.com\/fr\/prestations-de-service\/souris\/comment-les-souris-entrent-elles-dans-les-maisons\/","name":"Comment les souris entrent-elles dans les maisons | Aspen Wildlife","isPartOf":{"@id":"https:\/\/aspenwildlifecontrol.com\/fr\/#website"},"datePublished":"2023-02-28T23:39:45+00:00","dateModified":"2025-02-11T15:06:00+00:00","description":"D\u00e9couvrez comment les souris p\u00e9n\u00e8trent dans les maisons. Service de contr\u00f4le animalier \u00e0 Gatineau-Ottawa avec Aspen Wildlife.","breadcrumb":{"@id":"https:\/\/aspenwildlifecontrol.com\/fr\/prestations-de-service\/souris\/comment-les-souris-entrent-elles-dans-les-maisons\/#breadcrumb"},"inLanguage":"fr-FR","potentialAction":[{"@type":"ReadAction","target":["https:\/\/aspenwildlifecontrol.com\/fr\/prestations-de-service\/souris\/comment-les-souris-entrent-elles-dans-les-maisons\/"]}]},{"@type":"BreadcrumbList","@id":"https:\/\/aspenwildlifecontrol.com\/fr\/prestations-de-service\/souris\/comment-les-souris-entrent-elles-dans-les-maisons\/#breadcrumb","itemListElement":[{"@type":"ListItem","position":1,"name":"Home","item":"https:\/\/aspenwildlifecontrol.com\/fr\/"},{"@type":"ListItem","position":2,"name":"Service control animal","item":"https:\/\/aspenwildlifecontrol.com\/fr\/prestations-de-service\/"},{"@type":"ListItem","position":3,"name":"Souris","item":"https:\/\/aspenwildlifecontrol.com\/fr\/prestations-de-service\/souris\/"},{"@type":"ListItem","position":4,"name":"Comment les souris entrent-elles dans les maisons ?"}]},{"@type":"WebSite","@id":"https:\/\/aspenwildlifecontrol.com\/fr\/#website","url":"https:\/\/aspenwildlifecontrol.com\/fr\/","name":"Aspen Wildlife Control","description":"Fast, humane wildlife removal in Ottawa-Gatineau \u2014 guaranteed results, 24\/7 service","potentialAction":[{"@type":"SearchAction","target":{"@type":"EntryPoint","urlTemplate":"https:\/\/aspenwildlifecontrol.com\/fr\/?s={search_term_string}"},"query-input":{"@type":"PropertyValueSpecification","valueRequired":true,"valueName":"search_term_string"}}],"inLanguage":"fr-FR"}]}},"_links":{"self":[{"href":"https:\/\/aspenwildlifecontrol.com\/fr\/wp-json\/wp\/v2\/pages\/1000","targetHints":{"allow":["GET"]}}],"collection":[{"href":"https:\/\/aspenwildlifecontrol.com\/fr\/wp-json\/wp\/v2\/pages"}],"about":[{"href":"https:\/\/aspenwildlifecontrol.com\/fr\/wp-json\/wp\/v2\/types\/page"}],"author":[{"embeddable":true,"href":"https:\/\/aspenwildlifecontrol.com\/fr\/wp-json\/wp\/v2\/users\/1"}],"replies":[{"embeddable":true,"href":"https:\/\/aspenwildlifecontrol.com\/fr\/wp-json\/wp\/v2\/comments?post=1000"}],"version-history":[{"count":2,"href":"https:\/\/aspenwildlifecontrol.com\/fr\/wp-json\/wp\/v2\/pages\/1000\/revisions"}],"predecessor-version":[{"id":3099,"href":"https:\/\/aspenwildlifecontrol.com\/fr\/wp-json\/wp\/v2\/pages\/1000\/revisions\/3099"}],"up":[{"embeddable":true,"href":"https:\/\/aspenwildlifecontrol.com\/fr\/wp-json\/wp\/v2\/pages\/976"}],"wp:attachment":[{"href":"https:\/\/aspenwildlifecontrol.com\/fr\/wp-json\/wp\/v2\/media?parent=1000"}],"curies":[{"name":"wp","href":"https:\/\/api.w.org\/{rel}","templated":true}]}}